{"id":12373,"date":"2025-04-23T22:37:04","date_gmt":"2025-04-23T20:37:04","guid":{"rendered":"https:\/\/lavendea.com\/?post_type=product&#038;p=12373"},"modified":"2025-04-23T23:12:19","modified_gmt":"2025-04-23T21:12:19","slug":"zelva","status":"publish","type":"product","link":"https:\/\/lavendea.com\/en\/product\/zelva\/","title":{"rendered":"Turtle"},"content":{"rendered":"<p>Dried flowers, pebbles, shells...or any object that you love and want to store in a unique way. The beautiful epoxy resin turtle is perfect for such a feat. It combines aesthetics and creativity. The transparent structure allows you to store various objects inside and represents a magical way to preserve precious memories and create lasting works of art. You can create a beautiful and unique memory that will last forever. A great gift idea for loved ones, as it represents a unique and thoughtful attention.<\/p>\n<p>Each turtle is unique. I can also make it according to your wishes. You can choose the colors and accessories yourself.<\/p>\n<p>&nbsp;<\/p>","protected":false},"excerpt":{"rendered":"<p>A turtle made of transparent epoxy resin allows you to create unique works of art that captivate with their beauty and originality. It offers the opportunity to store dried flowers, pebbles, shells or any other object that has a special meaning for you in an original and aesthetically appealing way. Each turtle is a unique product. Custom-made production is also possible, allowing you to choose the color or accessories and create a completely personalized souvenir or gift that will captivate every recipient.<\/p>","protected":false},"featured_media":12338,"comment_status":"closed","ping_status":"closed","template":"","meta":[],"product_brand":[],"product_cat":[17],"product_tag":[67,31,68,91,35,92],"class_list":{"0":"post-12373","1":"product","2":"type-product","3":"status-publish","4":"has-post-thumbnail","6":"product_cat-izdelki-iz-epoksi-smole-in-lesa","7":"product_tag-epoksi-smola","8":"product_tag-sivka","9":"product_tag-skoljka","10":"product_tag-suho-cvetje","11":"product_tag-vrtnica","12":"product_tag-zelva","14":"first","15":"instock","16":"featured","17":"shipping-taxable","18":"purchasable","19":"product-type-simple"},"yoast_head":"<!-- This site is optimized with the Yoast SEO plugin v27.3 - https:\/\/yoast.com\/product\/yoast-seo-wordpress\/ -->\n<title>\u017delva - Lavendea<\/title>\n<meta name=\"description\" content=\"unikatni izdelki iz epoksi smole, dekorativna \u017eelva, mo\u017enost shranjevanja pomembnih predmetov, suhega cvetja, dekoracija prostorov\" \/>\n<meta name=\"robots\" content=\"index, follow, max-snippet:-1, max-image-preview:large, max-video-preview:-1\" \/>\n<link rel=\"canonical\" href=\"https:\/\/lavendea.com\/en\/product\/zelva\/\" \/>\n<meta property=\"og:locale\" content=\"en_GB\" \/>\n<meta property=\"og:type\" content=\"article\" \/>\n<meta property=\"og:title\" content=\"\u017delva - Lavendea\" \/>\n<meta property=\"og:description\" content=\"unikatni izdelki iz epoksi smole, dekorativna \u017eelva, mo\u017enost shranjevanja pomembnih predmetov, suhega cvetja, dekoracija prostorov\" \/>\n<meta property=\"og:url\" content=\"https:\/\/lavendea.com\/en\/product\/zelva\/\" \/>\n<meta property=\"og:site_name\" content=\"Lavendea\" \/>\n<meta property=\"article:modified_time\" content=\"2025-04-23T21:12:19+00:00\" \/>\n<meta property=\"og:image\" content=\"https:\/\/lavendea.com\/wp-content\/uploads\/2025\/04\/Firefly-Turtle-made-of-trasparent-resin-and-full-of-blue-dried-flowers-in-the-resin.-Vintage-decorat-1.jpg\" \/>\n\t<meta property=\"og:image:width\" content=\"2048\" \/>\n\t<meta property=\"og:image:height\" content=\"2048\" \/>\n\t<meta property=\"og:image:type\" content=\"image\/jpeg\" \/>\n<meta name=\"twitter:card\" content=\"summary_large_image\" \/>\n<meta name=\"twitter:label1\" content=\"Estimated reading time\" \/>\n\t<meta name=\"twitter:data1\" content=\"1 minute\" \/>\n<script type=\"application\/ld+json\" class=\"yoast-schema-graph\">{\"@context\":\"https:\\\/\\\/schema.org\",\"@graph\":[{\"@type\":\"WebPage\",\"@id\":\"https:\\\/\\\/lavendea.com\\\/product\\\/zelva\\\/\",\"url\":\"https:\\\/\\\/lavendea.com\\\/product\\\/zelva\\\/\",\"name\":\"\u017delva - Lavendea\",\"isPartOf\":{\"@id\":\"https:\\\/\\\/lavendea.com\\\/#website\"},\"primaryImageOfPage\":{\"@id\":\"https:\\\/\\\/lavendea.com\\\/product\\\/zelva\\\/#primaryimage\"},\"image\":{\"@id\":\"https:\\\/\\\/lavendea.com\\\/product\\\/zelva\\\/#primaryimage\"},\"thumbnailUrl\":\"https:\\\/\\\/lavendea.com\\\/wp-content\\\/uploads\\\/2025\\\/04\\\/Firefly-Turtle-made-of-trasparent-resin-and-full-of-blue-dried-flowers-in-the-resin.-Vintage-decorat-1.jpg\",\"datePublished\":\"2025-04-23T20:37:04+00:00\",\"dateModified\":\"2025-04-23T21:12:19+00:00\",\"description\":\"unikatni izdelki iz epoksi smole, dekorativna \u017eelva, mo\u017enost shranjevanja pomembnih predmetov, suhega cvetja, dekoracija prostorov\",\"breadcrumb\":{\"@id\":\"https:\\\/\\\/lavendea.com\\\/product\\\/zelva\\\/#breadcrumb\"},\"inLanguage\":\"en-GB\",\"potentialAction\":[{\"@type\":\"ReadAction\",\"target\":[\"https:\\\/\\\/lavendea.com\\\/product\\\/zelva\\\/\"]}]},{\"@type\":\"ImageObject\",\"inLanguage\":\"en-GB\",\"@id\":\"https:\\\/\\\/lavendea.com\\\/product\\\/zelva\\\/#primaryimage\",\"url\":\"https:\\\/\\\/lavendea.com\\\/wp-content\\\/uploads\\\/2025\\\/04\\\/Firefly-Turtle-made-of-trasparent-resin-and-full-of-blue-dried-flowers-in-the-resin.-Vintage-decorat-1.jpg\",\"contentUrl\":\"https:\\\/\\\/lavendea.com\\\/wp-content\\\/uploads\\\/2025\\\/04\\\/Firefly-Turtle-made-of-trasparent-resin-and-full-of-blue-dried-flowers-in-the-resin.-Vintage-decorat-1.jpg\",\"width\":2048,\"height\":2048,\"caption\":\"\u017delva iz epoksi smole\"},{\"@type\":\"BreadcrumbList\",\"@id\":\"https:\\\/\\\/lavendea.com\\\/product\\\/zelva\\\/#breadcrumb\",\"itemListElement\":[{\"@type\":\"ListItem\",\"position\":1,\"name\":\"Home\",\"item\":\"https:\\\/\\\/lavendea.com\\\/\"},{\"@type\":\"ListItem\",\"position\":2,\"name\":\"Trgovina\",\"item\":\"https:\\\/\\\/lavendea.com\\\/trgovina\\\/\"},{\"@type\":\"ListItem\",\"position\":3,\"name\":\"\u017delva\"}]},{\"@type\":\"WebSite\",\"@id\":\"https:\\\/\\\/lavendea.com\\\/#website\",\"url\":\"https:\\\/\\\/lavendea.com\\\/\",\"name\":\"Lavendea\",\"description\":\"\",\"publisher\":{\"@id\":\"https:\\\/\\\/lavendea.com\\\/#organization\"},\"potentialAction\":[{\"@type\":\"SearchAction\",\"target\":{\"@type\":\"EntryPoint\",\"urlTemplate\":\"https:\\\/\\\/lavendea.com\\\/?s={search_term_string}\"},\"query-input\":{\"@type\":\"PropertyValueSpecification\",\"valueRequired\":true,\"valueName\":\"search_term_string\"}}],\"inLanguage\":\"en-GB\"},{\"@type\":\"Organization\",\"@id\":\"https:\\\/\\\/lavendea.com\\\/#organization\",\"name\":\"Lavendea\",\"url\":\"https:\\\/\\\/lavendea.com\\\/\",\"logo\":{\"@type\":\"ImageObject\",\"inLanguage\":\"en-GB\",\"@id\":\"https:\\\/\\\/lavendea.com\\\/#\\\/schema\\\/logo\\\/image\\\/\",\"url\":\"https:\\\/\\\/lavendea.com\\\/wp-content\\\/uploads\\\/2024\\\/02\\\/cropped-Izdelek-brez-naslova-1-2.png\",\"contentUrl\":\"https:\\\/\\\/lavendea.com\\\/wp-content\\\/uploads\\\/2024\\\/02\\\/cropped-Izdelek-brez-naslova-1-2.png\",\"width\":1747,\"height\":1101,\"caption\":\"Lavendea\"},\"image\":{\"@id\":\"https:\\\/\\\/lavendea.com\\\/#\\\/schema\\\/logo\\\/image\\\/\"}}]}<\/script>\n<!-- \/ Yoast SEO plugin. -->","yoast_head_json":{"title":"\u017delva - Lavendea","description":"unikatni izdelki iz epoksi smole, dekorativna \u017eelva, mo\u017enost shranjevanja pomembnih predmetov, suhega cvetja, dekoracija prostorov","robots":{"index":"index","follow":"follow","max-snippet":"max-snippet:-1","max-image-preview":"max-image-preview:large","max-video-preview":"max-video-preview:-1"},"canonical":"https:\/\/lavendea.com\/en\/product\/zelva\/","og_locale":"en_GB","og_type":"article","og_title":"\u017delva - Lavendea","og_description":"unikatni izdelki iz epoksi smole, dekorativna \u017eelva, mo\u017enost shranjevanja pomembnih predmetov, suhega cvetja, dekoracija prostorov","og_url":"https:\/\/lavendea.com\/en\/product\/zelva\/","og_site_name":"Lavendea","article_modified_time":"2025-04-23T21:12:19+00:00","og_image":[{"width":2048,"height":2048,"url":"https:\/\/lavendea.com\/wp-content\/uploads\/2025\/04\/Firefly-Turtle-made-of-trasparent-resin-and-full-of-blue-dried-flowers-in-the-resin.-Vintage-decorat-1.jpg","type":"image\/jpeg"}],"twitter_card":"summary_large_image","twitter_misc":{"Estimated reading time":"1 minute"},"schema":{"@context":"https:\/\/schema.org","@graph":[{"@type":"WebPage","@id":"https:\/\/lavendea.com\/product\/zelva\/","url":"https:\/\/lavendea.com\/product\/zelva\/","name":"\u017delva - Lavendea","isPartOf":{"@id":"https:\/\/lavendea.com\/#website"},"primaryImageOfPage":{"@id":"https:\/\/lavendea.com\/product\/zelva\/#primaryimage"},"image":{"@id":"https:\/\/lavendea.com\/product\/zelva\/#primaryimage"},"thumbnailUrl":"https:\/\/lavendea.com\/wp-content\/uploads\/2025\/04\/Firefly-Turtle-made-of-trasparent-resin-and-full-of-blue-dried-flowers-in-the-resin.-Vintage-decorat-1.jpg","datePublished":"2025-04-23T20:37:04+00:00","dateModified":"2025-04-23T21:12:19+00:00","description":"unikatni izdelki iz epoksi smole, dekorativna \u017eelva, mo\u017enost shranjevanja pomembnih predmetov, suhega cvetja, dekoracija prostorov","breadcrumb":{"@id":"https:\/\/lavendea.com\/product\/zelva\/#breadcrumb"},"inLanguage":"en-GB","potentialAction":[{"@type":"ReadAction","target":["https:\/\/lavendea.com\/product\/zelva\/"]}]},{"@type":"ImageObject","inLanguage":"en-GB","@id":"https:\/\/lavendea.com\/product\/zelva\/#primaryimage","url":"https:\/\/lavendea.com\/wp-content\/uploads\/2025\/04\/Firefly-Turtle-made-of-trasparent-resin-and-full-of-blue-dried-flowers-in-the-resin.-Vintage-decorat-1.jpg","contentUrl":"https:\/\/lavendea.com\/wp-content\/uploads\/2025\/04\/Firefly-Turtle-made-of-trasparent-resin-and-full-of-blue-dried-flowers-in-the-resin.-Vintage-decorat-1.jpg","width":2048,"height":2048,"caption":"\u017delva iz epoksi smole"},{"@type":"BreadcrumbList","@id":"https:\/\/lavendea.com\/product\/zelva\/#breadcrumb","itemListElement":[{"@type":"ListItem","position":1,"name":"Home","item":"https:\/\/lavendea.com\/"},{"@type":"ListItem","position":2,"name":"Trgovina","item":"https:\/\/lavendea.com\/trgovina\/"},{"@type":"ListItem","position":3,"name":"\u017delva"}]},{"@type":"WebSite","@id":"https:\/\/lavendea.com\/#website","url":"https:\/\/lavendea.com\/","name":"Lavendea","description":"","publisher":{"@id":"https:\/\/lavendea.com\/#organization"},"potentialAction":[{"@type":"SearchAction","target":{"@type":"EntryPoint","urlTemplate":"https:\/\/lavendea.com\/?s={search_term_string}"},"query-input":{"@type":"PropertyValueSpecification","valueRequired":true,"valueName":"search_term_string"}}],"inLanguage":"en-GB"},{"@type":"Organization","@id":"https:\/\/lavendea.com\/#organization","name":"Lavendea","url":"https:\/\/lavendea.com\/","logo":{"@type":"ImageObject","inLanguage":"en-GB","@id":"https:\/\/lavendea.com\/#\/schema\/logo\/image\/","url":"https:\/\/lavendea.com\/wp-content\/uploads\/2024\/02\/cropped-Izdelek-brez-naslova-1-2.png","contentUrl":"https:\/\/lavendea.com\/wp-content\/uploads\/2024\/02\/cropped-Izdelek-brez-naslova-1-2.png","width":1747,"height":1101,"caption":"Lavendea"},"image":{"@id":"https:\/\/lavendea.com\/#\/schema\/logo\/image\/"}}]}},"_links":{"self":[{"href":"https:\/\/lavendea.com\/en\/wp-json\/wp\/v2\/product\/12373","targetHints":{"allow":["GET"]}}],"collection":[{"href":"https:\/\/lavendea.com\/en\/wp-json\/wp\/v2\/product"}],"about":[{"href":"https:\/\/lavendea.com\/en\/wp-json\/wp\/v2\/types\/product"}],"replies":[{"embeddable":true,"href":"https:\/\/lavendea.com\/en\/wp-json\/wp\/v2\/comments?post=12373"}],"version-history":[{"count":2,"href":"https:\/\/lavendea.com\/en\/wp-json\/wp\/v2\/product\/12373\/revisions"}],"predecessor-version":[{"id":12375,"href":"https:\/\/lavendea.com\/en\/wp-json\/wp\/v2\/product\/12373\/revisions\/12375"}],"wp:featuredmedia":[{"embeddable":true,"href":"https:\/\/lavendea.com\/en\/wp-json\/wp\/v2\/media\/12338"}],"wp:attachment":[{"href":"https:\/\/lavendea.com\/en\/wp-json\/wp\/v2\/media?parent=12373"}],"wp:term":[{"taxonomy":"product_brand","embeddable":true,"href":"https:\/\/lavendea.com\/en\/wp-json\/wp\/v2\/product_brand?post=12373"},{"taxonomy":"product_cat","embeddable":true,"href":"https:\/\/lavendea.com\/en\/wp-json\/wp\/v2\/product_cat?post=12373"},{"taxonomy":"product_tag","embeddable":true,"href":"https:\/\/lavendea.com\/en\/wp-json\/wp\/v2\/product_tag?post=12373"}],"curies":[{"name":"wp","href":"https:\/\/api.w.org\/{rel}","templated":true}]}}