{"id":12680,"date":"2025-10-22T21:25:59","date_gmt":"2025-10-22T19:25:59","guid":{"rendered":"https:\/\/lavendea.com\/?post_type=product&#038;p=12680"},"modified":"2025-10-22T21:34:32","modified_gmt":"2025-10-22T19:34:32","slug":"milo-v-skatlici","status":"publish","type":"product","link":"https:\/\/lavendea.com\/en\/product\/milo-v-skatlici\/","title":{"rendered":"Soap in a cardboard box"},"content":{"rendered":"<p><span class=\"a_GcMg font-feature-liga-off font-feature-clig-off font-feature-calt-off text-decoration-none text-strikethrough-none\">Are you looking for a cute gift for business partners, wedding guests or other special occasions? Handmade natural soap, packed in an ecological cardboard box with a window and a minimalist design, is the right choice for you. An original and useful gift that will impress with its scent, shape and nourishing effect on the skin. It is equipped with a decorative ribbon on a cardboard for dedication.<\/span><\/p>\n<p>You can choose the type of soap: lavender, lemongrass, lavender\/lemongrass, rose geranium, orange\/cinnamon, rosemary\/juniper and cherry blossom. We add a dedication of your choice to the card.<\/p>","protected":false},"excerpt":{"rendered":"<p><span class=\"a_GcMg font-feature-liga-off font-feature-clig-off font-feature-calt-off text-decoration-none text-strikethrough-none\">Natural soap, packaged in an ecological cardboard box with a window and a minimalist design. Equipped with a decorative ribbon and a card for dedication. An ideal gift for wedding guests.<\/span><\/p>","protected":false},"featured_media":12501,"comment_status":"closed","ping_status":"closed","template":"","meta":[],"product_brand":[],"product_cat":[80,24],"product_tag":[49,42,39,31,46],"class_list":{"0":"post-12680","1":"product","2":"type-product","3":"status-publish","4":"has-post-thumbnail","6":"product_cat-darilni-seti","7":"product_cat-darilni-seti-naravnih-mil","8":"product_tag-darilni-set","9":"product_tag-limonska-trava","10":"product_tag-rozmarin","11":"product_tag-sivka","12":"product_tag-vrtnica-pelargonija","14":"first","15":"instock","16":"shipping-taxable","17":"purchasable","18":"product-type-simple"},"yoast_head":"<!-- This site is optimized with the Yoast SEO plugin v27.3 - https:\/\/yoast.com\/product\/yoast-seo-wordpress\/ -->\n<title>Milo v \u0161katlici - Lavendea<\/title>\n<meta name=\"description\" content=\"Naravno milo v kartonski \u0161katlici z oken\u010dkom ter minimalisti\u010dnim dizajnom. Opremljen z okrasnim trakom on karton\u010dkom za posvetilo.\" \/>\n<meta name=\"robots\" content=\"index, follow, max-snippet:-1, max-image-preview:large, max-video-preview:-1\" \/>\n<link rel=\"canonical\" href=\"https:\/\/lavendea.com\/en\/product\/milo-v-skatlici\/\" \/>\n<meta property=\"og:locale\" content=\"en_GB\" \/>\n<meta property=\"og:type\" content=\"article\" \/>\n<meta property=\"og:title\" content=\"Milo v \u0161katlici - Lavendea\" \/>\n<meta property=\"og:description\" content=\"Naravno milo v kartonski \u0161katlici z oken\u010dkom ter minimalisti\u010dnim dizajnom. Opremljen z okrasnim trakom on karton\u010dkom za posvetilo.\" \/>\n<meta property=\"og:url\" content=\"https:\/\/lavendea.com\/en\/product\/milo-v-skatlici\/\" \/>\n<meta property=\"og:site_name\" content=\"Lavendea\" \/>\n<meta property=\"article:modified_time\" content=\"2025-10-22T19:34:32+00:00\" \/>\n<meta property=\"og:image\" content=\"https:\/\/lavendea.com\/wp-content\/uploads\/2025\/10\/1758721280065_Firefly_Realistic-craft-box-no-pattern-with-handmade-soap-one-piece-in-it.-Vintage-scene-56672.jpg\" \/>\n\t<meta property=\"og:image:width\" content=\"2048\" \/>\n\t<meta property=\"og:image:height\" content=\"2048\" \/>\n\t<meta property=\"og:image:type\" content=\"image\/jpeg\" \/>\n<meta name=\"twitter:card\" content=\"summary_large_image\" \/>\n<meta name=\"twitter:label1\" content=\"Estimated reading time\" \/>\n\t<meta name=\"twitter:data1\" content=\"1 minute\" \/>\n<script type=\"application\/ld+json\" class=\"yoast-schema-graph\">{\"@context\":\"https:\\\/\\\/schema.org\",\"@graph\":[{\"@type\":\"WebPage\",\"@id\":\"https:\\\/\\\/lavendea.com\\\/product\\\/milo-v-skatlici\\\/\",\"url\":\"https:\\\/\\\/lavendea.com\\\/product\\\/milo-v-skatlici\\\/\",\"name\":\"Milo v \u0161katlici - Lavendea\",\"isPartOf\":{\"@id\":\"https:\\\/\\\/lavendea.com\\\/#website\"},\"primaryImageOfPage\":{\"@id\":\"https:\\\/\\\/lavendea.com\\\/product\\\/milo-v-skatlici\\\/#primaryimage\"},\"image\":{\"@id\":\"https:\\\/\\\/lavendea.com\\\/product\\\/milo-v-skatlici\\\/#primaryimage\"},\"thumbnailUrl\":\"https:\\\/\\\/lavendea.com\\\/wp-content\\\/uploads\\\/2025\\\/10\\\/1758721280065_Firefly_Realistic-craft-box-no-pattern-with-handmade-soap-one-piece-in-it.-Vintage-scene-56672.jpg\",\"datePublished\":\"2025-10-22T19:25:59+00:00\",\"dateModified\":\"2025-10-22T19:34:32+00:00\",\"description\":\"Naravno milo v kartonski \u0161katlici z oken\u010dkom ter minimalisti\u010dnim dizajnom. Opremljen z okrasnim trakom on karton\u010dkom za posvetilo.\",\"breadcrumb\":{\"@id\":\"https:\\\/\\\/lavendea.com\\\/product\\\/milo-v-skatlici\\\/#breadcrumb\"},\"inLanguage\":\"en-GB\",\"potentialAction\":[{\"@type\":\"ReadAction\",\"target\":[\"https:\\\/\\\/lavendea.com\\\/product\\\/milo-v-skatlici\\\/\"]}]},{\"@type\":\"ImageObject\",\"inLanguage\":\"en-GB\",\"@id\":\"https:\\\/\\\/lavendea.com\\\/product\\\/milo-v-skatlici\\\/#primaryimage\",\"url\":\"https:\\\/\\\/lavendea.com\\\/wp-content\\\/uploads\\\/2025\\\/10\\\/1758721280065_Firefly_Realistic-craft-box-no-pattern-with-handmade-soap-one-piece-in-it.-Vintage-scene-56672.jpg\",\"contentUrl\":\"https:\\\/\\\/lavendea.com\\\/wp-content\\\/uploads\\\/2025\\\/10\\\/1758721280065_Firefly_Realistic-craft-box-no-pattern-with-handmade-soap-one-piece-in-it.-Vintage-scene-56672.jpg\",\"width\":2048,\"height\":2048,\"caption\":\"Milo v \u0161katlici\"},{\"@type\":\"BreadcrumbList\",\"@id\":\"https:\\\/\\\/lavendea.com\\\/product\\\/milo-v-skatlici\\\/#breadcrumb\",\"itemListElement\":[{\"@type\":\"ListItem\",\"position\":1,\"name\":\"Home\",\"item\":\"https:\\\/\\\/lavendea.com\\\/\"},{\"@type\":\"ListItem\",\"position\":2,\"name\":\"Trgovina\",\"item\":\"https:\\\/\\\/lavendea.com\\\/trgovina\\\/\"},{\"@type\":\"ListItem\",\"position\":3,\"name\":\"Milo v \u0161katlici\"}]},{\"@type\":\"WebSite\",\"@id\":\"https:\\\/\\\/lavendea.com\\\/#website\",\"url\":\"https:\\\/\\\/lavendea.com\\\/\",\"name\":\"Lavendea\",\"description\":\"\",\"publisher\":{\"@id\":\"https:\\\/\\\/lavendea.com\\\/#organization\"},\"potentialAction\":[{\"@type\":\"SearchAction\",\"target\":{\"@type\":\"EntryPoint\",\"urlTemplate\":\"https:\\\/\\\/lavendea.com\\\/?s={search_term_string}\"},\"query-input\":{\"@type\":\"PropertyValueSpecification\",\"valueRequired\":true,\"valueName\":\"search_term_string\"}}],\"inLanguage\":\"en-GB\"},{\"@type\":\"Organization\",\"@id\":\"https:\\\/\\\/lavendea.com\\\/#organization\",\"name\":\"Lavendea\",\"url\":\"https:\\\/\\\/lavendea.com\\\/\",\"logo\":{\"@type\":\"ImageObject\",\"inLanguage\":\"en-GB\",\"@id\":\"https:\\\/\\\/lavendea.com\\\/#\\\/schema\\\/logo\\\/image\\\/\",\"url\":\"https:\\\/\\\/lavendea.com\\\/wp-content\\\/uploads\\\/2024\\\/02\\\/cropped-Izdelek-brez-naslova-1-2.png\",\"contentUrl\":\"https:\\\/\\\/lavendea.com\\\/wp-content\\\/uploads\\\/2024\\\/02\\\/cropped-Izdelek-brez-naslova-1-2.png\",\"width\":1747,\"height\":1101,\"caption\":\"Lavendea\"},\"image\":{\"@id\":\"https:\\\/\\\/lavendea.com\\\/#\\\/schema\\\/logo\\\/image\\\/\"}}]}<\/script>\n<!-- \/ Yoast SEO plugin. -->","yoast_head_json":{"title":"Milo v \u0161katlici - Lavendea","description":"Naravno milo v kartonski \u0161katlici z oken\u010dkom ter minimalisti\u010dnim dizajnom. Opremljen z okrasnim trakom on karton\u010dkom za posvetilo.","robots":{"index":"index","follow":"follow","max-snippet":"max-snippet:-1","max-image-preview":"max-image-preview:large","max-video-preview":"max-video-preview:-1"},"canonical":"https:\/\/lavendea.com\/en\/product\/milo-v-skatlici\/","og_locale":"en_GB","og_type":"article","og_title":"Milo v \u0161katlici - Lavendea","og_description":"Naravno milo v kartonski \u0161katlici z oken\u010dkom ter minimalisti\u010dnim dizajnom. Opremljen z okrasnim trakom on karton\u010dkom za posvetilo.","og_url":"https:\/\/lavendea.com\/en\/product\/milo-v-skatlici\/","og_site_name":"Lavendea","article_modified_time":"2025-10-22T19:34:32+00:00","og_image":[{"width":2048,"height":2048,"url":"https:\/\/lavendea.com\/wp-content\/uploads\/2025\/10\/1758721280065_Firefly_Realistic-craft-box-no-pattern-with-handmade-soap-one-piece-in-it.-Vintage-scene-56672.jpg","type":"image\/jpeg"}],"twitter_card":"summary_large_image","twitter_misc":{"Estimated reading time":"1 minute"},"schema":{"@context":"https:\/\/schema.org","@graph":[{"@type":"WebPage","@id":"https:\/\/lavendea.com\/product\/milo-v-skatlici\/","url":"https:\/\/lavendea.com\/product\/milo-v-skatlici\/","name":"Milo v \u0161katlici - Lavendea","isPartOf":{"@id":"https:\/\/lavendea.com\/#website"},"primaryImageOfPage":{"@id":"https:\/\/lavendea.com\/product\/milo-v-skatlici\/#primaryimage"},"image":{"@id":"https:\/\/lavendea.com\/product\/milo-v-skatlici\/#primaryimage"},"thumbnailUrl":"https:\/\/lavendea.com\/wp-content\/uploads\/2025\/10\/1758721280065_Firefly_Realistic-craft-box-no-pattern-with-handmade-soap-one-piece-in-it.-Vintage-scene-56672.jpg","datePublished":"2025-10-22T19:25:59+00:00","dateModified":"2025-10-22T19:34:32+00:00","description":"Naravno milo v kartonski \u0161katlici z oken\u010dkom ter minimalisti\u010dnim dizajnom. Opremljen z okrasnim trakom on karton\u010dkom za posvetilo.","breadcrumb":{"@id":"https:\/\/lavendea.com\/product\/milo-v-skatlici\/#breadcrumb"},"inLanguage":"en-GB","potentialAction":[{"@type":"ReadAction","target":["https:\/\/lavendea.com\/product\/milo-v-skatlici\/"]}]},{"@type":"ImageObject","inLanguage":"en-GB","@id":"https:\/\/lavendea.com\/product\/milo-v-skatlici\/#primaryimage","url":"https:\/\/lavendea.com\/wp-content\/uploads\/2025\/10\/1758721280065_Firefly_Realistic-craft-box-no-pattern-with-handmade-soap-one-piece-in-it.-Vintage-scene-56672.jpg","contentUrl":"https:\/\/lavendea.com\/wp-content\/uploads\/2025\/10\/1758721280065_Firefly_Realistic-craft-box-no-pattern-with-handmade-soap-one-piece-in-it.-Vintage-scene-56672.jpg","width":2048,"height":2048,"caption":"Milo v \u0161katlici"},{"@type":"BreadcrumbList","@id":"https:\/\/lavendea.com\/product\/milo-v-skatlici\/#breadcrumb","itemListElement":[{"@type":"ListItem","position":1,"name":"Home","item":"https:\/\/lavendea.com\/"},{"@type":"ListItem","position":2,"name":"Trgovina","item":"https:\/\/lavendea.com\/trgovina\/"},{"@type":"ListItem","position":3,"name":"Milo v \u0161katlici"}]},{"@type":"WebSite","@id":"https:\/\/lavendea.com\/#website","url":"https:\/\/lavendea.com\/","name":"Lavendea","description":"","publisher":{"@id":"https:\/\/lavendea.com\/#organization"},"potentialAction":[{"@type":"SearchAction","target":{"@type":"EntryPoint","urlTemplate":"https:\/\/lavendea.com\/?s={search_term_string}"},"query-input":{"@type":"PropertyValueSpecification","valueRequired":true,"valueName":"search_term_string"}}],"inLanguage":"en-GB"},{"@type":"Organization","@id":"https:\/\/lavendea.com\/#organization","name":"Lavendea","url":"https:\/\/lavendea.com\/","logo":{"@type":"ImageObject","inLanguage":"en-GB","@id":"https:\/\/lavendea.com\/#\/schema\/logo\/image\/","url":"https:\/\/lavendea.com\/wp-content\/uploads\/2024\/02\/cropped-Izdelek-brez-naslova-1-2.png","contentUrl":"https:\/\/lavendea.com\/wp-content\/uploads\/2024\/02\/cropped-Izdelek-brez-naslova-1-2.png","width":1747,"height":1101,"caption":"Lavendea"},"image":{"@id":"https:\/\/lavendea.com\/#\/schema\/logo\/image\/"}}]}},"_links":{"self":[{"href":"https:\/\/lavendea.com\/en\/wp-json\/wp\/v2\/product\/12680","targetHints":{"allow":["GET"]}}],"collection":[{"href":"https:\/\/lavendea.com\/en\/wp-json\/wp\/v2\/product"}],"about":[{"href":"https:\/\/lavendea.com\/en\/wp-json\/wp\/v2\/types\/product"}],"replies":[{"embeddable":true,"href":"https:\/\/lavendea.com\/en\/wp-json\/wp\/v2\/comments?post=12680"}],"version-history":[{"count":1,"href":"https:\/\/lavendea.com\/en\/wp-json\/wp\/v2\/product\/12680\/revisions"}],"predecessor-version":[{"id":12687,"href":"https:\/\/lavendea.com\/en\/wp-json\/wp\/v2\/product\/12680\/revisions\/12687"}],"wp:featuredmedia":[{"embeddable":true,"href":"https:\/\/lavendea.com\/en\/wp-json\/wp\/v2\/media\/12501"}],"wp:attachment":[{"href":"https:\/\/lavendea.com\/en\/wp-json\/wp\/v2\/media?parent=12680"}],"wp:term":[{"taxonomy":"product_brand","embeddable":true,"href":"https:\/\/lavendea.com\/en\/wp-json\/wp\/v2\/product_brand?post=12680"},{"taxonomy":"product_cat","embeddable":true,"href":"https:\/\/lavendea.com\/en\/wp-json\/wp\/v2\/product_cat?post=12680"},{"taxonomy":"product_tag","embeddable":true,"href":"https:\/\/lavendea.com\/en\/wp-json\/wp\/v2\/product_tag?post=12680"}],"curies":[{"name":"wp","href":"https:\/\/api.w.org\/{rel}","templated":true}]}}