{"id":12768,"date":"2025-10-24T22:29:27","date_gmt":"2025-10-24T20:29:27","guid":{"rendered":"https:\/\/lavendea.com\/?post_type=product&#038;p=12768"},"modified":"2025-10-24T22:38:20","modified_gmt":"2025-10-24T20:38:20","slug":"set-stirih-podstavkov","status":"publish","type":"product","link":"https:\/\/lavendea.com\/en\/product\/set-stirih-podstavkov\/","title":{"rendered":"Set of 4 coasters"},"content":{"rendered":"<p data-pm-slice=\"1 1 []\">In modern times, we are increasingly inclined to seek out unique and aesthetically appealing accessories for our homes or as gifts for our loved ones. One extremely popular option is epoxy resin coasters, which combine functionality with sophisticated aesthetics.<\/p>\n<p>Epoxy resin coasters are extremely versatile products, as they can be decorated in many ways. Flowers, wood, decorative stones, shells, rainbow iridescent colors and many other elements can be incorporated into their design, allowing us to make each piece unique and charming. This personalization gives us the opportunity to express our creativity and individuality and create a completely customized accessory for our home or as a gift.<\/p>\n<p>In addition to their aesthetic value, epoxy resin coasters also have practical uses. They can be used as decorative elements on a table or shelf, where they will definitely attract the attention of every visitor. In addition, they are also excellent as coasters for hot pots, glasses or cups, as epoxy resin provides resistance to high temperatures and damage.<\/p>\n<p>When choosing an epoxy resin base, we choose a very special gift. The unique design and hand-crafted craftsmanship ensure that our gift will stand out from the rest and will surely delight the recipient. Every time they use this beautiful and practical accessory, they will remember us and our attention to detail.<\/p>","protected":false},"excerpt":{"rendered":"<p>Epoxy resin coasters represent a charming combination of aesthetics, functionality and individuality. A great choice if you want to add a touch of elegance and artistic flair to your home or as a gift to your loved ones.<\/p>\n<p>A set of four handmade coasters (also) according to your wishes.<\/p>","protected":false},"featured_media":12762,"comment_status":"closed","ping_status":"closed","template":"","meta":[],"product_brand":[],"product_cat":[80],"product_tag":[70,67,73,72,71,98,31,68,35],"class_list":{"0":"post-12768","1":"product","2":"type-product","3":"status-publish","4":"has-post-thumbnail","6":"product_cat-darilni-seti","7":"product_tag-deska","8":"product_tag-epoksi-smola","9":"product_tag-kamencki","10":"product_tag-les","11":"product_tag-podstavek","12":"product_tag-prelivajoce-barve","13":"product_tag-sivka","14":"product_tag-skoljka","15":"product_tag-vrtnica","17":"first","18":"instock","19":"shipping-taxable","20":"purchasable","21":"product-type-variable"},"yoast_head":"<!-- This site is optimized with the Yoast SEO plugin v27.3 - https:\/\/yoast.com\/product\/yoast-seo-wordpress\/ -->\n<title>Set \u0161tirih podstavkov - Lavendea<\/title>\n<meta name=\"description\" content=\"Set \u0161tirih podstavkov iz epoksi smole. izdelki okra\u0161eni s suhim cvetjem, kamen\u010dki, \u0161koljkami, ali mavri\u010dnimi barvami. Unikaten dizajn in ro\u010dno izdelava.\" \/>\n<meta name=\"robots\" content=\"index, follow, max-snippet:-1, max-image-preview:large, max-video-preview:-1\" \/>\n<link rel=\"canonical\" href=\"https:\/\/lavendea.com\/en\/product\/set-stirih-podstavkov\/\" \/>\n<meta property=\"og:locale\" content=\"en_GB\" \/>\n<meta property=\"og:type\" content=\"article\" \/>\n<meta property=\"og:title\" content=\"Set \u0161tirih podstavkov - Lavendea\" \/>\n<meta property=\"og:description\" content=\"Set \u0161tirih podstavkov iz epoksi smole. izdelki okra\u0161eni s suhim cvetjem, kamen\u010dki, \u0161koljkami, ali mavri\u010dnimi barvami. Unikaten dizajn in ro\u010dno izdelava.\" \/>\n<meta property=\"og:url\" content=\"https:\/\/lavendea.com\/en\/product\/set-stirih-podstavkov\/\" \/>\n<meta property=\"og:site_name\" content=\"Lavendea\" \/>\n<meta property=\"article:modified_time\" content=\"2025-10-24T20:38:20+00:00\" \/>\n<meta property=\"og:image\" content=\"https:\/\/lavendea.com\/wp-content\/uploads\/2025\/10\/1761331637839-scaled.jpg\" \/>\n\t<meta property=\"og:image:width\" content=\"2048\" \/>\n\t<meta property=\"og:image:height\" content=\"2048\" \/>\n\t<meta property=\"og:image:type\" content=\"image\/jpeg\" \/>\n<meta name=\"twitter:card\" content=\"summary_large_image\" \/>\n<meta name=\"twitter:label1\" content=\"Estimated reading time\" \/>\n\t<meta name=\"twitter:data1\" content=\"2 minutes\" \/>\n<script type=\"application\/ld+json\" class=\"yoast-schema-graph\">{\"@context\":\"https:\\\/\\\/schema.org\",\"@graph\":[{\"@type\":\"WebPage\",\"@id\":\"https:\\\/\\\/lavendea.com\\\/product\\\/set-stirih-podstavkov\\\/\",\"url\":\"https:\\\/\\\/lavendea.com\\\/product\\\/set-stirih-podstavkov\\\/\",\"name\":\"Set \u0161tirih podstavkov - Lavendea\",\"isPartOf\":{\"@id\":\"https:\\\/\\\/lavendea.com\\\/#website\"},\"primaryImageOfPage\":{\"@id\":\"https:\\\/\\\/lavendea.com\\\/product\\\/set-stirih-podstavkov\\\/#primaryimage\"},\"image\":{\"@id\":\"https:\\\/\\\/lavendea.com\\\/product\\\/set-stirih-podstavkov\\\/#primaryimage\"},\"thumbnailUrl\":\"https:\\\/\\\/lavendea.com\\\/wp-content\\\/uploads\\\/2025\\\/10\\\/1761331637839-scaled.jpg\",\"datePublished\":\"2025-10-24T20:29:27+00:00\",\"dateModified\":\"2025-10-24T20:38:20+00:00\",\"description\":\"Set \u0161tirih podstavkov iz epoksi smole. izdelki okra\u0161eni s suhim cvetjem, kamen\u010dki, \u0161koljkami, ali mavri\u010dnimi barvami. Unikaten dizajn in ro\u010dno izdelava.\",\"breadcrumb\":{\"@id\":\"https:\\\/\\\/lavendea.com\\\/product\\\/set-stirih-podstavkov\\\/#breadcrumb\"},\"inLanguage\":\"en-GB\",\"potentialAction\":[{\"@type\":\"ReadAction\",\"target\":[\"https:\\\/\\\/lavendea.com\\\/product\\\/set-stirih-podstavkov\\\/\"]}]},{\"@type\":\"ImageObject\",\"inLanguage\":\"en-GB\",\"@id\":\"https:\\\/\\\/lavendea.com\\\/product\\\/set-stirih-podstavkov\\\/#primaryimage\",\"url\":\"https:\\\/\\\/lavendea.com\\\/wp-content\\\/uploads\\\/2025\\\/10\\\/1761331637839-scaled.jpg\",\"contentUrl\":\"https:\\\/\\\/lavendea.com\\\/wp-content\\\/uploads\\\/2025\\\/10\\\/1761331637839-scaled.jpg\",\"width\":2048,\"height\":2048,\"caption\":\"Podstavki iz epoksi smole\"},{\"@type\":\"BreadcrumbList\",\"@id\":\"https:\\\/\\\/lavendea.com\\\/product\\\/set-stirih-podstavkov\\\/#breadcrumb\",\"itemListElement\":[{\"@type\":\"ListItem\",\"position\":1,\"name\":\"Home\",\"item\":\"https:\\\/\\\/lavendea.com\\\/\"},{\"@type\":\"ListItem\",\"position\":2,\"name\":\"Trgovina\",\"item\":\"https:\\\/\\\/lavendea.com\\\/trgovina\\\/\"},{\"@type\":\"ListItem\",\"position\":3,\"name\":\"Set \u0161tirih podstavkov\"}]},{\"@type\":\"WebSite\",\"@id\":\"https:\\\/\\\/lavendea.com\\\/#website\",\"url\":\"https:\\\/\\\/lavendea.com\\\/\",\"name\":\"Lavendea\",\"description\":\"\",\"publisher\":{\"@id\":\"https:\\\/\\\/lavendea.com\\\/#organization\"},\"potentialAction\":[{\"@type\":\"SearchAction\",\"target\":{\"@type\":\"EntryPoint\",\"urlTemplate\":\"https:\\\/\\\/lavendea.com\\\/?s={search_term_string}\"},\"query-input\":{\"@type\":\"PropertyValueSpecification\",\"valueRequired\":true,\"valueName\":\"search_term_string\"}}],\"inLanguage\":\"en-GB\"},{\"@type\":\"Organization\",\"@id\":\"https:\\\/\\\/lavendea.com\\\/#organization\",\"name\":\"Lavendea\",\"url\":\"https:\\\/\\\/lavendea.com\\\/\",\"logo\":{\"@type\":\"ImageObject\",\"inLanguage\":\"en-GB\",\"@id\":\"https:\\\/\\\/lavendea.com\\\/#\\\/schema\\\/logo\\\/image\\\/\",\"url\":\"https:\\\/\\\/lavendea.com\\\/wp-content\\\/uploads\\\/2024\\\/02\\\/cropped-Izdelek-brez-naslova-1-2.png\",\"contentUrl\":\"https:\\\/\\\/lavendea.com\\\/wp-content\\\/uploads\\\/2024\\\/02\\\/cropped-Izdelek-brez-naslova-1-2.png\",\"width\":1747,\"height\":1101,\"caption\":\"Lavendea\"},\"image\":{\"@id\":\"https:\\\/\\\/lavendea.com\\\/#\\\/schema\\\/logo\\\/image\\\/\"}}]}<\/script>\n<!-- \/ Yoast SEO plugin. -->","yoast_head_json":{"title":"Set \u0161tirih podstavkov - Lavendea","description":"Set \u0161tirih podstavkov iz epoksi smole. izdelki okra\u0161eni s suhim cvetjem, kamen\u010dki, \u0161koljkami, ali mavri\u010dnimi barvami. Unikaten dizajn in ro\u010dno izdelava.","robots":{"index":"index","follow":"follow","max-snippet":"max-snippet:-1","max-image-preview":"max-image-preview:large","max-video-preview":"max-video-preview:-1"},"canonical":"https:\/\/lavendea.com\/en\/product\/set-stirih-podstavkov\/","og_locale":"en_GB","og_type":"article","og_title":"Set \u0161tirih podstavkov - Lavendea","og_description":"Set \u0161tirih podstavkov iz epoksi smole. izdelki okra\u0161eni s suhim cvetjem, kamen\u010dki, \u0161koljkami, ali mavri\u010dnimi barvami. Unikaten dizajn in ro\u010dno izdelava.","og_url":"https:\/\/lavendea.com\/en\/product\/set-stirih-podstavkov\/","og_site_name":"Lavendea","article_modified_time":"2025-10-24T20:38:20+00:00","og_image":[{"width":2048,"height":2048,"url":"https:\/\/lavendea.com\/wp-content\/uploads\/2025\/10\/1761331637839-scaled.jpg","type":"image\/jpeg"}],"twitter_card":"summary_large_image","twitter_misc":{"Estimated reading time":"2 minutes"},"schema":{"@context":"https:\/\/schema.org","@graph":[{"@type":"WebPage","@id":"https:\/\/lavendea.com\/product\/set-stirih-podstavkov\/","url":"https:\/\/lavendea.com\/product\/set-stirih-podstavkov\/","name":"Set \u0161tirih podstavkov - Lavendea","isPartOf":{"@id":"https:\/\/lavendea.com\/#website"},"primaryImageOfPage":{"@id":"https:\/\/lavendea.com\/product\/set-stirih-podstavkov\/#primaryimage"},"image":{"@id":"https:\/\/lavendea.com\/product\/set-stirih-podstavkov\/#primaryimage"},"thumbnailUrl":"https:\/\/lavendea.com\/wp-content\/uploads\/2025\/10\/1761331637839-scaled.jpg","datePublished":"2025-10-24T20:29:27+00:00","dateModified":"2025-10-24T20:38:20+00:00","description":"Set \u0161tirih podstavkov iz epoksi smole. izdelki okra\u0161eni s suhim cvetjem, kamen\u010dki, \u0161koljkami, ali mavri\u010dnimi barvami. Unikaten dizajn in ro\u010dno izdelava.","breadcrumb":{"@id":"https:\/\/lavendea.com\/product\/set-stirih-podstavkov\/#breadcrumb"},"inLanguage":"en-GB","potentialAction":[{"@type":"ReadAction","target":["https:\/\/lavendea.com\/product\/set-stirih-podstavkov\/"]}]},{"@type":"ImageObject","inLanguage":"en-GB","@id":"https:\/\/lavendea.com\/product\/set-stirih-podstavkov\/#primaryimage","url":"https:\/\/lavendea.com\/wp-content\/uploads\/2025\/10\/1761331637839-scaled.jpg","contentUrl":"https:\/\/lavendea.com\/wp-content\/uploads\/2025\/10\/1761331637839-scaled.jpg","width":2048,"height":2048,"caption":"Podstavki iz epoksi smole"},{"@type":"BreadcrumbList","@id":"https:\/\/lavendea.com\/product\/set-stirih-podstavkov\/#breadcrumb","itemListElement":[{"@type":"ListItem","position":1,"name":"Home","item":"https:\/\/lavendea.com\/"},{"@type":"ListItem","position":2,"name":"Trgovina","item":"https:\/\/lavendea.com\/trgovina\/"},{"@type":"ListItem","position":3,"name":"Set \u0161tirih podstavkov"}]},{"@type":"WebSite","@id":"https:\/\/lavendea.com\/#website","url":"https:\/\/lavendea.com\/","name":"Lavendea","description":"","publisher":{"@id":"https:\/\/lavendea.com\/#organization"},"potentialAction":[{"@type":"SearchAction","target":{"@type":"EntryPoint","urlTemplate":"https:\/\/lavendea.com\/?s={search_term_string}"},"query-input":{"@type":"PropertyValueSpecification","valueRequired":true,"valueName":"search_term_string"}}],"inLanguage":"en-GB"},{"@type":"Organization","@id":"https:\/\/lavendea.com\/#organization","name":"Lavendea","url":"https:\/\/lavendea.com\/","logo":{"@type":"ImageObject","inLanguage":"en-GB","@id":"https:\/\/lavendea.com\/#\/schema\/logo\/image\/","url":"https:\/\/lavendea.com\/wp-content\/uploads\/2024\/02\/cropped-Izdelek-brez-naslova-1-2.png","contentUrl":"https:\/\/lavendea.com\/wp-content\/uploads\/2024\/02\/cropped-Izdelek-brez-naslova-1-2.png","width":1747,"height":1101,"caption":"Lavendea"},"image":{"@id":"https:\/\/lavendea.com\/#\/schema\/logo\/image\/"}}]}},"_links":{"self":[{"href":"https:\/\/lavendea.com\/en\/wp-json\/wp\/v2\/product\/12768","targetHints":{"allow":["GET"]}}],"collection":[{"href":"https:\/\/lavendea.com\/en\/wp-json\/wp\/v2\/product"}],"about":[{"href":"https:\/\/lavendea.com\/en\/wp-json\/wp\/v2\/types\/product"}],"replies":[{"embeddable":true,"href":"https:\/\/lavendea.com\/en\/wp-json\/wp\/v2\/comments?post=12768"}],"version-history":[{"count":1,"href":"https:\/\/lavendea.com\/en\/wp-json\/wp\/v2\/product\/12768\/revisions"}],"predecessor-version":[{"id":12773,"href":"https:\/\/lavendea.com\/en\/wp-json\/wp\/v2\/product\/12768\/revisions\/12773"}],"wp:featuredmedia":[{"embeddable":true,"href":"https:\/\/lavendea.com\/en\/wp-json\/wp\/v2\/media\/12762"}],"wp:attachment":[{"href":"https:\/\/lavendea.com\/en\/wp-json\/wp\/v2\/media?parent=12768"}],"wp:term":[{"taxonomy":"product_brand","embeddable":true,"href":"https:\/\/lavendea.com\/en\/wp-json\/wp\/v2\/product_brand?post=12768"},{"taxonomy":"product_cat","embeddable":true,"href":"https:\/\/lavendea.com\/en\/wp-json\/wp\/v2\/product_cat?post=12768"},{"taxonomy":"product_tag","embeddable":true,"href":"https:\/\/lavendea.com\/en\/wp-json\/wp\/v2\/product_tag?post=12768"}],"curies":[{"name":"wp","href":"https:\/\/api.w.org\/{rel}","templated":true}]}}