{"id":12800,"date":"2025-10-25T01:14:15","date_gmt":"2025-10-24T23:14:15","guid":{"rendered":"https:\/\/lavendea.com\/?post_type=product&#038;p=12800"},"modified":"2025-10-25T17:38:21","modified_gmt":"2025-10-25T15:38:21","slug":"milo-in-podstavek-iz-epoksi-smole","status":"publish","type":"product","link":"https:\/\/lavendea.com\/en\/product\/milo-in-podstavek-iz-epoksi-smole\/","title":{"rendered":"Soap on a soap dish of epoxy resin"},"content":{"rendered":"<p data-pm-slice=\"1 1 []\">Soap on epoxy resin soap dish is the ideal combination of a unique set for all lovers of design, handicrafts and nature.<\/p>\n<p data-pm-slice=\"1 1 []\">Handmade soap dishes combine functionality with natural beauty. Each piece is carefully crafted from high-quality, crystal-clear epoxy resin, permanently embedded with carefully selected, dried natural flowers (e.g. daisies, roses, rose petals) and other decorative accessories. The epoxy resin preserves the flowers in a timeless state, ensuring that each dish is a unique and visually appealing decoration. The resin used is durable, moisture-resistant and easy to clean - ideal for the bathroom environment. The shape of the dish is designed to allow water to drain efficiently, extending the life of your bar soap and preventing residue buildup<\/p>\n<p data-pm-slice=\"1 1 []\">Handmade natural soap is kind to the skin and the environment. The natural ingredients used in making the soaps are gentle on the skin and do not contain harmful chemicals that are often present in commercial soaps. This means that these soaps are also more suitable for people with sensitive skin and those who want to use products without artificial fragrances and dyes. It is made in small batches, so each piece is unique.<\/p>\n<p>Order your unique set today and add a touch of natural elegance to your home.<\/p>","protected":false},"excerpt":{"rendered":"<p>Soap on epoxy resin soap dish is the ideal combination of a unique set for all lovers of design, handicrafts and nature.<\/p>\n<p>Order your unique soap on epoxy resin soap dish set today and add a touch of natural elegance to your home. When ordering, please specify your wishes and we will customize the gift set just for you!<\/p>","protected":false},"featured_media":12341,"comment_status":"closed","ping_status":"closed","template":"","meta":[],"product_brand":[],"product_cat":[80],"product_tag":[67,73,72,77,71,98,31,68,35],"class_list":{"0":"post-12800","1":"product","2":"type-product","3":"status-publish","4":"has-post-thumbnail","6":"product_cat-darilni-seti","7":"product_tag-epoksi-smola","8":"product_tag-kamencki","9":"product_tag-les","10":"product_tag-milo","11":"product_tag-podstavek","12":"product_tag-prelivajoce-barve","13":"product_tag-sivka","14":"product_tag-skoljka","15":"product_tag-vrtnica","17":"first","18":"instock","19":"shipping-taxable","20":"purchasable","21":"product-type-simple"},"yoast_head":"<!-- This site is optimized with the Yoast SEO plugin v27.3 - https:\/\/yoast.com\/product\/yoast-seo-wordpress\/ -->\n<title>Milo in podstavek iz epoksi smole - Lavendea<\/title>\n<meta name=\"description\" content=\"Podstavek za milo iz epoksi smole. izdelki okra\u0161eni s suhim cvetjem, kamen\u010dki, \u0161koljkami, ali mavri\u010dnimi barvami. Unikaten dizajn in ro\u010dno izdelava.\" \/>\n<meta name=\"robots\" content=\"index, follow, max-snippet:-1, max-image-preview:large, max-video-preview:-1\" \/>\n<link rel=\"canonical\" href=\"https:\/\/lavendea.com\/en\/product\/milo-in-podstavek-iz-epoksi-smole\/\" \/>\n<meta property=\"og:locale\" content=\"en_GB\" \/>\n<meta property=\"og:type\" content=\"article\" \/>\n<meta property=\"og:title\" content=\"Milo in podstavek iz epoksi smole - Lavendea\" \/>\n<meta property=\"og:description\" content=\"Podstavek za milo iz epoksi smole. izdelki okra\u0161eni s suhim cvetjem, kamen\u010dki, \u0161koljkami, ali mavri\u010dnimi barvami. Unikaten dizajn in ro\u010dno izdelava.\" \/>\n<meta property=\"og:url\" content=\"https:\/\/lavendea.com\/en\/product\/milo-in-podstavek-iz-epoksi-smole\/\" \/>\n<meta property=\"og:site_name\" content=\"Lavendea\" \/>\n<meta property=\"article:modified_time\" content=\"2025-10-25T15:38:21+00:00\" \/>\n<meta property=\"og:image\" content=\"https:\/\/lavendea.com\/wp-content\/uploads\/2025\/04\/Firefly-Handmade-soap-on-a-soap-dish.-Soap-dish-is-made-of-trasparent-resin-and-dried-flowers-in-the-2.jpg\" \/>\n\t<meta property=\"og:image:width\" content=\"2048\" \/>\n\t<meta property=\"og:image:height\" content=\"2048\" \/>\n\t<meta property=\"og:image:type\" content=\"image\/jpeg\" \/>\n<meta name=\"twitter:card\" content=\"summary_large_image\" \/>\n<meta name=\"twitter:label1\" content=\"Estimated reading time\" \/>\n\t<meta name=\"twitter:data1\" content=\"2 minutes\" \/>\n<script type=\"application\/ld+json\" class=\"yoast-schema-graph\">{\"@context\":\"https:\\\/\\\/schema.org\",\"@graph\":[{\"@type\":\"WebPage\",\"@id\":\"https:\\\/\\\/lavendea.com\\\/product\\\/milo-in-podstavek-iz-epoksi-smole\\\/\",\"url\":\"https:\\\/\\\/lavendea.com\\\/product\\\/milo-in-podstavek-iz-epoksi-smole\\\/\",\"name\":\"Milo in podstavek iz epoksi smole - Lavendea\",\"isPartOf\":{\"@id\":\"https:\\\/\\\/lavendea.com\\\/#website\"},\"primaryImageOfPage\":{\"@id\":\"https:\\\/\\\/lavendea.com\\\/product\\\/milo-in-podstavek-iz-epoksi-smole\\\/#primaryimage\"},\"image\":{\"@id\":\"https:\\\/\\\/lavendea.com\\\/product\\\/milo-in-podstavek-iz-epoksi-smole\\\/#primaryimage\"},\"thumbnailUrl\":\"https:\\\/\\\/lavendea.com\\\/wp-content\\\/uploads\\\/2025\\\/04\\\/Firefly-Handmade-soap-on-a-soap-dish.-Soap-dish-is-made-of-trasparent-resin-and-dried-flowers-in-the-2.jpg\",\"datePublished\":\"2025-10-24T23:14:15+00:00\",\"dateModified\":\"2025-10-25T15:38:21+00:00\",\"description\":\"Podstavek za milo iz epoksi smole. izdelki okra\u0161eni s suhim cvetjem, kamen\u010dki, \u0161koljkami, ali mavri\u010dnimi barvami. Unikaten dizajn in ro\u010dno izdelava.\",\"breadcrumb\":{\"@id\":\"https:\\\/\\\/lavendea.com\\\/product\\\/milo-in-podstavek-iz-epoksi-smole\\\/#breadcrumb\"},\"inLanguage\":\"en-GB\",\"potentialAction\":[{\"@type\":\"ReadAction\",\"target\":[\"https:\\\/\\\/lavendea.com\\\/product\\\/milo-in-podstavek-iz-epoksi-smole\\\/\"]}]},{\"@type\":\"ImageObject\",\"inLanguage\":\"en-GB\",\"@id\":\"https:\\\/\\\/lavendea.com\\\/product\\\/milo-in-podstavek-iz-epoksi-smole\\\/#primaryimage\",\"url\":\"https:\\\/\\\/lavendea.com\\\/wp-content\\\/uploads\\\/2025\\\/04\\\/Firefly-Handmade-soap-on-a-soap-dish.-Soap-dish-is-made-of-trasparent-resin-and-dried-flowers-in-the-2.jpg\",\"contentUrl\":\"https:\\\/\\\/lavendea.com\\\/wp-content\\\/uploads\\\/2025\\\/04\\\/Firefly-Handmade-soap-on-a-soap-dish.-Soap-dish-is-made-of-trasparent-resin-and-dried-flowers-in-the-2.jpg\",\"width\":2048,\"height\":2048,\"caption\":\"Milo in podstavek iz epoksi smole\"},{\"@type\":\"BreadcrumbList\",\"@id\":\"https:\\\/\\\/lavendea.com\\\/product\\\/milo-in-podstavek-iz-epoksi-smole\\\/#breadcrumb\",\"itemListElement\":[{\"@type\":\"ListItem\",\"position\":1,\"name\":\"Home\",\"item\":\"https:\\\/\\\/lavendea.com\\\/\"},{\"@type\":\"ListItem\",\"position\":2,\"name\":\"Trgovina\",\"item\":\"https:\\\/\\\/lavendea.com\\\/trgovina\\\/\"},{\"@type\":\"ListItem\",\"position\":3,\"name\":\"Milo in podstavek iz epoksi smole\"}]},{\"@type\":\"WebSite\",\"@id\":\"https:\\\/\\\/lavendea.com\\\/#website\",\"url\":\"https:\\\/\\\/lavendea.com\\\/\",\"name\":\"Lavendea\",\"description\":\"\",\"publisher\":{\"@id\":\"https:\\\/\\\/lavendea.com\\\/#organization\"},\"potentialAction\":[{\"@type\":\"SearchAction\",\"target\":{\"@type\":\"EntryPoint\",\"urlTemplate\":\"https:\\\/\\\/lavendea.com\\\/?s={search_term_string}\"},\"query-input\":{\"@type\":\"PropertyValueSpecification\",\"valueRequired\":true,\"valueName\":\"search_term_string\"}}],\"inLanguage\":\"en-GB\"},{\"@type\":\"Organization\",\"@id\":\"https:\\\/\\\/lavendea.com\\\/#organization\",\"name\":\"Lavendea\",\"url\":\"https:\\\/\\\/lavendea.com\\\/\",\"logo\":{\"@type\":\"ImageObject\",\"inLanguage\":\"en-GB\",\"@id\":\"https:\\\/\\\/lavendea.com\\\/#\\\/schema\\\/logo\\\/image\\\/\",\"url\":\"https:\\\/\\\/lavendea.com\\\/wp-content\\\/uploads\\\/2024\\\/02\\\/cropped-Izdelek-brez-naslova-1-2.png\",\"contentUrl\":\"https:\\\/\\\/lavendea.com\\\/wp-content\\\/uploads\\\/2024\\\/02\\\/cropped-Izdelek-brez-naslova-1-2.png\",\"width\":1747,\"height\":1101,\"caption\":\"Lavendea\"},\"image\":{\"@id\":\"https:\\\/\\\/lavendea.com\\\/#\\\/schema\\\/logo\\\/image\\\/\"}}]}<\/script>\n<!-- \/ Yoast SEO plugin. -->","yoast_head_json":{"title":"Milo in podstavek iz epoksi smole - Lavendea","description":"Podstavek za milo iz epoksi smole. izdelki okra\u0161eni s suhim cvetjem, kamen\u010dki, \u0161koljkami, ali mavri\u010dnimi barvami. Unikaten dizajn in ro\u010dno izdelava.","robots":{"index":"index","follow":"follow","max-snippet":"max-snippet:-1","max-image-preview":"max-image-preview:large","max-video-preview":"max-video-preview:-1"},"canonical":"https:\/\/lavendea.com\/en\/product\/milo-in-podstavek-iz-epoksi-smole\/","og_locale":"en_GB","og_type":"article","og_title":"Milo in podstavek iz epoksi smole - Lavendea","og_description":"Podstavek za milo iz epoksi smole. izdelki okra\u0161eni s suhim cvetjem, kamen\u010dki, \u0161koljkami, ali mavri\u010dnimi barvami. Unikaten dizajn in ro\u010dno izdelava.","og_url":"https:\/\/lavendea.com\/en\/product\/milo-in-podstavek-iz-epoksi-smole\/","og_site_name":"Lavendea","article_modified_time":"2025-10-25T15:38:21+00:00","og_image":[{"width":2048,"height":2048,"url":"https:\/\/lavendea.com\/wp-content\/uploads\/2025\/04\/Firefly-Handmade-soap-on-a-soap-dish.-Soap-dish-is-made-of-trasparent-resin-and-dried-flowers-in-the-2.jpg","type":"image\/jpeg"}],"twitter_card":"summary_large_image","twitter_misc":{"Estimated reading time":"2 minutes"},"schema":{"@context":"https:\/\/schema.org","@graph":[{"@type":"WebPage","@id":"https:\/\/lavendea.com\/product\/milo-in-podstavek-iz-epoksi-smole\/","url":"https:\/\/lavendea.com\/product\/milo-in-podstavek-iz-epoksi-smole\/","name":"Milo in podstavek iz epoksi smole - Lavendea","isPartOf":{"@id":"https:\/\/lavendea.com\/#website"},"primaryImageOfPage":{"@id":"https:\/\/lavendea.com\/product\/milo-in-podstavek-iz-epoksi-smole\/#primaryimage"},"image":{"@id":"https:\/\/lavendea.com\/product\/milo-in-podstavek-iz-epoksi-smole\/#primaryimage"},"thumbnailUrl":"https:\/\/lavendea.com\/wp-content\/uploads\/2025\/04\/Firefly-Handmade-soap-on-a-soap-dish.-Soap-dish-is-made-of-trasparent-resin-and-dried-flowers-in-the-2.jpg","datePublished":"2025-10-24T23:14:15+00:00","dateModified":"2025-10-25T15:38:21+00:00","description":"Podstavek za milo iz epoksi smole. izdelki okra\u0161eni s suhim cvetjem, kamen\u010dki, \u0161koljkami, ali mavri\u010dnimi barvami. Unikaten dizajn in ro\u010dno izdelava.","breadcrumb":{"@id":"https:\/\/lavendea.com\/product\/milo-in-podstavek-iz-epoksi-smole\/#breadcrumb"},"inLanguage":"en-GB","potentialAction":[{"@type":"ReadAction","target":["https:\/\/lavendea.com\/product\/milo-in-podstavek-iz-epoksi-smole\/"]}]},{"@type":"ImageObject","inLanguage":"en-GB","@id":"https:\/\/lavendea.com\/product\/milo-in-podstavek-iz-epoksi-smole\/#primaryimage","url":"https:\/\/lavendea.com\/wp-content\/uploads\/2025\/04\/Firefly-Handmade-soap-on-a-soap-dish.-Soap-dish-is-made-of-trasparent-resin-and-dried-flowers-in-the-2.jpg","contentUrl":"https:\/\/lavendea.com\/wp-content\/uploads\/2025\/04\/Firefly-Handmade-soap-on-a-soap-dish.-Soap-dish-is-made-of-trasparent-resin-and-dried-flowers-in-the-2.jpg","width":2048,"height":2048,"caption":"Milo in podstavek iz epoksi smole"},{"@type":"BreadcrumbList","@id":"https:\/\/lavendea.com\/product\/milo-in-podstavek-iz-epoksi-smole\/#breadcrumb","itemListElement":[{"@type":"ListItem","position":1,"name":"Home","item":"https:\/\/lavendea.com\/"},{"@type":"ListItem","position":2,"name":"Trgovina","item":"https:\/\/lavendea.com\/trgovina\/"},{"@type":"ListItem","position":3,"name":"Milo in podstavek iz epoksi smole"}]},{"@type":"WebSite","@id":"https:\/\/lavendea.com\/#website","url":"https:\/\/lavendea.com\/","name":"Lavendea","description":"","publisher":{"@id":"https:\/\/lavendea.com\/#organization"},"potentialAction":[{"@type":"SearchAction","target":{"@type":"EntryPoint","urlTemplate":"https:\/\/lavendea.com\/?s={search_term_string}"},"query-input":{"@type":"PropertyValueSpecification","valueRequired":true,"valueName":"search_term_string"}}],"inLanguage":"en-GB"},{"@type":"Organization","@id":"https:\/\/lavendea.com\/#organization","name":"Lavendea","url":"https:\/\/lavendea.com\/","logo":{"@type":"ImageObject","inLanguage":"en-GB","@id":"https:\/\/lavendea.com\/#\/schema\/logo\/image\/","url":"https:\/\/lavendea.com\/wp-content\/uploads\/2024\/02\/cropped-Izdelek-brez-naslova-1-2.png","contentUrl":"https:\/\/lavendea.com\/wp-content\/uploads\/2024\/02\/cropped-Izdelek-brez-naslova-1-2.png","width":1747,"height":1101,"caption":"Lavendea"},"image":{"@id":"https:\/\/lavendea.com\/#\/schema\/logo\/image\/"}}]}},"_links":{"self":[{"href":"https:\/\/lavendea.com\/en\/wp-json\/wp\/v2\/product\/12800","targetHints":{"allow":["GET"]}}],"collection":[{"href":"https:\/\/lavendea.com\/en\/wp-json\/wp\/v2\/product"}],"about":[{"href":"https:\/\/lavendea.com\/en\/wp-json\/wp\/v2\/types\/product"}],"replies":[{"embeddable":true,"href":"https:\/\/lavendea.com\/en\/wp-json\/wp\/v2\/comments?post=12800"}],"version-history":[{"count":1,"href":"https:\/\/lavendea.com\/en\/wp-json\/wp\/v2\/product\/12800\/revisions"}],"predecessor-version":[{"id":12804,"href":"https:\/\/lavendea.com\/en\/wp-json\/wp\/v2\/product\/12800\/revisions\/12804"}],"wp:featuredmedia":[{"embeddable":true,"href":"https:\/\/lavendea.com\/en\/wp-json\/wp\/v2\/media\/12341"}],"wp:attachment":[{"href":"https:\/\/lavendea.com\/en\/wp-json\/wp\/v2\/media?parent=12800"}],"wp:term":[{"taxonomy":"product_brand","embeddable":true,"href":"https:\/\/lavendea.com\/en\/wp-json\/wp\/v2\/product_brand?post=12800"},{"taxonomy":"product_cat","embeddable":true,"href":"https:\/\/lavendea.com\/en\/wp-json\/wp\/v2\/product_cat?post=12800"},{"taxonomy":"product_tag","embeddable":true,"href":"https:\/\/lavendea.com\/en\/wp-json\/wp\/v2\/product_tag?post=12800"}],"curies":[{"name":"wp","href":"https:\/\/api.w.org\/{rel}","templated":true}]}}