{"id":1332,"date":"2024-03-28T22:38:30","date_gmt":"2024-03-28T22:38:30","guid":{"rendered":"https:\/\/lavendea.com\/?post_type=product&#038;p=1332"},"modified":"2024-06-17T23:44:18","modified_gmt":"2024-06-17T21:44:18","slug":"darilni-set-naravno-milo-z-vrecko-za-milo","status":"publish","type":"product","link":"https:\/\/lavendea.com\/en\/product\/darilni-set-naravno-milo-z-vrecko-za-milo\/","title":{"rendered":"Gift set soap with a natural sisal bag"},"content":{"rendered":"<div data-elementor-type=\"product-post\" data-elementor-id=\"1332\" class=\"elementor elementor-1332\" data-elementor-post-type=\"product\">\n\t\t\t\t<div class=\"elementor-element elementor-element-20d54531 e-flex e-con-boxed e-con e-parent\" data-id=\"20d54531\" data-element_type=\"container\" data-e-type=\"container\">\n\t\t\t\t\t<div class=\"e-con-inner\">\n\t\t\t\t<div class=\"elementor-element elementor-element-48b157a elementor-widget elementor-widget-text-editor\" data-id=\"48b157a\" data-element_type=\"widget\" data-e-type=\"widget\" data-widget_type=\"text-editor.default\">\n\t\t\t\t<div class=\"elementor-widget-container\">\n\t\t\t\t\t\t\t\t\t<p>Do you enjoy relaxing moments surrounded by pleasantly scented soap bubbles? Then handmade natural soap with essential oils is the ideal choice for you! Our unique soap combines the beauty of nature and therapeutic properties, as it is created from natural ingredients. The soap will not only cleanse and moisturize your skin, but will also transport you to a soothing oasis of natural scent.<\/p><p>This unique package is a wonderful, practical and natural gift for your occasions. The set contains a soap (of your choice) with a bag of natural sisal for exfoliation, foaming and storage.<\/p><h6>Tips for using and storing soap<\/h6><p>To get the best results from using soap, follow these tips:<\/p><ol><li>Moisten the soap with water before use to create a lather.<\/li><li>Gently massage the soap onto damp skin to create a lather and gently cleanse your face and body.<\/li><li>Avoid contact with eyes as the soap can cause irritation.<\/li><li>After use, rinse the soap thoroughly and allow it to air dry.<\/li><li>Use the included bag to store the soap to avoid water build-up and extend the life of the soap. You can hang the bag and the excess water will drain and the soap will dry.<\/li><\/ol><p>Choose our handmade natural soap with essential oils and treat yourself to a relaxing washing experience that will improve your mood and leave your skin soft, smooth and beautifully scented. Put the soap in the bag and gently massage the body. The natural sisal bag is great for exfoliating the skin and creates a wonderful lather. Discover natural beauty with our unique soap set today!<\/p>\t\t\t\t\t\t\t\t<\/div>\n\t\t\t\t<\/div>\n\t\t\t\t\t<\/div>\n\t\t\t\t<\/div>\n\t\t\t\t<\/div>","protected":false},"excerpt":{"rendered":"<p>Sometimes we simply don't know what to give to relatives, friends or business partners. Want some advice? A wonderful, practical and natural gift for your occasions. This unique package is a wonderful, practical and natural gift for your occasions. The set contains soap (of your choice) with a sisal bag for exfoliation, foaming and storage.<\/p>","protected":false},"featured_media":1321,"comment_status":"open","ping_status":"closed","template":"","meta":[],"product_brand":[],"product_cat":[80,24,15],"product_tag":[49,78,77,76],"class_list":{"0":"post-1332","1":"product","2":"type-product","3":"status-publish","4":"has-post-thumbnail","6":"product_cat-darilni-seti","7":"product_cat-darilni-seti-naravnih-mil","8":"product_cat-mila-naravno","9":"product_tag-darilni-set","10":"product_tag-leseni-podstavek","11":"product_tag-milo","12":"product_tag-naravno","14":"first","15":"instock","16":"shipping-taxable","17":"purchasable","18":"product-type-simple"},"yoast_head":"<!-- This site is optimized with the Yoast SEO plugin v27.3 - https:\/\/yoast.com\/product\/yoast-seo-wordpress\/ -->\n<title>Darilni set milo z vre\u010dko iz sisala - Lavendea<\/title>\n<meta name=\"description\" content=\"ro\u010dno izdelano naravno milo z eteri\u010dnim oljem hranljivo, vla\u017eilno, absorbira ne\u010disto\u010de, ekolo\u0161ko, veganski izdelek. vre\u010dka za piling in hrambo mila\" \/>\n<meta name=\"robots\" content=\"index, follow, max-snippet:-1, max-image-preview:large, max-video-preview:-1\" \/>\n<link rel=\"canonical\" href=\"https:\/\/lavendea.com\/en\/product\/darilni-set-naravno-milo-z-vrecko-za-milo\/\" \/>\n<meta property=\"og:locale\" content=\"en_GB\" \/>\n<meta property=\"og:type\" content=\"article\" \/>\n<meta property=\"og:title\" content=\"Darilni set milo z vre\u010dko iz sisala - Lavendea\" \/>\n<meta property=\"og:description\" content=\"ro\u010dno izdelano naravno milo z eteri\u010dnim oljem hranljivo, vla\u017eilno, absorbira ne\u010disto\u010de, ekolo\u0161ko, veganski izdelek. vre\u010dka za piling in hrambo mila\" \/>\n<meta property=\"og:url\" content=\"https:\/\/lavendea.com\/en\/product\/darilni-set-naravno-milo-z-vrecko-za-milo\/\" \/>\n<meta property=\"og:site_name\" content=\"Lavendea\" \/>\n<meta property=\"article:modified_time\" content=\"2024-06-17T21:44:18+00:00\" \/>\n<meta property=\"og:image\" content=\"https:\/\/lavendea.com\/wp-content\/uploads\/2024\/02\/Firefly-Natural-soap-and-white-soap-foaming-net-mesh-saver-bag.-Rustic-vintage-image.-Lavender-lemo-2.jpg\" \/>\n\t<meta property=\"og:image:width\" content=\"2048\" \/>\n\t<meta property=\"og:image:height\" content=\"2048\" \/>\n\t<meta property=\"og:image:type\" content=\"image\/jpeg\" \/>\n<meta name=\"twitter:card\" content=\"summary_large_image\" \/>\n<meta name=\"twitter:label1\" content=\"Estimated reading time\" \/>\n\t<meta name=\"twitter:data1\" content=\"2 minutes\" \/>\n<script type=\"application\/ld+json\" class=\"yoast-schema-graph\">{\"@context\":\"https:\\\/\\\/schema.org\",\"@graph\":[{\"@type\":\"WebPage\",\"@id\":\"https:\\\/\\\/lavendea.com\\\/product\\\/darilni-set-naravno-milo-z-vrecko-za-milo\\\/\",\"url\":\"https:\\\/\\\/lavendea.com\\\/product\\\/darilni-set-naravno-milo-z-vrecko-za-milo\\\/\",\"name\":\"Darilni set milo z vre\u010dko iz sisala - Lavendea\",\"isPartOf\":{\"@id\":\"https:\\\/\\\/lavendea.com\\\/#website\"},\"primaryImageOfPage\":{\"@id\":\"https:\\\/\\\/lavendea.com\\\/product\\\/darilni-set-naravno-milo-z-vrecko-za-milo\\\/#primaryimage\"},\"image\":{\"@id\":\"https:\\\/\\\/lavendea.com\\\/product\\\/darilni-set-naravno-milo-z-vrecko-za-milo\\\/#primaryimage\"},\"thumbnailUrl\":\"https:\\\/\\\/lavendea.com\\\/wp-content\\\/uploads\\\/2024\\\/02\\\/Firefly-Natural-soap-and-white-soap-foaming-net-mesh-saver-bag.-Rustic-vintage-image.-Lavender-lemo-2.jpg\",\"datePublished\":\"2024-03-28T22:38:30+00:00\",\"dateModified\":\"2024-06-17T21:44:18+00:00\",\"description\":\"ro\u010dno izdelano naravno milo z eteri\u010dnim oljem hranljivo, vla\u017eilno, absorbira ne\u010disto\u010de, ekolo\u0161ko, veganski izdelek. vre\u010dka za piling in hrambo mila\",\"breadcrumb\":{\"@id\":\"https:\\\/\\\/lavendea.com\\\/product\\\/darilni-set-naravno-milo-z-vrecko-za-milo\\\/#breadcrumb\"},\"inLanguage\":\"en-GB\",\"potentialAction\":[{\"@type\":\"ReadAction\",\"target\":[\"https:\\\/\\\/lavendea.com\\\/product\\\/darilni-set-naravno-milo-z-vrecko-za-milo\\\/\"]}]},{\"@type\":\"ImageObject\",\"inLanguage\":\"en-GB\",\"@id\":\"https:\\\/\\\/lavendea.com\\\/product\\\/darilni-set-naravno-milo-z-vrecko-za-milo\\\/#primaryimage\",\"url\":\"https:\\\/\\\/lavendea.com\\\/wp-content\\\/uploads\\\/2024\\\/02\\\/Firefly-Natural-soap-and-white-soap-foaming-net-mesh-saver-bag.-Rustic-vintage-image.-Lavender-lemo-2.jpg\",\"contentUrl\":\"https:\\\/\\\/lavendea.com\\\/wp-content\\\/uploads\\\/2024\\\/02\\\/Firefly-Natural-soap-and-white-soap-foaming-net-mesh-saver-bag.-Rustic-vintage-image.-Lavender-lemo-2.jpg\",\"width\":2048,\"height\":2048,\"caption\":\"Naravno Milo z vre\u010dko za piling in shranjevanje mila\"},{\"@type\":\"BreadcrumbList\",\"@id\":\"https:\\\/\\\/lavendea.com\\\/product\\\/darilni-set-naravno-milo-z-vrecko-za-milo\\\/#breadcrumb\",\"itemListElement\":[{\"@type\":\"ListItem\",\"position\":1,\"name\":\"Home\",\"item\":\"https:\\\/\\\/lavendea.com\\\/\"},{\"@type\":\"ListItem\",\"position\":2,\"name\":\"Trgovina\",\"item\":\"https:\\\/\\\/lavendea.com\\\/trgovina\\\/\"},{\"@type\":\"ListItem\",\"position\":3,\"name\":\"Darilni set milo z vre\u010dko iz sisala\"}]},{\"@type\":\"WebSite\",\"@id\":\"https:\\\/\\\/lavendea.com\\\/#website\",\"url\":\"https:\\\/\\\/lavendea.com\\\/\",\"name\":\"Lavendea\",\"description\":\"\",\"publisher\":{\"@id\":\"https:\\\/\\\/lavendea.com\\\/#organization\"},\"potentialAction\":[{\"@type\":\"SearchAction\",\"target\":{\"@type\":\"EntryPoint\",\"urlTemplate\":\"https:\\\/\\\/lavendea.com\\\/?s={search_term_string}\"},\"query-input\":{\"@type\":\"PropertyValueSpecification\",\"valueRequired\":true,\"valueName\":\"search_term_string\"}}],\"inLanguage\":\"en-GB\"},{\"@type\":\"Organization\",\"@id\":\"https:\\\/\\\/lavendea.com\\\/#organization\",\"name\":\"Lavendea\",\"url\":\"https:\\\/\\\/lavendea.com\\\/\",\"logo\":{\"@type\":\"ImageObject\",\"inLanguage\":\"en-GB\",\"@id\":\"https:\\\/\\\/lavendea.com\\\/#\\\/schema\\\/logo\\\/image\\\/\",\"url\":\"https:\\\/\\\/lavendea.com\\\/wp-content\\\/uploads\\\/2024\\\/02\\\/cropped-Izdelek-brez-naslova-1-2.png\",\"contentUrl\":\"https:\\\/\\\/lavendea.com\\\/wp-content\\\/uploads\\\/2024\\\/02\\\/cropped-Izdelek-brez-naslova-1-2.png\",\"width\":1747,\"height\":1101,\"caption\":\"Lavendea\"},\"image\":{\"@id\":\"https:\\\/\\\/lavendea.com\\\/#\\\/schema\\\/logo\\\/image\\\/\"}}]}<\/script>\n<!-- \/ Yoast SEO plugin. -->","yoast_head_json":{"title":"Darilni set milo z vre\u010dko iz sisala - Lavendea","description":"ro\u010dno izdelano naravno milo z eteri\u010dnim oljem hranljivo, vla\u017eilno, absorbira ne\u010disto\u010de, ekolo\u0161ko, veganski izdelek. vre\u010dka za piling in hrambo mila","robots":{"index":"index","follow":"follow","max-snippet":"max-snippet:-1","max-image-preview":"max-image-preview:large","max-video-preview":"max-video-preview:-1"},"canonical":"https:\/\/lavendea.com\/en\/product\/darilni-set-naravno-milo-z-vrecko-za-milo\/","og_locale":"en_GB","og_type":"article","og_title":"Darilni set milo z vre\u010dko iz sisala - Lavendea","og_description":"ro\u010dno izdelano naravno milo z eteri\u010dnim oljem hranljivo, vla\u017eilno, absorbira ne\u010disto\u010de, ekolo\u0161ko, veganski izdelek. vre\u010dka za piling in hrambo mila","og_url":"https:\/\/lavendea.com\/en\/product\/darilni-set-naravno-milo-z-vrecko-za-milo\/","og_site_name":"Lavendea","article_modified_time":"2024-06-17T21:44:18+00:00","og_image":[{"width":2048,"height":2048,"url":"https:\/\/lavendea.com\/wp-content\/uploads\/2024\/02\/Firefly-Natural-soap-and-white-soap-foaming-net-mesh-saver-bag.-Rustic-vintage-image.-Lavender-lemo-2.jpg","type":"image\/jpeg"}],"twitter_card":"summary_large_image","twitter_misc":{"Estimated reading time":"2 minutes"},"schema":{"@context":"https:\/\/schema.org","@graph":[{"@type":"WebPage","@id":"https:\/\/lavendea.com\/product\/darilni-set-naravno-milo-z-vrecko-za-milo\/","url":"https:\/\/lavendea.com\/product\/darilni-set-naravno-milo-z-vrecko-za-milo\/","name":"Darilni set milo z vre\u010dko iz sisala - Lavendea","isPartOf":{"@id":"https:\/\/lavendea.com\/#website"},"primaryImageOfPage":{"@id":"https:\/\/lavendea.com\/product\/darilni-set-naravno-milo-z-vrecko-za-milo\/#primaryimage"},"image":{"@id":"https:\/\/lavendea.com\/product\/darilni-set-naravno-milo-z-vrecko-za-milo\/#primaryimage"},"thumbnailUrl":"https:\/\/lavendea.com\/wp-content\/uploads\/2024\/02\/Firefly-Natural-soap-and-white-soap-foaming-net-mesh-saver-bag.-Rustic-vintage-image.-Lavender-lemo-2.jpg","datePublished":"2024-03-28T22:38:30+00:00","dateModified":"2024-06-17T21:44:18+00:00","description":"ro\u010dno izdelano naravno milo z eteri\u010dnim oljem hranljivo, vla\u017eilno, absorbira ne\u010disto\u010de, ekolo\u0161ko, veganski izdelek. vre\u010dka za piling in hrambo mila","breadcrumb":{"@id":"https:\/\/lavendea.com\/product\/darilni-set-naravno-milo-z-vrecko-za-milo\/#breadcrumb"},"inLanguage":"en-GB","potentialAction":[{"@type":"ReadAction","target":["https:\/\/lavendea.com\/product\/darilni-set-naravno-milo-z-vrecko-za-milo\/"]}]},{"@type":"ImageObject","inLanguage":"en-GB","@id":"https:\/\/lavendea.com\/product\/darilni-set-naravno-milo-z-vrecko-za-milo\/#primaryimage","url":"https:\/\/lavendea.com\/wp-content\/uploads\/2024\/02\/Firefly-Natural-soap-and-white-soap-foaming-net-mesh-saver-bag.-Rustic-vintage-image.-Lavender-lemo-2.jpg","contentUrl":"https:\/\/lavendea.com\/wp-content\/uploads\/2024\/02\/Firefly-Natural-soap-and-white-soap-foaming-net-mesh-saver-bag.-Rustic-vintage-image.-Lavender-lemo-2.jpg","width":2048,"height":2048,"caption":"Naravno Milo z vre\u010dko za piling in shranjevanje mila"},{"@type":"BreadcrumbList","@id":"https:\/\/lavendea.com\/product\/darilni-set-naravno-milo-z-vrecko-za-milo\/#breadcrumb","itemListElement":[{"@type":"ListItem","position":1,"name":"Home","item":"https:\/\/lavendea.com\/"},{"@type":"ListItem","position":2,"name":"Trgovina","item":"https:\/\/lavendea.com\/trgovina\/"},{"@type":"ListItem","position":3,"name":"Darilni set milo z vre\u010dko iz sisala"}]},{"@type":"WebSite","@id":"https:\/\/lavendea.com\/#website","url":"https:\/\/lavendea.com\/","name":"Lavendea","description":"","publisher":{"@id":"https:\/\/lavendea.com\/#organization"},"potentialAction":[{"@type":"SearchAction","target":{"@type":"EntryPoint","urlTemplate":"https:\/\/lavendea.com\/?s={search_term_string}"},"query-input":{"@type":"PropertyValueSpecification","valueRequired":true,"valueName":"search_term_string"}}],"inLanguage":"en-GB"},{"@type":"Organization","@id":"https:\/\/lavendea.com\/#organization","name":"Lavendea","url":"https:\/\/lavendea.com\/","logo":{"@type":"ImageObject","inLanguage":"en-GB","@id":"https:\/\/lavendea.com\/#\/schema\/logo\/image\/","url":"https:\/\/lavendea.com\/wp-content\/uploads\/2024\/02\/cropped-Izdelek-brez-naslova-1-2.png","contentUrl":"https:\/\/lavendea.com\/wp-content\/uploads\/2024\/02\/cropped-Izdelek-brez-naslova-1-2.png","width":1747,"height":1101,"caption":"Lavendea"},"image":{"@id":"https:\/\/lavendea.com\/#\/schema\/logo\/image\/"}}]}},"_links":{"self":[{"href":"https:\/\/lavendea.com\/en\/wp-json\/wp\/v2\/product\/1332","targetHints":{"allow":["GET"]}}],"collection":[{"href":"https:\/\/lavendea.com\/en\/wp-json\/wp\/v2\/product"}],"about":[{"href":"https:\/\/lavendea.com\/en\/wp-json\/wp\/v2\/types\/product"}],"replies":[{"embeddable":true,"href":"https:\/\/lavendea.com\/en\/wp-json\/wp\/v2\/comments?post=1332"}],"version-history":[{"count":12,"href":"https:\/\/lavendea.com\/en\/wp-json\/wp\/v2\/product\/1332\/revisions"}],"predecessor-version":[{"id":2479,"href":"https:\/\/lavendea.com\/en\/wp-json\/wp\/v2\/product\/1332\/revisions\/2479"}],"wp:featuredmedia":[{"embeddable":true,"href":"https:\/\/lavendea.com\/en\/wp-json\/wp\/v2\/media\/1321"}],"wp:attachment":[{"href":"https:\/\/lavendea.com\/en\/wp-json\/wp\/v2\/media?parent=1332"}],"wp:term":[{"taxonomy":"product_brand","embeddable":true,"href":"https:\/\/lavendea.com\/en\/wp-json\/wp\/v2\/product_brand?post=1332"},{"taxonomy":"product_cat","embeddable":true,"href":"https:\/\/lavendea.com\/en\/wp-json\/wp\/v2\/product_cat?post=1332"},{"taxonomy":"product_tag","embeddable":true,"href":"https:\/\/lavendea.com\/en\/wp-json\/wp\/v2\/product_tag?post=1332"}],"curies":[{"name":"wp","href":"https:\/\/api.w.org\/{rel}","templated":true}]}}