{"id":148,"date":"2024-02-14T22:45:52","date_gmt":"2024-02-14T22:45:52","guid":{"rendered":"https:\/\/lavendea.com\/?post_type=product&#038;p=148"},"modified":"2026-02-17T11:18:06","modified_gmt":"2026-02-17T10:18:06","slug":"sopki-posusene-sivke","status":"publish","type":"product","link":"https:\/\/lavendea.com\/en\/product\/sopki-posusene-sivke\/","title":{"rendered":"Bouquets of dried lavender"},"content":{"rendered":"<p data-pm-slice=\"1 1 []\">Sivka je \u010dudovito di\u0161e\u010de zeli\u0161\u010de, ki ga mnogi gojijo in uporabljajo zaradi njegovih \u0161tevilnih koristi. Poleg tega, da je sivka priljubljena zaradi svojega prijetnega vonja, pa ima tudi odli\u010dne lastnosti pri odganjanju moljev in komarjev. Ena izmed priljubljenih metod uporabe sivke za ta namen so \u0161opki posu\u0161ene sivke.<\/p>\n<p>When we enrich our home with lavender, we do it with love for nature and our living space. The lavender is harvested with love and stored in a dry and dark place to dry naturally. Dried lavender bouquets bring the serenity and beauty of lavender into your home all year round. A beautiful gift for yourself or your loved ones.<\/p>","protected":false},"excerpt":{"rendered":"<p>When we enrich our home with lavender, we do it with love for nature and our living space. The lavender is harvested with love and stored in a dry and dark place to dry naturally. Dried lavender bouquets bring the serenity and beauty of lavender into your home all year round. A beautiful gift for yourself or your loved ones.<\/p>","protected":false},"featured_media":2278,"comment_status":"closed","ping_status":"closed","template":"","meta":[],"product_brand":[],"product_cat":[18],"product_tag":[],"class_list":{"0":"post-148","1":"product","2":"type-product","3":"status-publish","4":"has-post-thumbnail","6":"product_cat-sadike-in-suho-cvetje","8":"first","9":"instock","10":"shipping-taxable","11":"purchasable","12":"product-type-simple"},"yoast_head":"<!-- This site is optimized with the Yoast SEO plugin v27.3 - https:\/\/yoast.com\/product\/yoast-seo-wordpress\/ -->\n<title>\u0160opki posu\u0161ene sivke - Lavendea<\/title>\n<meta name=\"description\" content=\"Sivko oberemo in shranimo na suhem in temnem prostoru, da se naravno posu\u0161i. \u0160opki posu\u0161ene sivke vnesejo v va\u0161 dom spokojnost in lepoto sivke vse leto.\" \/>\n<meta name=\"robots\" content=\"index, follow, max-snippet:-1, max-image-preview:large, max-video-preview:-1\" \/>\n<link rel=\"canonical\" href=\"https:\/\/lavendea.com\/en\/product\/sopki-posusene-sivke\/\" \/>\n<meta property=\"og:locale\" content=\"en_GB\" \/>\n<meta property=\"og:type\" content=\"article\" \/>\n<meta property=\"og:title\" content=\"\u0160opki posu\u0161ene sivke - Lavendea\" \/>\n<meta property=\"og:description\" content=\"Sivko oberemo in shranimo na suhem in temnem prostoru, da se naravno posu\u0161i. \u0160opki posu\u0161ene sivke vnesejo v va\u0161 dom spokojnost in lepoto sivke vse leto.\" \/>\n<meta property=\"og:url\" content=\"https:\/\/lavendea.com\/en\/product\/sopki-posusene-sivke\/\" \/>\n<meta property=\"og:site_name\" content=\"Lavendea\" \/>\n<meta property=\"article:modified_time\" content=\"2026-02-17T10:18:06+00:00\" \/>\n<meta property=\"og:image\" content=\"https:\/\/lavendea.com\/wp-content\/uploads\/2024\/04\/Firefly-Bouquets-of-lavender-hanging-down-to-dry.-Rustic-scene-44237.jpg\" \/>\n\t<meta property=\"og:image:width\" content=\"2048\" \/>\n\t<meta property=\"og:image:height\" content=\"2048\" \/>\n\t<meta property=\"og:image:type\" content=\"image\/jpeg\" \/>\n<meta name=\"twitter:card\" content=\"summary_large_image\" \/>\n<meta name=\"twitter:label1\" content=\"Estimated reading time\" \/>\n\t<meta name=\"twitter:data1\" content=\"1 minute\" \/>\n<script type=\"application\/ld+json\" class=\"yoast-schema-graph\">{\"@context\":\"https:\\\/\\\/schema.org\",\"@graph\":[{\"@type\":\"WebPage\",\"@id\":\"https:\\\/\\\/lavendea.com\\\/product\\\/sopki-posusene-sivke\\\/\",\"url\":\"https:\\\/\\\/lavendea.com\\\/product\\\/sopki-posusene-sivke\\\/\",\"name\":\"\u0160opki posu\u0161ene sivke - Lavendea\",\"isPartOf\":{\"@id\":\"https:\\\/\\\/lavendea.com\\\/#website\"},\"primaryImageOfPage\":{\"@id\":\"https:\\\/\\\/lavendea.com\\\/product\\\/sopki-posusene-sivke\\\/#primaryimage\"},\"image\":{\"@id\":\"https:\\\/\\\/lavendea.com\\\/product\\\/sopki-posusene-sivke\\\/#primaryimage\"},\"thumbnailUrl\":\"https:\\\/\\\/lavendea.com\\\/wp-content\\\/uploads\\\/2024\\\/04\\\/Firefly-Bouquets-of-lavender-hanging-down-to-dry.-Rustic-scene-44237.jpg\",\"datePublished\":\"2024-02-14T22:45:52+00:00\",\"dateModified\":\"2026-02-17T10:18:06+00:00\",\"description\":\"Sivko oberemo in shranimo na suhem in temnem prostoru, da se naravno posu\u0161i. \u0160opki posu\u0161ene sivke vnesejo v va\u0161 dom spokojnost in lepoto sivke vse leto.\",\"breadcrumb\":{\"@id\":\"https:\\\/\\\/lavendea.com\\\/product\\\/sopki-posusene-sivke\\\/#breadcrumb\"},\"inLanguage\":\"en-GB\",\"potentialAction\":[{\"@type\":\"ReadAction\",\"target\":[\"https:\\\/\\\/lavendea.com\\\/product\\\/sopki-posusene-sivke\\\/\"]}]},{\"@type\":\"ImageObject\",\"inLanguage\":\"en-GB\",\"@id\":\"https:\\\/\\\/lavendea.com\\\/product\\\/sopki-posusene-sivke\\\/#primaryimage\",\"url\":\"https:\\\/\\\/lavendea.com\\\/wp-content\\\/uploads\\\/2024\\\/04\\\/Firefly-Bouquets-of-lavender-hanging-down-to-dry.-Rustic-scene-44237.jpg\",\"contentUrl\":\"https:\\\/\\\/lavendea.com\\\/wp-content\\\/uploads\\\/2024\\\/04\\\/Firefly-Bouquets-of-lavender-hanging-down-to-dry.-Rustic-scene-44237.jpg\",\"width\":2048,\"height\":2048,\"caption\":\"\u0160opki suhe sivke\"},{\"@type\":\"BreadcrumbList\",\"@id\":\"https:\\\/\\\/lavendea.com\\\/product\\\/sopki-posusene-sivke\\\/#breadcrumb\",\"itemListElement\":[{\"@type\":\"ListItem\",\"position\":1,\"name\":\"Home\",\"item\":\"https:\\\/\\\/lavendea.com\\\/\"},{\"@type\":\"ListItem\",\"position\":2,\"name\":\"Trgovina\",\"item\":\"https:\\\/\\\/lavendea.com\\\/trgovina\\\/\"},{\"@type\":\"ListItem\",\"position\":3,\"name\":\"\u0160opki posu\u0161ene sivke\"}]},{\"@type\":\"WebSite\",\"@id\":\"https:\\\/\\\/lavendea.com\\\/#website\",\"url\":\"https:\\\/\\\/lavendea.com\\\/\",\"name\":\"Lavendea\",\"description\":\"\",\"publisher\":{\"@id\":\"https:\\\/\\\/lavendea.com\\\/#organization\"},\"potentialAction\":[{\"@type\":\"SearchAction\",\"target\":{\"@type\":\"EntryPoint\",\"urlTemplate\":\"https:\\\/\\\/lavendea.com\\\/?s={search_term_string}\"},\"query-input\":{\"@type\":\"PropertyValueSpecification\",\"valueRequired\":true,\"valueName\":\"search_term_string\"}}],\"inLanguage\":\"en-GB\"},{\"@type\":\"Organization\",\"@id\":\"https:\\\/\\\/lavendea.com\\\/#organization\",\"name\":\"Lavendea\",\"url\":\"https:\\\/\\\/lavendea.com\\\/\",\"logo\":{\"@type\":\"ImageObject\",\"inLanguage\":\"en-GB\",\"@id\":\"https:\\\/\\\/lavendea.com\\\/#\\\/schema\\\/logo\\\/image\\\/\",\"url\":\"https:\\\/\\\/lavendea.com\\\/wp-content\\\/uploads\\\/2024\\\/02\\\/cropped-Izdelek-brez-naslova-1-2.png\",\"contentUrl\":\"https:\\\/\\\/lavendea.com\\\/wp-content\\\/uploads\\\/2024\\\/02\\\/cropped-Izdelek-brez-naslova-1-2.png\",\"width\":1747,\"height\":1101,\"caption\":\"Lavendea\"},\"image\":{\"@id\":\"https:\\\/\\\/lavendea.com\\\/#\\\/schema\\\/logo\\\/image\\\/\"}}]}<\/script>\n<!-- \/ Yoast SEO plugin. -->","yoast_head_json":{"title":"\u0160opki posu\u0161ene sivke - Lavendea","description":"Sivko oberemo in shranimo na suhem in temnem prostoru, da se naravno posu\u0161i. \u0160opki posu\u0161ene sivke vnesejo v va\u0161 dom spokojnost in lepoto sivke vse leto.","robots":{"index":"index","follow":"follow","max-snippet":"max-snippet:-1","max-image-preview":"max-image-preview:large","max-video-preview":"max-video-preview:-1"},"canonical":"https:\/\/lavendea.com\/en\/product\/sopki-posusene-sivke\/","og_locale":"en_GB","og_type":"article","og_title":"\u0160opki posu\u0161ene sivke - Lavendea","og_description":"Sivko oberemo in shranimo na suhem in temnem prostoru, da se naravno posu\u0161i. \u0160opki posu\u0161ene sivke vnesejo v va\u0161 dom spokojnost in lepoto sivke vse leto.","og_url":"https:\/\/lavendea.com\/en\/product\/sopki-posusene-sivke\/","og_site_name":"Lavendea","article_modified_time":"2026-02-17T10:18:06+00:00","og_image":[{"width":2048,"height":2048,"url":"https:\/\/lavendea.com\/wp-content\/uploads\/2024\/04\/Firefly-Bouquets-of-lavender-hanging-down-to-dry.-Rustic-scene-44237.jpg","type":"image\/jpeg"}],"twitter_card":"summary_large_image","twitter_misc":{"Estimated reading time":"1 minute"},"schema":{"@context":"https:\/\/schema.org","@graph":[{"@type":"WebPage","@id":"https:\/\/lavendea.com\/product\/sopki-posusene-sivke\/","url":"https:\/\/lavendea.com\/product\/sopki-posusene-sivke\/","name":"\u0160opki posu\u0161ene sivke - Lavendea","isPartOf":{"@id":"https:\/\/lavendea.com\/#website"},"primaryImageOfPage":{"@id":"https:\/\/lavendea.com\/product\/sopki-posusene-sivke\/#primaryimage"},"image":{"@id":"https:\/\/lavendea.com\/product\/sopki-posusene-sivke\/#primaryimage"},"thumbnailUrl":"https:\/\/lavendea.com\/wp-content\/uploads\/2024\/04\/Firefly-Bouquets-of-lavender-hanging-down-to-dry.-Rustic-scene-44237.jpg","datePublished":"2024-02-14T22:45:52+00:00","dateModified":"2026-02-17T10:18:06+00:00","description":"Sivko oberemo in shranimo na suhem in temnem prostoru, da se naravno posu\u0161i. \u0160opki posu\u0161ene sivke vnesejo v va\u0161 dom spokojnost in lepoto sivke vse leto.","breadcrumb":{"@id":"https:\/\/lavendea.com\/product\/sopki-posusene-sivke\/#breadcrumb"},"inLanguage":"en-GB","potentialAction":[{"@type":"ReadAction","target":["https:\/\/lavendea.com\/product\/sopki-posusene-sivke\/"]}]},{"@type":"ImageObject","inLanguage":"en-GB","@id":"https:\/\/lavendea.com\/product\/sopki-posusene-sivke\/#primaryimage","url":"https:\/\/lavendea.com\/wp-content\/uploads\/2024\/04\/Firefly-Bouquets-of-lavender-hanging-down-to-dry.-Rustic-scene-44237.jpg","contentUrl":"https:\/\/lavendea.com\/wp-content\/uploads\/2024\/04\/Firefly-Bouquets-of-lavender-hanging-down-to-dry.-Rustic-scene-44237.jpg","width":2048,"height":2048,"caption":"\u0160opki suhe sivke"},{"@type":"BreadcrumbList","@id":"https:\/\/lavendea.com\/product\/sopki-posusene-sivke\/#breadcrumb","itemListElement":[{"@type":"ListItem","position":1,"name":"Home","item":"https:\/\/lavendea.com\/"},{"@type":"ListItem","position":2,"name":"Trgovina","item":"https:\/\/lavendea.com\/trgovina\/"},{"@type":"ListItem","position":3,"name":"\u0160opki posu\u0161ene sivke"}]},{"@type":"WebSite","@id":"https:\/\/lavendea.com\/#website","url":"https:\/\/lavendea.com\/","name":"Lavendea","description":"","publisher":{"@id":"https:\/\/lavendea.com\/#organization"},"potentialAction":[{"@type":"SearchAction","target":{"@type":"EntryPoint","urlTemplate":"https:\/\/lavendea.com\/?s={search_term_string}"},"query-input":{"@type":"PropertyValueSpecification","valueRequired":true,"valueName":"search_term_string"}}],"inLanguage":"en-GB"},{"@type":"Organization","@id":"https:\/\/lavendea.com\/#organization","name":"Lavendea","url":"https:\/\/lavendea.com\/","logo":{"@type":"ImageObject","inLanguage":"en-GB","@id":"https:\/\/lavendea.com\/#\/schema\/logo\/image\/","url":"https:\/\/lavendea.com\/wp-content\/uploads\/2024\/02\/cropped-Izdelek-brez-naslova-1-2.png","contentUrl":"https:\/\/lavendea.com\/wp-content\/uploads\/2024\/02\/cropped-Izdelek-brez-naslova-1-2.png","width":1747,"height":1101,"caption":"Lavendea"},"image":{"@id":"https:\/\/lavendea.com\/#\/schema\/logo\/image\/"}}]}},"_links":{"self":[{"href":"https:\/\/lavendea.com\/en\/wp-json\/wp\/v2\/product\/148","targetHints":{"allow":["GET"]}}],"collection":[{"href":"https:\/\/lavendea.com\/en\/wp-json\/wp\/v2\/product"}],"about":[{"href":"https:\/\/lavendea.com\/en\/wp-json\/wp\/v2\/types\/product"}],"replies":[{"embeddable":true,"href":"https:\/\/lavendea.com\/en\/wp-json\/wp\/v2\/comments?post=148"}],"version-history":[{"count":3,"href":"https:\/\/lavendea.com\/en\/wp-json\/wp\/v2\/product\/148\/revisions"}],"predecessor-version":[{"id":12870,"href":"https:\/\/lavendea.com\/en\/wp-json\/wp\/v2\/product\/148\/revisions\/12870"}],"wp:featuredmedia":[{"embeddable":true,"href":"https:\/\/lavendea.com\/en\/wp-json\/wp\/v2\/media\/2278"}],"wp:attachment":[{"href":"https:\/\/lavendea.com\/en\/wp-json\/wp\/v2\/media?parent=148"}],"wp:term":[{"taxonomy":"product_brand","embeddable":true,"href":"https:\/\/lavendea.com\/en\/wp-json\/wp\/v2\/product_brand?post=148"},{"taxonomy":"product_cat","embeddable":true,"href":"https:\/\/lavendea.com\/en\/wp-json\/wp\/v2\/product_cat?post=148"},{"taxonomy":"product_tag","embeddable":true,"href":"https:\/\/lavendea.com\/en\/wp-json\/wp\/v2\/product_tag?post=148"}],"curies":[{"name":"wp","href":"https:\/\/api.w.org\/{rel}","templated":true}]}}