{"id":159,"date":"2024-02-14T23:02:08","date_gmt":"2024-02-14T23:02:08","guid":{"rendered":"https:\/\/lavendea.com\/?post_type=product&#038;p=159"},"modified":"2024-05-26T00:08:22","modified_gmt":"2024-05-25T22:08:22","slug":"netresk","status":"publish","type":"product","link":"https:\/\/lavendea.com\/en\/product\/netresk\/","title":{"rendered":"Houseleek"},"content":{"rendered":"<p>In a quiet corner, surrounded by nature, where pollution has not yet crossed the threshold, various types of houseleeks grow wonderfully. Despite the harsh winters and often difficult weather conditions, the houseleeks grow and shine in their simple beauty. Treat yourself with a seedling of houseleek grown on our farm.<\/p>\n<p>You can choose between five different Houseleek types<\/p>","protected":false},"excerpt":{"rendered":"<p>In a quiet corner, surrounded by nature, where pollution has not yet crossed the threshold, various types of houseleeks grow wonderfully. Despite the harsh winters and often difficult weather conditions, the houseleeks grow and shine in their simple beauty. Treat yourself with a seedling of houseleek grown on our farm.<\/p>","protected":false},"featured_media":160,"comment_status":"closed","ping_status":"closed","template":"","meta":[],"product_brand":[],"product_cat":[18],"product_tag":[],"class_list":{"0":"post-159","1":"product","2":"type-product","3":"status-publish","4":"has-post-thumbnail","6":"product_cat-sadike-in-suho-cvetje","8":"first","9":"instock","10":"shipping-taxable","11":"purchasable","12":"product-type-variable","13":"has-default-attributes"},"yoast_head":"<!-- This site is optimized with the Yoast SEO plugin v27.3 - https:\/\/yoast.com\/product\/yoast-seo-wordpress\/ -->\n<title>Netresk - Lavendea<\/title>\n<meta name=\"description\" content=\"V mirnem koti\u010dku, obkro\u017eenem z naravo, kjer onesna\u017eenost \u0161e ni prestopila praga, \u010dudovito rastejo sadike netreska. Na voljo razli\u010dne vrste in velikosti\" \/>\n<meta name=\"robots\" content=\"index, follow, max-snippet:-1, max-image-preview:large, max-video-preview:-1\" \/>\n<link rel=\"canonical\" href=\"https:\/\/lavendea.com\/en\/product\/netresk\/\" \/>\n<meta property=\"og:locale\" content=\"en_GB\" \/>\n<meta property=\"og:type\" content=\"article\" \/>\n<meta property=\"og:title\" content=\"Netresk - Lavendea\" \/>\n<meta property=\"og:description\" content=\"V mirnem koti\u010dku, obkro\u017eenem z naravo, kjer onesna\u017eenost \u0161e ni prestopila praga, \u010dudovito rastejo sadike netreska. Na voljo razli\u010dne vrste in velikosti\" \/>\n<meta property=\"og:url\" content=\"https:\/\/lavendea.com\/en\/product\/netresk\/\" \/>\n<meta property=\"og:site_name\" content=\"Lavendea\" \/>\n<meta property=\"article:modified_time\" content=\"2024-05-25T22:08:22+00:00\" \/>\n<meta property=\"og:image\" content=\"https:\/\/lavendea.com\/wp-content\/uploads\/2024\/02\/20230915_120318-e1712668073895.jpg\" \/>\n\t<meta property=\"og:image:width\" content=\"1465\" \/>\n\t<meta property=\"og:image:height\" content=\"1465\" \/>\n\t<meta property=\"og:image:type\" content=\"image\/jpeg\" \/>\n<meta name=\"twitter:card\" content=\"summary_large_image\" \/>\n<meta name=\"twitter:label1\" content=\"Estimated reading time\" \/>\n\t<meta name=\"twitter:data1\" content=\"1 minute\" \/>\n<script type=\"application\/ld+json\" class=\"yoast-schema-graph\">{\"@context\":\"https:\\\/\\\/schema.org\",\"@graph\":[{\"@type\":\"WebPage\",\"@id\":\"https:\\\/\\\/lavendea.com\\\/product\\\/netresk\\\/\",\"url\":\"https:\\\/\\\/lavendea.com\\\/product\\\/netresk\\\/\",\"name\":\"Netresk - Lavendea\",\"isPartOf\":{\"@id\":\"https:\\\/\\\/lavendea.com\\\/#website\"},\"primaryImageOfPage\":{\"@id\":\"https:\\\/\\\/lavendea.com\\\/product\\\/netresk\\\/#primaryimage\"},\"image\":{\"@id\":\"https:\\\/\\\/lavendea.com\\\/product\\\/netresk\\\/#primaryimage\"},\"thumbnailUrl\":\"https:\\\/\\\/lavendea.com\\\/wp-content\\\/uploads\\\/2024\\\/02\\\/20230915_120318-e1712668073895.jpg\",\"datePublished\":\"2024-02-14T23:02:08+00:00\",\"dateModified\":\"2024-05-25T22:08:22+00:00\",\"description\":\"V mirnem koti\u010dku, obkro\u017eenem z naravo, kjer onesna\u017eenost \u0161e ni prestopila praga, \u010dudovito rastejo sadike netreska. Na voljo razli\u010dne vrste in velikosti\",\"breadcrumb\":{\"@id\":\"https:\\\/\\\/lavendea.com\\\/product\\\/netresk\\\/#breadcrumb\"},\"inLanguage\":\"en-GB\",\"potentialAction\":[{\"@type\":\"ReadAction\",\"target\":[\"https:\\\/\\\/lavendea.com\\\/product\\\/netresk\\\/\"]}]},{\"@type\":\"ImageObject\",\"inLanguage\":\"en-GB\",\"@id\":\"https:\\\/\\\/lavendea.com\\\/product\\\/netresk\\\/#primaryimage\",\"url\":\"https:\\\/\\\/lavendea.com\\\/wp-content\\\/uploads\\\/2024\\\/02\\\/20230915_120318-e1712668073895.jpg\",\"contentUrl\":\"https:\\\/\\\/lavendea.com\\\/wp-content\\\/uploads\\\/2024\\\/02\\\/20230915_120318-e1712668073895.jpg\",\"width\":1465,\"height\":1465,\"caption\":\"Sadike netreska\"},{\"@type\":\"BreadcrumbList\",\"@id\":\"https:\\\/\\\/lavendea.com\\\/product\\\/netresk\\\/#breadcrumb\",\"itemListElement\":[{\"@type\":\"ListItem\",\"position\":1,\"name\":\"Home\",\"item\":\"https:\\\/\\\/lavendea.com\\\/\"},{\"@type\":\"ListItem\",\"position\":2,\"name\":\"Trgovina\",\"item\":\"https:\\\/\\\/lavendea.com\\\/trgovina\\\/\"},{\"@type\":\"ListItem\",\"position\":3,\"name\":\"Netresk\"}]},{\"@type\":\"WebSite\",\"@id\":\"https:\\\/\\\/lavendea.com\\\/#website\",\"url\":\"https:\\\/\\\/lavendea.com\\\/\",\"name\":\"Lavendea\",\"description\":\"\",\"publisher\":{\"@id\":\"https:\\\/\\\/lavendea.com\\\/#organization\"},\"potentialAction\":[{\"@type\":\"SearchAction\",\"target\":{\"@type\":\"EntryPoint\",\"urlTemplate\":\"https:\\\/\\\/lavendea.com\\\/?s={search_term_string}\"},\"query-input\":{\"@type\":\"PropertyValueSpecification\",\"valueRequired\":true,\"valueName\":\"search_term_string\"}}],\"inLanguage\":\"en-GB\"},{\"@type\":\"Organization\",\"@id\":\"https:\\\/\\\/lavendea.com\\\/#organization\",\"name\":\"Lavendea\",\"url\":\"https:\\\/\\\/lavendea.com\\\/\",\"logo\":{\"@type\":\"ImageObject\",\"inLanguage\":\"en-GB\",\"@id\":\"https:\\\/\\\/lavendea.com\\\/#\\\/schema\\\/logo\\\/image\\\/\",\"url\":\"https:\\\/\\\/lavendea.com\\\/wp-content\\\/uploads\\\/2024\\\/02\\\/cropped-Izdelek-brez-naslova-1-2.png\",\"contentUrl\":\"https:\\\/\\\/lavendea.com\\\/wp-content\\\/uploads\\\/2024\\\/02\\\/cropped-Izdelek-brez-naslova-1-2.png\",\"width\":1747,\"height\":1101,\"caption\":\"Lavendea\"},\"image\":{\"@id\":\"https:\\\/\\\/lavendea.com\\\/#\\\/schema\\\/logo\\\/image\\\/\"}}]}<\/script>\n<!-- \/ Yoast SEO plugin. -->","yoast_head_json":{"title":"Netresk - Lavendea","description":"V mirnem koti\u010dku, obkro\u017eenem z naravo, kjer onesna\u017eenost \u0161e ni prestopila praga, \u010dudovito rastejo sadike netreska. Na voljo razli\u010dne vrste in velikosti","robots":{"index":"index","follow":"follow","max-snippet":"max-snippet:-1","max-image-preview":"max-image-preview:large","max-video-preview":"max-video-preview:-1"},"canonical":"https:\/\/lavendea.com\/en\/product\/netresk\/","og_locale":"en_GB","og_type":"article","og_title":"Netresk - Lavendea","og_description":"V mirnem koti\u010dku, obkro\u017eenem z naravo, kjer onesna\u017eenost \u0161e ni prestopila praga, \u010dudovito rastejo sadike netreska. Na voljo razli\u010dne vrste in velikosti","og_url":"https:\/\/lavendea.com\/en\/product\/netresk\/","og_site_name":"Lavendea","article_modified_time":"2024-05-25T22:08:22+00:00","og_image":[{"width":1465,"height":1465,"url":"https:\/\/lavendea.com\/wp-content\/uploads\/2024\/02\/20230915_120318-e1712668073895.jpg","type":"image\/jpeg"}],"twitter_card":"summary_large_image","twitter_misc":{"Estimated reading time":"1 minute"},"schema":{"@context":"https:\/\/schema.org","@graph":[{"@type":"WebPage","@id":"https:\/\/lavendea.com\/product\/netresk\/","url":"https:\/\/lavendea.com\/product\/netresk\/","name":"Netresk - Lavendea","isPartOf":{"@id":"https:\/\/lavendea.com\/#website"},"primaryImageOfPage":{"@id":"https:\/\/lavendea.com\/product\/netresk\/#primaryimage"},"image":{"@id":"https:\/\/lavendea.com\/product\/netresk\/#primaryimage"},"thumbnailUrl":"https:\/\/lavendea.com\/wp-content\/uploads\/2024\/02\/20230915_120318-e1712668073895.jpg","datePublished":"2024-02-14T23:02:08+00:00","dateModified":"2024-05-25T22:08:22+00:00","description":"V mirnem koti\u010dku, obkro\u017eenem z naravo, kjer onesna\u017eenost \u0161e ni prestopila praga, \u010dudovito rastejo sadike netreska. Na voljo razli\u010dne vrste in velikosti","breadcrumb":{"@id":"https:\/\/lavendea.com\/product\/netresk\/#breadcrumb"},"inLanguage":"en-GB","potentialAction":[{"@type":"ReadAction","target":["https:\/\/lavendea.com\/product\/netresk\/"]}]},{"@type":"ImageObject","inLanguage":"en-GB","@id":"https:\/\/lavendea.com\/product\/netresk\/#primaryimage","url":"https:\/\/lavendea.com\/wp-content\/uploads\/2024\/02\/20230915_120318-e1712668073895.jpg","contentUrl":"https:\/\/lavendea.com\/wp-content\/uploads\/2024\/02\/20230915_120318-e1712668073895.jpg","width":1465,"height":1465,"caption":"Sadike netreska"},{"@type":"BreadcrumbList","@id":"https:\/\/lavendea.com\/product\/netresk\/#breadcrumb","itemListElement":[{"@type":"ListItem","position":1,"name":"Home","item":"https:\/\/lavendea.com\/"},{"@type":"ListItem","position":2,"name":"Trgovina","item":"https:\/\/lavendea.com\/trgovina\/"},{"@type":"ListItem","position":3,"name":"Netresk"}]},{"@type":"WebSite","@id":"https:\/\/lavendea.com\/#website","url":"https:\/\/lavendea.com\/","name":"Lavendea","description":"","publisher":{"@id":"https:\/\/lavendea.com\/#organization"},"potentialAction":[{"@type":"SearchAction","target":{"@type":"EntryPoint","urlTemplate":"https:\/\/lavendea.com\/?s={search_term_string}"},"query-input":{"@type":"PropertyValueSpecification","valueRequired":true,"valueName":"search_term_string"}}],"inLanguage":"en-GB"},{"@type":"Organization","@id":"https:\/\/lavendea.com\/#organization","name":"Lavendea","url":"https:\/\/lavendea.com\/","logo":{"@type":"ImageObject","inLanguage":"en-GB","@id":"https:\/\/lavendea.com\/#\/schema\/logo\/image\/","url":"https:\/\/lavendea.com\/wp-content\/uploads\/2024\/02\/cropped-Izdelek-brez-naslova-1-2.png","contentUrl":"https:\/\/lavendea.com\/wp-content\/uploads\/2024\/02\/cropped-Izdelek-brez-naslova-1-2.png","width":1747,"height":1101,"caption":"Lavendea"},"image":{"@id":"https:\/\/lavendea.com\/#\/schema\/logo\/image\/"}}]}},"_links":{"self":[{"href":"https:\/\/lavendea.com\/en\/wp-json\/wp\/v2\/product\/159","targetHints":{"allow":["GET"]}}],"collection":[{"href":"https:\/\/lavendea.com\/en\/wp-json\/wp\/v2\/product"}],"about":[{"href":"https:\/\/lavendea.com\/en\/wp-json\/wp\/v2\/types\/product"}],"replies":[{"embeddable":true,"href":"https:\/\/lavendea.com\/en\/wp-json\/wp\/v2\/comments?post=159"}],"version-history":[{"count":2,"href":"https:\/\/lavendea.com\/en\/wp-json\/wp\/v2\/product\/159\/revisions"}],"predecessor-version":[{"id":821,"href":"https:\/\/lavendea.com\/en\/wp-json\/wp\/v2\/product\/159\/revisions\/821"}],"wp:featuredmedia":[{"embeddable":true,"href":"https:\/\/lavendea.com\/en\/wp-json\/wp\/v2\/media\/160"}],"wp:attachment":[{"href":"https:\/\/lavendea.com\/en\/wp-json\/wp\/v2\/media?parent=159"}],"wp:term":[{"taxonomy":"product_brand","embeddable":true,"href":"https:\/\/lavendea.com\/en\/wp-json\/wp\/v2\/product_brand?post=159"},{"taxonomy":"product_cat","embeddable":true,"href":"https:\/\/lavendea.com\/en\/wp-json\/wp\/v2\/product_cat?post=159"},{"taxonomy":"product_tag","embeddable":true,"href":"https:\/\/lavendea.com\/en\/wp-json\/wp\/v2\/product_tag?post=159"}],"curies":[{"name":"wp","href":"https:\/\/api.w.org\/{rel}","templated":true}]}}