{"id":2516,"date":"2024-05-07T23:10:35","date_gmt":"2024-05-07T21:10:35","guid":{"rendered":"https:\/\/lavendea.com\/?post_type=product&#038;p=2516"},"modified":"2025-10-21T00:16:54","modified_gmt":"2025-10-20T22:16:54","slug":"obeski","status":"publish","type":"product","link":"https:\/\/lavendea.com\/en\/product\/obeski\/","title":{"rendered":"Pendants"},"content":{"rendered":"<p>Colourful epoxy resin pendants are attractive and innovative products that are used for many purposes. They are available in different shapes, colours and sizes. These pendants are lightweight and easy to wear, making them popular among people of all ages. Whether worn on keys, bags or given as a gift, the pendants are sure to turn heads. Express your individuality with these unique and colourful pendants.<\/p>","protected":false},"excerpt":{"rendered":"<p>Colourful pendants made of epoxy resin are attractive and innovative products. They can be worn on keys, bags, pants and make a great gift<\/p>","protected":false},"featured_media":12601,"comment_status":"closed","ping_status":"closed","template":"","meta":[],"product_brand":[],"product_cat":[17],"product_tag":[67,84,85],"class_list":{"0":"post-2516","1":"product","2":"type-product","3":"status-publish","4":"has-post-thumbnail","6":"product_cat-izdelki-iz-epoksi-smole-in-lesa","7":"product_tag-epoksi-smola","8":"product_tag-obesek","9":"product_tag-obeski","11":"first","12":"instock","13":"shipping-taxable","14":"purchasable","15":"product-type-variable"},"yoast_head":"<!-- This site is optimized with the Yoast SEO plugin v27.3 - https:\/\/yoast.com\/product\/yoast-seo-wordpress\/ -->\n<title>Obeski - Lavendea<\/title>\n<meta name=\"description\" content=\"Pisani obeski za klju\u010de, torbe, hla\u010de in drugo. \u010cudovito darilo za vsakogar. Na voljo razli\u010dne barve in motivi: metulj, ma\u010dka, srce, ta\u010dke, krila\" \/>\n<meta name=\"robots\" content=\"index, follow, max-snippet:-1, max-image-preview:large, max-video-preview:-1\" \/>\n<link rel=\"canonical\" href=\"https:\/\/lavendea.com\/en\/product\/obeski\/\" \/>\n<meta property=\"og:locale\" content=\"en_GB\" \/>\n<meta property=\"og:type\" content=\"article\" \/>\n<meta property=\"og:title\" content=\"Obeski - Lavendea\" \/>\n<meta property=\"og:description\" content=\"Pisani obeski za klju\u010de, torbe, hla\u010de in drugo. \u010cudovito darilo za vsakogar. Na voljo razli\u010dne barve in motivi: metulj, ma\u010dka, srce, ta\u010dke, krila\" \/>\n<meta property=\"og:url\" content=\"https:\/\/lavendea.com\/en\/product\/obeski\/\" \/>\n<meta property=\"og:site_name\" content=\"Lavendea\" \/>\n<meta property=\"article:modified_time\" content=\"2025-10-20T22:16:54+00:00\" \/>\n<meta property=\"og:image\" content=\"https:\/\/lavendea.com\/wp-content\/uploads\/2024\/02\/1760996798606-scaled.jpg\" \/>\n\t<meta property=\"og:image:width\" content=\"2048\" \/>\n\t<meta property=\"og:image:height\" content=\"2048\" \/>\n\t<meta property=\"og:image:type\" content=\"image\/jpeg\" \/>\n<meta name=\"twitter:card\" content=\"summary_large_image\" \/>\n<meta name=\"twitter:label1\" content=\"Estimated reading time\" \/>\n\t<meta name=\"twitter:data1\" content=\"1 minute\" \/>\n<script type=\"application\/ld+json\" class=\"yoast-schema-graph\">{\"@context\":\"https:\\\/\\\/schema.org\",\"@graph\":[{\"@type\":\"WebPage\",\"@id\":\"https:\\\/\\\/lavendea.com\\\/product\\\/obeski\\\/\",\"url\":\"https:\\\/\\\/lavendea.com\\\/product\\\/obeski\\\/\",\"name\":\"Obeski - Lavendea\",\"isPartOf\":{\"@id\":\"https:\\\/\\\/lavendea.com\\\/#website\"},\"primaryImageOfPage\":{\"@id\":\"https:\\\/\\\/lavendea.com\\\/product\\\/obeski\\\/#primaryimage\"},\"image\":{\"@id\":\"https:\\\/\\\/lavendea.com\\\/product\\\/obeski\\\/#primaryimage\"},\"thumbnailUrl\":\"https:\\\/\\\/lavendea.com\\\/wp-content\\\/uploads\\\/2024\\\/02\\\/1760996798606-scaled.jpg\",\"datePublished\":\"2024-05-07T21:10:35+00:00\",\"dateModified\":\"2025-10-20T22:16:54+00:00\",\"description\":\"Pisani obeski za klju\u010de, torbe, hla\u010de in drugo. \u010cudovito darilo za vsakogar. Na voljo razli\u010dne barve in motivi: metulj, ma\u010dka, srce, ta\u010dke, krila\",\"breadcrumb\":{\"@id\":\"https:\\\/\\\/lavendea.com\\\/product\\\/obeski\\\/#breadcrumb\"},\"inLanguage\":\"en-GB\",\"potentialAction\":[{\"@type\":\"ReadAction\",\"target\":[\"https:\\\/\\\/lavendea.com\\\/product\\\/obeski\\\/\"]}]},{\"@type\":\"ImageObject\",\"inLanguage\":\"en-GB\",\"@id\":\"https:\\\/\\\/lavendea.com\\\/product\\\/obeski\\\/#primaryimage\",\"url\":\"https:\\\/\\\/lavendea.com\\\/wp-content\\\/uploads\\\/2024\\\/02\\\/1760996798606-scaled.jpg\",\"contentUrl\":\"https:\\\/\\\/lavendea.com\\\/wp-content\\\/uploads\\\/2024\\\/02\\\/1760996798606-scaled.jpg\",\"width\":2048,\"height\":2048,\"caption\":\"Obeski za klju\u010de\"},{\"@type\":\"BreadcrumbList\",\"@id\":\"https:\\\/\\\/lavendea.com\\\/product\\\/obeski\\\/#breadcrumb\",\"itemListElement\":[{\"@type\":\"ListItem\",\"position\":1,\"name\":\"Home\",\"item\":\"https:\\\/\\\/lavendea.com\\\/\"},{\"@type\":\"ListItem\",\"position\":2,\"name\":\"Trgovina\",\"item\":\"https:\\\/\\\/lavendea.com\\\/trgovina\\\/\"},{\"@type\":\"ListItem\",\"position\":3,\"name\":\"Obeski\"}]},{\"@type\":\"WebSite\",\"@id\":\"https:\\\/\\\/lavendea.com\\\/#website\",\"url\":\"https:\\\/\\\/lavendea.com\\\/\",\"name\":\"Lavendea\",\"description\":\"\",\"publisher\":{\"@id\":\"https:\\\/\\\/lavendea.com\\\/#organization\"},\"potentialAction\":[{\"@type\":\"SearchAction\",\"target\":{\"@type\":\"EntryPoint\",\"urlTemplate\":\"https:\\\/\\\/lavendea.com\\\/?s={search_term_string}\"},\"query-input\":{\"@type\":\"PropertyValueSpecification\",\"valueRequired\":true,\"valueName\":\"search_term_string\"}}],\"inLanguage\":\"en-GB\"},{\"@type\":\"Organization\",\"@id\":\"https:\\\/\\\/lavendea.com\\\/#organization\",\"name\":\"Lavendea\",\"url\":\"https:\\\/\\\/lavendea.com\\\/\",\"logo\":{\"@type\":\"ImageObject\",\"inLanguage\":\"en-GB\",\"@id\":\"https:\\\/\\\/lavendea.com\\\/#\\\/schema\\\/logo\\\/image\\\/\",\"url\":\"https:\\\/\\\/lavendea.com\\\/wp-content\\\/uploads\\\/2024\\\/02\\\/cropped-Izdelek-brez-naslova-1-2.png\",\"contentUrl\":\"https:\\\/\\\/lavendea.com\\\/wp-content\\\/uploads\\\/2024\\\/02\\\/cropped-Izdelek-brez-naslova-1-2.png\",\"width\":1747,\"height\":1101,\"caption\":\"Lavendea\"},\"image\":{\"@id\":\"https:\\\/\\\/lavendea.com\\\/#\\\/schema\\\/logo\\\/image\\\/\"}}]}<\/script>\n<!-- \/ Yoast SEO plugin. -->","yoast_head_json":{"title":"Obeski - Lavendea","description":"Pisani obeski za klju\u010de, torbe, hla\u010de in drugo. \u010cudovito darilo za vsakogar. Na voljo razli\u010dne barve in motivi: metulj, ma\u010dka, srce, ta\u010dke, krila","robots":{"index":"index","follow":"follow","max-snippet":"max-snippet:-1","max-image-preview":"max-image-preview:large","max-video-preview":"max-video-preview:-1"},"canonical":"https:\/\/lavendea.com\/en\/product\/obeski\/","og_locale":"en_GB","og_type":"article","og_title":"Obeski - Lavendea","og_description":"Pisani obeski za klju\u010de, torbe, hla\u010de in drugo. \u010cudovito darilo za vsakogar. Na voljo razli\u010dne barve in motivi: metulj, ma\u010dka, srce, ta\u010dke, krila","og_url":"https:\/\/lavendea.com\/en\/product\/obeski\/","og_site_name":"Lavendea","article_modified_time":"2025-10-20T22:16:54+00:00","og_image":[{"width":2048,"height":2048,"url":"https:\/\/lavendea.com\/wp-content\/uploads\/2024\/02\/1760996798606-scaled.jpg","type":"image\/jpeg"}],"twitter_card":"summary_large_image","twitter_misc":{"Estimated reading time":"1 minute"},"schema":{"@context":"https:\/\/schema.org","@graph":[{"@type":"WebPage","@id":"https:\/\/lavendea.com\/product\/obeski\/","url":"https:\/\/lavendea.com\/product\/obeski\/","name":"Obeski - Lavendea","isPartOf":{"@id":"https:\/\/lavendea.com\/#website"},"primaryImageOfPage":{"@id":"https:\/\/lavendea.com\/product\/obeski\/#primaryimage"},"image":{"@id":"https:\/\/lavendea.com\/product\/obeski\/#primaryimage"},"thumbnailUrl":"https:\/\/lavendea.com\/wp-content\/uploads\/2024\/02\/1760996798606-scaled.jpg","datePublished":"2024-05-07T21:10:35+00:00","dateModified":"2025-10-20T22:16:54+00:00","description":"Pisani obeski za klju\u010de, torbe, hla\u010de in drugo. \u010cudovito darilo za vsakogar. Na voljo razli\u010dne barve in motivi: metulj, ma\u010dka, srce, ta\u010dke, krila","breadcrumb":{"@id":"https:\/\/lavendea.com\/product\/obeski\/#breadcrumb"},"inLanguage":"en-GB","potentialAction":[{"@type":"ReadAction","target":["https:\/\/lavendea.com\/product\/obeski\/"]}]},{"@type":"ImageObject","inLanguage":"en-GB","@id":"https:\/\/lavendea.com\/product\/obeski\/#primaryimage","url":"https:\/\/lavendea.com\/wp-content\/uploads\/2024\/02\/1760996798606-scaled.jpg","contentUrl":"https:\/\/lavendea.com\/wp-content\/uploads\/2024\/02\/1760996798606-scaled.jpg","width":2048,"height":2048,"caption":"Obeski za klju\u010de"},{"@type":"BreadcrumbList","@id":"https:\/\/lavendea.com\/product\/obeski\/#breadcrumb","itemListElement":[{"@type":"ListItem","position":1,"name":"Home","item":"https:\/\/lavendea.com\/"},{"@type":"ListItem","position":2,"name":"Trgovina","item":"https:\/\/lavendea.com\/trgovina\/"},{"@type":"ListItem","position":3,"name":"Obeski"}]},{"@type":"WebSite","@id":"https:\/\/lavendea.com\/#website","url":"https:\/\/lavendea.com\/","name":"Lavendea","description":"","publisher":{"@id":"https:\/\/lavendea.com\/#organization"},"potentialAction":[{"@type":"SearchAction","target":{"@type":"EntryPoint","urlTemplate":"https:\/\/lavendea.com\/?s={search_term_string}"},"query-input":{"@type":"PropertyValueSpecification","valueRequired":true,"valueName":"search_term_string"}}],"inLanguage":"en-GB"},{"@type":"Organization","@id":"https:\/\/lavendea.com\/#organization","name":"Lavendea","url":"https:\/\/lavendea.com\/","logo":{"@type":"ImageObject","inLanguage":"en-GB","@id":"https:\/\/lavendea.com\/#\/schema\/logo\/image\/","url":"https:\/\/lavendea.com\/wp-content\/uploads\/2024\/02\/cropped-Izdelek-brez-naslova-1-2.png","contentUrl":"https:\/\/lavendea.com\/wp-content\/uploads\/2024\/02\/cropped-Izdelek-brez-naslova-1-2.png","width":1747,"height":1101,"caption":"Lavendea"},"image":{"@id":"https:\/\/lavendea.com\/#\/schema\/logo\/image\/"}}]}},"_links":{"self":[{"href":"https:\/\/lavendea.com\/en\/wp-json\/wp\/v2\/product\/2516","targetHints":{"allow":["GET"]}}],"collection":[{"href":"https:\/\/lavendea.com\/en\/wp-json\/wp\/v2\/product"}],"about":[{"href":"https:\/\/lavendea.com\/en\/wp-json\/wp\/v2\/types\/product"}],"replies":[{"embeddable":true,"href":"https:\/\/lavendea.com\/en\/wp-json\/wp\/v2\/comments?post=2516"}],"version-history":[{"count":1,"href":"https:\/\/lavendea.com\/en\/wp-json\/wp\/v2\/product\/2516\/revisions"}],"predecessor-version":[{"id":2525,"href":"https:\/\/lavendea.com\/en\/wp-json\/wp\/v2\/product\/2516\/revisions\/2525"}],"wp:featuredmedia":[{"embeddable":true,"href":"https:\/\/lavendea.com\/en\/wp-json\/wp\/v2\/media\/12601"}],"wp:attachment":[{"href":"https:\/\/lavendea.com\/en\/wp-json\/wp\/v2\/media?parent=2516"}],"wp:term":[{"taxonomy":"product_brand","embeddable":true,"href":"https:\/\/lavendea.com\/en\/wp-json\/wp\/v2\/product_brand?post=2516"},{"taxonomy":"product_cat","embeddable":true,"href":"https:\/\/lavendea.com\/en\/wp-json\/wp\/v2\/product_cat?post=2516"},{"taxonomy":"product_tag","embeddable":true,"href":"https:\/\/lavendea.com\/en\/wp-json\/wp\/v2\/product_tag?post=2516"}],"curies":[{"name":"wp","href":"https:\/\/api.w.org\/{rel}","templated":true}]}}