{"id":400,"date":"2024-02-20T23:49:12","date_gmt":"2024-02-20T23:49:12","guid":{"rendered":"https:\/\/lavendea.com\/?post_type=product&#038;p=400"},"modified":"2025-10-24T21:26:59","modified_gmt":"2025-10-24T19:26:59","slug":"deske-iz-epoksi-smole","status":"publish","type":"product","link":"https:\/\/lavendea.com\/en\/product\/deske-iz-epoksi-smole\/","title":{"rendered":"Deske iz epoksi smole"},"content":{"rendered":"<p data-pm-slice=\"1 1 []\">V sodobnem \u010dasu se vedno bolj nagibamo k iskanju unikatnih in estetsko privla\u010dnih dodatkov za na\u0161 dom ali kot darila za na\u0161e najdra\u017eje. Ena izmed izjemno priljubljenih mo\u017enosti so deske iz epoksi smole, ki zdru\u017eujejo funkcionalnost s prefinjeno estetiko.<\/p>\n<p>Deske iz epoksi smole so izjemno vsestranski izdelki, saj jih lahko okrasimo na \u0161tevilne na\u010dine. Cvetje, les, dekorativni kamen\u010dki, \u0161koljke in \u0161e mnogo drugih elementov lahko vklju\u010dimo v njihov dizajn, kar nam omogo\u010da, da vsak kos postane edinstven in o\u010darljiv. Ta personalizacija nam daje mo\u017enost, da izrazimo svojo kreativnost in individualnost ter ustvarimo popolnoma prilagojen dodatek za na\u0161 dom ali kot darilo.<\/p>\n<p>Poleg estetske vrednosti imajo deske iz epoksi smole tudi prakti\u010dno uporabnost. Lahko jih uporabimo kot dekorativne elemente na mizi ali polici, kjer bodo zagotovo pritegnili pozornost vsakega obiskovalca. Poleg tega pa so odli\u010dni tudi kot podstavki za vro\u010de lon\u010dke, kozarce ali skodelice, saj epoksi smola zagotavlja odpornost na visoke temperature in po\u0161kodbe.<\/p>\n<p>Pri izbiri deske ali podstavka iz epoksi smole se odlo\u010dimo za prav posebno darilo. Unikaten dizajn in ro\u010dna izdelava poskrbita, da bo na\u0161e darilo izstopalo med ostalimi in zagotovo razveselilo obdarovanca. Vsaki\u010d, ko bodo uporabili ta \u010dudovit in prakti\u010den dodatek, se bodo spomnili na nas in na\u0161o pozornost do detajlov.<\/p>\n<p>Dimensions of the big board 13 x 33 x 1 cm<\/p>\n<p>Dimensions of the small board 10 x 15 x 1 cm<\/p>\n<p>Velikost deske \u017eelva: 26 x 31 x 1 cm<\/p>","protected":false},"excerpt":{"rendered":"<p>Boards and coasters made of epoxy resin represent a heartwarming combination of aesthetics, functionality and individuality. Their diversity in design allows everyone to find a piece that suits them best, while hand-crafting is a guarantee of high quality and uniqueness. A great choice if you want to add a touch of elegance and an artistic touch to your home or as a gift to your loved ones.<\/p>\n<p>Customised production of boards and coasters.<\/p>","protected":false},"featured_media":1312,"comment_status":"closed","ping_status":"closed","template":"","meta":[],"product_brand":[],"product_cat":[17],"product_tag":[70,67,73,72,71,31,68,35],"class_list":{"0":"post-400","1":"product","2":"type-product","3":"status-publish","4":"has-post-thumbnail","6":"product_cat-izdelki-iz-epoksi-smole-in-lesa","7":"product_tag-deska","8":"product_tag-epoksi-smola","9":"product_tag-kamencki","10":"product_tag-les","11":"product_tag-podstavek","12":"product_tag-sivka","13":"product_tag-skoljka","14":"product_tag-vrtnica","16":"first","17":"instock","18":"shipping-taxable","19":"purchasable","20":"product-type-variable"},"yoast_head":"<!-- This site is optimized with the Yoast SEO plugin v27.3 - https:\/\/yoast.com\/product\/yoast-seo-wordpress\/ -->\n<title>Deske iz epoksi smole - Lavendea<\/title>\n<meta name=\"description\" content=\"Deske iz epoksi smole. Deske razli\u010dnih velikosti in oblik. izdelki okra\u0161eni s suhim cvetjem, kamen\u010dki, \u0161koljkami, lesom. Unikaten dizajn in ro\u010dno izdelava.\" \/>\n<meta name=\"robots\" content=\"index, follow, max-snippet:-1, max-image-preview:large, max-video-preview:-1\" \/>\n<link rel=\"canonical\" href=\"https:\/\/lavendea.com\/en\/product\/deske-iz-epoksi-smole\/\" \/>\n<meta property=\"og:locale\" content=\"en_GB\" \/>\n<meta property=\"og:type\" content=\"article\" \/>\n<meta property=\"og:title\" content=\"Deske iz epoksi smole - Lavendea\" \/>\n<meta property=\"og:description\" content=\"Deske iz epoksi smole. Deske razli\u010dnih velikosti in oblik. izdelki okra\u0161eni s suhim cvetjem, kamen\u010dki, \u0161koljkami, lesom. Unikaten dizajn in ro\u010dno izdelava.\" \/>\n<meta property=\"og:url\" content=\"https:\/\/lavendea.com\/en\/product\/deske-iz-epoksi-smole\/\" \/>\n<meta property=\"og:site_name\" content=\"Lavendea\" \/>\n<meta property=\"article:modified_time\" content=\"2025-10-24T19:26:59+00:00\" \/>\n<meta property=\"og:image\" content=\"https:\/\/lavendea.com\/wp-content\/uploads\/2024\/02\/Firefly-Transparent-epoxy-resin-board-made-of-transparent-resin-with-lavender-small-stones-small-s-3.jpg\" \/>\n\t<meta property=\"og:image:width\" content=\"2048\" \/>\n\t<meta property=\"og:image:height\" content=\"2048\" \/>\n\t<meta property=\"og:image:type\" content=\"image\/jpeg\" \/>\n<meta name=\"twitter:card\" content=\"summary_large_image\" \/>\n<meta name=\"twitter:label1\" content=\"Estimated reading time\" \/>\n\t<meta name=\"twitter:data1\" content=\"2 minutes\" \/>\n<script type=\"application\/ld+json\" class=\"yoast-schema-graph\">{\"@context\":\"https:\\\/\\\/schema.org\",\"@graph\":[{\"@type\":\"WebPage\",\"@id\":\"https:\\\/\\\/lavendea.com\\\/product\\\/deske-iz-epoksi-smole\\\/\",\"url\":\"https:\\\/\\\/lavendea.com\\\/product\\\/deske-iz-epoksi-smole\\\/\",\"name\":\"Deske iz epoksi smole - Lavendea\",\"isPartOf\":{\"@id\":\"https:\\\/\\\/lavendea.com\\\/#website\"},\"primaryImageOfPage\":{\"@id\":\"https:\\\/\\\/lavendea.com\\\/product\\\/deske-iz-epoksi-smole\\\/#primaryimage\"},\"image\":{\"@id\":\"https:\\\/\\\/lavendea.com\\\/product\\\/deske-iz-epoksi-smole\\\/#primaryimage\"},\"thumbnailUrl\":\"https:\\\/\\\/lavendea.com\\\/wp-content\\\/uploads\\\/2024\\\/02\\\/Firefly-Transparent-epoxy-resin-board-made-of-transparent-resin-with-lavender-small-stones-small-s-3.jpg\",\"datePublished\":\"2024-02-20T23:49:12+00:00\",\"dateModified\":\"2025-10-24T19:26:59+00:00\",\"description\":\"Deske iz epoksi smole. Deske razli\u010dnih velikosti in oblik. izdelki okra\u0161eni s suhim cvetjem, kamen\u010dki, \u0161koljkami, lesom. Unikaten dizajn in ro\u010dno izdelava.\",\"breadcrumb\":{\"@id\":\"https:\\\/\\\/lavendea.com\\\/product\\\/deske-iz-epoksi-smole\\\/#breadcrumb\"},\"inLanguage\":\"en-GB\",\"potentialAction\":[{\"@type\":\"ReadAction\",\"target\":[\"https:\\\/\\\/lavendea.com\\\/product\\\/deske-iz-epoksi-smole\\\/\"]}]},{\"@type\":\"ImageObject\",\"inLanguage\":\"en-GB\",\"@id\":\"https:\\\/\\\/lavendea.com\\\/product\\\/deske-iz-epoksi-smole\\\/#primaryimage\",\"url\":\"https:\\\/\\\/lavendea.com\\\/wp-content\\\/uploads\\\/2024\\\/02\\\/Firefly-Transparent-epoxy-resin-board-made-of-transparent-resin-with-lavender-small-stones-small-s-3.jpg\",\"contentUrl\":\"https:\\\/\\\/lavendea.com\\\/wp-content\\\/uploads\\\/2024\\\/02\\\/Firefly-Transparent-epoxy-resin-board-made-of-transparent-resin-with-lavender-small-stones-small-s-3.jpg\",\"width\":2048,\"height\":2048,\"caption\":\"dekorativna deska podstavek iz epoksi smole\"},{\"@type\":\"BreadcrumbList\",\"@id\":\"https:\\\/\\\/lavendea.com\\\/product\\\/deske-iz-epoksi-smole\\\/#breadcrumb\",\"itemListElement\":[{\"@type\":\"ListItem\",\"position\":1,\"name\":\"Home\",\"item\":\"https:\\\/\\\/lavendea.com\\\/\"},{\"@type\":\"ListItem\",\"position\":2,\"name\":\"Trgovina\",\"item\":\"https:\\\/\\\/lavendea.com\\\/trgovina\\\/\"},{\"@type\":\"ListItem\",\"position\":3,\"name\":\"Deske iz epoksi smole\"}]},{\"@type\":\"WebSite\",\"@id\":\"https:\\\/\\\/lavendea.com\\\/#website\",\"url\":\"https:\\\/\\\/lavendea.com\\\/\",\"name\":\"Lavendea\",\"description\":\"\",\"publisher\":{\"@id\":\"https:\\\/\\\/lavendea.com\\\/#organization\"},\"potentialAction\":[{\"@type\":\"SearchAction\",\"target\":{\"@type\":\"EntryPoint\",\"urlTemplate\":\"https:\\\/\\\/lavendea.com\\\/?s={search_term_string}\"},\"query-input\":{\"@type\":\"PropertyValueSpecification\",\"valueRequired\":true,\"valueName\":\"search_term_string\"}}],\"inLanguage\":\"en-GB\"},{\"@type\":\"Organization\",\"@id\":\"https:\\\/\\\/lavendea.com\\\/#organization\",\"name\":\"Lavendea\",\"url\":\"https:\\\/\\\/lavendea.com\\\/\",\"logo\":{\"@type\":\"ImageObject\",\"inLanguage\":\"en-GB\",\"@id\":\"https:\\\/\\\/lavendea.com\\\/#\\\/schema\\\/logo\\\/image\\\/\",\"url\":\"https:\\\/\\\/lavendea.com\\\/wp-content\\\/uploads\\\/2024\\\/02\\\/cropped-Izdelek-brez-naslova-1-2.png\",\"contentUrl\":\"https:\\\/\\\/lavendea.com\\\/wp-content\\\/uploads\\\/2024\\\/02\\\/cropped-Izdelek-brez-naslova-1-2.png\",\"width\":1747,\"height\":1101,\"caption\":\"Lavendea\"},\"image\":{\"@id\":\"https:\\\/\\\/lavendea.com\\\/#\\\/schema\\\/logo\\\/image\\\/\"}}]}<\/script>\n<!-- \/ Yoast SEO plugin. -->","yoast_head_json":{"title":"Deske iz epoksi smole - Lavendea","description":"Deske iz epoksi smole. Deske razli\u010dnih velikosti in oblik. izdelki okra\u0161eni s suhim cvetjem, kamen\u010dki, \u0161koljkami, lesom. Unikaten dizajn in ro\u010dno izdelava.","robots":{"index":"index","follow":"follow","max-snippet":"max-snippet:-1","max-image-preview":"max-image-preview:large","max-video-preview":"max-video-preview:-1"},"canonical":"https:\/\/lavendea.com\/en\/product\/deske-iz-epoksi-smole\/","og_locale":"en_GB","og_type":"article","og_title":"Deske iz epoksi smole - Lavendea","og_description":"Deske iz epoksi smole. Deske razli\u010dnih velikosti in oblik. izdelki okra\u0161eni s suhim cvetjem, kamen\u010dki, \u0161koljkami, lesom. Unikaten dizajn in ro\u010dno izdelava.","og_url":"https:\/\/lavendea.com\/en\/product\/deske-iz-epoksi-smole\/","og_site_name":"Lavendea","article_modified_time":"2025-10-24T19:26:59+00:00","og_image":[{"width":2048,"height":2048,"url":"https:\/\/lavendea.com\/wp-content\/uploads\/2024\/02\/Firefly-Transparent-epoxy-resin-board-made-of-transparent-resin-with-lavender-small-stones-small-s-3.jpg","type":"image\/jpeg"}],"twitter_card":"summary_large_image","twitter_misc":{"Estimated reading time":"2 minutes"},"schema":{"@context":"https:\/\/schema.org","@graph":[{"@type":"WebPage","@id":"https:\/\/lavendea.com\/product\/deske-iz-epoksi-smole\/","url":"https:\/\/lavendea.com\/product\/deske-iz-epoksi-smole\/","name":"Deske iz epoksi smole - Lavendea","isPartOf":{"@id":"https:\/\/lavendea.com\/#website"},"primaryImageOfPage":{"@id":"https:\/\/lavendea.com\/product\/deske-iz-epoksi-smole\/#primaryimage"},"image":{"@id":"https:\/\/lavendea.com\/product\/deske-iz-epoksi-smole\/#primaryimage"},"thumbnailUrl":"https:\/\/lavendea.com\/wp-content\/uploads\/2024\/02\/Firefly-Transparent-epoxy-resin-board-made-of-transparent-resin-with-lavender-small-stones-small-s-3.jpg","datePublished":"2024-02-20T23:49:12+00:00","dateModified":"2025-10-24T19:26:59+00:00","description":"Deske iz epoksi smole. Deske razli\u010dnih velikosti in oblik. izdelki okra\u0161eni s suhim cvetjem, kamen\u010dki, \u0161koljkami, lesom. Unikaten dizajn in ro\u010dno izdelava.","breadcrumb":{"@id":"https:\/\/lavendea.com\/product\/deske-iz-epoksi-smole\/#breadcrumb"},"inLanguage":"en-GB","potentialAction":[{"@type":"ReadAction","target":["https:\/\/lavendea.com\/product\/deske-iz-epoksi-smole\/"]}]},{"@type":"ImageObject","inLanguage":"en-GB","@id":"https:\/\/lavendea.com\/product\/deske-iz-epoksi-smole\/#primaryimage","url":"https:\/\/lavendea.com\/wp-content\/uploads\/2024\/02\/Firefly-Transparent-epoxy-resin-board-made-of-transparent-resin-with-lavender-small-stones-small-s-3.jpg","contentUrl":"https:\/\/lavendea.com\/wp-content\/uploads\/2024\/02\/Firefly-Transparent-epoxy-resin-board-made-of-transparent-resin-with-lavender-small-stones-small-s-3.jpg","width":2048,"height":2048,"caption":"dekorativna deska podstavek iz epoksi smole"},{"@type":"BreadcrumbList","@id":"https:\/\/lavendea.com\/product\/deske-iz-epoksi-smole\/#breadcrumb","itemListElement":[{"@type":"ListItem","position":1,"name":"Home","item":"https:\/\/lavendea.com\/"},{"@type":"ListItem","position":2,"name":"Trgovina","item":"https:\/\/lavendea.com\/trgovina\/"},{"@type":"ListItem","position":3,"name":"Deske iz epoksi smole"}]},{"@type":"WebSite","@id":"https:\/\/lavendea.com\/#website","url":"https:\/\/lavendea.com\/","name":"Lavendea","description":"","publisher":{"@id":"https:\/\/lavendea.com\/#organization"},"potentialAction":[{"@type":"SearchAction","target":{"@type":"EntryPoint","urlTemplate":"https:\/\/lavendea.com\/?s={search_term_string}"},"query-input":{"@type":"PropertyValueSpecification","valueRequired":true,"valueName":"search_term_string"}}],"inLanguage":"en-GB"},{"@type":"Organization","@id":"https:\/\/lavendea.com\/#organization","name":"Lavendea","url":"https:\/\/lavendea.com\/","logo":{"@type":"ImageObject","inLanguage":"en-GB","@id":"https:\/\/lavendea.com\/#\/schema\/logo\/image\/","url":"https:\/\/lavendea.com\/wp-content\/uploads\/2024\/02\/cropped-Izdelek-brez-naslova-1-2.png","contentUrl":"https:\/\/lavendea.com\/wp-content\/uploads\/2024\/02\/cropped-Izdelek-brez-naslova-1-2.png","width":1747,"height":1101,"caption":"Lavendea"},"image":{"@id":"https:\/\/lavendea.com\/#\/schema\/logo\/image\/"}}]}},"_links":{"self":[{"href":"https:\/\/lavendea.com\/en\/wp-json\/wp\/v2\/product\/400","targetHints":{"allow":["GET"]}}],"collection":[{"href":"https:\/\/lavendea.com\/en\/wp-json\/wp\/v2\/product"}],"about":[{"href":"https:\/\/lavendea.com\/en\/wp-json\/wp\/v2\/types\/product"}],"replies":[{"embeddable":true,"href":"https:\/\/lavendea.com\/en\/wp-json\/wp\/v2\/comments?post=400"}],"version-history":[{"count":3,"href":"https:\/\/lavendea.com\/en\/wp-json\/wp\/v2\/product\/400\/revisions"}],"predecessor-version":[{"id":12754,"href":"https:\/\/lavendea.com\/en\/wp-json\/wp\/v2\/product\/400\/revisions\/12754"}],"wp:featuredmedia":[{"embeddable":true,"href":"https:\/\/lavendea.com\/en\/wp-json\/wp\/v2\/media\/1312"}],"wp:attachment":[{"href":"https:\/\/lavendea.com\/en\/wp-json\/wp\/v2\/media?parent=400"}],"wp:term":[{"taxonomy":"product_brand","embeddable":true,"href":"https:\/\/lavendea.com\/en\/wp-json\/wp\/v2\/product_brand?post=400"},{"taxonomy":"product_cat","embeddable":true,"href":"https:\/\/lavendea.com\/en\/wp-json\/wp\/v2\/product_cat?post=400"},{"taxonomy":"product_tag","embeddable":true,"href":"https:\/\/lavendea.com\/en\/wp-json\/wp\/v2\/product_tag?post=400"}],"curies":[{"name":"wp","href":"https:\/\/api.w.org\/{rel}","templated":true}]}}