{"id":405,"date":"2024-02-21T00:19:12","date_gmt":"2024-02-21T00:19:12","guid":{"rendered":"https:\/\/lavendea.com\/?post_type=product&#038;p=405"},"modified":"2025-11-17T20:15:56","modified_gmt":"2025-11-17T19:15:56","slug":"sveca-v-obliki-roze","status":"publish","type":"product","link":"https:\/\/lavendea.com\/en\/product\/sveca-v-obliki-roze\/","title":{"rendered":"Flower shaped candle"},"content":{"rendered":"<p data-pm-slice=\"1 1 []\">Ne glede na to, ali \u017eelimo ustvariti romanti\u010dno vzdu\u0161je ali preprosto \u0161iriti ljubezen, je\u00a0 sve\u010da v obliki ro\u017ee popolna izbira. Namesto venenja cvetnih listov in vode v vazah, nam te sve\u010de ponujajo eleganco, ki traja tako dolgo, kot si \u017eelimo. Ko se odlo\u010dimo pri\u017egati \u010darovnijo, jih preprosto postavimo na posodo, da ujamemo kapljice voska, in voil\u00e0! Cvetli\u010dni vonj nas bo v trenutku prevzel.<\/p>\n<p>Je \u010dudovito darilo zase, za prijatelje, sosede ali sodelavce. vrtnice so ustvarjene iz kokosovega in sojinega voska ter kvalitetnih di\u0161av.<\/p>\n<p>Sve\u010da v obliki ro\u017ee ni le obi\u010dajna sve\u010da; je simbol ljubezni, ne\u017enosti in elegance. Njena oblika nas popelje v svet romantike, kjer se lahko sprostimo in u\u017eivamo v trenutku. Vonj sve\u010de nas o\u010dara in napolni prostor s \u010darobnostjo cvetja, ki nas pomirja in nas popelje v prijetne misli.<\/p>\n<p>Zaradi svoje unikatne oblike in izjemne di\u0161ave je ta sve\u010da odli\u010dna izbira za razli\u010dne prilo\u017enosti. Ne glede na to, ali jo podarjamo ob rojstnem dnevu, obletnici, poroki ali preprosto kot gesto ljubezni in pozornosti, bo ta darilo zagotovo osre\u010dilo prejemnika.<\/p>","protected":false},"excerpt":{"rendered":"<p>Whether you're creating a romantic atmosphere or simply spreading love, this rose bouquet is the perfect choice.<br \/>\nSay goodbye to wilting petals and water-filled vases. These candles are the epitome of elegance, lasting as long as your heart desires. When you're ready to light the magic, just place them on a dish to catch the wax drips, and voil\u00e0! The floral scent will overwhelm you in an instant.<\/p>\n<p>A rose candle is not just a gift; it is an expression of love, tenderness and care. Her presence in the room creates a special atmosphere that fills us with warmth and harmony. So let's be bold and surrender to the magic of the rose in the form of a candle and let its scent take us to the world of romance and love.<\/p>\n<p>We can send roses to you as a bouquet (a rose on a stick wrapped in kraft paper) or in a cute gift box.<\/p>","protected":false},"featured_media":12679,"comment_status":"closed","ping_status":"closed","template":"","meta":[],"product_brand":[],"product_cat":[16],"product_tag":[60,35,46],"class_list":{"0":"post-405","1":"product","2":"type-product","3":"status-publish","4":"has-post-thumbnail","6":"product_cat-svece-in-diseci-voski","7":"product_tag-sveca","8":"product_tag-vrtnica","9":"product_tag-vrtnica-pelargonija","11":"first","12":"instock","13":"featured","14":"shipping-taxable","15":"purchasable","16":"product-type-variable"},"yoast_head":"<!-- This site is optimized with the Yoast SEO plugin v27.3 - https:\/\/yoast.com\/product\/yoast-seo-wordpress\/ -->\n<title>Sve\u010da v obliki Ro\u017ee - Lavendea<\/title>\n<meta name=\"description\" content=\"ro\u010dno izdelane sve\u010de v obliki ro\u017ee iz sojinega in kokosovega voska, naravni materiali, manj\u0161a emisija \u0161kodljivih snovi, raznoliki in unikatni\" \/>\n<meta name=\"robots\" content=\"index, follow, max-snippet:-1, max-image-preview:large, max-video-preview:-1\" \/>\n<link rel=\"canonical\" href=\"https:\/\/lavendea.com\/en\/product\/sveca-v-obliki-roze\/\" \/>\n<meta property=\"og:locale\" content=\"en_GB\" \/>\n<meta property=\"og:type\" content=\"article\" \/>\n<meta property=\"og:title\" content=\"Sve\u010da v obliki Ro\u017ee - Lavendea\" \/>\n<meta property=\"og:description\" content=\"ro\u010dno izdelane sve\u010de v obliki ro\u017ee iz sojinega in kokosovega voska, naravni materiali, manj\u0161a emisija \u0161kodljivih snovi, raznoliki in unikatni\" \/>\n<meta property=\"og:url\" content=\"https:\/\/lavendea.com\/en\/product\/sveca-v-obliki-roze\/\" \/>\n<meta property=\"og:site_name\" content=\"Lavendea\" \/>\n<meta property=\"article:modified_time\" content=\"2025-11-17T19:15:56+00:00\" \/>\n<meta property=\"og:image\" content=\"https:\/\/lavendea.com\/wp-content\/uploads\/2025\/10\/1761076133553-4-scaled.jpg\" \/>\n\t<meta property=\"og:image:width\" content=\"2048\" \/>\n\t<meta property=\"og:image:height\" content=\"2048\" \/>\n\t<meta property=\"og:image:type\" content=\"image\/jpeg\" \/>\n<meta name=\"twitter:card\" content=\"summary_large_image\" \/>\n<meta name=\"twitter:label1\" content=\"Estimated reading time\" \/>\n\t<meta name=\"twitter:data1\" content=\"2 minutes\" \/>\n<script type=\"application\/ld+json\" class=\"yoast-schema-graph\">{\"@context\":\"https:\\\/\\\/schema.org\",\"@graph\":[{\"@type\":\"WebPage\",\"@id\":\"https:\\\/\\\/lavendea.com\\\/product\\\/sveca-v-obliki-roze\\\/\",\"url\":\"https:\\\/\\\/lavendea.com\\\/product\\\/sveca-v-obliki-roze\\\/\",\"name\":\"Sve\u010da v obliki Ro\u017ee - Lavendea\",\"isPartOf\":{\"@id\":\"https:\\\/\\\/lavendea.com\\\/#website\"},\"primaryImageOfPage\":{\"@id\":\"https:\\\/\\\/lavendea.com\\\/product\\\/sveca-v-obliki-roze\\\/#primaryimage\"},\"image\":{\"@id\":\"https:\\\/\\\/lavendea.com\\\/product\\\/sveca-v-obliki-roze\\\/#primaryimage\"},\"thumbnailUrl\":\"https:\\\/\\\/lavendea.com\\\/wp-content\\\/uploads\\\/2025\\\/10\\\/1761076133553-4-scaled.jpg\",\"datePublished\":\"2024-02-21T00:19:12+00:00\",\"dateModified\":\"2025-11-17T19:15:56+00:00\",\"description\":\"ro\u010dno izdelane sve\u010de v obliki ro\u017ee iz sojinega in kokosovega voska, naravni materiali, manj\u0161a emisija \u0161kodljivih snovi, raznoliki in unikatni\",\"breadcrumb\":{\"@id\":\"https:\\\/\\\/lavendea.com\\\/product\\\/sveca-v-obliki-roze\\\/#breadcrumb\"},\"inLanguage\":\"en-GB\",\"potentialAction\":[{\"@type\":\"ReadAction\",\"target\":[\"https:\\\/\\\/lavendea.com\\\/product\\\/sveca-v-obliki-roze\\\/\"]}]},{\"@type\":\"ImageObject\",\"inLanguage\":\"en-GB\",\"@id\":\"https:\\\/\\\/lavendea.com\\\/product\\\/sveca-v-obliki-roze\\\/#primaryimage\",\"url\":\"https:\\\/\\\/lavendea.com\\\/wp-content\\\/uploads\\\/2025\\\/10\\\/1761076133553-4-scaled.jpg\",\"contentUrl\":\"https:\\\/\\\/lavendea.com\\\/wp-content\\\/uploads\\\/2025\\\/10\\\/1761076133553-4-scaled.jpg\",\"width\":2048,\"height\":2048,\"caption\":\"Sve\u010da v obliki ro\u017ee\"},{\"@type\":\"BreadcrumbList\",\"@id\":\"https:\\\/\\\/lavendea.com\\\/product\\\/sveca-v-obliki-roze\\\/#breadcrumb\",\"itemListElement\":[{\"@type\":\"ListItem\",\"position\":1,\"name\":\"Home\",\"item\":\"https:\\\/\\\/lavendea.com\\\/\"},{\"@type\":\"ListItem\",\"position\":2,\"name\":\"Trgovina\",\"item\":\"https:\\\/\\\/lavendea.com\\\/trgovina\\\/\"},{\"@type\":\"ListItem\",\"position\":3,\"name\":\"Sve\u010da v obliki Ro\u017ee\"}]},{\"@type\":\"WebSite\",\"@id\":\"https:\\\/\\\/lavendea.com\\\/#website\",\"url\":\"https:\\\/\\\/lavendea.com\\\/\",\"name\":\"Lavendea\",\"description\":\"\",\"publisher\":{\"@id\":\"https:\\\/\\\/lavendea.com\\\/#organization\"},\"potentialAction\":[{\"@type\":\"SearchAction\",\"target\":{\"@type\":\"EntryPoint\",\"urlTemplate\":\"https:\\\/\\\/lavendea.com\\\/?s={search_term_string}\"},\"query-input\":{\"@type\":\"PropertyValueSpecification\",\"valueRequired\":true,\"valueName\":\"search_term_string\"}}],\"inLanguage\":\"en-GB\"},{\"@type\":\"Organization\",\"@id\":\"https:\\\/\\\/lavendea.com\\\/#organization\",\"name\":\"Lavendea\",\"url\":\"https:\\\/\\\/lavendea.com\\\/\",\"logo\":{\"@type\":\"ImageObject\",\"inLanguage\":\"en-GB\",\"@id\":\"https:\\\/\\\/lavendea.com\\\/#\\\/schema\\\/logo\\\/image\\\/\",\"url\":\"https:\\\/\\\/lavendea.com\\\/wp-content\\\/uploads\\\/2024\\\/02\\\/cropped-Izdelek-brez-naslova-1-2.png\",\"contentUrl\":\"https:\\\/\\\/lavendea.com\\\/wp-content\\\/uploads\\\/2024\\\/02\\\/cropped-Izdelek-brez-naslova-1-2.png\",\"width\":1747,\"height\":1101,\"caption\":\"Lavendea\"},\"image\":{\"@id\":\"https:\\\/\\\/lavendea.com\\\/#\\\/schema\\\/logo\\\/image\\\/\"}}]}<\/script>\n<!-- \/ Yoast SEO plugin. -->","yoast_head_json":{"title":"Sve\u010da v obliki Ro\u017ee - Lavendea","description":"ro\u010dno izdelane sve\u010de v obliki ro\u017ee iz sojinega in kokosovega voska, naravni materiali, manj\u0161a emisija \u0161kodljivih snovi, raznoliki in unikatni","robots":{"index":"index","follow":"follow","max-snippet":"max-snippet:-1","max-image-preview":"max-image-preview:large","max-video-preview":"max-video-preview:-1"},"canonical":"https:\/\/lavendea.com\/en\/product\/sveca-v-obliki-roze\/","og_locale":"en_GB","og_type":"article","og_title":"Sve\u010da v obliki Ro\u017ee - Lavendea","og_description":"ro\u010dno izdelane sve\u010de v obliki ro\u017ee iz sojinega in kokosovega voska, naravni materiali, manj\u0161a emisija \u0161kodljivih snovi, raznoliki in unikatni","og_url":"https:\/\/lavendea.com\/en\/product\/sveca-v-obliki-roze\/","og_site_name":"Lavendea","article_modified_time":"2025-11-17T19:15:56+00:00","og_image":[{"width":2048,"height":2048,"url":"https:\/\/lavendea.com\/wp-content\/uploads\/2025\/10\/1761076133553-4-scaled.jpg","type":"image\/jpeg"}],"twitter_card":"summary_large_image","twitter_misc":{"Estimated reading time":"2 minutes"},"schema":{"@context":"https:\/\/schema.org","@graph":[{"@type":"WebPage","@id":"https:\/\/lavendea.com\/product\/sveca-v-obliki-roze\/","url":"https:\/\/lavendea.com\/product\/sveca-v-obliki-roze\/","name":"Sve\u010da v obliki Ro\u017ee - Lavendea","isPartOf":{"@id":"https:\/\/lavendea.com\/#website"},"primaryImageOfPage":{"@id":"https:\/\/lavendea.com\/product\/sveca-v-obliki-roze\/#primaryimage"},"image":{"@id":"https:\/\/lavendea.com\/product\/sveca-v-obliki-roze\/#primaryimage"},"thumbnailUrl":"https:\/\/lavendea.com\/wp-content\/uploads\/2025\/10\/1761076133553-4-scaled.jpg","datePublished":"2024-02-21T00:19:12+00:00","dateModified":"2025-11-17T19:15:56+00:00","description":"ro\u010dno izdelane sve\u010de v obliki ro\u017ee iz sojinega in kokosovega voska, naravni materiali, manj\u0161a emisija \u0161kodljivih snovi, raznoliki in unikatni","breadcrumb":{"@id":"https:\/\/lavendea.com\/product\/sveca-v-obliki-roze\/#breadcrumb"},"inLanguage":"en-GB","potentialAction":[{"@type":"ReadAction","target":["https:\/\/lavendea.com\/product\/sveca-v-obliki-roze\/"]}]},{"@type":"ImageObject","inLanguage":"en-GB","@id":"https:\/\/lavendea.com\/product\/sveca-v-obliki-roze\/#primaryimage","url":"https:\/\/lavendea.com\/wp-content\/uploads\/2025\/10\/1761076133553-4-scaled.jpg","contentUrl":"https:\/\/lavendea.com\/wp-content\/uploads\/2025\/10\/1761076133553-4-scaled.jpg","width":2048,"height":2048,"caption":"Sve\u010da v obliki ro\u017ee"},{"@type":"BreadcrumbList","@id":"https:\/\/lavendea.com\/product\/sveca-v-obliki-roze\/#breadcrumb","itemListElement":[{"@type":"ListItem","position":1,"name":"Home","item":"https:\/\/lavendea.com\/"},{"@type":"ListItem","position":2,"name":"Trgovina","item":"https:\/\/lavendea.com\/trgovina\/"},{"@type":"ListItem","position":3,"name":"Sve\u010da v obliki Ro\u017ee"}]},{"@type":"WebSite","@id":"https:\/\/lavendea.com\/#website","url":"https:\/\/lavendea.com\/","name":"Lavendea","description":"","publisher":{"@id":"https:\/\/lavendea.com\/#organization"},"potentialAction":[{"@type":"SearchAction","target":{"@type":"EntryPoint","urlTemplate":"https:\/\/lavendea.com\/?s={search_term_string}"},"query-input":{"@type":"PropertyValueSpecification","valueRequired":true,"valueName":"search_term_string"}}],"inLanguage":"en-GB"},{"@type":"Organization","@id":"https:\/\/lavendea.com\/#organization","name":"Lavendea","url":"https:\/\/lavendea.com\/","logo":{"@type":"ImageObject","inLanguage":"en-GB","@id":"https:\/\/lavendea.com\/#\/schema\/logo\/image\/","url":"https:\/\/lavendea.com\/wp-content\/uploads\/2024\/02\/cropped-Izdelek-brez-naslova-1-2.png","contentUrl":"https:\/\/lavendea.com\/wp-content\/uploads\/2024\/02\/cropped-Izdelek-brez-naslova-1-2.png","width":1747,"height":1101,"caption":"Lavendea"},"image":{"@id":"https:\/\/lavendea.com\/#\/schema\/logo\/image\/"}}]}},"_links":{"self":[{"href":"https:\/\/lavendea.com\/en\/wp-json\/wp\/v2\/product\/405","targetHints":{"allow":["GET"]}}],"collection":[{"href":"https:\/\/lavendea.com\/en\/wp-json\/wp\/v2\/product"}],"about":[{"href":"https:\/\/lavendea.com\/en\/wp-json\/wp\/v2\/types\/product"}],"replies":[{"embeddable":true,"href":"https:\/\/lavendea.com\/en\/wp-json\/wp\/v2\/comments?post=405"}],"version-history":[{"count":4,"href":"https:\/\/lavendea.com\/en\/wp-json\/wp\/v2\/product\/405\/revisions"}],"predecessor-version":[{"id":12744,"href":"https:\/\/lavendea.com\/en\/wp-json\/wp\/v2\/product\/405\/revisions\/12744"}],"wp:featuredmedia":[{"embeddable":true,"href":"https:\/\/lavendea.com\/en\/wp-json\/wp\/v2\/media\/12679"}],"wp:attachment":[{"href":"https:\/\/lavendea.com\/en\/wp-json\/wp\/v2\/media?parent=405"}],"wp:term":[{"taxonomy":"product_brand","embeddable":true,"href":"https:\/\/lavendea.com\/en\/wp-json\/wp\/v2\/product_brand?post=405"},{"taxonomy":"product_cat","embeddable":true,"href":"https:\/\/lavendea.com\/en\/wp-json\/wp\/v2\/product_cat?post=405"},{"taxonomy":"product_tag","embeddable":true,"href":"https:\/\/lavendea.com\/en\/wp-json\/wp\/v2\/product_tag?post=405"}],"curies":[{"name":"wp","href":"https:\/\/api.w.org\/{rel}","templated":true}]}}