{"id":418,"date":"2024-02-21T22:51:55","date_gmt":"2024-02-21T22:51:55","guid":{"rendered":"https:\/\/lavendea.com\/?post_type=product&#038;p=418"},"modified":"2025-10-31T17:43:33","modified_gmt":"2025-10-31T16:43:33","slug":"sveca-medved-iz-cvetov","status":"publish","type":"product","link":"https:\/\/lavendea.com\/en\/product\/sveca-medved-iz-cvetov\/","title":{"rendered":"Sve\u010da medved iz cvetov"},"content":{"rendered":"<p data-pm-slice=\"1 1 []\">Magic Candle Bear with Rose Flowers: A gift that enchants in every occasion<\/p>\n<p>The bear candle with rose flowers is more than just an ordinary candle: it is a fairy-tale gift that combines elegance, magic and an intoxicating scent in one. Made from coconut and soy wax and weighing over half a kilo, this bear-shaped candle will delight all lovers of unique and magical gifts. By using quality materials, every moment when the candle is lit is even more special.<\/p>\n<p data-pm-slice=\"1 1 []\">The bear candle is the perfect gift for special occasions such as birthdays, anniversaries or simply as a gesture of love and attention to someone special. Its bear shape made of rose flowers brings a fairy-tale atmosphere to any room where it lights up. The intoxicating scent further enchants the senses and creates a pleasant and relaxing atmosphere. Regardless of the occasion, this candle will beautify and enrich any space and create unforgettable moments.<\/p>","protected":false},"excerpt":{"rendered":"<p>Sve\u010da Medved predstavlja popolno darilo za vse prilo\u017enosti, kjer \u017eelite izraziti svojo ljubezen, skrb in pozornost. Z zdru\u017eitvijo \u010darobnosti, kvalitetnih materialov in edinstvenega dizajna, ta sve\u010da prevzame srca in \u010dute ter ustvari nepozabne trenutke. \u010ce i\u0161\u010dete darilo, ki bo o\u010daralo in navdu\u0161ilo, je sve\u010da\u00a0 velik medved prava izbira.<\/p>","protected":false},"featured_media":12853,"comment_status":"closed","ping_status":"closed","template":"","meta":[],"product_brand":[],"product_cat":[16],"product_tag":[44,59,42,43,31,60],"class_list":{"0":"post-418","1":"product","2":"type-product","3":"status-publish","4":"has-post-thumbnail","6":"product_cat-svece-in-diseci-voski","7":"product_tag-cimet","8":"product_tag-evkaliptus","9":"product_tag-limonska-trava","10":"product_tag-pomaranca","11":"product_tag-sivka","12":"product_tag-sveca","14":"first","15":"onbackorder","16":"shipping-taxable","17":"purchasable","18":"product-type-variable"},"yoast_head":"<!-- This site is optimized with the Yoast SEO plugin v27.3 - https:\/\/yoast.com\/product\/yoast-seo-wordpress\/ -->\n<title>Sve\u010da medved iz cvetov - Lavendea<\/title>\n<meta name=\"description\" content=\"ro\u010dno izdelana Sve\u010da medved iz cvetov je narejena iz sojinega in kokosovega voska z di\u0161avami in barvo po va\u0161ih \u017eeljah. Sve\u010da z detajli navdu\u0161i prav vse\" \/>\n<meta name=\"robots\" content=\"index, follow, max-snippet:-1, max-image-preview:large, max-video-preview:-1\" \/>\n<link rel=\"canonical\" href=\"https:\/\/lavendea.com\/en\/product\/sveca-medved-iz-cvetov\/\" \/>\n<meta property=\"og:locale\" content=\"en_GB\" \/>\n<meta property=\"og:type\" content=\"article\" \/>\n<meta property=\"og:title\" content=\"Sve\u010da medved iz cvetov - Lavendea\" \/>\n<meta property=\"og:description\" content=\"ro\u010dno izdelana Sve\u010da medved iz cvetov je narejena iz sojinega in kokosovega voska z di\u0161avami in barvo po va\u0161ih \u017eeljah. Sve\u010da z detajli navdu\u0161i prav vse\" \/>\n<meta property=\"og:url\" content=\"https:\/\/lavendea.com\/en\/product\/sveca-medved-iz-cvetov\/\" \/>\n<meta property=\"og:site_name\" content=\"Lavendea\" \/>\n<meta property=\"article:modified_time\" content=\"2025-10-31T16:43:33+00:00\" \/>\n<meta property=\"og:image\" content=\"https:\/\/lavendea.com\/wp-content\/uploads\/2024\/02\/1761512947797-scaled.jpg\" \/>\n\t<meta property=\"og:image:width\" content=\"2048\" \/>\n\t<meta property=\"og:image:height\" content=\"2048\" \/>\n\t<meta property=\"og:image:type\" content=\"image\/jpeg\" \/>\n<meta name=\"twitter:card\" content=\"summary_large_image\" \/>\n<meta name=\"twitter:label1\" content=\"Estimated reading time\" \/>\n\t<meta name=\"twitter:data1\" content=\"1 minute\" \/>\n<script type=\"application\/ld+json\" class=\"yoast-schema-graph\">{\"@context\":\"https:\\\/\\\/schema.org\",\"@graph\":[{\"@type\":\"WebPage\",\"@id\":\"https:\\\/\\\/lavendea.com\\\/product\\\/sveca-medved-iz-cvetov\\\/\",\"url\":\"https:\\\/\\\/lavendea.com\\\/product\\\/sveca-medved-iz-cvetov\\\/\",\"name\":\"Sve\u010da medved iz cvetov - Lavendea\",\"isPartOf\":{\"@id\":\"https:\\\/\\\/lavendea.com\\\/#website\"},\"primaryImageOfPage\":{\"@id\":\"https:\\\/\\\/lavendea.com\\\/product\\\/sveca-medved-iz-cvetov\\\/#primaryimage\"},\"image\":{\"@id\":\"https:\\\/\\\/lavendea.com\\\/product\\\/sveca-medved-iz-cvetov\\\/#primaryimage\"},\"thumbnailUrl\":\"https:\\\/\\\/lavendea.com\\\/wp-content\\\/uploads\\\/2024\\\/02\\\/1761512947797-scaled.jpg\",\"datePublished\":\"2024-02-21T22:51:55+00:00\",\"dateModified\":\"2025-10-31T16:43:33+00:00\",\"description\":\"ro\u010dno izdelana Sve\u010da medved iz cvetov je narejena iz sojinega in kokosovega voska z di\u0161avami in barvo po va\u0161ih \u017eeljah. Sve\u010da z detajli navdu\u0161i prav vse\",\"breadcrumb\":{\"@id\":\"https:\\\/\\\/lavendea.com\\\/product\\\/sveca-medved-iz-cvetov\\\/#breadcrumb\"},\"inLanguage\":\"en-GB\",\"potentialAction\":[{\"@type\":\"ReadAction\",\"target\":[\"https:\\\/\\\/lavendea.com\\\/product\\\/sveca-medved-iz-cvetov\\\/\"]}]},{\"@type\":\"ImageObject\",\"inLanguage\":\"en-GB\",\"@id\":\"https:\\\/\\\/lavendea.com\\\/product\\\/sveca-medved-iz-cvetov\\\/#primaryimage\",\"url\":\"https:\\\/\\\/lavendea.com\\\/wp-content\\\/uploads\\\/2024\\\/02\\\/1761512947797-scaled.jpg\",\"contentUrl\":\"https:\\\/\\\/lavendea.com\\\/wp-content\\\/uploads\\\/2024\\\/02\\\/1761512947797-scaled.jpg\",\"width\":2048,\"height\":2048,\"caption\":\"Sve\u010da medved iz cvetov\"},{\"@type\":\"BreadcrumbList\",\"@id\":\"https:\\\/\\\/lavendea.com\\\/product\\\/sveca-medved-iz-cvetov\\\/#breadcrumb\",\"itemListElement\":[{\"@type\":\"ListItem\",\"position\":1,\"name\":\"Home\",\"item\":\"https:\\\/\\\/lavendea.com\\\/\"},{\"@type\":\"ListItem\",\"position\":2,\"name\":\"Trgovina\",\"item\":\"https:\\\/\\\/lavendea.com\\\/trgovina\\\/\"},{\"@type\":\"ListItem\",\"position\":3,\"name\":\"Sve\u010da medved iz cvetov\"}]},{\"@type\":\"WebSite\",\"@id\":\"https:\\\/\\\/lavendea.com\\\/#website\",\"url\":\"https:\\\/\\\/lavendea.com\\\/\",\"name\":\"Lavendea\",\"description\":\"\",\"publisher\":{\"@id\":\"https:\\\/\\\/lavendea.com\\\/#organization\"},\"potentialAction\":[{\"@type\":\"SearchAction\",\"target\":{\"@type\":\"EntryPoint\",\"urlTemplate\":\"https:\\\/\\\/lavendea.com\\\/?s={search_term_string}\"},\"query-input\":{\"@type\":\"PropertyValueSpecification\",\"valueRequired\":true,\"valueName\":\"search_term_string\"}}],\"inLanguage\":\"en-GB\"},{\"@type\":\"Organization\",\"@id\":\"https:\\\/\\\/lavendea.com\\\/#organization\",\"name\":\"Lavendea\",\"url\":\"https:\\\/\\\/lavendea.com\\\/\",\"logo\":{\"@type\":\"ImageObject\",\"inLanguage\":\"en-GB\",\"@id\":\"https:\\\/\\\/lavendea.com\\\/#\\\/schema\\\/logo\\\/image\\\/\",\"url\":\"https:\\\/\\\/lavendea.com\\\/wp-content\\\/uploads\\\/2024\\\/02\\\/cropped-Izdelek-brez-naslova-1-2.png\",\"contentUrl\":\"https:\\\/\\\/lavendea.com\\\/wp-content\\\/uploads\\\/2024\\\/02\\\/cropped-Izdelek-brez-naslova-1-2.png\",\"width\":1747,\"height\":1101,\"caption\":\"Lavendea\"},\"image\":{\"@id\":\"https:\\\/\\\/lavendea.com\\\/#\\\/schema\\\/logo\\\/image\\\/\"}}]}<\/script>\n<!-- \/ Yoast SEO plugin. -->","yoast_head_json":{"title":"Sve\u010da medved iz cvetov - Lavendea","description":"ro\u010dno izdelana Sve\u010da medved iz cvetov je narejena iz sojinega in kokosovega voska z di\u0161avami in barvo po va\u0161ih \u017eeljah. Sve\u010da z detajli navdu\u0161i prav vse","robots":{"index":"index","follow":"follow","max-snippet":"max-snippet:-1","max-image-preview":"max-image-preview:large","max-video-preview":"max-video-preview:-1"},"canonical":"https:\/\/lavendea.com\/en\/product\/sveca-medved-iz-cvetov\/","og_locale":"en_GB","og_type":"article","og_title":"Sve\u010da medved iz cvetov - Lavendea","og_description":"ro\u010dno izdelana Sve\u010da medved iz cvetov je narejena iz sojinega in kokosovega voska z di\u0161avami in barvo po va\u0161ih \u017eeljah. Sve\u010da z detajli navdu\u0161i prav vse","og_url":"https:\/\/lavendea.com\/en\/product\/sveca-medved-iz-cvetov\/","og_site_name":"Lavendea","article_modified_time":"2025-10-31T16:43:33+00:00","og_image":[{"width":2048,"height":2048,"url":"https:\/\/lavendea.com\/wp-content\/uploads\/2024\/02\/1761512947797-scaled.jpg","type":"image\/jpeg"}],"twitter_card":"summary_large_image","twitter_misc":{"Estimated reading time":"1 minute"},"schema":{"@context":"https:\/\/schema.org","@graph":[{"@type":"WebPage","@id":"https:\/\/lavendea.com\/product\/sveca-medved-iz-cvetov\/","url":"https:\/\/lavendea.com\/product\/sveca-medved-iz-cvetov\/","name":"Sve\u010da medved iz cvetov - Lavendea","isPartOf":{"@id":"https:\/\/lavendea.com\/#website"},"primaryImageOfPage":{"@id":"https:\/\/lavendea.com\/product\/sveca-medved-iz-cvetov\/#primaryimage"},"image":{"@id":"https:\/\/lavendea.com\/product\/sveca-medved-iz-cvetov\/#primaryimage"},"thumbnailUrl":"https:\/\/lavendea.com\/wp-content\/uploads\/2024\/02\/1761512947797-scaled.jpg","datePublished":"2024-02-21T22:51:55+00:00","dateModified":"2025-10-31T16:43:33+00:00","description":"ro\u010dno izdelana Sve\u010da medved iz cvetov je narejena iz sojinega in kokosovega voska z di\u0161avami in barvo po va\u0161ih \u017eeljah. Sve\u010da z detajli navdu\u0161i prav vse","breadcrumb":{"@id":"https:\/\/lavendea.com\/product\/sveca-medved-iz-cvetov\/#breadcrumb"},"inLanguage":"en-GB","potentialAction":[{"@type":"ReadAction","target":["https:\/\/lavendea.com\/product\/sveca-medved-iz-cvetov\/"]}]},{"@type":"ImageObject","inLanguage":"en-GB","@id":"https:\/\/lavendea.com\/product\/sveca-medved-iz-cvetov\/#primaryimage","url":"https:\/\/lavendea.com\/wp-content\/uploads\/2024\/02\/1761512947797-scaled.jpg","contentUrl":"https:\/\/lavendea.com\/wp-content\/uploads\/2024\/02\/1761512947797-scaled.jpg","width":2048,"height":2048,"caption":"Sve\u010da medved iz cvetov"},{"@type":"BreadcrumbList","@id":"https:\/\/lavendea.com\/product\/sveca-medved-iz-cvetov\/#breadcrumb","itemListElement":[{"@type":"ListItem","position":1,"name":"Home","item":"https:\/\/lavendea.com\/"},{"@type":"ListItem","position":2,"name":"Trgovina","item":"https:\/\/lavendea.com\/trgovina\/"},{"@type":"ListItem","position":3,"name":"Sve\u010da medved iz cvetov"}]},{"@type":"WebSite","@id":"https:\/\/lavendea.com\/#website","url":"https:\/\/lavendea.com\/","name":"Lavendea","description":"","publisher":{"@id":"https:\/\/lavendea.com\/#organization"},"potentialAction":[{"@type":"SearchAction","target":{"@type":"EntryPoint","urlTemplate":"https:\/\/lavendea.com\/?s={search_term_string}"},"query-input":{"@type":"PropertyValueSpecification","valueRequired":true,"valueName":"search_term_string"}}],"inLanguage":"en-GB"},{"@type":"Organization","@id":"https:\/\/lavendea.com\/#organization","name":"Lavendea","url":"https:\/\/lavendea.com\/","logo":{"@type":"ImageObject","inLanguage":"en-GB","@id":"https:\/\/lavendea.com\/#\/schema\/logo\/image\/","url":"https:\/\/lavendea.com\/wp-content\/uploads\/2024\/02\/cropped-Izdelek-brez-naslova-1-2.png","contentUrl":"https:\/\/lavendea.com\/wp-content\/uploads\/2024\/02\/cropped-Izdelek-brez-naslova-1-2.png","width":1747,"height":1101,"caption":"Lavendea"},"image":{"@id":"https:\/\/lavendea.com\/#\/schema\/logo\/image\/"}}]}},"_links":{"self":[{"href":"https:\/\/lavendea.com\/en\/wp-json\/wp\/v2\/product\/418","targetHints":{"allow":["GET"]}}],"collection":[{"href":"https:\/\/lavendea.com\/en\/wp-json\/wp\/v2\/product"}],"about":[{"href":"https:\/\/lavendea.com\/en\/wp-json\/wp\/v2\/types\/product"}],"replies":[{"embeddable":true,"href":"https:\/\/lavendea.com\/en\/wp-json\/wp\/v2\/comments?post=418"}],"version-history":[{"count":4,"href":"https:\/\/lavendea.com\/en\/wp-json\/wp\/v2\/product\/418\/revisions"}],"predecessor-version":[{"id":12863,"href":"https:\/\/lavendea.com\/en\/wp-json\/wp\/v2\/product\/418\/revisions\/12863"}],"wp:featuredmedia":[{"embeddable":true,"href":"https:\/\/lavendea.com\/en\/wp-json\/wp\/v2\/media\/12853"}],"wp:attachment":[{"href":"https:\/\/lavendea.com\/en\/wp-json\/wp\/v2\/media?parent=418"}],"wp:term":[{"taxonomy":"product_brand","embeddable":true,"href":"https:\/\/lavendea.com\/en\/wp-json\/wp\/v2\/product_brand?post=418"},{"taxonomy":"product_cat","embeddable":true,"href":"https:\/\/lavendea.com\/en\/wp-json\/wp\/v2\/product_cat?post=418"},{"taxonomy":"product_tag","embeddable":true,"href":"https:\/\/lavendea.com\/en\/wp-json\/wp\/v2\/product_tag?post=418"}],"curies":[{"name":"wp","href":"https:\/\/api.w.org\/{rel}","templated":true}]}}