{"id":4527,"date":"2024-11-22T00:17:37","date_gmt":"2024-11-21T23:17:37","guid":{"rendered":"https:\/\/lavendea.com\/?post_type=product&#038;p=4527"},"modified":"2025-05-07T23:23:10","modified_gmt":"2025-05-07T21:23:10","slug":"4527","status":"publish","type":"product","link":"https:\/\/lavendea.com\/en\/product\/4527\/","title":{"rendered":"Oatmeal soap"},"content":{"rendered":"<p>Handmade natural oatmeal soap - a gentle and nourishing treat for your skin! Each bar of soap is carefully crafted using only the finest ingredients, such as coconut and almond oil, shea butter, olive oil and castor oil, which create a rich, creamy lather that will leave your skin soft, smooth, and nourished. It is enriched with a dreamy aroma that leaves your skin scented for a long time.<\/p>\n<p>Perfect for sensitive skin, our oatmeal soap is gentle enough for everyday use, yet strong enough to tackle dryness and irritation. Oatmeal acts as a natural exfoliant, gently removing dead skin cells and revealing a brighter, more radiant complexion. Plus, the anti-inflammatory properties of oats can help soothe irritated skin, making it an ideal choice for those with eczema, acne or rosacea.<\/p>\n<p>But what really sets our handmade oatmeal soap apart is the love and care that goes into each bar. We\u2019re not just soap makers \u2013 we\u2019re artisans dedicated to creating products that not only nourish your skin, but also bring a touch of joy and comfort to your daily routine. So why settle for harsh, mass-produced soaps when you can indulge in a little luxury with our handmade oatmeal soap?<\/p>\n<p>Try it today and feel the difference for yourself!<\/p>","protected":false},"excerpt":{"rendered":"<p>Handmade oatmeal soap is a popular choice due to its natural exfoliating properties and skin-friendly benefits. Oatmeal is known to gently cleanse, nourish and soothe skin irritation, making it suitable for sensitive skin types. Combining it with other moisturizing ingredients such as shea butter or coconut oil enhances its moisturizing properties. It is enriched with a dreamy fragrance that leaves your skin scented for a long time.<\/p>","protected":false},"featured_media":4528,"comment_status":"closed","ping_status":"closed","template":"","meta":[],"product_brand":[],"product_cat":[15,20],"product_tag":[33,34,77,87,88,38],"class_list":{"0":"post-4527","1":"product","2":"type-product","3":"status-publish","4":"has-post-thumbnail","6":"product_cat-mila-naravno","7":"product_cat-naravna-mila-v-kosu","8":"product_tag-karitejevo-maslo","9":"product_tag-mandljevo-olje","10":"product_tag-milo","11":"product_tag-naravno-milo","12":"product_tag-ovseni-kosmici","13":"product_tag-ricinusovo-olje","15":"first","16":"instock","17":"featured","18":"shipping-taxable","19":"purchasable","20":"product-type-simple"},"yoast_head":"<!-- This site is optimized with the Yoast SEO plugin v27.3 - https:\/\/yoast.com\/product\/yoast-seo-wordpress\/ -->\n<title>Naravno milo z ovsenimi kosmi\u010di - Lavendea<\/title>\n<meta name=\"description\" content=\"Ro\u010dno izdelano naravno milo z ovsenimi kosmi\u010di je priljubljena izbira zaradi svojih naravnih piling lastnosti in blagodejnih u\u010dinkov na ko\u017eo. Znano je, da ovseni kosmi\u010di ne\u017eno \u010distijo, negujejo in laj\u0161ajo razdra\u017eenost ko\u017ee, zaradi \u010desar so primerni za ob\u010dutljive tipe ko\u017ee. Kombinacija z drugimi vla\u017eilnimi sestavinami, kot sta karitejevo maslo ali kokosovo olje, izbolj\u0161a njegove vla\u017eilne lastnosti. Obogaten je sanjsko fragranco, ki pusti ko\u017eo odi\u0161avljeno dlje \u010dasa.\u00a0\" \/>\n<meta name=\"robots\" content=\"index, follow, max-snippet:-1, max-image-preview:large, max-video-preview:-1\" \/>\n<link rel=\"canonical\" href=\"https:\/\/lavendea.com\/en\/product\/4527\/\" \/>\n<meta property=\"og:locale\" content=\"en_GB\" \/>\n<meta property=\"og:type\" content=\"article\" \/>\n<meta property=\"og:title\" content=\"Naravno milo z ovsenimi kosmi\u010di - Lavendea\" \/>\n<meta property=\"og:description\" content=\"Ro\u010dno izdelano naravno milo z ovsenimi kosmi\u010di je priljubljena izbira zaradi svojih naravnih piling lastnosti in blagodejnih u\u010dinkov na ko\u017eo. Znano je, da ovseni kosmi\u010di ne\u017eno \u010distijo, negujejo in laj\u0161ajo razdra\u017eenost ko\u017ee, zaradi \u010desar so primerni za ob\u010dutljive tipe ko\u017ee. Kombinacija z drugimi vla\u017eilnimi sestavinami, kot sta karitejevo maslo ali kokosovo olje, izbolj\u0161a njegove vla\u017eilne lastnosti. Obogaten je sanjsko fragranco, ki pusti ko\u017eo odi\u0161avljeno dlje \u010dasa.\u00a0\" \/>\n<meta property=\"og:url\" content=\"https:\/\/lavendea.com\/en\/product\/4527\/\" \/>\n<meta property=\"og:site_name\" content=\"Lavendea\" \/>\n<meta property=\"article:modified_time\" content=\"2025-05-07T21:23:10+00:00\" \/>\n<meta property=\"og:image\" content=\"https:\/\/lavendea.com\/wp-content\/uploads\/2024\/11\/Firefly-Handmade-natural-soap-with-oatmeal.-Rustic-scene-2176.jpg\" \/>\n\t<meta property=\"og:image:width\" content=\"1792\" \/>\n\t<meta property=\"og:image:height\" content=\"2304\" \/>\n\t<meta property=\"og:image:type\" content=\"image\/jpeg\" \/>\n<meta name=\"twitter:card\" content=\"summary_large_image\" \/>\n<meta name=\"twitter:label1\" content=\"Estimated reading time\" \/>\n\t<meta name=\"twitter:data1\" content=\"2 minutes\" \/>\n<script type=\"application\/ld+json\" class=\"yoast-schema-graph\">{\"@context\":\"https:\\\/\\\/schema.org\",\"@graph\":[{\"@type\":\"WebPage\",\"@id\":\"https:\\\/\\\/lavendea.com\\\/product\\\/4527\\\/\",\"url\":\"https:\\\/\\\/lavendea.com\\\/product\\\/4527\\\/\",\"name\":\"Naravno milo z ovsenimi kosmi\u010di - Lavendea\",\"isPartOf\":{\"@id\":\"https:\\\/\\\/lavendea.com\\\/#website\"},\"primaryImageOfPage\":{\"@id\":\"https:\\\/\\\/lavendea.com\\\/product\\\/4527\\\/#primaryimage\"},\"image\":{\"@id\":\"https:\\\/\\\/lavendea.com\\\/product\\\/4527\\\/#primaryimage\"},\"thumbnailUrl\":\"https:\\\/\\\/lavendea.com\\\/wp-content\\\/uploads\\\/2024\\\/11\\\/Firefly-Handmade-natural-soap-with-oatmeal.-Rustic-scene-2176.jpg\",\"datePublished\":\"2024-11-21T23:17:37+00:00\",\"dateModified\":\"2025-05-07T21:23:10+00:00\",\"description\":\"Ro\u010dno izdelano naravno milo z ovsenimi kosmi\u010di je priljubljena izbira zaradi svojih naravnih piling lastnosti in blagodejnih u\u010dinkov na ko\u017eo. Znano je, da ovseni kosmi\u010di ne\u017eno \u010distijo, negujejo in laj\u0161ajo razdra\u017eenost ko\u017ee, zaradi \u010desar so primerni za ob\u010dutljive tipe ko\u017ee. Kombinacija z drugimi vla\u017eilnimi sestavinami, kot sta karitejevo maslo ali kokosovo olje, izbolj\u0161a njegove vla\u017eilne lastnosti. Obogaten je sanjsko fragranco, ki pusti ko\u017eo odi\u0161avljeno dlje \u010dasa.\u00a0\",\"breadcrumb\":{\"@id\":\"https:\\\/\\\/lavendea.com\\\/product\\\/4527\\\/#breadcrumb\"},\"inLanguage\":\"en-GB\",\"potentialAction\":[{\"@type\":\"ReadAction\",\"target\":[\"https:\\\/\\\/lavendea.com\\\/product\\\/4527\\\/\"]}]},{\"@type\":\"ImageObject\",\"inLanguage\":\"en-GB\",\"@id\":\"https:\\\/\\\/lavendea.com\\\/product\\\/4527\\\/#primaryimage\",\"url\":\"https:\\\/\\\/lavendea.com\\\/wp-content\\\/uploads\\\/2024\\\/11\\\/Firefly-Handmade-natural-soap-with-oatmeal.-Rustic-scene-2176.jpg\",\"contentUrl\":\"https:\\\/\\\/lavendea.com\\\/wp-content\\\/uploads\\\/2024\\\/11\\\/Firefly-Handmade-natural-soap-with-oatmeal.-Rustic-scene-2176.jpg\",\"width\":1792,\"height\":2304,\"caption\":\"Milo v kosu Ovseni kosmi\u010di\"},{\"@type\":\"BreadcrumbList\",\"@id\":\"https:\\\/\\\/lavendea.com\\\/product\\\/4527\\\/#breadcrumb\",\"itemListElement\":[{\"@type\":\"ListItem\",\"position\":1,\"name\":\"Home\",\"item\":\"https:\\\/\\\/lavendea.com\\\/\"},{\"@type\":\"ListItem\",\"position\":2,\"name\":\"Trgovina\",\"item\":\"https:\\\/\\\/lavendea.com\\\/trgovina\\\/\"},{\"@type\":\"ListItem\",\"position\":3,\"name\":\"Milo Ovseni kosmi\u010di\"}]},{\"@type\":\"WebSite\",\"@id\":\"https:\\\/\\\/lavendea.com\\\/#website\",\"url\":\"https:\\\/\\\/lavendea.com\\\/\",\"name\":\"Lavendea\",\"description\":\"\",\"publisher\":{\"@id\":\"https:\\\/\\\/lavendea.com\\\/#organization\"},\"potentialAction\":[{\"@type\":\"SearchAction\",\"target\":{\"@type\":\"EntryPoint\",\"urlTemplate\":\"https:\\\/\\\/lavendea.com\\\/?s={search_term_string}\"},\"query-input\":{\"@type\":\"PropertyValueSpecification\",\"valueRequired\":true,\"valueName\":\"search_term_string\"}}],\"inLanguage\":\"en-GB\"},{\"@type\":\"Organization\",\"@id\":\"https:\\\/\\\/lavendea.com\\\/#organization\",\"name\":\"Lavendea\",\"url\":\"https:\\\/\\\/lavendea.com\\\/\",\"logo\":{\"@type\":\"ImageObject\",\"inLanguage\":\"en-GB\",\"@id\":\"https:\\\/\\\/lavendea.com\\\/#\\\/schema\\\/logo\\\/image\\\/\",\"url\":\"https:\\\/\\\/lavendea.com\\\/wp-content\\\/uploads\\\/2024\\\/02\\\/cropped-Izdelek-brez-naslova-1-2.png\",\"contentUrl\":\"https:\\\/\\\/lavendea.com\\\/wp-content\\\/uploads\\\/2024\\\/02\\\/cropped-Izdelek-brez-naslova-1-2.png\",\"width\":1747,\"height\":1101,\"caption\":\"Lavendea\"},\"image\":{\"@id\":\"https:\\\/\\\/lavendea.com\\\/#\\\/schema\\\/logo\\\/image\\\/\"}}]}<\/script>\n<!-- \/ Yoast SEO plugin. -->","yoast_head_json":{"title":"Naravno milo z ovsenimi kosmi\u010di - Lavendea","description":"Ro\u010dno izdelano naravno milo z ovsenimi kosmi\u010di je priljubljena izbira zaradi svojih naravnih piling lastnosti in blagodejnih u\u010dinkov na ko\u017eo. Znano je, da ovseni kosmi\u010di ne\u017eno \u010distijo, negujejo in laj\u0161ajo razdra\u017eenost ko\u017ee, zaradi \u010desar so primerni za ob\u010dutljive tipe ko\u017ee. Kombinacija z drugimi vla\u017eilnimi sestavinami, kot sta karitejevo maslo ali kokosovo olje, izbolj\u0161a njegove vla\u017eilne lastnosti. Obogaten je sanjsko fragranco, ki pusti ko\u017eo odi\u0161avljeno dlje \u010dasa.\u00a0","robots":{"index":"index","follow":"follow","max-snippet":"max-snippet:-1","max-image-preview":"max-image-preview:large","max-video-preview":"max-video-preview:-1"},"canonical":"https:\/\/lavendea.com\/en\/product\/4527\/","og_locale":"en_GB","og_type":"article","og_title":"Naravno milo z ovsenimi kosmi\u010di - Lavendea","og_description":"Ro\u010dno izdelano naravno milo z ovsenimi kosmi\u010di je priljubljena izbira zaradi svojih naravnih piling lastnosti in blagodejnih u\u010dinkov na ko\u017eo. Znano je, da ovseni kosmi\u010di ne\u017eno \u010distijo, negujejo in laj\u0161ajo razdra\u017eenost ko\u017ee, zaradi \u010desar so primerni za ob\u010dutljive tipe ko\u017ee. Kombinacija z drugimi vla\u017eilnimi sestavinami, kot sta karitejevo maslo ali kokosovo olje, izbolj\u0161a njegove vla\u017eilne lastnosti. Obogaten je sanjsko fragranco, ki pusti ko\u017eo odi\u0161avljeno dlje \u010dasa.\u00a0","og_url":"https:\/\/lavendea.com\/en\/product\/4527\/","og_site_name":"Lavendea","article_modified_time":"2025-05-07T21:23:10+00:00","og_image":[{"width":1792,"height":2304,"url":"https:\/\/lavendea.com\/wp-content\/uploads\/2024\/11\/Firefly-Handmade-natural-soap-with-oatmeal.-Rustic-scene-2176.jpg","type":"image\/jpeg"}],"twitter_card":"summary_large_image","twitter_misc":{"Estimated reading time":"2 minutes"},"schema":{"@context":"https:\/\/schema.org","@graph":[{"@type":"WebPage","@id":"https:\/\/lavendea.com\/product\/4527\/","url":"https:\/\/lavendea.com\/product\/4527\/","name":"Naravno milo z ovsenimi kosmi\u010di - Lavendea","isPartOf":{"@id":"https:\/\/lavendea.com\/#website"},"primaryImageOfPage":{"@id":"https:\/\/lavendea.com\/product\/4527\/#primaryimage"},"image":{"@id":"https:\/\/lavendea.com\/product\/4527\/#primaryimage"},"thumbnailUrl":"https:\/\/lavendea.com\/wp-content\/uploads\/2024\/11\/Firefly-Handmade-natural-soap-with-oatmeal.-Rustic-scene-2176.jpg","datePublished":"2024-11-21T23:17:37+00:00","dateModified":"2025-05-07T21:23:10+00:00","description":"Ro\u010dno izdelano naravno milo z ovsenimi kosmi\u010di je priljubljena izbira zaradi svojih naravnih piling lastnosti in blagodejnih u\u010dinkov na ko\u017eo. Znano je, da ovseni kosmi\u010di ne\u017eno \u010distijo, negujejo in laj\u0161ajo razdra\u017eenost ko\u017ee, zaradi \u010desar so primerni za ob\u010dutljive tipe ko\u017ee. Kombinacija z drugimi vla\u017eilnimi sestavinami, kot sta karitejevo maslo ali kokosovo olje, izbolj\u0161a njegove vla\u017eilne lastnosti. Obogaten je sanjsko fragranco, ki pusti ko\u017eo odi\u0161avljeno dlje \u010dasa.\u00a0","breadcrumb":{"@id":"https:\/\/lavendea.com\/product\/4527\/#breadcrumb"},"inLanguage":"en-GB","potentialAction":[{"@type":"ReadAction","target":["https:\/\/lavendea.com\/product\/4527\/"]}]},{"@type":"ImageObject","inLanguage":"en-GB","@id":"https:\/\/lavendea.com\/product\/4527\/#primaryimage","url":"https:\/\/lavendea.com\/wp-content\/uploads\/2024\/11\/Firefly-Handmade-natural-soap-with-oatmeal.-Rustic-scene-2176.jpg","contentUrl":"https:\/\/lavendea.com\/wp-content\/uploads\/2024\/11\/Firefly-Handmade-natural-soap-with-oatmeal.-Rustic-scene-2176.jpg","width":1792,"height":2304,"caption":"Milo v kosu Ovseni kosmi\u010di"},{"@type":"BreadcrumbList","@id":"https:\/\/lavendea.com\/product\/4527\/#breadcrumb","itemListElement":[{"@type":"ListItem","position":1,"name":"Home","item":"https:\/\/lavendea.com\/"},{"@type":"ListItem","position":2,"name":"Trgovina","item":"https:\/\/lavendea.com\/trgovina\/"},{"@type":"ListItem","position":3,"name":"Milo Ovseni kosmi\u010di"}]},{"@type":"WebSite","@id":"https:\/\/lavendea.com\/#website","url":"https:\/\/lavendea.com\/","name":"Lavendea","description":"","publisher":{"@id":"https:\/\/lavendea.com\/#organization"},"potentialAction":[{"@type":"SearchAction","target":{"@type":"EntryPoint","urlTemplate":"https:\/\/lavendea.com\/?s={search_term_string}"},"query-input":{"@type":"PropertyValueSpecification","valueRequired":true,"valueName":"search_term_string"}}],"inLanguage":"en-GB"},{"@type":"Organization","@id":"https:\/\/lavendea.com\/#organization","name":"Lavendea","url":"https:\/\/lavendea.com\/","logo":{"@type":"ImageObject","inLanguage":"en-GB","@id":"https:\/\/lavendea.com\/#\/schema\/logo\/image\/","url":"https:\/\/lavendea.com\/wp-content\/uploads\/2024\/02\/cropped-Izdelek-brez-naslova-1-2.png","contentUrl":"https:\/\/lavendea.com\/wp-content\/uploads\/2024\/02\/cropped-Izdelek-brez-naslova-1-2.png","width":1747,"height":1101,"caption":"Lavendea"},"image":{"@id":"https:\/\/lavendea.com\/#\/schema\/logo\/image\/"}}]}},"_links":{"self":[{"href":"https:\/\/lavendea.com\/en\/wp-json\/wp\/v2\/product\/4527","targetHints":{"allow":["GET"]}}],"collection":[{"href":"https:\/\/lavendea.com\/en\/wp-json\/wp\/v2\/product"}],"about":[{"href":"https:\/\/lavendea.com\/en\/wp-json\/wp\/v2\/types\/product"}],"replies":[{"embeddable":true,"href":"https:\/\/lavendea.com\/en\/wp-json\/wp\/v2\/comments?post=4527"}],"version-history":[{"count":4,"href":"https:\/\/lavendea.com\/en\/wp-json\/wp\/v2\/product\/4527\/revisions"}],"predecessor-version":[{"id":4534,"href":"https:\/\/lavendea.com\/en\/wp-json\/wp\/v2\/product\/4527\/revisions\/4534"}],"wp:featuredmedia":[{"embeddable":true,"href":"https:\/\/lavendea.com\/en\/wp-json\/wp\/v2\/media\/4528"}],"wp:attachment":[{"href":"https:\/\/lavendea.com\/en\/wp-json\/wp\/v2\/media?parent=4527"}],"wp:term":[{"taxonomy":"product_brand","embeddable":true,"href":"https:\/\/lavendea.com\/en\/wp-json\/wp\/v2\/product_brand?post=4527"},{"taxonomy":"product_cat","embeddable":true,"href":"https:\/\/lavendea.com\/en\/wp-json\/wp\/v2\/product_cat?post=4527"},{"taxonomy":"product_tag","embeddable":true,"href":"https:\/\/lavendea.com\/en\/wp-json\/wp\/v2\/product_tag?post=4527"}],"curies":[{"name":"wp","href":"https:\/\/api.w.org\/{rel}","templated":true}]}}