{"id":466,"date":"2024-02-23T00:37:44","date_gmt":"2024-02-23T00:37:44","guid":{"rendered":"https:\/\/lavendea.com\/?post_type=product&#038;p=466"},"modified":"2025-10-28T23:52:54","modified_gmt":"2025-10-28T22:52:54","slug":"diseci-voski-v-embalazi","status":"publish","type":"product","link":"https:\/\/lavendea.com\/en\/product\/diseci-voski-v-embalazi\/","title":{"rendered":"Wax melts in a box"},"content":{"rendered":"<p>Scented wax melts have become a popular choice for creating a pleasant and relaxing atmosphere in the home. One way to enjoy these wonderful scents is by using a ceramic scented wax burner.<\/p>\n<p>Scented wax melts in the form of cubes in practical packaging. They are made from high-quality coconut and soy wax and carefully selected fragrances. Simply break off the cube and place it on the wax burner. Various colours and scents available.<\/p>","protected":false},"excerpt":{"rendered":"<p>Scented wax melts in the form of cubes in practical packaging. They are made from high-quality coconut and soy wax and carefully selected fragrances. Simply break off the cube and place it on the wax burner. Various colours and scents available.<\/p>","protected":false},"featured_media":12846,"comment_status":"closed","ping_status":"closed","template":"","meta":[],"product_brand":[],"product_cat":[16],"product_tag":[],"class_list":{"0":"post-466","1":"product","2":"type-product","3":"status-publish","4":"has-post-thumbnail","6":"product_cat-svece-in-diseci-voski","8":"first","9":"instock","10":"shipping-taxable","11":"purchasable","12":"product-type-variable"},"yoast_head":"<!-- This site is optimized with the Yoast SEO plugin v27.3 - https:\/\/yoast.com\/product\/yoast-seo-wordpress\/ -->\n<title>Di\u0161e\u010di voski v embala\u017ei - Lavendea<\/title>\n<meta name=\"description\" content=\"di\u0161e\u010di voski v embala\u017ei, iz sojinega in kokosovega voska, naravni materiali, manj\u0161a emisija \u0161kodljivih snovi, raznoliki in unikatni\" \/>\n<meta name=\"robots\" content=\"index, follow, max-snippet:-1, max-image-preview:large, max-video-preview:-1\" \/>\n<link rel=\"canonical\" href=\"https:\/\/lavendea.com\/en\/product\/diseci-voski-v-embalazi\/\" \/>\n<meta property=\"og:locale\" content=\"en_GB\" \/>\n<meta property=\"og:type\" content=\"article\" \/>\n<meta property=\"og:title\" content=\"Di\u0161e\u010di voski v embala\u017ei - Lavendea\" \/>\n<meta property=\"og:description\" content=\"di\u0161e\u010di voski v embala\u017ei, iz sojinega in kokosovega voska, naravni materiali, manj\u0161a emisija \u0161kodljivih snovi, raznoliki in unikatni\" \/>\n<meta property=\"og:url\" content=\"https:\/\/lavendea.com\/en\/product\/diseci-voski-v-embalazi\/\" \/>\n<meta property=\"og:site_name\" content=\"Lavendea\" \/>\n<meta property=\"article:modified_time\" content=\"2025-10-28T22:52:54+00:00\" \/>\n<meta property=\"og:image\" content=\"https:\/\/lavendea.com\/wp-content\/uploads\/2024\/02\/1761691715319-e1761691944436.png\" \/>\n\t<meta property=\"og:image:width\" content=\"932\" \/>\n\t<meta property=\"og:image:height\" content=\"932\" \/>\n\t<meta property=\"og:image:type\" content=\"image\/png\" \/>\n<meta name=\"twitter:card\" content=\"summary_large_image\" \/>\n<meta name=\"twitter:label1\" content=\"Estimated reading time\" \/>\n\t<meta name=\"twitter:data1\" content=\"1 minute\" \/>\n<script type=\"application\/ld+json\" class=\"yoast-schema-graph\">{\"@context\":\"https:\\\/\\\/schema.org\",\"@graph\":[{\"@type\":\"WebPage\",\"@id\":\"https:\\\/\\\/lavendea.com\\\/product\\\/diseci-voski-v-embalazi\\\/\",\"url\":\"https:\\\/\\\/lavendea.com\\\/product\\\/diseci-voski-v-embalazi\\\/\",\"name\":\"Di\u0161e\u010di voski v embala\u017ei - Lavendea\",\"isPartOf\":{\"@id\":\"https:\\\/\\\/lavendea.com\\\/#website\"},\"primaryImageOfPage\":{\"@id\":\"https:\\\/\\\/lavendea.com\\\/product\\\/diseci-voski-v-embalazi\\\/#primaryimage\"},\"image\":{\"@id\":\"https:\\\/\\\/lavendea.com\\\/product\\\/diseci-voski-v-embalazi\\\/#primaryimage\"},\"thumbnailUrl\":\"https:\\\/\\\/lavendea.com\\\/wp-content\\\/uploads\\\/2024\\\/02\\\/1761691715319-e1761691944436.png\",\"datePublished\":\"2024-02-23T00:37:44+00:00\",\"dateModified\":\"2025-10-28T22:52:54+00:00\",\"description\":\"di\u0161e\u010di voski v embala\u017ei, iz sojinega in kokosovega voska, naravni materiali, manj\u0161a emisija \u0161kodljivih snovi, raznoliki in unikatni\",\"breadcrumb\":{\"@id\":\"https:\\\/\\\/lavendea.com\\\/product\\\/diseci-voski-v-embalazi\\\/#breadcrumb\"},\"inLanguage\":\"en-GB\",\"potentialAction\":[{\"@type\":\"ReadAction\",\"target\":[\"https:\\\/\\\/lavendea.com\\\/product\\\/diseci-voski-v-embalazi\\\/\"]}]},{\"@type\":\"ImageObject\",\"inLanguage\":\"en-GB\",\"@id\":\"https:\\\/\\\/lavendea.com\\\/product\\\/diseci-voski-v-embalazi\\\/#primaryimage\",\"url\":\"https:\\\/\\\/lavendea.com\\\/wp-content\\\/uploads\\\/2024\\\/02\\\/1761691715319-e1761691944436.png\",\"contentUrl\":\"https:\\\/\\\/lavendea.com\\\/wp-content\\\/uploads\\\/2024\\\/02\\\/1761691715319-e1761691944436.png\",\"width\":932,\"height\":932,\"caption\":\"Di\u0161e\u010di voski v embala\u017ei\"},{\"@type\":\"BreadcrumbList\",\"@id\":\"https:\\\/\\\/lavendea.com\\\/product\\\/diseci-voski-v-embalazi\\\/#breadcrumb\",\"itemListElement\":[{\"@type\":\"ListItem\",\"position\":1,\"name\":\"Home\",\"item\":\"https:\\\/\\\/lavendea.com\\\/\"},{\"@type\":\"ListItem\",\"position\":2,\"name\":\"Trgovina\",\"item\":\"https:\\\/\\\/lavendea.com\\\/trgovina\\\/\"},{\"@type\":\"ListItem\",\"position\":3,\"name\":\"Di\u0161e\u010di voski v embala\u017ei\"}]},{\"@type\":\"WebSite\",\"@id\":\"https:\\\/\\\/lavendea.com\\\/#website\",\"url\":\"https:\\\/\\\/lavendea.com\\\/\",\"name\":\"Lavendea\",\"description\":\"\",\"publisher\":{\"@id\":\"https:\\\/\\\/lavendea.com\\\/#organization\"},\"potentialAction\":[{\"@type\":\"SearchAction\",\"target\":{\"@type\":\"EntryPoint\",\"urlTemplate\":\"https:\\\/\\\/lavendea.com\\\/?s={search_term_string}\"},\"query-input\":{\"@type\":\"PropertyValueSpecification\",\"valueRequired\":true,\"valueName\":\"search_term_string\"}}],\"inLanguage\":\"en-GB\"},{\"@type\":\"Organization\",\"@id\":\"https:\\\/\\\/lavendea.com\\\/#organization\",\"name\":\"Lavendea\",\"url\":\"https:\\\/\\\/lavendea.com\\\/\",\"logo\":{\"@type\":\"ImageObject\",\"inLanguage\":\"en-GB\",\"@id\":\"https:\\\/\\\/lavendea.com\\\/#\\\/schema\\\/logo\\\/image\\\/\",\"url\":\"https:\\\/\\\/lavendea.com\\\/wp-content\\\/uploads\\\/2024\\\/02\\\/cropped-Izdelek-brez-naslova-1-2.png\",\"contentUrl\":\"https:\\\/\\\/lavendea.com\\\/wp-content\\\/uploads\\\/2024\\\/02\\\/cropped-Izdelek-brez-naslova-1-2.png\",\"width\":1747,\"height\":1101,\"caption\":\"Lavendea\"},\"image\":{\"@id\":\"https:\\\/\\\/lavendea.com\\\/#\\\/schema\\\/logo\\\/image\\\/\"}}]}<\/script>\n<!-- \/ Yoast SEO plugin. -->","yoast_head_json":{"title":"Di\u0161e\u010di voski v embala\u017ei - Lavendea","description":"di\u0161e\u010di voski v embala\u017ei, iz sojinega in kokosovega voska, naravni materiali, manj\u0161a emisija \u0161kodljivih snovi, raznoliki in unikatni","robots":{"index":"index","follow":"follow","max-snippet":"max-snippet:-1","max-image-preview":"max-image-preview:large","max-video-preview":"max-video-preview:-1"},"canonical":"https:\/\/lavendea.com\/en\/product\/diseci-voski-v-embalazi\/","og_locale":"en_GB","og_type":"article","og_title":"Di\u0161e\u010di voski v embala\u017ei - Lavendea","og_description":"di\u0161e\u010di voski v embala\u017ei, iz sojinega in kokosovega voska, naravni materiali, manj\u0161a emisija \u0161kodljivih snovi, raznoliki in unikatni","og_url":"https:\/\/lavendea.com\/en\/product\/diseci-voski-v-embalazi\/","og_site_name":"Lavendea","article_modified_time":"2025-10-28T22:52:54+00:00","og_image":[{"width":932,"height":932,"url":"https:\/\/lavendea.com\/wp-content\/uploads\/2024\/02\/1761691715319-e1761691944436.png","type":"image\/png"}],"twitter_card":"summary_large_image","twitter_misc":{"Estimated reading time":"1 minute"},"schema":{"@context":"https:\/\/schema.org","@graph":[{"@type":"WebPage","@id":"https:\/\/lavendea.com\/product\/diseci-voski-v-embalazi\/","url":"https:\/\/lavendea.com\/product\/diseci-voski-v-embalazi\/","name":"Di\u0161e\u010di voski v embala\u017ei - Lavendea","isPartOf":{"@id":"https:\/\/lavendea.com\/#website"},"primaryImageOfPage":{"@id":"https:\/\/lavendea.com\/product\/diseci-voski-v-embalazi\/#primaryimage"},"image":{"@id":"https:\/\/lavendea.com\/product\/diseci-voski-v-embalazi\/#primaryimage"},"thumbnailUrl":"https:\/\/lavendea.com\/wp-content\/uploads\/2024\/02\/1761691715319-e1761691944436.png","datePublished":"2024-02-23T00:37:44+00:00","dateModified":"2025-10-28T22:52:54+00:00","description":"di\u0161e\u010di voski v embala\u017ei, iz sojinega in kokosovega voska, naravni materiali, manj\u0161a emisija \u0161kodljivih snovi, raznoliki in unikatni","breadcrumb":{"@id":"https:\/\/lavendea.com\/product\/diseci-voski-v-embalazi\/#breadcrumb"},"inLanguage":"en-GB","potentialAction":[{"@type":"ReadAction","target":["https:\/\/lavendea.com\/product\/diseci-voski-v-embalazi\/"]}]},{"@type":"ImageObject","inLanguage":"en-GB","@id":"https:\/\/lavendea.com\/product\/diseci-voski-v-embalazi\/#primaryimage","url":"https:\/\/lavendea.com\/wp-content\/uploads\/2024\/02\/1761691715319-e1761691944436.png","contentUrl":"https:\/\/lavendea.com\/wp-content\/uploads\/2024\/02\/1761691715319-e1761691944436.png","width":932,"height":932,"caption":"Di\u0161e\u010di voski v embala\u017ei"},{"@type":"BreadcrumbList","@id":"https:\/\/lavendea.com\/product\/diseci-voski-v-embalazi\/#breadcrumb","itemListElement":[{"@type":"ListItem","position":1,"name":"Home","item":"https:\/\/lavendea.com\/"},{"@type":"ListItem","position":2,"name":"Trgovina","item":"https:\/\/lavendea.com\/trgovina\/"},{"@type":"ListItem","position":3,"name":"Di\u0161e\u010di voski v embala\u017ei"}]},{"@type":"WebSite","@id":"https:\/\/lavendea.com\/#website","url":"https:\/\/lavendea.com\/","name":"Lavendea","description":"","publisher":{"@id":"https:\/\/lavendea.com\/#organization"},"potentialAction":[{"@type":"SearchAction","target":{"@type":"EntryPoint","urlTemplate":"https:\/\/lavendea.com\/?s={search_term_string}"},"query-input":{"@type":"PropertyValueSpecification","valueRequired":true,"valueName":"search_term_string"}}],"inLanguage":"en-GB"},{"@type":"Organization","@id":"https:\/\/lavendea.com\/#organization","name":"Lavendea","url":"https:\/\/lavendea.com\/","logo":{"@type":"ImageObject","inLanguage":"en-GB","@id":"https:\/\/lavendea.com\/#\/schema\/logo\/image\/","url":"https:\/\/lavendea.com\/wp-content\/uploads\/2024\/02\/cropped-Izdelek-brez-naslova-1-2.png","contentUrl":"https:\/\/lavendea.com\/wp-content\/uploads\/2024\/02\/cropped-Izdelek-brez-naslova-1-2.png","width":1747,"height":1101,"caption":"Lavendea"},"image":{"@id":"https:\/\/lavendea.com\/#\/schema\/logo\/image\/"}}]}},"_links":{"self":[{"href":"https:\/\/lavendea.com\/en\/wp-json\/wp\/v2\/product\/466","targetHints":{"allow":["GET"]}}],"collection":[{"href":"https:\/\/lavendea.com\/en\/wp-json\/wp\/v2\/product"}],"about":[{"href":"https:\/\/lavendea.com\/en\/wp-json\/wp\/v2\/types\/product"}],"replies":[{"embeddable":true,"href":"https:\/\/lavendea.com\/en\/wp-json\/wp\/v2\/comments?post=466"}],"version-history":[{"count":2,"href":"https:\/\/lavendea.com\/en\/wp-json\/wp\/v2\/product\/466\/revisions"}],"predecessor-version":[{"id":1484,"href":"https:\/\/lavendea.com\/en\/wp-json\/wp\/v2\/product\/466\/revisions\/1484"}],"wp:featuredmedia":[{"embeddable":true,"href":"https:\/\/lavendea.com\/en\/wp-json\/wp\/v2\/media\/12846"}],"wp:attachment":[{"href":"https:\/\/lavendea.com\/en\/wp-json\/wp\/v2\/media?parent=466"}],"wp:term":[{"taxonomy":"product_brand","embeddable":true,"href":"https:\/\/lavendea.com\/en\/wp-json\/wp\/v2\/product_brand?post=466"},{"taxonomy":"product_cat","embeddable":true,"href":"https:\/\/lavendea.com\/en\/wp-json\/wp\/v2\/product_cat?post=466"},{"taxonomy":"product_tag","embeddable":true,"href":"https:\/\/lavendea.com\/en\/wp-json\/wp\/v2\/product_tag?post=466"}],"curies":[{"name":"wp","href":"https:\/\/api.w.org\/{rel}","templated":true}]}}