{"id":485,"date":"2024-02-24T18:42:39","date_gmt":"2024-02-24T18:42:39","guid":{"rendered":"https:\/\/lavendea.com\/?post_type=product&#038;p=485"},"modified":"2025-10-28T23:41:31","modified_gmt":"2025-10-28T22:41:31","slug":"svecnik-za-cajne-svecke","status":"publish","type":"product","link":"https:\/\/lavendea.com\/en\/product\/svecnik-za-cajne-svecke\/","title":{"rendered":"Tealight candle holder"},"content":{"rendered":"<p data-pm-slice=\"1 1 []\">Candleholders made of epoxy resin are not only durable, but also extremely decorative, as they allow the creation of unique patterns and the use of accessories such as glitter, dried flowers, stones and shells. One of the main advantages of candleholders made of epoxy resin is their durability. Epoxy resin is a high-quality material that is resistant to impacts, scratches and other damage. This means that the candleholder made of epoxy resin will retain its original appearance for a long time without the need for regular maintenance. This will make the candleholder a permanent addition to your home or a great gift for candle lovers.<\/p>\n<p>In addition to durability, candleholders made of epoxy resin are also extremely decorative. The possibilities for designing and personalizing these candlesticks are almost endless. By adding glitter, dried flowers, pebbles or shells, you can create a unique design that will attract attention in any room. A candleholder made of epoxy resin will thus become not only a functional object, but also a work of art that will brighten up your home.<\/p>\n<p>Buying an epoxy resin candleholder can also be a great gift choice. Candle lovers will surely appreciate the uniqueness and beauty of these candleholders, which cannot be found in every store. A candlestick made of epoxy resin will be such a special gift that will brighten the recipient's day and offer him aesthetic pleasure in addition to pleasant light.<\/p>\n<p>Glitter, dried flowers, stones, shells...the possibilities are endless. The tea light candleholder is made of epoxy resin, which makes it very durable and decorative. A great gift for any candle enthusiast.<\/p>\n<p>The tealight candleholder is custom-made product. You can choose the colours and accessories yourself.<\/p>","protected":false},"excerpt":{"rendered":"<p>Candleholders made of epoxy resin are not only durable, but also extremely decorative, as they allow the creation of unique patterns and the use of accessories such as glitter, dried flowers, stones and shells. The possibilities for designing and personalizing these candlesticks are almost endless.<\/p>\n<p>The tealight candleholder is custom-made product. You can choose the colours and accessories yourself.<\/p>","protected":false},"featured_media":12671,"comment_status":"closed","ping_status":"closed","template":"","meta":[],"product_brand":[],"product_cat":[17],"product_tag":[67,31,68,69,35],"class_list":{"0":"post-485","1":"product","2":"type-product","3":"status-publish","4":"has-post-thumbnail","6":"product_cat-izdelki-iz-epoksi-smole-in-lesa","7":"product_tag-epoksi-smola","8":"product_tag-sivka","9":"product_tag-skoljka","10":"product_tag-svecnik","11":"product_tag-vrtnica","13":"first","14":"onbackorder","15":"shipping-taxable","16":"purchasable","17":"product-type-simple"},"yoast_head":"<!-- This site is optimized with the Yoast SEO plugin v27.3 - https:\/\/yoast.com\/product\/yoast-seo-wordpress\/ -->\n<title>Sve\u010dnik za \u010dajne sve\u010dke - Lavendea<\/title>\n<meta name=\"description\" content=\"Dekorativni izdelki iz epoksi smole, sve\u010dnik za \u010dajne sve\u010dke, dekoracija prostorov\" \/>\n<meta name=\"robots\" content=\"index, follow, max-snippet:-1, max-image-preview:large, max-video-preview:-1\" \/>\n<link rel=\"canonical\" href=\"https:\/\/lavendea.com\/en\/product\/svecnik-za-cajne-svecke\/\" \/>\n<meta property=\"og:locale\" content=\"en_GB\" \/>\n<meta property=\"og:type\" content=\"article\" \/>\n<meta property=\"og:title\" content=\"Sve\u010dnik za \u010dajne sve\u010dke - Lavendea\" \/>\n<meta property=\"og:description\" content=\"Dekorativni izdelki iz epoksi smole, sve\u010dnik za \u010dajne sve\u010dke, dekoracija prostorov\" \/>\n<meta property=\"og:url\" content=\"https:\/\/lavendea.com\/en\/product\/svecnik-za-cajne-svecke\/\" \/>\n<meta property=\"og:site_name\" content=\"Lavendea\" \/>\n<meta property=\"article:modified_time\" content=\"2025-10-28T22:41:31+00:00\" \/>\n<meta property=\"og:image\" content=\"https:\/\/lavendea.com\/wp-content\/uploads\/2025\/10\/1761064360179-3-scaled.jpg\" \/>\n\t<meta property=\"og:image:width\" content=\"2048\" \/>\n\t<meta property=\"og:image:height\" content=\"2048\" \/>\n\t<meta property=\"og:image:type\" content=\"image\/jpeg\" \/>\n<meta name=\"twitter:card\" content=\"summary_large_image\" \/>\n<meta name=\"twitter:label1\" content=\"Estimated reading time\" \/>\n\t<meta name=\"twitter:data1\" content=\"2 minutes\" \/>\n<script type=\"application\/ld+json\" class=\"yoast-schema-graph\">{\"@context\":\"https:\\\/\\\/schema.org\",\"@graph\":[{\"@type\":\"WebPage\",\"@id\":\"https:\\\/\\\/lavendea.com\\\/product\\\/svecnik-za-cajne-svecke\\\/\",\"url\":\"https:\\\/\\\/lavendea.com\\\/product\\\/svecnik-za-cajne-svecke\\\/\",\"name\":\"Sve\u010dnik za \u010dajne sve\u010dke - Lavendea\",\"isPartOf\":{\"@id\":\"https:\\\/\\\/lavendea.com\\\/#website\"},\"primaryImageOfPage\":{\"@id\":\"https:\\\/\\\/lavendea.com\\\/product\\\/svecnik-za-cajne-svecke\\\/#primaryimage\"},\"image\":{\"@id\":\"https:\\\/\\\/lavendea.com\\\/product\\\/svecnik-za-cajne-svecke\\\/#primaryimage\"},\"thumbnailUrl\":\"https:\\\/\\\/lavendea.com\\\/wp-content\\\/uploads\\\/2025\\\/10\\\/1761064360179-3-scaled.jpg\",\"datePublished\":\"2024-02-24T18:42:39+00:00\",\"dateModified\":\"2025-10-28T22:41:31+00:00\",\"description\":\"Dekorativni izdelki iz epoksi smole, sve\u010dnik za \u010dajne sve\u010dke, dekoracija prostorov\",\"breadcrumb\":{\"@id\":\"https:\\\/\\\/lavendea.com\\\/product\\\/svecnik-za-cajne-svecke\\\/#breadcrumb\"},\"inLanguage\":\"en-GB\",\"potentialAction\":[{\"@type\":\"ReadAction\",\"target\":[\"https:\\\/\\\/lavendea.com\\\/product\\\/svecnik-za-cajne-svecke\\\/\"]}]},{\"@type\":\"ImageObject\",\"inLanguage\":\"en-GB\",\"@id\":\"https:\\\/\\\/lavendea.com\\\/product\\\/svecnik-za-cajne-svecke\\\/#primaryimage\",\"url\":\"https:\\\/\\\/lavendea.com\\\/wp-content\\\/uploads\\\/2025\\\/10\\\/1761064360179-3-scaled.jpg\",\"contentUrl\":\"https:\\\/\\\/lavendea.com\\\/wp-content\\\/uploads\\\/2025\\\/10\\\/1761064360179-3-scaled.jpg\",\"width\":2048,\"height\":2048,\"caption\":\"Sve\u010dnik iz epoksi smole\"},{\"@type\":\"BreadcrumbList\",\"@id\":\"https:\\\/\\\/lavendea.com\\\/product\\\/svecnik-za-cajne-svecke\\\/#breadcrumb\",\"itemListElement\":[{\"@type\":\"ListItem\",\"position\":1,\"name\":\"Home\",\"item\":\"https:\\\/\\\/lavendea.com\\\/\"},{\"@type\":\"ListItem\",\"position\":2,\"name\":\"Trgovina\",\"item\":\"https:\\\/\\\/lavendea.com\\\/trgovina\\\/\"},{\"@type\":\"ListItem\",\"position\":3,\"name\":\"Sve\u010dnik za \u010dajne sve\u010dke\"}]},{\"@type\":\"WebSite\",\"@id\":\"https:\\\/\\\/lavendea.com\\\/#website\",\"url\":\"https:\\\/\\\/lavendea.com\\\/\",\"name\":\"Lavendea\",\"description\":\"\",\"publisher\":{\"@id\":\"https:\\\/\\\/lavendea.com\\\/#organization\"},\"potentialAction\":[{\"@type\":\"SearchAction\",\"target\":{\"@type\":\"EntryPoint\",\"urlTemplate\":\"https:\\\/\\\/lavendea.com\\\/?s={search_term_string}\"},\"query-input\":{\"@type\":\"PropertyValueSpecification\",\"valueRequired\":true,\"valueName\":\"search_term_string\"}}],\"inLanguage\":\"en-GB\"},{\"@type\":\"Organization\",\"@id\":\"https:\\\/\\\/lavendea.com\\\/#organization\",\"name\":\"Lavendea\",\"url\":\"https:\\\/\\\/lavendea.com\\\/\",\"logo\":{\"@type\":\"ImageObject\",\"inLanguage\":\"en-GB\",\"@id\":\"https:\\\/\\\/lavendea.com\\\/#\\\/schema\\\/logo\\\/image\\\/\",\"url\":\"https:\\\/\\\/lavendea.com\\\/wp-content\\\/uploads\\\/2024\\\/02\\\/cropped-Izdelek-brez-naslova-1-2.png\",\"contentUrl\":\"https:\\\/\\\/lavendea.com\\\/wp-content\\\/uploads\\\/2024\\\/02\\\/cropped-Izdelek-brez-naslova-1-2.png\",\"width\":1747,\"height\":1101,\"caption\":\"Lavendea\"},\"image\":{\"@id\":\"https:\\\/\\\/lavendea.com\\\/#\\\/schema\\\/logo\\\/image\\\/\"}}]}<\/script>\n<!-- \/ Yoast SEO plugin. -->","yoast_head_json":{"title":"Sve\u010dnik za \u010dajne sve\u010dke - Lavendea","description":"Dekorativni izdelki iz epoksi smole, sve\u010dnik za \u010dajne sve\u010dke, dekoracija prostorov","robots":{"index":"index","follow":"follow","max-snippet":"max-snippet:-1","max-image-preview":"max-image-preview:large","max-video-preview":"max-video-preview:-1"},"canonical":"https:\/\/lavendea.com\/en\/product\/svecnik-za-cajne-svecke\/","og_locale":"en_GB","og_type":"article","og_title":"Sve\u010dnik za \u010dajne sve\u010dke - Lavendea","og_description":"Dekorativni izdelki iz epoksi smole, sve\u010dnik za \u010dajne sve\u010dke, dekoracija prostorov","og_url":"https:\/\/lavendea.com\/en\/product\/svecnik-za-cajne-svecke\/","og_site_name":"Lavendea","article_modified_time":"2025-10-28T22:41:31+00:00","og_image":[{"width":2048,"height":2048,"url":"https:\/\/lavendea.com\/wp-content\/uploads\/2025\/10\/1761064360179-3-scaled.jpg","type":"image\/jpeg"}],"twitter_card":"summary_large_image","twitter_misc":{"Estimated reading time":"2 minutes"},"schema":{"@context":"https:\/\/schema.org","@graph":[{"@type":"WebPage","@id":"https:\/\/lavendea.com\/product\/svecnik-za-cajne-svecke\/","url":"https:\/\/lavendea.com\/product\/svecnik-za-cajne-svecke\/","name":"Sve\u010dnik za \u010dajne sve\u010dke - Lavendea","isPartOf":{"@id":"https:\/\/lavendea.com\/#website"},"primaryImageOfPage":{"@id":"https:\/\/lavendea.com\/product\/svecnik-za-cajne-svecke\/#primaryimage"},"image":{"@id":"https:\/\/lavendea.com\/product\/svecnik-za-cajne-svecke\/#primaryimage"},"thumbnailUrl":"https:\/\/lavendea.com\/wp-content\/uploads\/2025\/10\/1761064360179-3-scaled.jpg","datePublished":"2024-02-24T18:42:39+00:00","dateModified":"2025-10-28T22:41:31+00:00","description":"Dekorativni izdelki iz epoksi smole, sve\u010dnik za \u010dajne sve\u010dke, dekoracija prostorov","breadcrumb":{"@id":"https:\/\/lavendea.com\/product\/svecnik-za-cajne-svecke\/#breadcrumb"},"inLanguage":"en-GB","potentialAction":[{"@type":"ReadAction","target":["https:\/\/lavendea.com\/product\/svecnik-za-cajne-svecke\/"]}]},{"@type":"ImageObject","inLanguage":"en-GB","@id":"https:\/\/lavendea.com\/product\/svecnik-za-cajne-svecke\/#primaryimage","url":"https:\/\/lavendea.com\/wp-content\/uploads\/2025\/10\/1761064360179-3-scaled.jpg","contentUrl":"https:\/\/lavendea.com\/wp-content\/uploads\/2025\/10\/1761064360179-3-scaled.jpg","width":2048,"height":2048,"caption":"Sve\u010dnik iz epoksi smole"},{"@type":"BreadcrumbList","@id":"https:\/\/lavendea.com\/product\/svecnik-za-cajne-svecke\/#breadcrumb","itemListElement":[{"@type":"ListItem","position":1,"name":"Home","item":"https:\/\/lavendea.com\/"},{"@type":"ListItem","position":2,"name":"Trgovina","item":"https:\/\/lavendea.com\/trgovina\/"},{"@type":"ListItem","position":3,"name":"Sve\u010dnik za \u010dajne sve\u010dke"}]},{"@type":"WebSite","@id":"https:\/\/lavendea.com\/#website","url":"https:\/\/lavendea.com\/","name":"Lavendea","description":"","publisher":{"@id":"https:\/\/lavendea.com\/#organization"},"potentialAction":[{"@type":"SearchAction","target":{"@type":"EntryPoint","urlTemplate":"https:\/\/lavendea.com\/?s={search_term_string}"},"query-input":{"@type":"PropertyValueSpecification","valueRequired":true,"valueName":"search_term_string"}}],"inLanguage":"en-GB"},{"@type":"Organization","@id":"https:\/\/lavendea.com\/#organization","name":"Lavendea","url":"https:\/\/lavendea.com\/","logo":{"@type":"ImageObject","inLanguage":"en-GB","@id":"https:\/\/lavendea.com\/#\/schema\/logo\/image\/","url":"https:\/\/lavendea.com\/wp-content\/uploads\/2024\/02\/cropped-Izdelek-brez-naslova-1-2.png","contentUrl":"https:\/\/lavendea.com\/wp-content\/uploads\/2024\/02\/cropped-Izdelek-brez-naslova-1-2.png","width":1747,"height":1101,"caption":"Lavendea"},"image":{"@id":"https:\/\/lavendea.com\/#\/schema\/logo\/image\/"}}]}},"_links":{"self":[{"href":"https:\/\/lavendea.com\/en\/wp-json\/wp\/v2\/product\/485","targetHints":{"allow":["GET"]}}],"collection":[{"href":"https:\/\/lavendea.com\/en\/wp-json\/wp\/v2\/product"}],"about":[{"href":"https:\/\/lavendea.com\/en\/wp-json\/wp\/v2\/types\/product"}],"replies":[{"embeddable":true,"href":"https:\/\/lavendea.com\/en\/wp-json\/wp\/v2\/comments?post=485"}],"version-history":[{"count":2,"href":"https:\/\/lavendea.com\/en\/wp-json\/wp\/v2\/product\/485\/revisions"}],"predecessor-version":[{"id":1493,"href":"https:\/\/lavendea.com\/en\/wp-json\/wp\/v2\/product\/485\/revisions\/1493"}],"wp:featuredmedia":[{"embeddable":true,"href":"https:\/\/lavendea.com\/en\/wp-json\/wp\/v2\/media\/12671"}],"wp:attachment":[{"href":"https:\/\/lavendea.com\/en\/wp-json\/wp\/v2\/media?parent=485"}],"wp:term":[{"taxonomy":"product_brand","embeddable":true,"href":"https:\/\/lavendea.com\/en\/wp-json\/wp\/v2\/product_brand?post=485"},{"taxonomy":"product_cat","embeddable":true,"href":"https:\/\/lavendea.com\/en\/wp-json\/wp\/v2\/product_cat?post=485"},{"taxonomy":"product_tag","embeddable":true,"href":"https:\/\/lavendea.com\/en\/wp-json\/wp\/v2\/product_tag?post=485"}],"curies":[{"name":"wp","href":"https:\/\/api.w.org\/{rel}","templated":true}]}}