{"id":486,"date":"2024-02-24T18:51:09","date_gmt":"2024-02-24T18:51:09","guid":{"rendered":"https:\/\/lavendea.com\/?post_type=product&#038;p=486"},"modified":"2025-10-30T23:50:34","modified_gmt":"2025-10-30T22:50:34","slug":"dekorativna-krogla","status":"publish","type":"product","link":"https:\/\/lavendea.com\/en\/product\/dekorativna-krogla\/","title":{"rendered":"Decorative sphere"},"content":{"rendered":"<p>Suho cvetje, kamen\u010dki, \u0161koljke&#8230;ali pa poljubni predmet, ki vam je ljub in ga \u017eelite shraniti na unikaten na\u010din. \u010cudovita dekorativna krogla iz epoksi smole je kot nala\u0161\u010d za tak podvig. Zdru\u017euje estetiko, kreativnost in funkcionalnost. Prozorna struktura omogo\u010da, da se v njih shrani razli\u010dne predmete in predstavljajo \u010daroben na\u010din ohranjanja dragocenih spominov in ustvarjanja trajnih umetni\u0161kih del. Z njihovo pomo\u010djo lahko ustvarite \u010dudovit in edinstven spomin, ki bo trajal ve\u010dno. Poleg tega so odli\u010dna darila za ljubljene osebe, saj predstavljajo edinstveno in premi\u0161ljeno pozornost.<\/p>\n<p>The decorative sphere is made to order. You can choose the colours and accessories yourself.<\/p>\n<p>Diameter 5 cm<\/p>","protected":false},"excerpt":{"rendered":"<p>Decorative spheres made of transparent epoxy resin make possible to create unique works of art that fascinate with their beauty and originality. These spheres offer the possibility of storing dried flowers, pebbles, shells or any other object that has a special meaning for you in an original and aesthetically appealing way. Made to order, they allow you to choose the colours and accessories and create a completely personalized keepsake or gift that will enchant any recipient.<\/p>","protected":false},"featured_media":12521,"comment_status":"closed","ping_status":"closed","template":"","meta":[],"product_brand":[],"product_cat":[17],"product_tag":[67,31,68,35],"class_list":{"0":"post-486","1":"product","2":"type-product","3":"status-publish","4":"has-post-thumbnail","6":"product_cat-izdelki-iz-epoksi-smole-in-lesa","7":"product_tag-epoksi-smola","8":"product_tag-sivka","9":"product_tag-skoljka","10":"product_tag-vrtnica","12":"first","13":"onbackorder","14":"shipping-taxable","15":"purchasable","16":"product-type-simple"},"yoast_head":"<!-- This site is optimized with the Yoast SEO plugin v27.3 - https:\/\/yoast.com\/product\/yoast-seo-wordpress\/ -->\n<title>Dekorativna krogla - Lavendea<\/title>\n<meta name=\"description\" content=\"unikatni izdelki iz epoksi smole, dekorativna krogla, mo\u017enost shranjevanja pomembnih predmetov, suhega cvetja, dekoracija prostorov\" \/>\n<meta name=\"robots\" content=\"index, follow, max-snippet:-1, max-image-preview:large, max-video-preview:-1\" \/>\n<link rel=\"canonical\" href=\"https:\/\/lavendea.com\/en\/product\/dekorativna-krogla\/\" \/>\n<meta property=\"og:locale\" content=\"en_GB\" \/>\n<meta property=\"og:type\" content=\"article\" \/>\n<meta property=\"og:title\" content=\"Dekorativna krogla - Lavendea\" \/>\n<meta property=\"og:description\" content=\"unikatni izdelki iz epoksi smole, dekorativna krogla, mo\u017enost shranjevanja pomembnih predmetov, suhega cvetja, dekoracija prostorov\" \/>\n<meta property=\"og:url\" content=\"https:\/\/lavendea.com\/en\/product\/dekorativna-krogla\/\" \/>\n<meta property=\"og:site_name\" content=\"Lavendea\" \/>\n<meta property=\"article:modified_time\" content=\"2025-10-30T22:50:34+00:00\" \/>\n<meta property=\"og:image\" content=\"https:\/\/lavendea.com\/wp-content\/uploads\/2025\/10\/Firefly-Sphere-is-made-of-trasparent-resin-and-dried-flowers-in-the-resin.-Vintage-decoration-around.jpg\" \/>\n\t<meta property=\"og:image:width\" content=\"512\" \/>\n\t<meta property=\"og:image:height\" content=\"512\" \/>\n\t<meta property=\"og:image:type\" content=\"image\/jpeg\" \/>\n<meta name=\"twitter:card\" content=\"summary_large_image\" \/>\n<meta name=\"twitter:label1\" content=\"Estimated reading time\" \/>\n\t<meta name=\"twitter:data1\" content=\"1 minute\" \/>\n<script type=\"application\/ld+json\" class=\"yoast-schema-graph\">{\"@context\":\"https:\\\/\\\/schema.org\",\"@graph\":[{\"@type\":\"WebPage\",\"@id\":\"https:\\\/\\\/lavendea.com\\\/product\\\/dekorativna-krogla\\\/\",\"url\":\"https:\\\/\\\/lavendea.com\\\/product\\\/dekorativna-krogla\\\/\",\"name\":\"Dekorativna krogla - Lavendea\",\"isPartOf\":{\"@id\":\"https:\\\/\\\/lavendea.com\\\/#website\"},\"primaryImageOfPage\":{\"@id\":\"https:\\\/\\\/lavendea.com\\\/product\\\/dekorativna-krogla\\\/#primaryimage\"},\"image\":{\"@id\":\"https:\\\/\\\/lavendea.com\\\/product\\\/dekorativna-krogla\\\/#primaryimage\"},\"thumbnailUrl\":\"https:\\\/\\\/lavendea.com\\\/wp-content\\\/uploads\\\/2025\\\/10\\\/Firefly-Sphere-is-made-of-trasparent-resin-and-dried-flowers-in-the-resin.-Vintage-decoration-around.jpg\",\"datePublished\":\"2024-02-24T18:51:09+00:00\",\"dateModified\":\"2025-10-30T22:50:34+00:00\",\"description\":\"unikatni izdelki iz epoksi smole, dekorativna krogla, mo\u017enost shranjevanja pomembnih predmetov, suhega cvetja, dekoracija prostorov\",\"breadcrumb\":{\"@id\":\"https:\\\/\\\/lavendea.com\\\/product\\\/dekorativna-krogla\\\/#breadcrumb\"},\"inLanguage\":\"en-GB\",\"potentialAction\":[{\"@type\":\"ReadAction\",\"target\":[\"https:\\\/\\\/lavendea.com\\\/product\\\/dekorativna-krogla\\\/\"]}]},{\"@type\":\"ImageObject\",\"inLanguage\":\"en-GB\",\"@id\":\"https:\\\/\\\/lavendea.com\\\/product\\\/dekorativna-krogla\\\/#primaryimage\",\"url\":\"https:\\\/\\\/lavendea.com\\\/wp-content\\\/uploads\\\/2025\\\/10\\\/Firefly-Sphere-is-made-of-trasparent-resin-and-dried-flowers-in-the-resin.-Vintage-decoration-around.jpg\",\"contentUrl\":\"https:\\\/\\\/lavendea.com\\\/wp-content\\\/uploads\\\/2025\\\/10\\\/Firefly-Sphere-is-made-of-trasparent-resin-and-dried-flowers-in-the-resin.-Vintage-decoration-around.jpg\",\"width\":512,\"height\":512,\"caption\":\"Krogla iz epoksi smole z vrtnico v sredini\"},{\"@type\":\"BreadcrumbList\",\"@id\":\"https:\\\/\\\/lavendea.com\\\/product\\\/dekorativna-krogla\\\/#breadcrumb\",\"itemListElement\":[{\"@type\":\"ListItem\",\"position\":1,\"name\":\"Home\",\"item\":\"https:\\\/\\\/lavendea.com\\\/\"},{\"@type\":\"ListItem\",\"position\":2,\"name\":\"Trgovina\",\"item\":\"https:\\\/\\\/lavendea.com\\\/trgovina\\\/\"},{\"@type\":\"ListItem\",\"position\":3,\"name\":\"Dekorativna krogla\"}]},{\"@type\":\"WebSite\",\"@id\":\"https:\\\/\\\/lavendea.com\\\/#website\",\"url\":\"https:\\\/\\\/lavendea.com\\\/\",\"name\":\"Lavendea\",\"description\":\"\",\"publisher\":{\"@id\":\"https:\\\/\\\/lavendea.com\\\/#organization\"},\"potentialAction\":[{\"@type\":\"SearchAction\",\"target\":{\"@type\":\"EntryPoint\",\"urlTemplate\":\"https:\\\/\\\/lavendea.com\\\/?s={search_term_string}\"},\"query-input\":{\"@type\":\"PropertyValueSpecification\",\"valueRequired\":true,\"valueName\":\"search_term_string\"}}],\"inLanguage\":\"en-GB\"},{\"@type\":\"Organization\",\"@id\":\"https:\\\/\\\/lavendea.com\\\/#organization\",\"name\":\"Lavendea\",\"url\":\"https:\\\/\\\/lavendea.com\\\/\",\"logo\":{\"@type\":\"ImageObject\",\"inLanguage\":\"en-GB\",\"@id\":\"https:\\\/\\\/lavendea.com\\\/#\\\/schema\\\/logo\\\/image\\\/\",\"url\":\"https:\\\/\\\/lavendea.com\\\/wp-content\\\/uploads\\\/2024\\\/02\\\/cropped-Izdelek-brez-naslova-1-2.png\",\"contentUrl\":\"https:\\\/\\\/lavendea.com\\\/wp-content\\\/uploads\\\/2024\\\/02\\\/cropped-Izdelek-brez-naslova-1-2.png\",\"width\":1747,\"height\":1101,\"caption\":\"Lavendea\"},\"image\":{\"@id\":\"https:\\\/\\\/lavendea.com\\\/#\\\/schema\\\/logo\\\/image\\\/\"}}]}<\/script>\n<!-- \/ Yoast SEO plugin. -->","yoast_head_json":{"title":"Dekorativna krogla - Lavendea","description":"unikatni izdelki iz epoksi smole, dekorativna krogla, mo\u017enost shranjevanja pomembnih predmetov, suhega cvetja, dekoracija prostorov","robots":{"index":"index","follow":"follow","max-snippet":"max-snippet:-1","max-image-preview":"max-image-preview:large","max-video-preview":"max-video-preview:-1"},"canonical":"https:\/\/lavendea.com\/en\/product\/dekorativna-krogla\/","og_locale":"en_GB","og_type":"article","og_title":"Dekorativna krogla - Lavendea","og_description":"unikatni izdelki iz epoksi smole, dekorativna krogla, mo\u017enost shranjevanja pomembnih predmetov, suhega cvetja, dekoracija prostorov","og_url":"https:\/\/lavendea.com\/en\/product\/dekorativna-krogla\/","og_site_name":"Lavendea","article_modified_time":"2025-10-30T22:50:34+00:00","og_image":[{"width":512,"height":512,"url":"https:\/\/lavendea.com\/wp-content\/uploads\/2025\/10\/Firefly-Sphere-is-made-of-trasparent-resin-and-dried-flowers-in-the-resin.-Vintage-decoration-around.jpg","type":"image\/jpeg"}],"twitter_card":"summary_large_image","twitter_misc":{"Estimated reading time":"1 minute"},"schema":{"@context":"https:\/\/schema.org","@graph":[{"@type":"WebPage","@id":"https:\/\/lavendea.com\/product\/dekorativna-krogla\/","url":"https:\/\/lavendea.com\/product\/dekorativna-krogla\/","name":"Dekorativna krogla - Lavendea","isPartOf":{"@id":"https:\/\/lavendea.com\/#website"},"primaryImageOfPage":{"@id":"https:\/\/lavendea.com\/product\/dekorativna-krogla\/#primaryimage"},"image":{"@id":"https:\/\/lavendea.com\/product\/dekorativna-krogla\/#primaryimage"},"thumbnailUrl":"https:\/\/lavendea.com\/wp-content\/uploads\/2025\/10\/Firefly-Sphere-is-made-of-trasparent-resin-and-dried-flowers-in-the-resin.-Vintage-decoration-around.jpg","datePublished":"2024-02-24T18:51:09+00:00","dateModified":"2025-10-30T22:50:34+00:00","description":"unikatni izdelki iz epoksi smole, dekorativna krogla, mo\u017enost shranjevanja pomembnih predmetov, suhega cvetja, dekoracija prostorov","breadcrumb":{"@id":"https:\/\/lavendea.com\/product\/dekorativna-krogla\/#breadcrumb"},"inLanguage":"en-GB","potentialAction":[{"@type":"ReadAction","target":["https:\/\/lavendea.com\/product\/dekorativna-krogla\/"]}]},{"@type":"ImageObject","inLanguage":"en-GB","@id":"https:\/\/lavendea.com\/product\/dekorativna-krogla\/#primaryimage","url":"https:\/\/lavendea.com\/wp-content\/uploads\/2025\/10\/Firefly-Sphere-is-made-of-trasparent-resin-and-dried-flowers-in-the-resin.-Vintage-decoration-around.jpg","contentUrl":"https:\/\/lavendea.com\/wp-content\/uploads\/2025\/10\/Firefly-Sphere-is-made-of-trasparent-resin-and-dried-flowers-in-the-resin.-Vintage-decoration-around.jpg","width":512,"height":512,"caption":"Krogla iz epoksi smole z vrtnico v sredini"},{"@type":"BreadcrumbList","@id":"https:\/\/lavendea.com\/product\/dekorativna-krogla\/#breadcrumb","itemListElement":[{"@type":"ListItem","position":1,"name":"Home","item":"https:\/\/lavendea.com\/"},{"@type":"ListItem","position":2,"name":"Trgovina","item":"https:\/\/lavendea.com\/trgovina\/"},{"@type":"ListItem","position":3,"name":"Dekorativna krogla"}]},{"@type":"WebSite","@id":"https:\/\/lavendea.com\/#website","url":"https:\/\/lavendea.com\/","name":"Lavendea","description":"","publisher":{"@id":"https:\/\/lavendea.com\/#organization"},"potentialAction":[{"@type":"SearchAction","target":{"@type":"EntryPoint","urlTemplate":"https:\/\/lavendea.com\/?s={search_term_string}"},"query-input":{"@type":"PropertyValueSpecification","valueRequired":true,"valueName":"search_term_string"}}],"inLanguage":"en-GB"},{"@type":"Organization","@id":"https:\/\/lavendea.com\/#organization","name":"Lavendea","url":"https:\/\/lavendea.com\/","logo":{"@type":"ImageObject","inLanguage":"en-GB","@id":"https:\/\/lavendea.com\/#\/schema\/logo\/image\/","url":"https:\/\/lavendea.com\/wp-content\/uploads\/2024\/02\/cropped-Izdelek-brez-naslova-1-2.png","contentUrl":"https:\/\/lavendea.com\/wp-content\/uploads\/2024\/02\/cropped-Izdelek-brez-naslova-1-2.png","width":1747,"height":1101,"caption":"Lavendea"},"image":{"@id":"https:\/\/lavendea.com\/#\/schema\/logo\/image\/"}}]}},"_links":{"self":[{"href":"https:\/\/lavendea.com\/en\/wp-json\/wp\/v2\/product\/486","targetHints":{"allow":["GET"]}}],"collection":[{"href":"https:\/\/lavendea.com\/en\/wp-json\/wp\/v2\/product"}],"about":[{"href":"https:\/\/lavendea.com\/en\/wp-json\/wp\/v2\/types\/product"}],"replies":[{"embeddable":true,"href":"https:\/\/lavendea.com\/en\/wp-json\/wp\/v2\/comments?post=486"}],"version-history":[{"count":3,"href":"https:\/\/lavendea.com\/en\/wp-json\/wp\/v2\/product\/486\/revisions"}],"predecessor-version":[{"id":12848,"href":"https:\/\/lavendea.com\/en\/wp-json\/wp\/v2\/product\/486\/revisions\/12848"}],"wp:featuredmedia":[{"embeddable":true,"href":"https:\/\/lavendea.com\/en\/wp-json\/wp\/v2\/media\/12521"}],"wp:attachment":[{"href":"https:\/\/lavendea.com\/en\/wp-json\/wp\/v2\/media?parent=486"}],"wp:term":[{"taxonomy":"product_brand","embeddable":true,"href":"https:\/\/lavendea.com\/en\/wp-json\/wp\/v2\/product_brand?post=486"},{"taxonomy":"product_cat","embeddable":true,"href":"https:\/\/lavendea.com\/en\/wp-json\/wp\/v2\/product_cat?post=486"},{"taxonomy":"product_tag","embeddable":true,"href":"https:\/\/lavendea.com\/en\/wp-json\/wp\/v2\/product_tag?post=486"}],"curies":[{"name":"wp","href":"https:\/\/api.w.org\/{rel}","templated":true}]}}