{"id":52,"date":"2024-02-09T22:46:34","date_gmt":"2024-02-09T22:46:34","guid":{"rendered":"https:\/\/lavendea.com\/?post_type=product&#038;p=52"},"modified":"2024-06-18T00:02:10","modified_gmt":"2024-06-17T22:02:10","slug":"naravno-milo-sivka","status":"publish","type":"product","link":"https:\/\/lavendea.com\/en\/product\/naravno-milo-sivka\/","title":{"rendered":"Soap Lavender"},"content":{"rendered":"<p>This unique soap is created with love for nature and care for your skin. The soothing effects of lavender essential oil keep your skin clean and nourished. Coloured with natural clays. The carefully handcrafted soap combines the nourishing properties of coconut and olive oils and the moisturizing properties of castor and almond oils. Shea butter adds a creamy feel, deep hydration and makes your skin smooth and supple.<\/p>\n<p>Lavender is one of the most popular ingredients in natural soap because of its many benefits for the skin. Firstly, lavender has a calming effect on the skin and can help relieve stress and tension. Its gentle scent also has a therapeutic effect on mood. In addition, the lavender in the soap helps to regenerate the skin, gives it a glow and reduces the signs of ageing. It also has antiseptic properties that help prevent infections and treat acne and other skin problems.<\/p>\n<h2>Tips for using and storingLavender soap<\/h2>\n<p>To get the best results from using soap, follow these tips:<\/p>\n<ol>\n<li>Moisten the soap with water before use to create a lather.<\/li>\n<li>Gently massage the soap onto damp skin to create a lather and gently cleanse your face and body.<\/li>\n<li>Avoid contact with eyes as the soap can cause irritation.<\/li>\n<li>After use, rinse the soap thoroughly and allow it to air dry.<\/li>\n<li>To store soap, use a soap dish with a drain hole to avoid water build-up and extend the life of the soap.<\/li>\n<\/ol>\n<p>Our handmade natural soap Lavender is the perfect choice for skin care without artificial fragrances and dyes. Enjoy clean, radiant and healthy skin with this unique natural product.<\/p>","protected":false},"excerpt":{"rendered":"<p>this soap is scented with pure lavender essential oil. Contains coconut oil, almond oil, extra virgin olive oil, shea butter, castor oil. Colored with natural clays. It takes you on a journey through lavender fields.<\/p>\n<p>Indulge in a harmonious blend of natural ingredients with natural lavender soap. The exquisite soap is meticulously crafted to provide a luxurious bathing experience that rejuvenates both body and mind, leaving you feeling balanced and refreshed.<\/p>\n<p>This handmade natural soap embodies sophistication and elegance. It is a testament to the power of nature and the art of handmade skin care.<\/p>","protected":false},"featured_media":209,"comment_status":"open","ping_status":"closed","template":"","meta":[],"product_brand":[],"product_cat":[15,20],"product_tag":[33,34,38,31],"class_list":{"0":"post-52","1":"product","2":"type-product","3":"status-publish","4":"has-post-thumbnail","6":"product_cat-mila-naravno","7":"product_cat-naravna-mila-v-kosu","8":"product_tag-karitejevo-maslo","9":"product_tag-mandljevo-olje","10":"product_tag-ricinusovo-olje","11":"product_tag-sivka","13":"first","14":"instock","15":"featured","16":"shipping-taxable","17":"purchasable","18":"product-type-simple"},"yoast_head":"<!-- This site is optimized with the Yoast SEO plugin v27.3 - https:\/\/yoast.com\/product\/yoast-seo-wordpress\/ -->\n<title>Milo Sivka - Lavendea<\/title>\n<meta name=\"description\" content=\"ro\u010dno izdelano naravno milo eteri\u010dnim oljem sivke. hranljivo, vla\u017eilno, naravni oksidant, absorbira ne\u010disto\u010de, ekolo\u0161ko, veganski izdelek\" \/>\n<meta name=\"robots\" content=\"index, follow, max-snippet:-1, max-image-preview:large, max-video-preview:-1\" \/>\n<link rel=\"canonical\" href=\"https:\/\/lavendea.com\/en\/product\/naravno-milo-sivka\/\" \/>\n<meta property=\"og:locale\" content=\"en_GB\" \/>\n<meta property=\"og:type\" content=\"article\" \/>\n<meta property=\"og:title\" content=\"Milo Sivka - Lavendea\" \/>\n<meta property=\"og:description\" content=\"ro\u010dno izdelano naravno milo eteri\u010dnim oljem sivke. hranljivo, vla\u017eilno, naravni oksidant, absorbira ne\u010disto\u010de, ekolo\u0161ko, veganski izdelek\" \/>\n<meta property=\"og:url\" content=\"https:\/\/lavendea.com\/en\/product\/naravno-milo-sivka\/\" \/>\n<meta property=\"og:site_name\" content=\"Lavendea\" \/>\n<meta property=\"article:modified_time\" content=\"2024-06-17T22:02:10+00:00\" \/>\n<meta property=\"og:image\" content=\"https:\/\/lavendea.com\/wp-content\/uploads\/2024\/02\/openart-image_awoztcVE_1708110917399_raw.jpg\" \/>\n\t<meta property=\"og:image:width\" content=\"1024\" \/>\n\t<meta property=\"og:image:height\" content=\"1024\" \/>\n\t<meta property=\"og:image:type\" content=\"image\/jpeg\" \/>\n<meta name=\"twitter:card\" content=\"summary_large_image\" \/>\n<meta name=\"twitter:label1\" content=\"Estimated reading time\" \/>\n\t<meta name=\"twitter:data1\" content=\"2 minutes\" \/>\n<script type=\"application\/ld+json\" class=\"yoast-schema-graph\">{\"@context\":\"https:\\\/\\\/schema.org\",\"@graph\":[{\"@type\":\"WebPage\",\"@id\":\"https:\\\/\\\/lavendea.com\\\/product\\\/naravno-milo-sivka\\\/\",\"url\":\"https:\\\/\\\/lavendea.com\\\/product\\\/naravno-milo-sivka\\\/\",\"name\":\"Milo Sivka - Lavendea\",\"isPartOf\":{\"@id\":\"https:\\\/\\\/lavendea.com\\\/#website\"},\"primaryImageOfPage\":{\"@id\":\"https:\\\/\\\/lavendea.com\\\/product\\\/naravno-milo-sivka\\\/#primaryimage\"},\"image\":{\"@id\":\"https:\\\/\\\/lavendea.com\\\/product\\\/naravno-milo-sivka\\\/#primaryimage\"},\"thumbnailUrl\":\"https:\\\/\\\/lavendea.com\\\/wp-content\\\/uploads\\\/2024\\\/02\\\/openart-image_awoztcVE_1708110917399_raw.jpg\",\"datePublished\":\"2024-02-09T22:46:34+00:00\",\"dateModified\":\"2024-06-17T22:02:10+00:00\",\"description\":\"ro\u010dno izdelano naravno milo eteri\u010dnim oljem sivke. hranljivo, vla\u017eilno, naravni oksidant, absorbira ne\u010disto\u010de, ekolo\u0161ko, veganski izdelek\",\"breadcrumb\":{\"@id\":\"https:\\\/\\\/lavendea.com\\\/product\\\/naravno-milo-sivka\\\/#breadcrumb\"},\"inLanguage\":\"en-GB\",\"potentialAction\":[{\"@type\":\"ReadAction\",\"target\":[\"https:\\\/\\\/lavendea.com\\\/product\\\/naravno-milo-sivka\\\/\"]}]},{\"@type\":\"ImageObject\",\"inLanguage\":\"en-GB\",\"@id\":\"https:\\\/\\\/lavendea.com\\\/product\\\/naravno-milo-sivka\\\/#primaryimage\",\"url\":\"https:\\\/\\\/lavendea.com\\\/wp-content\\\/uploads\\\/2024\\\/02\\\/openart-image_awoztcVE_1708110917399_raw.jpg\",\"contentUrl\":\"https:\\\/\\\/lavendea.com\\\/wp-content\\\/uploads\\\/2024\\\/02\\\/openart-image_awoztcVE_1708110917399_raw.jpg\",\"width\":1024,\"height\":1024,\"caption\":\"Ro\u010dno izdelana naravna mila na vrvi\"},{\"@type\":\"BreadcrumbList\",\"@id\":\"https:\\\/\\\/lavendea.com\\\/product\\\/naravno-milo-sivka\\\/#breadcrumb\",\"itemListElement\":[{\"@type\":\"ListItem\",\"position\":1,\"name\":\"Home\",\"item\":\"https:\\\/\\\/lavendea.com\\\/\"},{\"@type\":\"ListItem\",\"position\":2,\"name\":\"Trgovina\",\"item\":\"https:\\\/\\\/lavendea.com\\\/trgovina\\\/\"},{\"@type\":\"ListItem\",\"position\":3,\"name\":\"Milo Sivka\"}]},{\"@type\":\"WebSite\",\"@id\":\"https:\\\/\\\/lavendea.com\\\/#website\",\"url\":\"https:\\\/\\\/lavendea.com\\\/\",\"name\":\"Lavendea\",\"description\":\"\",\"publisher\":{\"@id\":\"https:\\\/\\\/lavendea.com\\\/#organization\"},\"potentialAction\":[{\"@type\":\"SearchAction\",\"target\":{\"@type\":\"EntryPoint\",\"urlTemplate\":\"https:\\\/\\\/lavendea.com\\\/?s={search_term_string}\"},\"query-input\":{\"@type\":\"PropertyValueSpecification\",\"valueRequired\":true,\"valueName\":\"search_term_string\"}}],\"inLanguage\":\"en-GB\"},{\"@type\":\"Organization\",\"@id\":\"https:\\\/\\\/lavendea.com\\\/#organization\",\"name\":\"Lavendea\",\"url\":\"https:\\\/\\\/lavendea.com\\\/\",\"logo\":{\"@type\":\"ImageObject\",\"inLanguage\":\"en-GB\",\"@id\":\"https:\\\/\\\/lavendea.com\\\/#\\\/schema\\\/logo\\\/image\\\/\",\"url\":\"https:\\\/\\\/lavendea.com\\\/wp-content\\\/uploads\\\/2024\\\/02\\\/cropped-Izdelek-brez-naslova-1-2.png\",\"contentUrl\":\"https:\\\/\\\/lavendea.com\\\/wp-content\\\/uploads\\\/2024\\\/02\\\/cropped-Izdelek-brez-naslova-1-2.png\",\"width\":1747,\"height\":1101,\"caption\":\"Lavendea\"},\"image\":{\"@id\":\"https:\\\/\\\/lavendea.com\\\/#\\\/schema\\\/logo\\\/image\\\/\"}}]}<\/script>\n<!-- \/ Yoast SEO plugin. -->","yoast_head_json":{"title":"Milo Sivka - Lavendea","description":"ro\u010dno izdelano naravno milo eteri\u010dnim oljem sivke. hranljivo, vla\u017eilno, naravni oksidant, absorbira ne\u010disto\u010de, ekolo\u0161ko, veganski izdelek","robots":{"index":"index","follow":"follow","max-snippet":"max-snippet:-1","max-image-preview":"max-image-preview:large","max-video-preview":"max-video-preview:-1"},"canonical":"https:\/\/lavendea.com\/en\/product\/naravno-milo-sivka\/","og_locale":"en_GB","og_type":"article","og_title":"Milo Sivka - Lavendea","og_description":"ro\u010dno izdelano naravno milo eteri\u010dnim oljem sivke. hranljivo, vla\u017eilno, naravni oksidant, absorbira ne\u010disto\u010de, ekolo\u0161ko, veganski izdelek","og_url":"https:\/\/lavendea.com\/en\/product\/naravno-milo-sivka\/","og_site_name":"Lavendea","article_modified_time":"2024-06-17T22:02:10+00:00","og_image":[{"width":1024,"height":1024,"url":"https:\/\/lavendea.com\/wp-content\/uploads\/2024\/02\/openart-image_awoztcVE_1708110917399_raw.jpg","type":"image\/jpeg"}],"twitter_card":"summary_large_image","twitter_misc":{"Estimated reading time":"2 minutes"},"schema":{"@context":"https:\/\/schema.org","@graph":[{"@type":"WebPage","@id":"https:\/\/lavendea.com\/product\/naravno-milo-sivka\/","url":"https:\/\/lavendea.com\/product\/naravno-milo-sivka\/","name":"Milo Sivka - Lavendea","isPartOf":{"@id":"https:\/\/lavendea.com\/#website"},"primaryImageOfPage":{"@id":"https:\/\/lavendea.com\/product\/naravno-milo-sivka\/#primaryimage"},"image":{"@id":"https:\/\/lavendea.com\/product\/naravno-milo-sivka\/#primaryimage"},"thumbnailUrl":"https:\/\/lavendea.com\/wp-content\/uploads\/2024\/02\/openart-image_awoztcVE_1708110917399_raw.jpg","datePublished":"2024-02-09T22:46:34+00:00","dateModified":"2024-06-17T22:02:10+00:00","description":"ro\u010dno izdelano naravno milo eteri\u010dnim oljem sivke. hranljivo, vla\u017eilno, naravni oksidant, absorbira ne\u010disto\u010de, ekolo\u0161ko, veganski izdelek","breadcrumb":{"@id":"https:\/\/lavendea.com\/product\/naravno-milo-sivka\/#breadcrumb"},"inLanguage":"en-GB","potentialAction":[{"@type":"ReadAction","target":["https:\/\/lavendea.com\/product\/naravno-milo-sivka\/"]}]},{"@type":"ImageObject","inLanguage":"en-GB","@id":"https:\/\/lavendea.com\/product\/naravno-milo-sivka\/#primaryimage","url":"https:\/\/lavendea.com\/wp-content\/uploads\/2024\/02\/openart-image_awoztcVE_1708110917399_raw.jpg","contentUrl":"https:\/\/lavendea.com\/wp-content\/uploads\/2024\/02\/openart-image_awoztcVE_1708110917399_raw.jpg","width":1024,"height":1024,"caption":"Ro\u010dno izdelana naravna mila na vrvi"},{"@type":"BreadcrumbList","@id":"https:\/\/lavendea.com\/product\/naravno-milo-sivka\/#breadcrumb","itemListElement":[{"@type":"ListItem","position":1,"name":"Home","item":"https:\/\/lavendea.com\/"},{"@type":"ListItem","position":2,"name":"Trgovina","item":"https:\/\/lavendea.com\/trgovina\/"},{"@type":"ListItem","position":3,"name":"Milo Sivka"}]},{"@type":"WebSite","@id":"https:\/\/lavendea.com\/#website","url":"https:\/\/lavendea.com\/","name":"Lavendea","description":"","publisher":{"@id":"https:\/\/lavendea.com\/#organization"},"potentialAction":[{"@type":"SearchAction","target":{"@type":"EntryPoint","urlTemplate":"https:\/\/lavendea.com\/?s={search_term_string}"},"query-input":{"@type":"PropertyValueSpecification","valueRequired":true,"valueName":"search_term_string"}}],"inLanguage":"en-GB"},{"@type":"Organization","@id":"https:\/\/lavendea.com\/#organization","name":"Lavendea","url":"https:\/\/lavendea.com\/","logo":{"@type":"ImageObject","inLanguage":"en-GB","@id":"https:\/\/lavendea.com\/#\/schema\/logo\/image\/","url":"https:\/\/lavendea.com\/wp-content\/uploads\/2024\/02\/cropped-Izdelek-brez-naslova-1-2.png","contentUrl":"https:\/\/lavendea.com\/wp-content\/uploads\/2024\/02\/cropped-Izdelek-brez-naslova-1-2.png","width":1747,"height":1101,"caption":"Lavendea"},"image":{"@id":"https:\/\/lavendea.com\/#\/schema\/logo\/image\/"}}]}},"_links":{"self":[{"href":"https:\/\/lavendea.com\/en\/wp-json\/wp\/v2\/product\/52","targetHints":{"allow":["GET"]}}],"collection":[{"href":"https:\/\/lavendea.com\/en\/wp-json\/wp\/v2\/product"}],"about":[{"href":"https:\/\/lavendea.com\/en\/wp-json\/wp\/v2\/types\/product"}],"replies":[{"embeddable":true,"href":"https:\/\/lavendea.com\/en\/wp-json\/wp\/v2\/comments?post=52"}],"version-history":[{"count":2,"href":"https:\/\/lavendea.com\/en\/wp-json\/wp\/v2\/product\/52\/revisions"}],"predecessor-version":[{"id":1464,"href":"https:\/\/lavendea.com\/en\/wp-json\/wp\/v2\/product\/52\/revisions\/1464"}],"wp:featuredmedia":[{"embeddable":true,"href":"https:\/\/lavendea.com\/en\/wp-json\/wp\/v2\/media\/209"}],"wp:attachment":[{"href":"https:\/\/lavendea.com\/en\/wp-json\/wp\/v2\/media?parent=52"}],"wp:term":[{"taxonomy":"product_brand","embeddable":true,"href":"https:\/\/lavendea.com\/en\/wp-json\/wp\/v2\/product_brand?post=52"},{"taxonomy":"product_cat","embeddable":true,"href":"https:\/\/lavendea.com\/en\/wp-json\/wp\/v2\/product_cat?post=52"},{"taxonomy":"product_tag","embeddable":true,"href":"https:\/\/lavendea.com\/en\/wp-json\/wp\/v2\/product_tag?post=52"}],"curies":[{"name":"wp","href":"https:\/\/api.w.org\/{rel}","templated":true}]}}