{"id":54,"date":"2024-02-09T23:07:51","date_gmt":"2024-02-09T23:07:51","guid":{"rendered":"https:\/\/lavendea.com\/?post_type=product&#038;p=54"},"modified":"2026-04-20T19:26:38","modified_gmt":"2026-04-20T17:26:38","slug":"naravno-milo-pomaranca-cimet","status":"publish","type":"product","link":"https:\/\/lavendea.com\/en\/product\/naravno-milo-pomaranca-cimet\/","title":{"rendered":"Soap Orange\/Cinnamon"},"content":{"rendered":"<p>To keep your skin clean and pamper your senses, try a natural soap with orange essential oil and added cinnamon, which envelop your skin in a divine scent and bring many benefits. This handmade product is perfect for those who appreciate natural ingredients and products without artificial additives.<\/p>\n<p>Orange essential oil is known for its anti-bacterial properties that help cleanse the skin and improve its texture. Orange and cinnamon are a combination of scents that will delight you from the first contact with the soap. Each soap is handmade with special attention to detail.<\/p>\n<p>Our soap is handmade with an extremely nourishing formula that keeps the skin nourished and moisturized. The gentle foam created during washing will gently caress your skin, leaving it soft and silky.<\/p>\n<p>Indulge in the world of natural pampering with this sophisticated natural soap. Your skin will be delighted, and you will enjoy the unique experience of daily washing.<\/p>\n<p>Handmade natural soap Orange\/Cinnamon is an excellent choice for anyone who appreciates natural ingredients and takes care of their skin. By using it, you will enjoy the many benefits of orange and cinnamon. In addition, the soap is made with special attention to detail, which gives it a unique value. Switch to handmade natural orange cinnamon soap and take care of your skin the natural way.<\/p>\n<h2>Tips for using and storing Orange\/Cinnamon soap<\/h2>\n<p>To get the best results from using soap, follow these tips:<\/p>\n<ol>\n<li>Moisten the soap with water before use to create a lather.<\/li>\n<li>Gently massage the soap onto damp skin to create a lather and gently cleanse your face and body.<\/li>\n<li>Avoid contact with eyes as the soap can cause irritation.<\/li>\n<li>After use, rinse the soap thoroughly and allow it to air dry.<\/li>\n<li>To store soap, use a soap dish with a drain hole to avoid water build-up and extend the life of the soap.<\/li>\n<\/ol>\n<p>We look forward to you trying our handmade natural orange cinnamon soap and enjoying its fragrant and nourishing properties. Your skin deserves only the best, so choosing natural ingredients is the right step towards health and well-being. Don't forget that nature offers the best solutions for our skin, so take advantage of its gifts and indulge in the magic of Orange\/Cinnamon natural soap.<\/p>","protected":false},"excerpt":{"rendered":"<p>Nicely scented, vegan-friendly soap, suitable for everyday use. Made from essential oil of sweet orange and the addition of cinnamon. Enriched with shea butter for a luxurious lather that keeps your skin nourished. It also contains coconut, almond, olive and castor oil. Coloured with natural clays. The perfect addition to your care or an ideal gift for someone special.<\/p>","protected":false},"featured_media":184,"comment_status":"open","ping_status":"closed","template":"","meta":[],"product_brand":[],"product_cat":[15,20],"product_tag":[44,33,34,43,38],"class_list":{"0":"post-54","1":"product","2":"type-product","3":"status-publish","4":"has-post-thumbnail","6":"product_cat-mila-naravno","7":"product_cat-naravna-mila-v-kosu","8":"product_tag-cimet","9":"product_tag-karitejevo-maslo","10":"product_tag-mandljevo-olje","11":"product_tag-pomaranca","12":"product_tag-ricinusovo-olje","14":"first","15":"instock","16":"shipping-taxable","17":"purchasable","18":"product-type-simple"},"yoast_head":"<!-- This site is optimized with the Yoast SEO plugin v27.3 - https:\/\/yoast.com\/product\/yoast-seo-wordpress\/ -->\n<title>Milo Pomaran\u010da\/Cimet - Lavendea<\/title>\n<meta name=\"description\" content=\"ro\u010dno izdelano naravno milo z eteri\u010dnim oljem pomaran\u010de in cimeta. hranljivo, vla\u017eilno, naravni oksidant, absorbira ne\u010disto\u010de, ekolo\u0161ko, veganski izdelek\" \/>\n<meta name=\"robots\" content=\"index, follow, max-snippet:-1, max-image-preview:large, max-video-preview:-1\" \/>\n<link rel=\"canonical\" href=\"https:\/\/lavendea.com\/en\/product\/naravno-milo-pomaranca-cimet\/\" \/>\n<meta property=\"og:locale\" content=\"en_GB\" \/>\n<meta property=\"og:type\" content=\"article\" \/>\n<meta property=\"og:title\" content=\"Milo Pomaran\u010da\/Cimet - Lavendea\" \/>\n<meta property=\"og:description\" content=\"ro\u010dno izdelano naravno milo z eteri\u010dnim oljem pomaran\u010de in cimeta. hranljivo, vla\u017eilno, naravni oksidant, absorbira ne\u010disto\u010de, ekolo\u0161ko, veganski izdelek\" \/>\n<meta property=\"og:url\" content=\"https:\/\/lavendea.com\/en\/product\/naravno-milo-pomaranca-cimet\/\" \/>\n<meta property=\"og:site_name\" content=\"Lavendea\" \/>\n<meta property=\"article:modified_time\" content=\"2026-04-20T17:26:38+00:00\" \/>\n<meta property=\"og:image\" content=\"https:\/\/lavendea.com\/wp-content\/uploads\/2024\/02\/Firefly-Home-made-soap-orange-cinnamon-27374.jpg\" \/>\n\t<meta property=\"og:image:width\" content=\"2048\" \/>\n\t<meta property=\"og:image:height\" content=\"2048\" \/>\n\t<meta property=\"og:image:type\" content=\"image\/jpeg\" \/>\n<meta name=\"twitter:card\" content=\"summary_large_image\" \/>\n<meta name=\"twitter:label1\" content=\"Estimated reading time\" \/>\n\t<meta name=\"twitter:data1\" content=\"3 minutes\" \/>\n<script type=\"application\/ld+json\" class=\"yoast-schema-graph\">{\"@context\":\"https:\\\/\\\/schema.org\",\"@graph\":[{\"@type\":\"WebPage\",\"@id\":\"https:\\\/\\\/lavendea.com\\\/product\\\/naravno-milo-pomaranca-cimet\\\/\",\"url\":\"https:\\\/\\\/lavendea.com\\\/product\\\/naravno-milo-pomaranca-cimet\\\/\",\"name\":\"Milo Pomaran\u010da\\\/Cimet - Lavendea\",\"isPartOf\":{\"@id\":\"https:\\\/\\\/lavendea.com\\\/#website\"},\"primaryImageOfPage\":{\"@id\":\"https:\\\/\\\/lavendea.com\\\/product\\\/naravno-milo-pomaranca-cimet\\\/#primaryimage\"},\"image\":{\"@id\":\"https:\\\/\\\/lavendea.com\\\/product\\\/naravno-milo-pomaranca-cimet\\\/#primaryimage\"},\"thumbnailUrl\":\"https:\\\/\\\/lavendea.com\\\/wp-content\\\/uploads\\\/2024\\\/02\\\/Firefly-Home-made-soap-orange-cinnamon-27374.jpg\",\"datePublished\":\"2024-02-09T23:07:51+00:00\",\"dateModified\":\"2026-04-20T17:26:38+00:00\",\"description\":\"ro\u010dno izdelano naravno milo z eteri\u010dnim oljem pomaran\u010de in cimeta. hranljivo, vla\u017eilno, naravni oksidant, absorbira ne\u010disto\u010de, ekolo\u0161ko, veganski izdelek\",\"breadcrumb\":{\"@id\":\"https:\\\/\\\/lavendea.com\\\/product\\\/naravno-milo-pomaranca-cimet\\\/#breadcrumb\"},\"inLanguage\":\"en-GB\",\"potentialAction\":[{\"@type\":\"ReadAction\",\"target\":[\"https:\\\/\\\/lavendea.com\\\/product\\\/naravno-milo-pomaranca-cimet\\\/\"]}]},{\"@type\":\"ImageObject\",\"inLanguage\":\"en-GB\",\"@id\":\"https:\\\/\\\/lavendea.com\\\/product\\\/naravno-milo-pomaranca-cimet\\\/#primaryimage\",\"url\":\"https:\\\/\\\/lavendea.com\\\/wp-content\\\/uploads\\\/2024\\\/02\\\/Firefly-Home-made-soap-orange-cinnamon-27374.jpg\",\"contentUrl\":\"https:\\\/\\\/lavendea.com\\\/wp-content\\\/uploads\\\/2024\\\/02\\\/Firefly-Home-made-soap-orange-cinnamon-27374.jpg\",\"width\":2048,\"height\":2048},{\"@type\":\"BreadcrumbList\",\"@id\":\"https:\\\/\\\/lavendea.com\\\/product\\\/naravno-milo-pomaranca-cimet\\\/#breadcrumb\",\"itemListElement\":[{\"@type\":\"ListItem\",\"position\":1,\"name\":\"Home\",\"item\":\"https:\\\/\\\/lavendea.com\\\/\"},{\"@type\":\"ListItem\",\"position\":2,\"name\":\"Trgovina\",\"item\":\"https:\\\/\\\/lavendea.com\\\/trgovina\\\/\"},{\"@type\":\"ListItem\",\"position\":3,\"name\":\"Milo Pomaran\u010da\\\/Cimet\"}]},{\"@type\":\"WebSite\",\"@id\":\"https:\\\/\\\/lavendea.com\\\/#website\",\"url\":\"https:\\\/\\\/lavendea.com\\\/\",\"name\":\"Lavendea\",\"description\":\"\",\"publisher\":{\"@id\":\"https:\\\/\\\/lavendea.com\\\/#organization\"},\"potentialAction\":[{\"@type\":\"SearchAction\",\"target\":{\"@type\":\"EntryPoint\",\"urlTemplate\":\"https:\\\/\\\/lavendea.com\\\/?s={search_term_string}\"},\"query-input\":{\"@type\":\"PropertyValueSpecification\",\"valueRequired\":true,\"valueName\":\"search_term_string\"}}],\"inLanguage\":\"en-GB\"},{\"@type\":\"Organization\",\"@id\":\"https:\\\/\\\/lavendea.com\\\/#organization\",\"name\":\"Lavendea\",\"url\":\"https:\\\/\\\/lavendea.com\\\/\",\"logo\":{\"@type\":\"ImageObject\",\"inLanguage\":\"en-GB\",\"@id\":\"https:\\\/\\\/lavendea.com\\\/#\\\/schema\\\/logo\\\/image\\\/\",\"url\":\"https:\\\/\\\/lavendea.com\\\/wp-content\\\/uploads\\\/2024\\\/02\\\/cropped-Izdelek-brez-naslova-1-2.png\",\"contentUrl\":\"https:\\\/\\\/lavendea.com\\\/wp-content\\\/uploads\\\/2024\\\/02\\\/cropped-Izdelek-brez-naslova-1-2.png\",\"width\":1747,\"height\":1101,\"caption\":\"Lavendea\"},\"image\":{\"@id\":\"https:\\\/\\\/lavendea.com\\\/#\\\/schema\\\/logo\\\/image\\\/\"}}]}<\/script>\n<!-- \/ Yoast SEO plugin. -->","yoast_head_json":{"title":"Milo Pomaran\u010da\/Cimet - Lavendea","description":"ro\u010dno izdelano naravno milo z eteri\u010dnim oljem pomaran\u010de in cimeta. hranljivo, vla\u017eilno, naravni oksidant, absorbira ne\u010disto\u010de, ekolo\u0161ko, veganski izdelek","robots":{"index":"index","follow":"follow","max-snippet":"max-snippet:-1","max-image-preview":"max-image-preview:large","max-video-preview":"max-video-preview:-1"},"canonical":"https:\/\/lavendea.com\/en\/product\/naravno-milo-pomaranca-cimet\/","og_locale":"en_GB","og_type":"article","og_title":"Milo Pomaran\u010da\/Cimet - Lavendea","og_description":"ro\u010dno izdelano naravno milo z eteri\u010dnim oljem pomaran\u010de in cimeta. hranljivo, vla\u017eilno, naravni oksidant, absorbira ne\u010disto\u010de, ekolo\u0161ko, veganski izdelek","og_url":"https:\/\/lavendea.com\/en\/product\/naravno-milo-pomaranca-cimet\/","og_site_name":"Lavendea","article_modified_time":"2026-04-20T17:26:38+00:00","og_image":[{"width":2048,"height":2048,"url":"https:\/\/lavendea.com\/wp-content\/uploads\/2024\/02\/Firefly-Home-made-soap-orange-cinnamon-27374.jpg","type":"image\/jpeg"}],"twitter_card":"summary_large_image","twitter_misc":{"Estimated reading time":"3 minutes"},"schema":{"@context":"https:\/\/schema.org","@graph":[{"@type":"WebPage","@id":"https:\/\/lavendea.com\/product\/naravno-milo-pomaranca-cimet\/","url":"https:\/\/lavendea.com\/product\/naravno-milo-pomaranca-cimet\/","name":"Milo Pomaran\u010da\/Cimet - Lavendea","isPartOf":{"@id":"https:\/\/lavendea.com\/#website"},"primaryImageOfPage":{"@id":"https:\/\/lavendea.com\/product\/naravno-milo-pomaranca-cimet\/#primaryimage"},"image":{"@id":"https:\/\/lavendea.com\/product\/naravno-milo-pomaranca-cimet\/#primaryimage"},"thumbnailUrl":"https:\/\/lavendea.com\/wp-content\/uploads\/2024\/02\/Firefly-Home-made-soap-orange-cinnamon-27374.jpg","datePublished":"2024-02-09T23:07:51+00:00","dateModified":"2026-04-20T17:26:38+00:00","description":"ro\u010dno izdelano naravno milo z eteri\u010dnim oljem pomaran\u010de in cimeta. hranljivo, vla\u017eilno, naravni oksidant, absorbira ne\u010disto\u010de, ekolo\u0161ko, veganski izdelek","breadcrumb":{"@id":"https:\/\/lavendea.com\/product\/naravno-milo-pomaranca-cimet\/#breadcrumb"},"inLanguage":"en-GB","potentialAction":[{"@type":"ReadAction","target":["https:\/\/lavendea.com\/product\/naravno-milo-pomaranca-cimet\/"]}]},{"@type":"ImageObject","inLanguage":"en-GB","@id":"https:\/\/lavendea.com\/product\/naravno-milo-pomaranca-cimet\/#primaryimage","url":"https:\/\/lavendea.com\/wp-content\/uploads\/2024\/02\/Firefly-Home-made-soap-orange-cinnamon-27374.jpg","contentUrl":"https:\/\/lavendea.com\/wp-content\/uploads\/2024\/02\/Firefly-Home-made-soap-orange-cinnamon-27374.jpg","width":2048,"height":2048},{"@type":"BreadcrumbList","@id":"https:\/\/lavendea.com\/product\/naravno-milo-pomaranca-cimet\/#breadcrumb","itemListElement":[{"@type":"ListItem","position":1,"name":"Home","item":"https:\/\/lavendea.com\/"},{"@type":"ListItem","position":2,"name":"Trgovina","item":"https:\/\/lavendea.com\/trgovina\/"},{"@type":"ListItem","position":3,"name":"Milo Pomaran\u010da\/Cimet"}]},{"@type":"WebSite","@id":"https:\/\/lavendea.com\/#website","url":"https:\/\/lavendea.com\/","name":"Lavendea","description":"","publisher":{"@id":"https:\/\/lavendea.com\/#organization"},"potentialAction":[{"@type":"SearchAction","target":{"@type":"EntryPoint","urlTemplate":"https:\/\/lavendea.com\/?s={search_term_string}"},"query-input":{"@type":"PropertyValueSpecification","valueRequired":true,"valueName":"search_term_string"}}],"inLanguage":"en-GB"},{"@type":"Organization","@id":"https:\/\/lavendea.com\/#organization","name":"Lavendea","url":"https:\/\/lavendea.com\/","logo":{"@type":"ImageObject","inLanguage":"en-GB","@id":"https:\/\/lavendea.com\/#\/schema\/logo\/image\/","url":"https:\/\/lavendea.com\/wp-content\/uploads\/2024\/02\/cropped-Izdelek-brez-naslova-1-2.png","contentUrl":"https:\/\/lavendea.com\/wp-content\/uploads\/2024\/02\/cropped-Izdelek-brez-naslova-1-2.png","width":1747,"height":1101,"caption":"Lavendea"},"image":{"@id":"https:\/\/lavendea.com\/#\/schema\/logo\/image\/"}}]}},"_links":{"self":[{"href":"https:\/\/lavendea.com\/en\/wp-json\/wp\/v2\/product\/54","targetHints":{"allow":["GET"]}}],"collection":[{"href":"https:\/\/lavendea.com\/en\/wp-json\/wp\/v2\/product"}],"about":[{"href":"https:\/\/lavendea.com\/en\/wp-json\/wp\/v2\/types\/product"}],"replies":[{"embeddable":true,"href":"https:\/\/lavendea.com\/en\/wp-json\/wp\/v2\/comments?post=54"}],"version-history":[{"count":3,"href":"https:\/\/lavendea.com\/en\/wp-json\/wp\/v2\/product\/54\/revisions"}],"predecessor-version":[{"id":1462,"href":"https:\/\/lavendea.com\/en\/wp-json\/wp\/v2\/product\/54\/revisions\/1462"}],"wp:featuredmedia":[{"embeddable":true,"href":"https:\/\/lavendea.com\/en\/wp-json\/wp\/v2\/media\/184"}],"wp:attachment":[{"href":"https:\/\/lavendea.com\/en\/wp-json\/wp\/v2\/media?parent=54"}],"wp:term":[{"taxonomy":"product_brand","embeddable":true,"href":"https:\/\/lavendea.com\/en\/wp-json\/wp\/v2\/product_brand?post=54"},{"taxonomy":"product_cat","embeddable":true,"href":"https:\/\/lavendea.com\/en\/wp-json\/wp\/v2\/product_cat?post=54"},{"taxonomy":"product_tag","embeddable":true,"href":"https:\/\/lavendea.com\/en\/wp-json\/wp\/v2\/product_tag?post=54"}],"curies":[{"name":"wp","href":"https:\/\/api.w.org\/{rel}","templated":true}]}}