{"id":57,"date":"2024-02-09T23:55:54","date_gmt":"2024-02-09T23:55:54","guid":{"rendered":"https:\/\/lavendea.com\/?post_type=product&#038;p=57"},"modified":"2025-10-31T20:21:31","modified_gmt":"2025-10-31T19:21:31","slug":"naravno-milo-rozmarin-brin","status":"publish","type":"product","link":"https:\/\/lavendea.com\/en\/product\/naravno-milo-rozmarin-brin\/","title":{"rendered":"Soap Rosemary\/Juniper"},"content":{"rendered":"<p>Vabimo vas, da se potopite v svet naravnega \u010di\u0161\u010denja z na\u0161im ro\u010dno izdelanim milom Ro\u017emarin\/Brin. Vsak kos je umetni\u0161ko izdelan s preciznostjo in ljubeznijo do naravnih sestavin. Milo Ro\u017emarin\/Brin je ustvarjeno s skrbjo za va\u0161o ko\u017eo in okolje, brez \u0161kodljivih kemikalij in umetnih di\u0161av. Narejeno je iz me\u0161anice negovalnih sestavin, vklju\u010dno s kokosom in olj\u010dnim oljem, karitejevim maslom, ricinusovim in mandljevim oljem, je popolno za suho in ob\u010dutljivo ko\u017eo. Osve\u017eujo\u010d vonj brinovih jagod in ro\u017emarina bo prebudil va\u0161e \u010dute, ko\u017eo pa o\u010distil in po\u017eivil. Obarvan z naravno glino.<\/p>\n<p>Rosemary is known for its beneficial effects on the skin. It has an anti-inflammatory, soothing and regenerative effect, which will help you achieve a radiant and healthy complexion. The addition of juniper will further improve the condition of your skin, as juniper helps in cleaning and toning the skin and gives it a pleasant smell.<\/p>\n<p>Uporabite ga med tu\u0161iranjem ali kopanjem in u\u017eivajte v vrhunskem luksuzu narave. Milo Ro\u017emarin\/Brin je le korak stran od va\u0161e popolne izku\u0161nje \u010distosti in sve\u017eine.<\/p>\n<p>Join us and discover how nature can revive your skin. Order your bar of handmade rosemary and juniper soap today!<\/p>\n<h2>Tips for using and storing Rosemary\/Juniper soap<\/h2>\n<p>To get the best results from using soap, follow these tips:<\/p>\n<ol>\n<li>Moisten the soap with water before use to create a lather.<\/li>\n<li>Gently massage the soap onto damp skin to create a lather and gently cleanse your face and body.<\/li>\n<li>Avoid contact with eyes as the soap can cause irritation.<\/li>\n<li>After use, rinse the soap thoroughly and allow it to air dry.<\/li>\n<li>To store soap, use a soap dish with a drain hole to avoid water build-up and extend the life of the soap.<\/li>\n<\/ol>","protected":false},"excerpt":{"rendered":"<p>Handmade soap with rosemary and juniper essential oils. Made with a blend of nourishing ingredients including coconut and olive oil, shea butter, castor and almond oil, it's perfect for dry and sensitive skin. The refreshing scent of juniper berries and rosemary will awaken your senses and cleanse and revitalize your skin. Coloured with natural clay. Made with care and love, this soap will leave your skin feeling fresh and rejuvenated.<\/p>","protected":false},"featured_media":4441,"comment_status":"open","ping_status":"closed","template":"","meta":[],"product_brand":[],"product_cat":[15,20],"product_tag":[40,41,33,34,39],"class_list":{"0":"post-57","1":"product","2":"type-product","3":"status-publish","4":"has-post-thumbnail","6":"product_cat-mila-naravno","7":"product_cat-naravna-mila-v-kosu","8":"product_tag-brin","9":"product_tag-brinove-jagode","10":"product_tag-karitejevo-maslo","11":"product_tag-mandljevo-olje","12":"product_tag-rozmarin","14":"first","15":"instock","16":"shipping-taxable","17":"purchasable","18":"product-type-simple"},"yoast_head":"<!-- This site is optimized with the Yoast SEO plugin v27.3 - https:\/\/yoast.com\/product\/yoast-seo-wordpress\/ -->\n<title>Milo Ro\u017emarin\/Brin - Lavendea<\/title>\n<meta name=\"description\" content=\"ro\u010dno izdelano naravno milo z eteri\u010dnim oljem ro\u017emarina in brina, hranljivo, vla\u017eilno, naravni oksidant, absorbira ne\u010disto\u010de, ekolo\u0161ko, veganski izdelek\" \/>\n<meta name=\"robots\" content=\"index, follow, max-snippet:-1, max-image-preview:large, max-video-preview:-1\" \/>\n<link rel=\"canonical\" href=\"https:\/\/lavendea.com\/en\/product\/naravno-milo-rozmarin-brin\/\" \/>\n<meta property=\"og:locale\" content=\"en_GB\" \/>\n<meta property=\"og:type\" content=\"article\" \/>\n<meta property=\"og:title\" content=\"Milo Ro\u017emarin\/Brin - Lavendea\" \/>\n<meta property=\"og:description\" content=\"ro\u010dno izdelano naravno milo z eteri\u010dnim oljem ro\u017emarina in brina, hranljivo, vla\u017eilno, naravni oksidant, absorbira ne\u010disto\u010de, ekolo\u0161ko, veganski izdelek\" \/>\n<meta property=\"og:url\" content=\"https:\/\/lavendea.com\/en\/product\/naravno-milo-rozmarin-brin\/\" \/>\n<meta property=\"og:site_name\" content=\"Lavendea\" \/>\n<meta property=\"article:modified_time\" content=\"2025-10-31T19:21:31+00:00\" \/>\n<meta property=\"og:image\" content=\"https:\/\/lavendea.com\/wp-content\/uploads\/2024\/02\/Firefly-Handmade-natural-soap-rosemary-and-juniper.-Rustic-scene-74917.jpg\" \/>\n\t<meta property=\"og:image:width\" content=\"2048\" \/>\n\t<meta property=\"og:image:height\" content=\"2048\" \/>\n\t<meta property=\"og:image:type\" content=\"image\/jpeg\" \/>\n<meta name=\"twitter:card\" content=\"summary_large_image\" \/>\n<meta name=\"twitter:label1\" content=\"Estimated reading time\" \/>\n\t<meta name=\"twitter:data1\" content=\"2 minutes\" \/>\n<script type=\"application\/ld+json\" class=\"yoast-schema-graph\">{\"@context\":\"https:\\\/\\\/schema.org\",\"@graph\":[{\"@type\":\"WebPage\",\"@id\":\"https:\\\/\\\/lavendea.com\\\/product\\\/naravno-milo-rozmarin-brin\\\/\",\"url\":\"https:\\\/\\\/lavendea.com\\\/product\\\/naravno-milo-rozmarin-brin\\\/\",\"name\":\"Milo Ro\u017emarin\\\/Brin - Lavendea\",\"isPartOf\":{\"@id\":\"https:\\\/\\\/lavendea.com\\\/#website\"},\"primaryImageOfPage\":{\"@id\":\"https:\\\/\\\/lavendea.com\\\/product\\\/naravno-milo-rozmarin-brin\\\/#primaryimage\"},\"image\":{\"@id\":\"https:\\\/\\\/lavendea.com\\\/product\\\/naravno-milo-rozmarin-brin\\\/#primaryimage\"},\"thumbnailUrl\":\"https:\\\/\\\/lavendea.com\\\/wp-content\\\/uploads\\\/2024\\\/02\\\/Firefly-Handmade-natural-soap-rosemary-and-juniper.-Rustic-scene-74917.jpg\",\"datePublished\":\"2024-02-09T23:55:54+00:00\",\"dateModified\":\"2025-10-31T19:21:31+00:00\",\"description\":\"ro\u010dno izdelano naravno milo z eteri\u010dnim oljem ro\u017emarina in brina, hranljivo, vla\u017eilno, naravni oksidant, absorbira ne\u010disto\u010de, ekolo\u0161ko, veganski izdelek\",\"breadcrumb\":{\"@id\":\"https:\\\/\\\/lavendea.com\\\/product\\\/naravno-milo-rozmarin-brin\\\/#breadcrumb\"},\"inLanguage\":\"en-GB\",\"potentialAction\":[{\"@type\":\"ReadAction\",\"target\":[\"https:\\\/\\\/lavendea.com\\\/product\\\/naravno-milo-rozmarin-brin\\\/\"]}]},{\"@type\":\"ImageObject\",\"inLanguage\":\"en-GB\",\"@id\":\"https:\\\/\\\/lavendea.com\\\/product\\\/naravno-milo-rozmarin-brin\\\/#primaryimage\",\"url\":\"https:\\\/\\\/lavendea.com\\\/wp-content\\\/uploads\\\/2024\\\/02\\\/Firefly-Handmade-natural-soap-rosemary-and-juniper.-Rustic-scene-74917.jpg\",\"contentUrl\":\"https:\\\/\\\/lavendea.com\\\/wp-content\\\/uploads\\\/2024\\\/02\\\/Firefly-Handmade-natural-soap-rosemary-and-juniper.-Rustic-scene-74917.jpg\",\"width\":2048,\"height\":2048,\"caption\":\"Milo Ro\u017emarin\\\/Brin\"},{\"@type\":\"BreadcrumbList\",\"@id\":\"https:\\\/\\\/lavendea.com\\\/product\\\/naravno-milo-rozmarin-brin\\\/#breadcrumb\",\"itemListElement\":[{\"@type\":\"ListItem\",\"position\":1,\"name\":\"Home\",\"item\":\"https:\\\/\\\/lavendea.com\\\/\"},{\"@type\":\"ListItem\",\"position\":2,\"name\":\"Trgovina\",\"item\":\"https:\\\/\\\/lavendea.com\\\/trgovina\\\/\"},{\"@type\":\"ListItem\",\"position\":3,\"name\":\"Milo Ro\u017emarin\\\/Brin\"}]},{\"@type\":\"WebSite\",\"@id\":\"https:\\\/\\\/lavendea.com\\\/#website\",\"url\":\"https:\\\/\\\/lavendea.com\\\/\",\"name\":\"Lavendea\",\"description\":\"\",\"publisher\":{\"@id\":\"https:\\\/\\\/lavendea.com\\\/#organization\"},\"potentialAction\":[{\"@type\":\"SearchAction\",\"target\":{\"@type\":\"EntryPoint\",\"urlTemplate\":\"https:\\\/\\\/lavendea.com\\\/?s={search_term_string}\"},\"query-input\":{\"@type\":\"PropertyValueSpecification\",\"valueRequired\":true,\"valueName\":\"search_term_string\"}}],\"inLanguage\":\"en-GB\"},{\"@type\":\"Organization\",\"@id\":\"https:\\\/\\\/lavendea.com\\\/#organization\",\"name\":\"Lavendea\",\"url\":\"https:\\\/\\\/lavendea.com\\\/\",\"logo\":{\"@type\":\"ImageObject\",\"inLanguage\":\"en-GB\",\"@id\":\"https:\\\/\\\/lavendea.com\\\/#\\\/schema\\\/logo\\\/image\\\/\",\"url\":\"https:\\\/\\\/lavendea.com\\\/wp-content\\\/uploads\\\/2024\\\/02\\\/cropped-Izdelek-brez-naslova-1-2.png\",\"contentUrl\":\"https:\\\/\\\/lavendea.com\\\/wp-content\\\/uploads\\\/2024\\\/02\\\/cropped-Izdelek-brez-naslova-1-2.png\",\"width\":1747,\"height\":1101,\"caption\":\"Lavendea\"},\"image\":{\"@id\":\"https:\\\/\\\/lavendea.com\\\/#\\\/schema\\\/logo\\\/image\\\/\"}}]}<\/script>\n<!-- \/ Yoast SEO plugin. -->","yoast_head_json":{"title":"Milo Ro\u017emarin\/Brin - Lavendea","description":"ro\u010dno izdelano naravno milo z eteri\u010dnim oljem ro\u017emarina in brina, hranljivo, vla\u017eilno, naravni oksidant, absorbira ne\u010disto\u010de, ekolo\u0161ko, veganski izdelek","robots":{"index":"index","follow":"follow","max-snippet":"max-snippet:-1","max-image-preview":"max-image-preview:large","max-video-preview":"max-video-preview:-1"},"canonical":"https:\/\/lavendea.com\/en\/product\/naravno-milo-rozmarin-brin\/","og_locale":"en_GB","og_type":"article","og_title":"Milo Ro\u017emarin\/Brin - Lavendea","og_description":"ro\u010dno izdelano naravno milo z eteri\u010dnim oljem ro\u017emarina in brina, hranljivo, vla\u017eilno, naravni oksidant, absorbira ne\u010disto\u010de, ekolo\u0161ko, veganski izdelek","og_url":"https:\/\/lavendea.com\/en\/product\/naravno-milo-rozmarin-brin\/","og_site_name":"Lavendea","article_modified_time":"2025-10-31T19:21:31+00:00","og_image":[{"width":2048,"height":2048,"url":"https:\/\/lavendea.com\/wp-content\/uploads\/2024\/02\/Firefly-Handmade-natural-soap-rosemary-and-juniper.-Rustic-scene-74917.jpg","type":"image\/jpeg"}],"twitter_card":"summary_large_image","twitter_misc":{"Estimated reading time":"2 minutes"},"schema":{"@context":"https:\/\/schema.org","@graph":[{"@type":"WebPage","@id":"https:\/\/lavendea.com\/product\/naravno-milo-rozmarin-brin\/","url":"https:\/\/lavendea.com\/product\/naravno-milo-rozmarin-brin\/","name":"Milo Ro\u017emarin\/Brin - Lavendea","isPartOf":{"@id":"https:\/\/lavendea.com\/#website"},"primaryImageOfPage":{"@id":"https:\/\/lavendea.com\/product\/naravno-milo-rozmarin-brin\/#primaryimage"},"image":{"@id":"https:\/\/lavendea.com\/product\/naravno-milo-rozmarin-brin\/#primaryimage"},"thumbnailUrl":"https:\/\/lavendea.com\/wp-content\/uploads\/2024\/02\/Firefly-Handmade-natural-soap-rosemary-and-juniper.-Rustic-scene-74917.jpg","datePublished":"2024-02-09T23:55:54+00:00","dateModified":"2025-10-31T19:21:31+00:00","description":"ro\u010dno izdelano naravno milo z eteri\u010dnim oljem ro\u017emarina in brina, hranljivo, vla\u017eilno, naravni oksidant, absorbira ne\u010disto\u010de, ekolo\u0161ko, veganski izdelek","breadcrumb":{"@id":"https:\/\/lavendea.com\/product\/naravno-milo-rozmarin-brin\/#breadcrumb"},"inLanguage":"en-GB","potentialAction":[{"@type":"ReadAction","target":["https:\/\/lavendea.com\/product\/naravno-milo-rozmarin-brin\/"]}]},{"@type":"ImageObject","inLanguage":"en-GB","@id":"https:\/\/lavendea.com\/product\/naravno-milo-rozmarin-brin\/#primaryimage","url":"https:\/\/lavendea.com\/wp-content\/uploads\/2024\/02\/Firefly-Handmade-natural-soap-rosemary-and-juniper.-Rustic-scene-74917.jpg","contentUrl":"https:\/\/lavendea.com\/wp-content\/uploads\/2024\/02\/Firefly-Handmade-natural-soap-rosemary-and-juniper.-Rustic-scene-74917.jpg","width":2048,"height":2048,"caption":"Milo Ro\u017emarin\/Brin"},{"@type":"BreadcrumbList","@id":"https:\/\/lavendea.com\/product\/naravno-milo-rozmarin-brin\/#breadcrumb","itemListElement":[{"@type":"ListItem","position":1,"name":"Home","item":"https:\/\/lavendea.com\/"},{"@type":"ListItem","position":2,"name":"Trgovina","item":"https:\/\/lavendea.com\/trgovina\/"},{"@type":"ListItem","position":3,"name":"Milo Ro\u017emarin\/Brin"}]},{"@type":"WebSite","@id":"https:\/\/lavendea.com\/#website","url":"https:\/\/lavendea.com\/","name":"Lavendea","description":"","publisher":{"@id":"https:\/\/lavendea.com\/#organization"},"potentialAction":[{"@type":"SearchAction","target":{"@type":"EntryPoint","urlTemplate":"https:\/\/lavendea.com\/?s={search_term_string}"},"query-input":{"@type":"PropertyValueSpecification","valueRequired":true,"valueName":"search_term_string"}}],"inLanguage":"en-GB"},{"@type":"Organization","@id":"https:\/\/lavendea.com\/#organization","name":"Lavendea","url":"https:\/\/lavendea.com\/","logo":{"@type":"ImageObject","inLanguage":"en-GB","@id":"https:\/\/lavendea.com\/#\/schema\/logo\/image\/","url":"https:\/\/lavendea.com\/wp-content\/uploads\/2024\/02\/cropped-Izdelek-brez-naslova-1-2.png","contentUrl":"https:\/\/lavendea.com\/wp-content\/uploads\/2024\/02\/cropped-Izdelek-brez-naslova-1-2.png","width":1747,"height":1101,"caption":"Lavendea"},"image":{"@id":"https:\/\/lavendea.com\/#\/schema\/logo\/image\/"}}]}},"_links":{"self":[{"href":"https:\/\/lavendea.com\/en\/wp-json\/wp\/v2\/product\/57","targetHints":{"allow":["GET"]}}],"collection":[{"href":"https:\/\/lavendea.com\/en\/wp-json\/wp\/v2\/product"}],"about":[{"href":"https:\/\/lavendea.com\/en\/wp-json\/wp\/v2\/types\/product"}],"replies":[{"embeddable":true,"href":"https:\/\/lavendea.com\/en\/wp-json\/wp\/v2\/comments?post=57"}],"version-history":[{"count":3,"href":"https:\/\/lavendea.com\/en\/wp-json\/wp\/v2\/product\/57\/revisions"}],"predecessor-version":[{"id":12874,"href":"https:\/\/lavendea.com\/en\/wp-json\/wp\/v2\/product\/57\/revisions\/12874"}],"wp:featuredmedia":[{"embeddable":true,"href":"https:\/\/lavendea.com\/en\/wp-json\/wp\/v2\/media\/4441"}],"wp:attachment":[{"href":"https:\/\/lavendea.com\/en\/wp-json\/wp\/v2\/media?parent=57"}],"wp:term":[{"taxonomy":"product_brand","embeddable":true,"href":"https:\/\/lavendea.com\/en\/wp-json\/wp\/v2\/product_brand?post=57"},{"taxonomy":"product_cat","embeddable":true,"href":"https:\/\/lavendea.com\/en\/wp-json\/wp\/v2\/product_cat?post=57"},{"taxonomy":"product_tag","embeddable":true,"href":"https:\/\/lavendea.com\/en\/wp-json\/wp\/v2\/product_tag?post=57"}],"curies":[{"name":"wp","href":"https:\/\/api.w.org\/{rel}","templated":true}]}}