{"id":58,"date":"2024-02-10T00:30:45","date_gmt":"2024-02-10T00:30:45","guid":{"rendered":"https:\/\/lavendea.com\/?post_type=product&#038;p=58"},"modified":"2025-04-29T13:54:29","modified_gmt":"2025-04-29T11:54:29","slug":"naravno-milo-vrtnice-pelargonije","status":"publish","type":"product","link":"https:\/\/lavendea.com\/en\/product\/naravno-milo-vrtnice-pelargonije\/","title":{"rendered":"Soap Rose Geranium"},"content":{"rendered":"<p>Have you ever wondered how you would feel and look if you took care of your skin in a natural way? We present you a handmade natural soap with the scent of geranium rose. This soap not only cleans your skin, but also moisturizes it and restores its natural balance.<\/p>\n<p>Our special blend of natural ingredients such as olive, coconut, almond and castor oil and shea butter provides gentle care and protects your skin from dryness and moisture loss. The soap is suitable for all skin types, even for sensitive skin. Rose Pelargonium essential oil is full of benefits for the body, skin and spirit. The combination of nourishing oils and butter provides incredible moisture, making it an excellent soap for eczema and dry skin. The scent of the geranium rose will pamper your senses and offer you moments of relaxation in your daily routine.<\/p>\n<p>Our handmade natural soaps are made with passion and care and contain only the best natural ingredients. Each soap is unique, handmade and decorated, giving you a feeling of real specialness and pampering. Try our geranium rose scented soap and let your skin naturally and radiantly revive. Pamper yourself or a loved one with this beautiful handmade soap.<\/p>\n<h2>Tips for using and storing Rose Pelargonia soap<\/h2>\n<p>To get the best results from using soap, follow these tips:<\/p>\n<ol>\n<li>Moisten the soap with water before use to create a lather.<\/li>\n<li>Gently massage the soap onto damp skin to create a lather and gently cleanse your face and body.<\/li>\n<li>Avoid contact with eyes as the soap can cause irritation.<\/li>\n<li>After use, rinse the soap thoroughly and allow it to air dry.<\/li>\n<li>To store soap, use a soap dish with a drain hole to avoid water build-up and extend the life of the soap.<\/li>\n<\/ol>","protected":false},"excerpt":{"rendered":"<p>Handmade natural soap with the scent of geranium rose is an invaluable skin care product. Its natural ingredients and moisturizing properties help maintain the health and beauty of the skin. In addition, the scent of the geranium rose helps to relax and creates a pleasant experience while washi<\/p>\n<p>Try our handmade natural Rose Pelargonium soap and let your skin come alive naturally and radiantly. You won't regret it!<\/p>","protected":false},"featured_media":229,"comment_status":"open","ping_status":"closed","template":"","meta":[],"product_brand":[],"product_cat":[15,20],"product_tag":[37,34,36,38,35],"class_list":{"0":"post-58","1":"product","2":"type-product","3":"status-publish","4":"has-post-thumbnail","6":"product_cat-mila-naravno","7":"product_cat-naravna-mila-v-kosu","8":"product_tag-karitejevo-malso","9":"product_tag-mandljevo-olje","10":"product_tag-pelargonija","11":"product_tag-ricinusovo-olje","12":"product_tag-vrtnica","14":"first","15":"instock","16":"featured","17":"shipping-taxable","18":"purchasable","19":"product-type-simple"},"yoast_head":"<!-- This site is optimized with the Yoast SEO plugin v27.3 - https:\/\/yoast.com\/product\/yoast-seo-wordpress\/ -->\n<title>Milo Vrtnica Pelargonija - Lavendea<\/title>\n<meta name=\"description\" content=\"ro\u010dno izdelano naravno milo z eteri\u010dnim oljem vrtnice pelargonije. hranljivo, vla\u017eilno, naravni oksidant, absorbira ne\u010disto\u010de, ekolo\u0161ko, veganski izdelek\" \/>\n<meta name=\"robots\" content=\"index, follow, max-snippet:-1, max-image-preview:large, max-video-preview:-1\" \/>\n<link rel=\"canonical\" href=\"https:\/\/lavendea.com\/en\/product\/naravno-milo-vrtnice-pelargonije\/\" \/>\n<meta property=\"og:locale\" content=\"en_GB\" \/>\n<meta property=\"og:type\" content=\"article\" \/>\n<meta property=\"og:title\" content=\"Milo Vrtnica Pelargonija - Lavendea\" \/>\n<meta property=\"og:description\" content=\"ro\u010dno izdelano naravno milo z eteri\u010dnim oljem vrtnice pelargonije. hranljivo, vla\u017eilno, naravni oksidant, absorbira ne\u010disto\u010de, ekolo\u0161ko, veganski izdelek\" \/>\n<meta property=\"og:url\" content=\"https:\/\/lavendea.com\/en\/product\/naravno-milo-vrtnice-pelargonije\/\" \/>\n<meta property=\"og:site_name\" content=\"Lavendea\" \/>\n<meta property=\"article:modified_time\" content=\"2025-04-29T11:54:29+00:00\" \/>\n<meta property=\"og:image\" content=\"https:\/\/lavendea.com\/wp-content\/uploads\/2024\/02\/20240216_230507.png\" \/>\n\t<meta property=\"og:image:width\" content=\"624\" \/>\n\t<meta property=\"og:image:height\" content=\"624\" \/>\n\t<meta property=\"og:image:type\" content=\"image\/png\" \/>\n<meta name=\"twitter:card\" content=\"summary_large_image\" \/>\n<meta name=\"twitter:label1\" content=\"Estimated reading time\" \/>\n\t<meta name=\"twitter:data1\" content=\"2 minutes\" \/>\n<script type=\"application\/ld+json\" class=\"yoast-schema-graph\">{\"@context\":\"https:\\\/\\\/schema.org\",\"@graph\":[{\"@type\":\"WebPage\",\"@id\":\"https:\\\/\\\/lavendea.com\\\/product\\\/naravno-milo-vrtnice-pelargonije\\\/\",\"url\":\"https:\\\/\\\/lavendea.com\\\/product\\\/naravno-milo-vrtnice-pelargonije\\\/\",\"name\":\"Milo Vrtnica Pelargonija - Lavendea\",\"isPartOf\":{\"@id\":\"https:\\\/\\\/lavendea.com\\\/#website\"},\"primaryImageOfPage\":{\"@id\":\"https:\\\/\\\/lavendea.com\\\/product\\\/naravno-milo-vrtnice-pelargonije\\\/#primaryimage\"},\"image\":{\"@id\":\"https:\\\/\\\/lavendea.com\\\/product\\\/naravno-milo-vrtnice-pelargonije\\\/#primaryimage\"},\"thumbnailUrl\":\"https:\\\/\\\/lavendea.com\\\/wp-content\\\/uploads\\\/2024\\\/02\\\/20240216_230507.png\",\"datePublished\":\"2024-02-10T00:30:45+00:00\",\"dateModified\":\"2025-04-29T11:54:29+00:00\",\"description\":\"ro\u010dno izdelano naravno milo z eteri\u010dnim oljem vrtnice pelargonije. hranljivo, vla\u017eilno, naravni oksidant, absorbira ne\u010disto\u010de, ekolo\u0161ko, veganski izdelek\",\"breadcrumb\":{\"@id\":\"https:\\\/\\\/lavendea.com\\\/product\\\/naravno-milo-vrtnice-pelargonije\\\/#breadcrumb\"},\"inLanguage\":\"en-GB\",\"potentialAction\":[{\"@type\":\"ReadAction\",\"target\":[\"https:\\\/\\\/lavendea.com\\\/product\\\/naravno-milo-vrtnice-pelargonije\\\/\"]}]},{\"@type\":\"ImageObject\",\"inLanguage\":\"en-GB\",\"@id\":\"https:\\\/\\\/lavendea.com\\\/product\\\/naravno-milo-vrtnice-pelargonije\\\/#primaryimage\",\"url\":\"https:\\\/\\\/lavendea.com\\\/wp-content\\\/uploads\\\/2024\\\/02\\\/20240216_230507.png\",\"contentUrl\":\"https:\\\/\\\/lavendea.com\\\/wp-content\\\/uploads\\\/2024\\\/02\\\/20240216_230507.png\",\"width\":624,\"height\":624,\"caption\":\"Ro\u010dno izdelana naravna mila vrtnica pelargonija\"},{\"@type\":\"BreadcrumbList\",\"@id\":\"https:\\\/\\\/lavendea.com\\\/product\\\/naravno-milo-vrtnice-pelargonije\\\/#breadcrumb\",\"itemListElement\":[{\"@type\":\"ListItem\",\"position\":1,\"name\":\"Home\",\"item\":\"https:\\\/\\\/lavendea.com\\\/\"},{\"@type\":\"ListItem\",\"position\":2,\"name\":\"Trgovina\",\"item\":\"https:\\\/\\\/lavendea.com\\\/trgovina\\\/\"},{\"@type\":\"ListItem\",\"position\":3,\"name\":\"Milo Vrtnica Pelargonija\"}]},{\"@type\":\"WebSite\",\"@id\":\"https:\\\/\\\/lavendea.com\\\/#website\",\"url\":\"https:\\\/\\\/lavendea.com\\\/\",\"name\":\"Lavendea\",\"description\":\"\",\"publisher\":{\"@id\":\"https:\\\/\\\/lavendea.com\\\/#organization\"},\"potentialAction\":[{\"@type\":\"SearchAction\",\"target\":{\"@type\":\"EntryPoint\",\"urlTemplate\":\"https:\\\/\\\/lavendea.com\\\/?s={search_term_string}\"},\"query-input\":{\"@type\":\"PropertyValueSpecification\",\"valueRequired\":true,\"valueName\":\"search_term_string\"}}],\"inLanguage\":\"en-GB\"},{\"@type\":\"Organization\",\"@id\":\"https:\\\/\\\/lavendea.com\\\/#organization\",\"name\":\"Lavendea\",\"url\":\"https:\\\/\\\/lavendea.com\\\/\",\"logo\":{\"@type\":\"ImageObject\",\"inLanguage\":\"en-GB\",\"@id\":\"https:\\\/\\\/lavendea.com\\\/#\\\/schema\\\/logo\\\/image\\\/\",\"url\":\"https:\\\/\\\/lavendea.com\\\/wp-content\\\/uploads\\\/2024\\\/02\\\/cropped-Izdelek-brez-naslova-1-2.png\",\"contentUrl\":\"https:\\\/\\\/lavendea.com\\\/wp-content\\\/uploads\\\/2024\\\/02\\\/cropped-Izdelek-brez-naslova-1-2.png\",\"width\":1747,\"height\":1101,\"caption\":\"Lavendea\"},\"image\":{\"@id\":\"https:\\\/\\\/lavendea.com\\\/#\\\/schema\\\/logo\\\/image\\\/\"}}]}<\/script>\n<!-- \/ Yoast SEO plugin. -->","yoast_head_json":{"title":"Milo Vrtnica Pelargonija - Lavendea","description":"ro\u010dno izdelano naravno milo z eteri\u010dnim oljem vrtnice pelargonije. hranljivo, vla\u017eilno, naravni oksidant, absorbira ne\u010disto\u010de, ekolo\u0161ko, veganski izdelek","robots":{"index":"index","follow":"follow","max-snippet":"max-snippet:-1","max-image-preview":"max-image-preview:large","max-video-preview":"max-video-preview:-1"},"canonical":"https:\/\/lavendea.com\/en\/product\/naravno-milo-vrtnice-pelargonije\/","og_locale":"en_GB","og_type":"article","og_title":"Milo Vrtnica Pelargonija - Lavendea","og_description":"ro\u010dno izdelano naravno milo z eteri\u010dnim oljem vrtnice pelargonije. hranljivo, vla\u017eilno, naravni oksidant, absorbira ne\u010disto\u010de, ekolo\u0161ko, veganski izdelek","og_url":"https:\/\/lavendea.com\/en\/product\/naravno-milo-vrtnice-pelargonije\/","og_site_name":"Lavendea","article_modified_time":"2025-04-29T11:54:29+00:00","og_image":[{"width":624,"height":624,"url":"https:\/\/lavendea.com\/wp-content\/uploads\/2024\/02\/20240216_230507.png","type":"image\/png"}],"twitter_card":"summary_large_image","twitter_misc":{"Estimated reading time":"2 minutes"},"schema":{"@context":"https:\/\/schema.org","@graph":[{"@type":"WebPage","@id":"https:\/\/lavendea.com\/product\/naravno-milo-vrtnice-pelargonije\/","url":"https:\/\/lavendea.com\/product\/naravno-milo-vrtnice-pelargonije\/","name":"Milo Vrtnica Pelargonija - Lavendea","isPartOf":{"@id":"https:\/\/lavendea.com\/#website"},"primaryImageOfPage":{"@id":"https:\/\/lavendea.com\/product\/naravno-milo-vrtnice-pelargonije\/#primaryimage"},"image":{"@id":"https:\/\/lavendea.com\/product\/naravno-milo-vrtnice-pelargonije\/#primaryimage"},"thumbnailUrl":"https:\/\/lavendea.com\/wp-content\/uploads\/2024\/02\/20240216_230507.png","datePublished":"2024-02-10T00:30:45+00:00","dateModified":"2025-04-29T11:54:29+00:00","description":"ro\u010dno izdelano naravno milo z eteri\u010dnim oljem vrtnice pelargonije. hranljivo, vla\u017eilno, naravni oksidant, absorbira ne\u010disto\u010de, ekolo\u0161ko, veganski izdelek","breadcrumb":{"@id":"https:\/\/lavendea.com\/product\/naravno-milo-vrtnice-pelargonije\/#breadcrumb"},"inLanguage":"en-GB","potentialAction":[{"@type":"ReadAction","target":["https:\/\/lavendea.com\/product\/naravno-milo-vrtnice-pelargonije\/"]}]},{"@type":"ImageObject","inLanguage":"en-GB","@id":"https:\/\/lavendea.com\/product\/naravno-milo-vrtnice-pelargonije\/#primaryimage","url":"https:\/\/lavendea.com\/wp-content\/uploads\/2024\/02\/20240216_230507.png","contentUrl":"https:\/\/lavendea.com\/wp-content\/uploads\/2024\/02\/20240216_230507.png","width":624,"height":624,"caption":"Ro\u010dno izdelana naravna mila vrtnica pelargonija"},{"@type":"BreadcrumbList","@id":"https:\/\/lavendea.com\/product\/naravno-milo-vrtnice-pelargonije\/#breadcrumb","itemListElement":[{"@type":"ListItem","position":1,"name":"Home","item":"https:\/\/lavendea.com\/"},{"@type":"ListItem","position":2,"name":"Trgovina","item":"https:\/\/lavendea.com\/trgovina\/"},{"@type":"ListItem","position":3,"name":"Milo Vrtnica Pelargonija"}]},{"@type":"WebSite","@id":"https:\/\/lavendea.com\/#website","url":"https:\/\/lavendea.com\/","name":"Lavendea","description":"","publisher":{"@id":"https:\/\/lavendea.com\/#organization"},"potentialAction":[{"@type":"SearchAction","target":{"@type":"EntryPoint","urlTemplate":"https:\/\/lavendea.com\/?s={search_term_string}"},"query-input":{"@type":"PropertyValueSpecification","valueRequired":true,"valueName":"search_term_string"}}],"inLanguage":"en-GB"},{"@type":"Organization","@id":"https:\/\/lavendea.com\/#organization","name":"Lavendea","url":"https:\/\/lavendea.com\/","logo":{"@type":"ImageObject","inLanguage":"en-GB","@id":"https:\/\/lavendea.com\/#\/schema\/logo\/image\/","url":"https:\/\/lavendea.com\/wp-content\/uploads\/2024\/02\/cropped-Izdelek-brez-naslova-1-2.png","contentUrl":"https:\/\/lavendea.com\/wp-content\/uploads\/2024\/02\/cropped-Izdelek-brez-naslova-1-2.png","width":1747,"height":1101,"caption":"Lavendea"},"image":{"@id":"https:\/\/lavendea.com\/#\/schema\/logo\/image\/"}}]}},"_links":{"self":[{"href":"https:\/\/lavendea.com\/en\/wp-json\/wp\/v2\/product\/58","targetHints":{"allow":["GET"]}}],"collection":[{"href":"https:\/\/lavendea.com\/en\/wp-json\/wp\/v2\/product"}],"about":[{"href":"https:\/\/lavendea.com\/en\/wp-json\/wp\/v2\/types\/product"}],"replies":[{"embeddable":true,"href":"https:\/\/lavendea.com\/en\/wp-json\/wp\/v2\/comments?post=58"}],"version-history":[{"count":2,"href":"https:\/\/lavendea.com\/en\/wp-json\/wp\/v2\/product\/58\/revisions"}],"predecessor-version":[{"id":1459,"href":"https:\/\/lavendea.com\/en\/wp-json\/wp\/v2\/product\/58\/revisions\/1459"}],"wp:featuredmedia":[{"embeddable":true,"href":"https:\/\/lavendea.com\/en\/wp-json\/wp\/v2\/media\/229"}],"wp:attachment":[{"href":"https:\/\/lavendea.com\/en\/wp-json\/wp\/v2\/media?parent=58"}],"wp:term":[{"taxonomy":"product_brand","embeddable":true,"href":"https:\/\/lavendea.com\/en\/wp-json\/wp\/v2\/product_brand?post=58"},{"taxonomy":"product_cat","embeddable":true,"href":"https:\/\/lavendea.com\/en\/wp-json\/wp\/v2\/product_cat?post=58"},{"taxonomy":"product_tag","embeddable":true,"href":"https:\/\/lavendea.com\/en\/wp-json\/wp\/v2\/product_tag?post=58"}],"curies":[{"name":"wp","href":"https:\/\/api.w.org\/{rel}","templated":true}]}}