{"id":62,"date":"2024-02-10T20:02:49","date_gmt":"2024-02-10T20:02:49","guid":{"rendered":"https:\/\/lavendea.com\/?post_type=product&#038;p=62"},"modified":"2025-07-08T08:31:06","modified_gmt":"2025-07-08T06:31:06","slug":"naravno-milo-na-vrvi-sivka-limonska-trava","status":"publish","type":"product","link":"https:\/\/lavendea.com\/en\/product\/naravno-milo-na-vrvi-sivka-limonska-trava\/","title":{"rendered":"Soapon the rope Lavender\/Lemongrass"},"content":{"rendered":"<div data-elementor-type=\"product-post\" data-elementor-id=\"62\" class=\"elementor elementor-62\" data-elementor-post-type=\"product\">\n\t\t\t\t<div class=\"elementor-element elementor-element-46896ef5 e-flex e-con-boxed e-con e-parent\" data-id=\"46896ef5\" data-element_type=\"container\" data-e-type=\"container\">\n\t\t\t\t\t<div class=\"e-con-inner\">\n\t\t\t\t<div class=\"elementor-element elementor-element-2f9f1e23 elementor-widget elementor-widget-text-editor\" data-id=\"2f9f1e23\" data-element_type=\"widget\" data-e-type=\"widget\" data-widget_type=\"text-editor.default\">\n\t\t\t\t<div class=\"elementor-widget-container\">\n\t\t\t\t\t\t\t\t\tDo you enjoy relaxing moments surrounded by pleasantly scented soap bubbles? Then handmade natural soap with lavender and lemongrass essential oils is the ideal choice for you! This unique soap combines the beauty of nature with the therapeutic properties that lavender and lemongrass have to offer. The soap will not only cleanse and moisturize your skin, but will also transport you to a soothing oasis of natural scent.\n\nOur handmade natural soap with lavender and lemongrass essential oils is made from quality natural ingredients. A special blend of essential oils will nourish your body and pamper your senses. Enjoy a moment of pampering as you immerse yourself in the scent of lavender, which will soothe both your skin and your mind.\n\nLavender and lemongrass essential oils have many beneficial properties for skin and well-being. Lavender oil is known for its calming and relaxing properties. It helps in reducing stress, anxiety and insomnia. In addition, lavender oil also has antibacterial properties that help cleanse and soothe the skin.\n\nLemongrass is known for its antibacterial properties that help cleanse the skin and remove unpleasant odours and unwanted bacteria. Regular use of this soap can help prevent acne, pimples and other skin problems.\n\nThe soap is enriched with natural rope, which allows you to hang the soap on your wrist while washing and on the faucet or next to the shower after washing. Convenient, natural and fragrant.\r\n<h4>Tips for using and storing the soap<\/h4>\r\nTo get the best results from using soap, follow these tips:\r\n<ol>\r\n \t<li>Moisten the soap with water before use to create a lather.<\/li>\r\n \t<li>Gently massage the soap onto damp skin to create a lather and gently cleanse your face and body.<\/li>\r\n \t<li>Avoid contact with eyes as the soap can cause irritation.<\/li>\r\n \t<li>After use, rinse the soap thoroughly and allow it to air dry.<\/li>\r\n \t<li>To store soap, use a soap dish with a drain hole to avoid water build-up and extend the life of the soap.<\/li>\r\n<\/ol>\r\nTo achieve the best results in skin care, we recommend regular use of handmade natural soap with the scent of lemongrass. With its natural ingredients, your skin will become soft, smooth and nourished.\n\nChoose our handmade natural soap with lavender and lemongrass essential oils and treat yourself to a relaxing washing experience that will lift your mood and leave your skin soft, smooth and beautifully scented. Discover natural beauty with our unique soap today!\t\t\t\t\t\t\t\t<\/div>\n\t\t\t\t<\/div>\n\t\t\t\t\t<\/div>\n\t\t\t\t<\/div>\n\t\t\t\t<\/div>","protected":false},"excerpt":{"rendered":"<p>The fragrance of the soap on the rope Lavender\/Lemongrass transports you to heavenly, dreamy villages and sun-drenched fields full of lavender and citrus.<\/p>\n<p>A great solution for soap that can be hung under the shower or on the faucets. The intense fragrance and balanced formula of selected oils and shea butter will improve your bathroom experience and delight you.<\/p>","protected":false},"featured_media":241,"comment_status":"open","ping_status":"closed","template":"","meta":[],"product_brand":[],"product_cat":[15,21],"product_tag":[33,42,34,45,38,31],"class_list":{"0":"post-62","1":"product","2":"type-product","3":"status-publish","4":"has-post-thumbnail","6":"product_cat-mila-naravno","7":"product_cat-naravna-mila-na-vrvi","8":"product_tag-karitejevo-maslo","9":"product_tag-limonska-trava","10":"product_tag-mandljevo-olje","11":"product_tag-milo-na-vrvi","12":"product_tag-ricinusovo-olje","13":"product_tag-sivka","15":"first","16":"instock","17":"shipping-taxable","18":"purchasable","19":"product-type-simple"},"yoast_head":"<!-- This site is optimized with the Yoast SEO plugin v27.3 - https:\/\/yoast.com\/product\/yoast-seo-wordpress\/ -->\n<title>Milo na vrvi Sivka\/Limonska trava - Lavendea<\/title>\n<meta name=\"description\" content=\"ro\u010dno izdelano naravno milo z eteri\u010dnim oljem sivke in limonske trave. hranljivo, vla\u017eilno, naravni oksidant, absorbira ne\u010disto\u010de, ekolo\u0161ko, vegansko\" \/>\n<meta name=\"robots\" content=\"index, follow, max-snippet:-1, max-image-preview:large, max-video-preview:-1\" \/>\n<link rel=\"canonical\" href=\"https:\/\/lavendea.com\/en\/product\/naravno-milo-na-vrvi-sivka-limonska-trava\/\" \/>\n<meta property=\"og:locale\" content=\"en_GB\" \/>\n<meta property=\"og:type\" content=\"article\" \/>\n<meta property=\"og:title\" content=\"Milo na vrvi Sivka\/Limonska trava - Lavendea\" \/>\n<meta property=\"og:description\" content=\"ro\u010dno izdelano naravno milo z eteri\u010dnim oljem sivke in limonske trave. hranljivo, vla\u017eilno, naravni oksidant, absorbira ne\u010disto\u010de, ekolo\u0161ko, vegansko\" \/>\n<meta property=\"og:url\" content=\"https:\/\/lavendea.com\/en\/product\/naravno-milo-na-vrvi-sivka-limonska-trava\/\" \/>\n<meta property=\"og:site_name\" content=\"Lavendea\" \/>\n<meta property=\"article:modified_time\" content=\"2025-07-08T06:31:06+00:00\" \/>\n<meta property=\"og:image\" content=\"https:\/\/lavendea.com\/wp-content\/uploads\/2024\/02\/20240217_000321.png\" \/>\n\t<meta property=\"og:image:width\" content=\"932\" \/>\n\t<meta property=\"og:image:height\" content=\"928\" \/>\n\t<meta property=\"og:image:type\" content=\"image\/png\" \/>\n<meta name=\"twitter:card\" content=\"summary_large_image\" \/>\n<meta name=\"twitter:label1\" content=\"Estimated reading time\" \/>\n\t<meta name=\"twitter:data1\" content=\"3 minutes\" \/>\n<script type=\"application\/ld+json\" class=\"yoast-schema-graph\">{\"@context\":\"https:\\\/\\\/schema.org\",\"@graph\":[{\"@type\":\"WebPage\",\"@id\":\"https:\\\/\\\/lavendea.com\\\/product\\\/naravno-milo-na-vrvi-sivka-limonska-trava\\\/\",\"url\":\"https:\\\/\\\/lavendea.com\\\/product\\\/naravno-milo-na-vrvi-sivka-limonska-trava\\\/\",\"name\":\"Milo na vrvi Sivka\\\/Limonska trava - Lavendea\",\"isPartOf\":{\"@id\":\"https:\\\/\\\/lavendea.com\\\/#website\"},\"primaryImageOfPage\":{\"@id\":\"https:\\\/\\\/lavendea.com\\\/product\\\/naravno-milo-na-vrvi-sivka-limonska-trava\\\/#primaryimage\"},\"image\":{\"@id\":\"https:\\\/\\\/lavendea.com\\\/product\\\/naravno-milo-na-vrvi-sivka-limonska-trava\\\/#primaryimage\"},\"thumbnailUrl\":\"https:\\\/\\\/lavendea.com\\\/wp-content\\\/uploads\\\/2024\\\/02\\\/20240217_000321.png\",\"datePublished\":\"2024-02-10T20:02:49+00:00\",\"dateModified\":\"2025-07-08T06:31:06+00:00\",\"description\":\"ro\u010dno izdelano naravno milo z eteri\u010dnim oljem sivke in limonske trave. hranljivo, vla\u017eilno, naravni oksidant, absorbira ne\u010disto\u010de, ekolo\u0161ko, vegansko\",\"breadcrumb\":{\"@id\":\"https:\\\/\\\/lavendea.com\\\/product\\\/naravno-milo-na-vrvi-sivka-limonska-trava\\\/#breadcrumb\"},\"inLanguage\":\"en-GB\",\"potentialAction\":[{\"@type\":\"ReadAction\",\"target\":[\"https:\\\/\\\/lavendea.com\\\/product\\\/naravno-milo-na-vrvi-sivka-limonska-trava\\\/\"]}]},{\"@type\":\"ImageObject\",\"inLanguage\":\"en-GB\",\"@id\":\"https:\\\/\\\/lavendea.com\\\/product\\\/naravno-milo-na-vrvi-sivka-limonska-trava\\\/#primaryimage\",\"url\":\"https:\\\/\\\/lavendea.com\\\/wp-content\\\/uploads\\\/2024\\\/02\\\/20240217_000321.png\",\"contentUrl\":\"https:\\\/\\\/lavendea.com\\\/wp-content\\\/uploads\\\/2024\\\/02\\\/20240217_000321.png\",\"width\":932,\"height\":928,\"caption\":\"Ro\u010dno izdelana naravna mila na vrvi\"},{\"@type\":\"BreadcrumbList\",\"@id\":\"https:\\\/\\\/lavendea.com\\\/product\\\/naravno-milo-na-vrvi-sivka-limonska-trava\\\/#breadcrumb\",\"itemListElement\":[{\"@type\":\"ListItem\",\"position\":1,\"name\":\"Home\",\"item\":\"https:\\\/\\\/lavendea.com\\\/\"},{\"@type\":\"ListItem\",\"position\":2,\"name\":\"Trgovina\",\"item\":\"https:\\\/\\\/lavendea.com\\\/trgovina\\\/\"},{\"@type\":\"ListItem\",\"position\":3,\"name\":\"Milo na vrvi Sivka\\\/Limonska trava\"}]},{\"@type\":\"WebSite\",\"@id\":\"https:\\\/\\\/lavendea.com\\\/#website\",\"url\":\"https:\\\/\\\/lavendea.com\\\/\",\"name\":\"Lavendea\",\"description\":\"\",\"publisher\":{\"@id\":\"https:\\\/\\\/lavendea.com\\\/#organization\"},\"potentialAction\":[{\"@type\":\"SearchAction\",\"target\":{\"@type\":\"EntryPoint\",\"urlTemplate\":\"https:\\\/\\\/lavendea.com\\\/?s={search_term_string}\"},\"query-input\":{\"@type\":\"PropertyValueSpecification\",\"valueRequired\":true,\"valueName\":\"search_term_string\"}}],\"inLanguage\":\"en-GB\"},{\"@type\":\"Organization\",\"@id\":\"https:\\\/\\\/lavendea.com\\\/#organization\",\"name\":\"Lavendea\",\"url\":\"https:\\\/\\\/lavendea.com\\\/\",\"logo\":{\"@type\":\"ImageObject\",\"inLanguage\":\"en-GB\",\"@id\":\"https:\\\/\\\/lavendea.com\\\/#\\\/schema\\\/logo\\\/image\\\/\",\"url\":\"https:\\\/\\\/lavendea.com\\\/wp-content\\\/uploads\\\/2024\\\/02\\\/cropped-Izdelek-brez-naslova-1-2.png\",\"contentUrl\":\"https:\\\/\\\/lavendea.com\\\/wp-content\\\/uploads\\\/2024\\\/02\\\/cropped-Izdelek-brez-naslova-1-2.png\",\"width\":1747,\"height\":1101,\"caption\":\"Lavendea\"},\"image\":{\"@id\":\"https:\\\/\\\/lavendea.com\\\/#\\\/schema\\\/logo\\\/image\\\/\"}}]}<\/script>\n<!-- \/ Yoast SEO plugin. -->","yoast_head_json":{"title":"Milo na vrvi Sivka\/Limonska trava - Lavendea","description":"ro\u010dno izdelano naravno milo z eteri\u010dnim oljem sivke in limonske trave. hranljivo, vla\u017eilno, naravni oksidant, absorbira ne\u010disto\u010de, ekolo\u0161ko, vegansko","robots":{"index":"index","follow":"follow","max-snippet":"max-snippet:-1","max-image-preview":"max-image-preview:large","max-video-preview":"max-video-preview:-1"},"canonical":"https:\/\/lavendea.com\/en\/product\/naravno-milo-na-vrvi-sivka-limonska-trava\/","og_locale":"en_GB","og_type":"article","og_title":"Milo na vrvi Sivka\/Limonska trava - Lavendea","og_description":"ro\u010dno izdelano naravno milo z eteri\u010dnim oljem sivke in limonske trave. hranljivo, vla\u017eilno, naravni oksidant, absorbira ne\u010disto\u010de, ekolo\u0161ko, vegansko","og_url":"https:\/\/lavendea.com\/en\/product\/naravno-milo-na-vrvi-sivka-limonska-trava\/","og_site_name":"Lavendea","article_modified_time":"2025-07-08T06:31:06+00:00","og_image":[{"width":932,"height":928,"url":"https:\/\/lavendea.com\/wp-content\/uploads\/2024\/02\/20240217_000321.png","type":"image\/png"}],"twitter_card":"summary_large_image","twitter_misc":{"Estimated reading time":"3 minutes"},"schema":{"@context":"https:\/\/schema.org","@graph":[{"@type":"WebPage","@id":"https:\/\/lavendea.com\/product\/naravno-milo-na-vrvi-sivka-limonska-trava\/","url":"https:\/\/lavendea.com\/product\/naravno-milo-na-vrvi-sivka-limonska-trava\/","name":"Milo na vrvi Sivka\/Limonska trava - Lavendea","isPartOf":{"@id":"https:\/\/lavendea.com\/#website"},"primaryImageOfPage":{"@id":"https:\/\/lavendea.com\/product\/naravno-milo-na-vrvi-sivka-limonska-trava\/#primaryimage"},"image":{"@id":"https:\/\/lavendea.com\/product\/naravno-milo-na-vrvi-sivka-limonska-trava\/#primaryimage"},"thumbnailUrl":"https:\/\/lavendea.com\/wp-content\/uploads\/2024\/02\/20240217_000321.png","datePublished":"2024-02-10T20:02:49+00:00","dateModified":"2025-07-08T06:31:06+00:00","description":"ro\u010dno izdelano naravno milo z eteri\u010dnim oljem sivke in limonske trave. hranljivo, vla\u017eilno, naravni oksidant, absorbira ne\u010disto\u010de, ekolo\u0161ko, vegansko","breadcrumb":{"@id":"https:\/\/lavendea.com\/product\/naravno-milo-na-vrvi-sivka-limonska-trava\/#breadcrumb"},"inLanguage":"en-GB","potentialAction":[{"@type":"ReadAction","target":["https:\/\/lavendea.com\/product\/naravno-milo-na-vrvi-sivka-limonska-trava\/"]}]},{"@type":"ImageObject","inLanguage":"en-GB","@id":"https:\/\/lavendea.com\/product\/naravno-milo-na-vrvi-sivka-limonska-trava\/#primaryimage","url":"https:\/\/lavendea.com\/wp-content\/uploads\/2024\/02\/20240217_000321.png","contentUrl":"https:\/\/lavendea.com\/wp-content\/uploads\/2024\/02\/20240217_000321.png","width":932,"height":928,"caption":"Ro\u010dno izdelana naravna mila na vrvi"},{"@type":"BreadcrumbList","@id":"https:\/\/lavendea.com\/product\/naravno-milo-na-vrvi-sivka-limonska-trava\/#breadcrumb","itemListElement":[{"@type":"ListItem","position":1,"name":"Home","item":"https:\/\/lavendea.com\/"},{"@type":"ListItem","position":2,"name":"Trgovina","item":"https:\/\/lavendea.com\/trgovina\/"},{"@type":"ListItem","position":3,"name":"Milo na vrvi Sivka\/Limonska trava"}]},{"@type":"WebSite","@id":"https:\/\/lavendea.com\/#website","url":"https:\/\/lavendea.com\/","name":"Lavendea","description":"","publisher":{"@id":"https:\/\/lavendea.com\/#organization"},"potentialAction":[{"@type":"SearchAction","target":{"@type":"EntryPoint","urlTemplate":"https:\/\/lavendea.com\/?s={search_term_string}"},"query-input":{"@type":"PropertyValueSpecification","valueRequired":true,"valueName":"search_term_string"}}],"inLanguage":"en-GB"},{"@type":"Organization","@id":"https:\/\/lavendea.com\/#organization","name":"Lavendea","url":"https:\/\/lavendea.com\/","logo":{"@type":"ImageObject","inLanguage":"en-GB","@id":"https:\/\/lavendea.com\/#\/schema\/logo\/image\/","url":"https:\/\/lavendea.com\/wp-content\/uploads\/2024\/02\/cropped-Izdelek-brez-naslova-1-2.png","contentUrl":"https:\/\/lavendea.com\/wp-content\/uploads\/2024\/02\/cropped-Izdelek-brez-naslova-1-2.png","width":1747,"height":1101,"caption":"Lavendea"},"image":{"@id":"https:\/\/lavendea.com\/#\/schema\/logo\/image\/"}}]}},"_links":{"self":[{"href":"https:\/\/lavendea.com\/en\/wp-json\/wp\/v2\/product\/62","targetHints":{"allow":["GET"]}}],"collection":[{"href":"https:\/\/lavendea.com\/en\/wp-json\/wp\/v2\/product"}],"about":[{"href":"https:\/\/lavendea.com\/en\/wp-json\/wp\/v2\/types\/product"}],"replies":[{"embeddable":true,"href":"https:\/\/lavendea.com\/en\/wp-json\/wp\/v2\/comments?post=62"}],"version-history":[{"count":9,"href":"https:\/\/lavendea.com\/en\/wp-json\/wp\/v2\/product\/62\/revisions"}],"predecessor-version":[{"id":1469,"href":"https:\/\/lavendea.com\/en\/wp-json\/wp\/v2\/product\/62\/revisions\/1469"}],"wp:featuredmedia":[{"embeddable":true,"href":"https:\/\/lavendea.com\/en\/wp-json\/wp\/v2\/media\/241"}],"wp:attachment":[{"href":"https:\/\/lavendea.com\/en\/wp-json\/wp\/v2\/media?parent=62"}],"wp:term":[{"taxonomy":"product_brand","embeddable":true,"href":"https:\/\/lavendea.com\/en\/wp-json\/wp\/v2\/product_brand?post=62"},{"taxonomy":"product_cat","embeddable":true,"href":"https:\/\/lavendea.com\/en\/wp-json\/wp\/v2\/product_cat?post=62"},{"taxonomy":"product_tag","embeddable":true,"href":"https:\/\/lavendea.com\/en\/wp-json\/wp\/v2\/product_tag?post=62"}],"curies":[{"name":"wp","href":"https:\/\/api.w.org\/{rel}","templated":true}]}}