{"id":66,"date":"2024-02-10T21:07:42","date_gmt":"2024-02-10T21:07:42","guid":{"rendered":"https:\/\/lavendea.com\/?post_type=product&#038;p=66"},"modified":"2024-06-17T23:57:01","modified_gmt":"2024-06-17T21:57:01","slug":"naravno-milo-na-vrvi-rozmarin-brin","status":"publish","type":"product","link":"https:\/\/lavendea.com\/en\/product\/naravno-milo-na-vrvi-rozmarin-brin\/","title":{"rendered":"Soap on the rope Rosemary\/Juniper"},"content":{"rendered":"<p>We invite you to immerse yourself in the world of natural cosmetics with our handmade Rosemary\/Juniper soap. Each piece is artistically crafted with precision and love for natural ingredients. Our soap is created with care for your skin and the environment, without harmful chemicals and artificial fragrances. Made with a blend of nourishing ingredients including coconut and olive oil, shea butter, castor oil and almond oil, it's perfect for dry and sensitive skin. The refreshing scent of juniper berries and rosemary will awaken your senses and cleanse and revitalize your skin. Coloured with natural clay.<\/p>\n<p>Rosemary is known for its beneficial effects on the skin. It has an anti-inflammatory, soothing and regenerative effect, which will help you achieve a radiant and healthy complexion. The addition of juniper will further improve the condition of your skin, as juniper helps in cleaning and toning the skin and gives it a pleasant smell.<\/p>\n<p>Use it while showering or bathing and enjoy the ultimate luxury of nature. Our soap is just one step away from your complete experience of cleanliness and freshness.<\/p>\n<p>The soap is enriched with natural rope, which allows you to hang the soap on your wrist while washing and on the faucet or next to the shower after washing. Convenient, natural and fragrant.<\/p>","protected":false},"excerpt":{"rendered":"<p>The refreshing scent of juniper berries and rosemary will awaken your senses and cleanse and revitalize your skin. This handmade soap with shea butter is a great choice for those looking for natural and artisanal soap. It is suitable for all skin types, including those with eczema and other skin sensitivities. Made with care and love, this soap will leave your skin feeling refreshed and rejuvenated.<\/p>\n<p>The soap on the rope is handmade and combines selected ingredients to ensure a luxurious bathing experience. The selected blend of oils and shea butter creates a nourishing and moisturizing base that deeply moisturizes your skin, making it soft, supple and rejuvenated.<\/p>\n<p>A great solution for soap that can be hung under the shower or on the faucet.<\/p>","protected":false},"featured_media":238,"comment_status":"open","ping_status":"closed","template":"","meta":[],"product_brand":[],"product_cat":[15,21],"product_tag":[40,33,34,45,38,39],"class_list":{"0":"post-66","1":"product","2":"type-product","3":"status-publish","4":"has-post-thumbnail","6":"product_cat-mila-naravno","7":"product_cat-naravna-mila-na-vrvi","8":"product_tag-brin","9":"product_tag-karitejevo-maslo","10":"product_tag-mandljevo-olje","11":"product_tag-milo-na-vrvi","12":"product_tag-ricinusovo-olje","13":"product_tag-rozmarin","15":"first","16":"instock","17":"featured","18":"shipping-taxable","19":"purchasable","20":"product-type-simple"},"yoast_head":"<!-- This site is optimized with the Yoast SEO plugin v27.3 - https:\/\/yoast.com\/product\/yoast-seo-wordpress\/ -->\n<title>Milo na vrvi Ro\u017emarin\/brin - Lavendea<\/title>\n<meta name=\"description\" content=\"ro\u010dno izdelano naravno milo z eteri\u010dnim oljem ro\u017emarina in brina. hranljivo, vla\u017eilno, naravni oksidant, absorbira ne\u010disto\u010de, ekolo\u0161ko, veganski izdelek\" \/>\n<meta name=\"robots\" content=\"index, follow, max-snippet:-1, max-image-preview:large, max-video-preview:-1\" \/>\n<link rel=\"canonical\" href=\"https:\/\/lavendea.com\/en\/product\/naravno-milo-na-vrvi-rozmarin-brin\/\" \/>\n<meta property=\"og:locale\" content=\"en_GB\" \/>\n<meta property=\"og:type\" content=\"article\" \/>\n<meta property=\"og:title\" content=\"Milo na vrvi Ro\u017emarin\/brin - Lavendea\" \/>\n<meta property=\"og:description\" content=\"ro\u010dno izdelano naravno milo z eteri\u010dnim oljem ro\u017emarina in brina. hranljivo, vla\u017eilno, naravni oksidant, absorbira ne\u010disto\u010de, ekolo\u0161ko, veganski izdelek\" \/>\n<meta property=\"og:url\" content=\"https:\/\/lavendea.com\/en\/product\/naravno-milo-na-vrvi-rozmarin-brin\/\" \/>\n<meta property=\"og:site_name\" content=\"Lavendea\" \/>\n<meta property=\"article:modified_time\" content=\"2024-06-17T21:57:01+00:00\" \/>\n<meta property=\"og:image\" content=\"https:\/\/lavendea.com\/wp-content\/uploads\/2024\/02\/20240216_233727_0000.png\" \/>\n\t<meta property=\"og:image:width\" content=\"915\" \/>\n\t<meta property=\"og:image:height\" content=\"895\" \/>\n\t<meta property=\"og:image:type\" content=\"image\/png\" \/>\n<meta name=\"twitter:card\" content=\"summary_large_image\" \/>\n<meta name=\"twitter:label1\" content=\"Estimated reading time\" \/>\n\t<meta name=\"twitter:data1\" content=\"2 minutes\" \/>\n<script type=\"application\/ld+json\" class=\"yoast-schema-graph\">{\"@context\":\"https:\\\/\\\/schema.org\",\"@graph\":[{\"@type\":\"WebPage\",\"@id\":\"https:\\\/\\\/lavendea.com\\\/product\\\/naravno-milo-na-vrvi-rozmarin-brin\\\/\",\"url\":\"https:\\\/\\\/lavendea.com\\\/product\\\/naravno-milo-na-vrvi-rozmarin-brin\\\/\",\"name\":\"Milo na vrvi Ro\u017emarin\\\/brin - Lavendea\",\"isPartOf\":{\"@id\":\"https:\\\/\\\/lavendea.com\\\/#website\"},\"primaryImageOfPage\":{\"@id\":\"https:\\\/\\\/lavendea.com\\\/product\\\/naravno-milo-na-vrvi-rozmarin-brin\\\/#primaryimage\"},\"image\":{\"@id\":\"https:\\\/\\\/lavendea.com\\\/product\\\/naravno-milo-na-vrvi-rozmarin-brin\\\/#primaryimage\"},\"thumbnailUrl\":\"https:\\\/\\\/lavendea.com\\\/wp-content\\\/uploads\\\/2024\\\/02\\\/20240216_233727_0000.png\",\"datePublished\":\"2024-02-10T21:07:42+00:00\",\"dateModified\":\"2024-06-17T21:57:01+00:00\",\"description\":\"ro\u010dno izdelano naravno milo z eteri\u010dnim oljem ro\u017emarina in brina. hranljivo, vla\u017eilno, naravni oksidant, absorbira ne\u010disto\u010de, ekolo\u0161ko, veganski izdelek\",\"breadcrumb\":{\"@id\":\"https:\\\/\\\/lavendea.com\\\/product\\\/naravno-milo-na-vrvi-rozmarin-brin\\\/#breadcrumb\"},\"inLanguage\":\"en-GB\",\"potentialAction\":[{\"@type\":\"ReadAction\",\"target\":[\"https:\\\/\\\/lavendea.com\\\/product\\\/naravno-milo-na-vrvi-rozmarin-brin\\\/\"]}]},{\"@type\":\"ImageObject\",\"inLanguage\":\"en-GB\",\"@id\":\"https:\\\/\\\/lavendea.com\\\/product\\\/naravno-milo-na-vrvi-rozmarin-brin\\\/#primaryimage\",\"url\":\"https:\\\/\\\/lavendea.com\\\/wp-content\\\/uploads\\\/2024\\\/02\\\/20240216_233727_0000.png\",\"contentUrl\":\"https:\\\/\\\/lavendea.com\\\/wp-content\\\/uploads\\\/2024\\\/02\\\/20240216_233727_0000.png\",\"width\":915,\"height\":895,\"caption\":\"Ro\u010dno izdelana naravna mila na vrvi\"},{\"@type\":\"BreadcrumbList\",\"@id\":\"https:\\\/\\\/lavendea.com\\\/product\\\/naravno-milo-na-vrvi-rozmarin-brin\\\/#breadcrumb\",\"itemListElement\":[{\"@type\":\"ListItem\",\"position\":1,\"name\":\"Home\",\"item\":\"https:\\\/\\\/lavendea.com\\\/\"},{\"@type\":\"ListItem\",\"position\":2,\"name\":\"Trgovina\",\"item\":\"https:\\\/\\\/lavendea.com\\\/trgovina\\\/\"},{\"@type\":\"ListItem\",\"position\":3,\"name\":\"Milo na vrvi Ro\u017emarin\\\/brin\"}]},{\"@type\":\"WebSite\",\"@id\":\"https:\\\/\\\/lavendea.com\\\/#website\",\"url\":\"https:\\\/\\\/lavendea.com\\\/\",\"name\":\"Lavendea\",\"description\":\"\",\"publisher\":{\"@id\":\"https:\\\/\\\/lavendea.com\\\/#organization\"},\"potentialAction\":[{\"@type\":\"SearchAction\",\"target\":{\"@type\":\"EntryPoint\",\"urlTemplate\":\"https:\\\/\\\/lavendea.com\\\/?s={search_term_string}\"},\"query-input\":{\"@type\":\"PropertyValueSpecification\",\"valueRequired\":true,\"valueName\":\"search_term_string\"}}],\"inLanguage\":\"en-GB\"},{\"@type\":\"Organization\",\"@id\":\"https:\\\/\\\/lavendea.com\\\/#organization\",\"name\":\"Lavendea\",\"url\":\"https:\\\/\\\/lavendea.com\\\/\",\"logo\":{\"@type\":\"ImageObject\",\"inLanguage\":\"en-GB\",\"@id\":\"https:\\\/\\\/lavendea.com\\\/#\\\/schema\\\/logo\\\/image\\\/\",\"url\":\"https:\\\/\\\/lavendea.com\\\/wp-content\\\/uploads\\\/2024\\\/02\\\/cropped-Izdelek-brez-naslova-1-2.png\",\"contentUrl\":\"https:\\\/\\\/lavendea.com\\\/wp-content\\\/uploads\\\/2024\\\/02\\\/cropped-Izdelek-brez-naslova-1-2.png\",\"width\":1747,\"height\":1101,\"caption\":\"Lavendea\"},\"image\":{\"@id\":\"https:\\\/\\\/lavendea.com\\\/#\\\/schema\\\/logo\\\/image\\\/\"}}]}<\/script>\n<!-- \/ Yoast SEO plugin. -->","yoast_head_json":{"title":"Milo na vrvi Ro\u017emarin\/brin - Lavendea","description":"ro\u010dno izdelano naravno milo z eteri\u010dnim oljem ro\u017emarina in brina. hranljivo, vla\u017eilno, naravni oksidant, absorbira ne\u010disto\u010de, ekolo\u0161ko, veganski izdelek","robots":{"index":"index","follow":"follow","max-snippet":"max-snippet:-1","max-image-preview":"max-image-preview:large","max-video-preview":"max-video-preview:-1"},"canonical":"https:\/\/lavendea.com\/en\/product\/naravno-milo-na-vrvi-rozmarin-brin\/","og_locale":"en_GB","og_type":"article","og_title":"Milo na vrvi Ro\u017emarin\/brin - Lavendea","og_description":"ro\u010dno izdelano naravno milo z eteri\u010dnim oljem ro\u017emarina in brina. hranljivo, vla\u017eilno, naravni oksidant, absorbira ne\u010disto\u010de, ekolo\u0161ko, veganski izdelek","og_url":"https:\/\/lavendea.com\/en\/product\/naravno-milo-na-vrvi-rozmarin-brin\/","og_site_name":"Lavendea","article_modified_time":"2024-06-17T21:57:01+00:00","og_image":[{"width":915,"height":895,"url":"https:\/\/lavendea.com\/wp-content\/uploads\/2024\/02\/20240216_233727_0000.png","type":"image\/png"}],"twitter_card":"summary_large_image","twitter_misc":{"Estimated reading time":"2 minutes"},"schema":{"@context":"https:\/\/schema.org","@graph":[{"@type":"WebPage","@id":"https:\/\/lavendea.com\/product\/naravno-milo-na-vrvi-rozmarin-brin\/","url":"https:\/\/lavendea.com\/product\/naravno-milo-na-vrvi-rozmarin-brin\/","name":"Milo na vrvi Ro\u017emarin\/brin - Lavendea","isPartOf":{"@id":"https:\/\/lavendea.com\/#website"},"primaryImageOfPage":{"@id":"https:\/\/lavendea.com\/product\/naravno-milo-na-vrvi-rozmarin-brin\/#primaryimage"},"image":{"@id":"https:\/\/lavendea.com\/product\/naravno-milo-na-vrvi-rozmarin-brin\/#primaryimage"},"thumbnailUrl":"https:\/\/lavendea.com\/wp-content\/uploads\/2024\/02\/20240216_233727_0000.png","datePublished":"2024-02-10T21:07:42+00:00","dateModified":"2024-06-17T21:57:01+00:00","description":"ro\u010dno izdelano naravno milo z eteri\u010dnim oljem ro\u017emarina in brina. hranljivo, vla\u017eilno, naravni oksidant, absorbira ne\u010disto\u010de, ekolo\u0161ko, veganski izdelek","breadcrumb":{"@id":"https:\/\/lavendea.com\/product\/naravno-milo-na-vrvi-rozmarin-brin\/#breadcrumb"},"inLanguage":"en-GB","potentialAction":[{"@type":"ReadAction","target":["https:\/\/lavendea.com\/product\/naravno-milo-na-vrvi-rozmarin-brin\/"]}]},{"@type":"ImageObject","inLanguage":"en-GB","@id":"https:\/\/lavendea.com\/product\/naravno-milo-na-vrvi-rozmarin-brin\/#primaryimage","url":"https:\/\/lavendea.com\/wp-content\/uploads\/2024\/02\/20240216_233727_0000.png","contentUrl":"https:\/\/lavendea.com\/wp-content\/uploads\/2024\/02\/20240216_233727_0000.png","width":915,"height":895,"caption":"Ro\u010dno izdelana naravna mila na vrvi"},{"@type":"BreadcrumbList","@id":"https:\/\/lavendea.com\/product\/naravno-milo-na-vrvi-rozmarin-brin\/#breadcrumb","itemListElement":[{"@type":"ListItem","position":1,"name":"Home","item":"https:\/\/lavendea.com\/"},{"@type":"ListItem","position":2,"name":"Trgovina","item":"https:\/\/lavendea.com\/trgovina\/"},{"@type":"ListItem","position":3,"name":"Milo na vrvi Ro\u017emarin\/brin"}]},{"@type":"WebSite","@id":"https:\/\/lavendea.com\/#website","url":"https:\/\/lavendea.com\/","name":"Lavendea","description":"","publisher":{"@id":"https:\/\/lavendea.com\/#organization"},"potentialAction":[{"@type":"SearchAction","target":{"@type":"EntryPoint","urlTemplate":"https:\/\/lavendea.com\/?s={search_term_string}"},"query-input":{"@type":"PropertyValueSpecification","valueRequired":true,"valueName":"search_term_string"}}],"inLanguage":"en-GB"},{"@type":"Organization","@id":"https:\/\/lavendea.com\/#organization","name":"Lavendea","url":"https:\/\/lavendea.com\/","logo":{"@type":"ImageObject","inLanguage":"en-GB","@id":"https:\/\/lavendea.com\/#\/schema\/logo\/image\/","url":"https:\/\/lavendea.com\/wp-content\/uploads\/2024\/02\/cropped-Izdelek-brez-naslova-1-2.png","contentUrl":"https:\/\/lavendea.com\/wp-content\/uploads\/2024\/02\/cropped-Izdelek-brez-naslova-1-2.png","width":1747,"height":1101,"caption":"Lavendea"},"image":{"@id":"https:\/\/lavendea.com\/#\/schema\/logo\/image\/"}}]}},"_links":{"self":[{"href":"https:\/\/lavendea.com\/en\/wp-json\/wp\/v2\/product\/66","targetHints":{"allow":["GET"]}}],"collection":[{"href":"https:\/\/lavendea.com\/en\/wp-json\/wp\/v2\/product"}],"about":[{"href":"https:\/\/lavendea.com\/en\/wp-json\/wp\/v2\/types\/product"}],"replies":[{"embeddable":true,"href":"https:\/\/lavendea.com\/en\/wp-json\/wp\/v2\/comments?post=66"}],"version-history":[{"count":3,"href":"https:\/\/lavendea.com\/en\/wp-json\/wp\/v2\/product\/66\/revisions"}],"predecessor-version":[{"id":1466,"href":"https:\/\/lavendea.com\/en\/wp-json\/wp\/v2\/product\/66\/revisions\/1466"}],"wp:featuredmedia":[{"embeddable":true,"href":"https:\/\/lavendea.com\/en\/wp-json\/wp\/v2\/media\/238"}],"wp:attachment":[{"href":"https:\/\/lavendea.com\/en\/wp-json\/wp\/v2\/media?parent=66"}],"wp:term":[{"taxonomy":"product_brand","embeddable":true,"href":"https:\/\/lavendea.com\/en\/wp-json\/wp\/v2\/product_brand?post=66"},{"taxonomy":"product_cat","embeddable":true,"href":"https:\/\/lavendea.com\/en\/wp-json\/wp\/v2\/product_cat?post=66"},{"taxonomy":"product_tag","embeddable":true,"href":"https:\/\/lavendea.com\/en\/wp-json\/wp\/v2\/product_tag?post=66"}],"curies":[{"name":"wp","href":"https:\/\/api.w.org\/{rel}","templated":true}]}}