{"id":68,"date":"2024-02-10T22:44:24","date_gmt":"2024-02-10T22:44:24","guid":{"rendered":"https:\/\/lavendea.com\/?post_type=product&#038;p=68"},"modified":"2025-12-12T12:09:12","modified_gmt":"2025-12-12T11:09:12","slug":"darilni-seti-mil-roza","status":"publish","type":"product","link":"https:\/\/lavendea.com\/en\/product\/darilni-seti-mil-roza\/","title":{"rendered":"Flower shaped soap gift sets"},"content":{"rendered":"<p>Predstavljamo vam darilne sete mil ro\u017ea. Naravna mila v obliki ro\u017ee so izdelana iz izbranih naravnih sestavin, kot so karitejevo maslo, kokosovo, ricinusovo, olivno in mandljevo olje ter izbrana eteri\u010dna olja. Va\u0161 ko\u017eo bodo naredili mehko, gladko in osve\u017eeno, medtem ko bo ne\u017ena pena o\u010distila ne\u010disto\u010de in dala ob\u010dutek pomlajenosti.<\/p>\n<p>Mila Ro\u017ea so popolna za razvajanje in kot unikatno darilo za nekoga posebnega. Domiselna in romanti\u010dna zamenjava za rezano cvetje, idealno darilo za rojstne dneve, obletnice, poroke ali katero koli posebno prilo\u017enost. Izbirajte med na\u0161o \u010dudovito ponudbo setov mil Ro\u017ea. Na voljo v razli\u010dnih oblikah, di\u0161avah in barvah. Ro\u017ee lahko kupite v obliki \u0161opka ali pa v li\u010dni \u0161katli.<\/p>\n<h5>Tips for using and storing soap<\/h5>\n<p>To get the best results from using soap, follow these tips:<\/p>\n<ol>\n<li>Moisten the soap with water before use to create a lather<\/li>\n<li>Gently massage the soap onto damp skin to create a lather and gently cleanse your face and body<\/li>\n<li>Avoid contact with eyes as the soap can cause irritation<\/li>\n<li>After use, rinse the soap thoroughly and allow it to air dry<\/li>\n<li>To store soap, use a soap dish with a drain hole to avoid water build-up and extend the life of the soap.<\/li>\n<\/ol>","protected":false},"excerpt":{"rendered":"<p>Rose soaps are perfect for pampering and as a unique gift for someone special. An imaginative and romantic alternative to cut flowers, the ideal gift for birthdays, anniversaries, weddings or any special occasion.<\/p>\n<p>Choose from our wonderful range of lovely flowers. Available in different shapes, fragrances and colors. Available as a bouquet or in a gift box.<\/p>","protected":false},"featured_media":12707,"comment_status":"open","ping_status":"closed","template":"","meta":[],"product_brand":[],"product_cat":[80,15,22],"product_tag":[49,33,34,48,38,31,82,46],"class_list":{"0":"post-68","1":"product","2":"type-product","3":"status-publish","4":"has-post-thumbnail","6":"product_cat-darilni-seti","7":"product_cat-mila-naravno","8":"product_cat-naravna-mila-roza","9":"product_tag-darilni-set","10":"product_tag-karitejevo-maslo","11":"product_tag-mandljevo-olje","12":"product_tag-milo-roza","13":"product_tag-ricinusovo-olje","14":"product_tag-sivka","15":"product_tag-sopek","16":"product_tag-vrtnica-pelargonija","18":"first","19":"instock","20":"featured","21":"shipping-taxable","22":"purchasable","23":"product-type-variable"},"yoast_head":"<!-- This site is optimized with the Yoast SEO plugin v27.3 - https:\/\/yoast.com\/product\/yoast-seo-wordpress\/ -->\n<title>Darilni seti mil Ro\u017ea - Lavendea<\/title>\n<meta name=\"description\" content=\"ro\u010dno izdelano naravno milo z eteri\u010dnim oljem. v obliki ro\u017ee. hranljivo, vla\u017eilno, naravni oksidant, absorbira ne\u010disto\u010de, ekolo\u0161ko, veganski izdelek\" \/>\n<meta name=\"robots\" content=\"index, follow, max-snippet:-1, max-image-preview:large, max-video-preview:-1\" \/>\n<link rel=\"canonical\" href=\"https:\/\/lavendea.com\/en\/product\/darilni-seti-mil-roza\/\" \/>\n<meta property=\"og:locale\" content=\"en_GB\" \/>\n<meta property=\"og:type\" content=\"article\" \/>\n<meta property=\"og:title\" content=\"Darilni seti mil Ro\u017ea - Lavendea\" \/>\n<meta property=\"og:description\" content=\"ro\u010dno izdelano naravno milo z eteri\u010dnim oljem. v obliki ro\u017ee. hranljivo, vla\u017eilno, naravni oksidant, absorbira ne\u010disto\u010de, ekolo\u0161ko, veganski izdelek\" \/>\n<meta property=\"og:url\" content=\"https:\/\/lavendea.com\/en\/product\/darilni-seti-mil-roza\/\" \/>\n<meta property=\"og:site_name\" content=\"Lavendea\" \/>\n<meta property=\"article:modified_time\" content=\"2025-12-12T11:09:12+00:00\" \/>\n<meta property=\"og:image\" content=\"https:\/\/lavendea.com\/wp-content\/uploads\/2025\/10\/1761145247385-1-scaled.jpg\" \/>\n\t<meta property=\"og:image:width\" content=\"2048\" \/>\n\t<meta property=\"og:image:height\" content=\"2048\" \/>\n\t<meta property=\"og:image:type\" content=\"image\/jpeg\" \/>\n<meta name=\"twitter:card\" content=\"summary_large_image\" \/>\n<meta name=\"twitter:label1\" content=\"Estimated reading time\" \/>\n\t<meta name=\"twitter:data1\" content=\"2 minutes\" \/>\n<script type=\"application\/ld+json\" class=\"yoast-schema-graph\">{\"@context\":\"https:\\\/\\\/schema.org\",\"@graph\":[{\"@type\":\"WebPage\",\"@id\":\"https:\\\/\\\/lavendea.com\\\/product\\\/darilni-seti-mil-roza\\\/\",\"url\":\"https:\\\/\\\/lavendea.com\\\/product\\\/darilni-seti-mil-roza\\\/\",\"name\":\"Darilni seti mil Ro\u017ea - Lavendea\",\"isPartOf\":{\"@id\":\"https:\\\/\\\/lavendea.com\\\/#website\"},\"primaryImageOfPage\":{\"@id\":\"https:\\\/\\\/lavendea.com\\\/product\\\/darilni-seti-mil-roza\\\/#primaryimage\"},\"image\":{\"@id\":\"https:\\\/\\\/lavendea.com\\\/product\\\/darilni-seti-mil-roza\\\/#primaryimage\"},\"thumbnailUrl\":\"https:\\\/\\\/lavendea.com\\\/wp-content\\\/uploads\\\/2025\\\/10\\\/1761145247385-1-scaled.jpg\",\"datePublished\":\"2024-02-10T22:44:24+00:00\",\"dateModified\":\"2025-12-12T11:09:12+00:00\",\"description\":\"ro\u010dno izdelano naravno milo z eteri\u010dnim oljem. v obliki ro\u017ee. hranljivo, vla\u017eilno, naravni oksidant, absorbira ne\u010disto\u010de, ekolo\u0161ko, veganski izdelek\",\"breadcrumb\":{\"@id\":\"https:\\\/\\\/lavendea.com\\\/product\\\/darilni-seti-mil-roza\\\/#breadcrumb\"},\"inLanguage\":\"en-GB\",\"potentialAction\":[{\"@type\":\"ReadAction\",\"target\":[\"https:\\\/\\\/lavendea.com\\\/product\\\/darilni-seti-mil-roza\\\/\"]}]},{\"@type\":\"ImageObject\",\"inLanguage\":\"en-GB\",\"@id\":\"https:\\\/\\\/lavendea.com\\\/product\\\/darilni-seti-mil-roza\\\/#primaryimage\",\"url\":\"https:\\\/\\\/lavendea.com\\\/wp-content\\\/uploads\\\/2025\\\/10\\\/1761145247385-1-scaled.jpg\",\"contentUrl\":\"https:\\\/\\\/lavendea.com\\\/wp-content\\\/uploads\\\/2025\\\/10\\\/1761145247385-1-scaled.jpg\",\"width\":2048,\"height\":2048,\"caption\":\"Seti mil ro\u017ea\"},{\"@type\":\"BreadcrumbList\",\"@id\":\"https:\\\/\\\/lavendea.com\\\/product\\\/darilni-seti-mil-roza\\\/#breadcrumb\",\"itemListElement\":[{\"@type\":\"ListItem\",\"position\":1,\"name\":\"Home\",\"item\":\"https:\\\/\\\/lavendea.com\\\/\"},{\"@type\":\"ListItem\",\"position\":2,\"name\":\"Trgovina\",\"item\":\"https:\\\/\\\/lavendea.com\\\/trgovina\\\/\"},{\"@type\":\"ListItem\",\"position\":3,\"name\":\"Darilni seti mil Ro\u017ea\"}]},{\"@type\":\"WebSite\",\"@id\":\"https:\\\/\\\/lavendea.com\\\/#website\",\"url\":\"https:\\\/\\\/lavendea.com\\\/\",\"name\":\"Lavendea\",\"description\":\"\",\"publisher\":{\"@id\":\"https:\\\/\\\/lavendea.com\\\/#organization\"},\"potentialAction\":[{\"@type\":\"SearchAction\",\"target\":{\"@type\":\"EntryPoint\",\"urlTemplate\":\"https:\\\/\\\/lavendea.com\\\/?s={search_term_string}\"},\"query-input\":{\"@type\":\"PropertyValueSpecification\",\"valueRequired\":true,\"valueName\":\"search_term_string\"}}],\"inLanguage\":\"en-GB\"},{\"@type\":\"Organization\",\"@id\":\"https:\\\/\\\/lavendea.com\\\/#organization\",\"name\":\"Lavendea\",\"url\":\"https:\\\/\\\/lavendea.com\\\/\",\"logo\":{\"@type\":\"ImageObject\",\"inLanguage\":\"en-GB\",\"@id\":\"https:\\\/\\\/lavendea.com\\\/#\\\/schema\\\/logo\\\/image\\\/\",\"url\":\"https:\\\/\\\/lavendea.com\\\/wp-content\\\/uploads\\\/2024\\\/02\\\/cropped-Izdelek-brez-naslova-1-2.png\",\"contentUrl\":\"https:\\\/\\\/lavendea.com\\\/wp-content\\\/uploads\\\/2024\\\/02\\\/cropped-Izdelek-brez-naslova-1-2.png\",\"width\":1747,\"height\":1101,\"caption\":\"Lavendea\"},\"image\":{\"@id\":\"https:\\\/\\\/lavendea.com\\\/#\\\/schema\\\/logo\\\/image\\\/\"}}]}<\/script>\n<!-- \/ Yoast SEO plugin. -->","yoast_head_json":{"title":"Darilni seti mil Ro\u017ea - Lavendea","description":"ro\u010dno izdelano naravno milo z eteri\u010dnim oljem. v obliki ro\u017ee. hranljivo, vla\u017eilno, naravni oksidant, absorbira ne\u010disto\u010de, ekolo\u0161ko, veganski izdelek","robots":{"index":"index","follow":"follow","max-snippet":"max-snippet:-1","max-image-preview":"max-image-preview:large","max-video-preview":"max-video-preview:-1"},"canonical":"https:\/\/lavendea.com\/en\/product\/darilni-seti-mil-roza\/","og_locale":"en_GB","og_type":"article","og_title":"Darilni seti mil Ro\u017ea - Lavendea","og_description":"ro\u010dno izdelano naravno milo z eteri\u010dnim oljem. v obliki ro\u017ee. hranljivo, vla\u017eilno, naravni oksidant, absorbira ne\u010disto\u010de, ekolo\u0161ko, veganski izdelek","og_url":"https:\/\/lavendea.com\/en\/product\/darilni-seti-mil-roza\/","og_site_name":"Lavendea","article_modified_time":"2025-12-12T11:09:12+00:00","og_image":[{"width":2048,"height":2048,"url":"https:\/\/lavendea.com\/wp-content\/uploads\/2025\/10\/1761145247385-1-scaled.jpg","type":"image\/jpeg"}],"twitter_card":"summary_large_image","twitter_misc":{"Estimated reading time":"2 minutes"},"schema":{"@context":"https:\/\/schema.org","@graph":[{"@type":"WebPage","@id":"https:\/\/lavendea.com\/product\/darilni-seti-mil-roza\/","url":"https:\/\/lavendea.com\/product\/darilni-seti-mil-roza\/","name":"Darilni seti mil Ro\u017ea - Lavendea","isPartOf":{"@id":"https:\/\/lavendea.com\/#website"},"primaryImageOfPage":{"@id":"https:\/\/lavendea.com\/product\/darilni-seti-mil-roza\/#primaryimage"},"image":{"@id":"https:\/\/lavendea.com\/product\/darilni-seti-mil-roza\/#primaryimage"},"thumbnailUrl":"https:\/\/lavendea.com\/wp-content\/uploads\/2025\/10\/1761145247385-1-scaled.jpg","datePublished":"2024-02-10T22:44:24+00:00","dateModified":"2025-12-12T11:09:12+00:00","description":"ro\u010dno izdelano naravno milo z eteri\u010dnim oljem. v obliki ro\u017ee. hranljivo, vla\u017eilno, naravni oksidant, absorbira ne\u010disto\u010de, ekolo\u0161ko, veganski izdelek","breadcrumb":{"@id":"https:\/\/lavendea.com\/product\/darilni-seti-mil-roza\/#breadcrumb"},"inLanguage":"en-GB","potentialAction":[{"@type":"ReadAction","target":["https:\/\/lavendea.com\/product\/darilni-seti-mil-roza\/"]}]},{"@type":"ImageObject","inLanguage":"en-GB","@id":"https:\/\/lavendea.com\/product\/darilni-seti-mil-roza\/#primaryimage","url":"https:\/\/lavendea.com\/wp-content\/uploads\/2025\/10\/1761145247385-1-scaled.jpg","contentUrl":"https:\/\/lavendea.com\/wp-content\/uploads\/2025\/10\/1761145247385-1-scaled.jpg","width":2048,"height":2048,"caption":"Seti mil ro\u017ea"},{"@type":"BreadcrumbList","@id":"https:\/\/lavendea.com\/product\/darilni-seti-mil-roza\/#breadcrumb","itemListElement":[{"@type":"ListItem","position":1,"name":"Home","item":"https:\/\/lavendea.com\/"},{"@type":"ListItem","position":2,"name":"Trgovina","item":"https:\/\/lavendea.com\/trgovina\/"},{"@type":"ListItem","position":3,"name":"Darilni seti mil Ro\u017ea"}]},{"@type":"WebSite","@id":"https:\/\/lavendea.com\/#website","url":"https:\/\/lavendea.com\/","name":"Lavendea","description":"","publisher":{"@id":"https:\/\/lavendea.com\/#organization"},"potentialAction":[{"@type":"SearchAction","target":{"@type":"EntryPoint","urlTemplate":"https:\/\/lavendea.com\/?s={search_term_string}"},"query-input":{"@type":"PropertyValueSpecification","valueRequired":true,"valueName":"search_term_string"}}],"inLanguage":"en-GB"},{"@type":"Organization","@id":"https:\/\/lavendea.com\/#organization","name":"Lavendea","url":"https:\/\/lavendea.com\/","logo":{"@type":"ImageObject","inLanguage":"en-GB","@id":"https:\/\/lavendea.com\/#\/schema\/logo\/image\/","url":"https:\/\/lavendea.com\/wp-content\/uploads\/2024\/02\/cropped-Izdelek-brez-naslova-1-2.png","contentUrl":"https:\/\/lavendea.com\/wp-content\/uploads\/2024\/02\/cropped-Izdelek-brez-naslova-1-2.png","width":1747,"height":1101,"caption":"Lavendea"},"image":{"@id":"https:\/\/lavendea.com\/#\/schema\/logo\/image\/"}}]}},"_links":{"self":[{"href":"https:\/\/lavendea.com\/en\/wp-json\/wp\/v2\/product\/68","targetHints":{"allow":["GET"]}}],"collection":[{"href":"https:\/\/lavendea.com\/en\/wp-json\/wp\/v2\/product"}],"about":[{"href":"https:\/\/lavendea.com\/en\/wp-json\/wp\/v2\/types\/product"}],"replies":[{"embeddable":true,"href":"https:\/\/lavendea.com\/en\/wp-json\/wp\/v2\/comments?post=68"}],"version-history":[{"count":19,"href":"https:\/\/lavendea.com\/en\/wp-json\/wp\/v2\/product\/68\/revisions"}],"predecessor-version":[{"id":12714,"href":"https:\/\/lavendea.com\/en\/wp-json\/wp\/v2\/product\/68\/revisions\/12714"}],"wp:featuredmedia":[{"embeddable":true,"href":"https:\/\/lavendea.com\/en\/wp-json\/wp\/v2\/media\/12707"}],"wp:attachment":[{"href":"https:\/\/lavendea.com\/en\/wp-json\/wp\/v2\/media?parent=68"}],"wp:term":[{"taxonomy":"product_brand","embeddable":true,"href":"https:\/\/lavendea.com\/en\/wp-json\/wp\/v2\/product_brand?post=68"},{"taxonomy":"product_cat","embeddable":true,"href":"https:\/\/lavendea.com\/en\/wp-json\/wp\/v2\/product_cat?post=68"},{"taxonomy":"product_tag","embeddable":true,"href":"https:\/\/lavendea.com\/en\/wp-json\/wp\/v2\/product_tag?post=68"}],"curies":[{"name":"wp","href":"https:\/\/api.w.org\/{rel}","templated":true}]}}