{"id":83,"date":"2024-02-10T23:32:44","date_gmt":"2024-02-10T23:32:44","guid":{"rendered":"https:\/\/lavendea.com\/?post_type=product&#038;p=83"},"modified":"2025-10-24T18:09:37","modified_gmt":"2025-10-24T16:09:37","slug":"darilni-seti-naravnih-mil","status":"publish","type":"product","link":"https:\/\/lavendea.com\/en\/product\/darilni-seti-naravnih-mil\/","title":{"rendered":"Gift set of 2 soaps"},"content":{"rendered":"<p>Gift packs of handmade natural soaps are a great choice for anyone who wants to gift their loved ones with a beautiful handmade product that is both healthy for the skin and friendly to the environment.<\/p>\n<p>Natural soaps made from quality ingredients are rich in nutrients that have a beneficial effect on the skin. Ingredients such as olive oil, coconut oil, shea butter and essential oils nourish and moisturize the skin, restoring softness and radiance. Regular use of natural soaps can improve the condition of the skin by avoiding harmful chemicals.<\/p>\n<p>Gift packages of handmade soaps represent a unique gift that is made with love and attention to detail. Each piece of soap is hand-shaped and decorated, making it unique and special. The recipient will surely appreciate the effort and attention that went into making this wonderful gift.<\/p>\n<p>The set contains two soaps in a piece in a nice gift box or crate.<\/p>","protected":false},"excerpt":{"rendered":"<p data-pm-slice=\"1 1 []\">In today's fast pace of life, we increasingly want original and personal gifts that reflect our concern for the well-being of the recipient. Gift packs of handmade natural soaps are a great choice for anyone who wants to gift their loved ones with a beautiful handmade product that is both healthy for the skin and friendly to the environment.<\/p>\n<p data-pm-slice=\"1 1 []\">A beautiful, practical and natural gift for all occasions. The set contains two different mia av pieces in a nice gift box or crate.<\/p>","protected":false},"featured_media":12715,"comment_status":"open","ping_status":"closed","template":"","meta":[],"product_brand":[],"product_cat":[80,24,15],"product_tag":[],"class_list":{"0":"post-83","1":"product","2":"type-product","3":"status-publish","4":"has-post-thumbnail","6":"product_cat-darilni-seti","7":"product_cat-darilni-seti-naravnih-mil","8":"product_cat-mila-naravno","10":"first","11":"instock","12":"shipping-taxable","13":"purchasable","14":"product-type-variable"},"yoast_head":"<!-- This site is optimized with the Yoast SEO plugin v27.3 - https:\/\/yoast.com\/product\/yoast-seo-wordpress\/ -->\n<title>Darilni set 2 mil - Lavendea<\/title>\n<meta name=\"description\" content=\"ro\u010dno izdelano naravno milo z eteri\u010dnim oljem. hranljivo, vla\u017eilno, naravni oksidant, absorbira ne\u010disto\u010de, ekolo\u0161ko, veganski izdelek. darilni set\" \/>\n<meta name=\"robots\" content=\"index, follow, max-snippet:-1, max-image-preview:large, max-video-preview:-1\" \/>\n<link rel=\"canonical\" href=\"https:\/\/lavendea.com\/en\/product\/darilni-seti-naravnih-mil\/\" \/>\n<meta property=\"og:locale\" content=\"en_GB\" \/>\n<meta property=\"og:type\" content=\"article\" \/>\n<meta property=\"og:title\" content=\"Darilni set 2 mil - Lavendea\" \/>\n<meta property=\"og:description\" content=\"ro\u010dno izdelano naravno milo z eteri\u010dnim oljem. hranljivo, vla\u017eilno, naravni oksidant, absorbira ne\u010disto\u010de, ekolo\u0161ko, veganski izdelek. darilni set\" \/>\n<meta property=\"og:url\" content=\"https:\/\/lavendea.com\/en\/product\/darilni-seti-naravnih-mil\/\" \/>\n<meta property=\"og:site_name\" content=\"Lavendea\" \/>\n<meta property=\"article:modified_time\" content=\"2025-10-24T16:09:37+00:00\" \/>\n<meta property=\"og:image\" content=\"https:\/\/lavendea.com\/wp-content\/uploads\/2024\/02\/1761321685688-scaled.jpg\" \/>\n\t<meta property=\"og:image:width\" content=\"2048\" \/>\n\t<meta property=\"og:image:height\" content=\"2048\" \/>\n\t<meta property=\"og:image:type\" content=\"image\/jpeg\" \/>\n<meta name=\"twitter:card\" content=\"summary_large_image\" \/>\n<meta name=\"twitter:label1\" content=\"Estimated reading time\" \/>\n\t<meta name=\"twitter:data1\" content=\"1 minute\" \/>\n<script type=\"application\/ld+json\" class=\"yoast-schema-graph\">{\"@context\":\"https:\\\/\\\/schema.org\",\"@graph\":[{\"@type\":\"WebPage\",\"@id\":\"https:\\\/\\\/lavendea.com\\\/product\\\/darilni-seti-naravnih-mil\\\/\",\"url\":\"https:\\\/\\\/lavendea.com\\\/product\\\/darilni-seti-naravnih-mil\\\/\",\"name\":\"Darilni set 2 mil - Lavendea\",\"isPartOf\":{\"@id\":\"https:\\\/\\\/lavendea.com\\\/#website\"},\"primaryImageOfPage\":{\"@id\":\"https:\\\/\\\/lavendea.com\\\/product\\\/darilni-seti-naravnih-mil\\\/#primaryimage\"},\"image\":{\"@id\":\"https:\\\/\\\/lavendea.com\\\/product\\\/darilni-seti-naravnih-mil\\\/#primaryimage\"},\"thumbnailUrl\":\"https:\\\/\\\/lavendea.com\\\/wp-content\\\/uploads\\\/2024\\\/02\\\/1761321685688-scaled.jpg\",\"datePublished\":\"2024-02-10T23:32:44+00:00\",\"dateModified\":\"2025-10-24T16:09:37+00:00\",\"description\":\"ro\u010dno izdelano naravno milo z eteri\u010dnim oljem. hranljivo, vla\u017eilno, naravni oksidant, absorbira ne\u010disto\u010de, ekolo\u0161ko, veganski izdelek. darilni set\",\"breadcrumb\":{\"@id\":\"https:\\\/\\\/lavendea.com\\\/product\\\/darilni-seti-naravnih-mil\\\/#breadcrumb\"},\"inLanguage\":\"en-GB\",\"potentialAction\":[{\"@type\":\"ReadAction\",\"target\":[\"https:\\\/\\\/lavendea.com\\\/product\\\/darilni-seti-naravnih-mil\\\/\"]}]},{\"@type\":\"ImageObject\",\"inLanguage\":\"en-GB\",\"@id\":\"https:\\\/\\\/lavendea.com\\\/product\\\/darilni-seti-naravnih-mil\\\/#primaryimage\",\"url\":\"https:\\\/\\\/lavendea.com\\\/wp-content\\\/uploads\\\/2024\\\/02\\\/1761321685688-scaled.jpg\",\"contentUrl\":\"https:\\\/\\\/lavendea.com\\\/wp-content\\\/uploads\\\/2024\\\/02\\\/1761321685688-scaled.jpg\",\"width\":2048,\"height\":2048,\"caption\":\"Set dveh ro\u010dno izdelanih naravnih mil\"},{\"@type\":\"BreadcrumbList\",\"@id\":\"https:\\\/\\\/lavendea.com\\\/product\\\/darilni-seti-naravnih-mil\\\/#breadcrumb\",\"itemListElement\":[{\"@type\":\"ListItem\",\"position\":1,\"name\":\"Home\",\"item\":\"https:\\\/\\\/lavendea.com\\\/\"},{\"@type\":\"ListItem\",\"position\":2,\"name\":\"Trgovina\",\"item\":\"https:\\\/\\\/lavendea.com\\\/trgovina\\\/\"},{\"@type\":\"ListItem\",\"position\":3,\"name\":\"Darilni set 2 mil\"}]},{\"@type\":\"WebSite\",\"@id\":\"https:\\\/\\\/lavendea.com\\\/#website\",\"url\":\"https:\\\/\\\/lavendea.com\\\/\",\"name\":\"Lavendea\",\"description\":\"\",\"publisher\":{\"@id\":\"https:\\\/\\\/lavendea.com\\\/#organization\"},\"potentialAction\":[{\"@type\":\"SearchAction\",\"target\":{\"@type\":\"EntryPoint\",\"urlTemplate\":\"https:\\\/\\\/lavendea.com\\\/?s={search_term_string}\"},\"query-input\":{\"@type\":\"PropertyValueSpecification\",\"valueRequired\":true,\"valueName\":\"search_term_string\"}}],\"inLanguage\":\"en-GB\"},{\"@type\":\"Organization\",\"@id\":\"https:\\\/\\\/lavendea.com\\\/#organization\",\"name\":\"Lavendea\",\"url\":\"https:\\\/\\\/lavendea.com\\\/\",\"logo\":{\"@type\":\"ImageObject\",\"inLanguage\":\"en-GB\",\"@id\":\"https:\\\/\\\/lavendea.com\\\/#\\\/schema\\\/logo\\\/image\\\/\",\"url\":\"https:\\\/\\\/lavendea.com\\\/wp-content\\\/uploads\\\/2024\\\/02\\\/cropped-Izdelek-brez-naslova-1-2.png\",\"contentUrl\":\"https:\\\/\\\/lavendea.com\\\/wp-content\\\/uploads\\\/2024\\\/02\\\/cropped-Izdelek-brez-naslova-1-2.png\",\"width\":1747,\"height\":1101,\"caption\":\"Lavendea\"},\"image\":{\"@id\":\"https:\\\/\\\/lavendea.com\\\/#\\\/schema\\\/logo\\\/image\\\/\"}}]}<\/script>\n<!-- \/ Yoast SEO plugin. -->","yoast_head_json":{"title":"Darilni set 2 mil - Lavendea","description":"ro\u010dno izdelano naravno milo z eteri\u010dnim oljem. hranljivo, vla\u017eilno, naravni oksidant, absorbira ne\u010disto\u010de, ekolo\u0161ko, veganski izdelek. darilni set","robots":{"index":"index","follow":"follow","max-snippet":"max-snippet:-1","max-image-preview":"max-image-preview:large","max-video-preview":"max-video-preview:-1"},"canonical":"https:\/\/lavendea.com\/en\/product\/darilni-seti-naravnih-mil\/","og_locale":"en_GB","og_type":"article","og_title":"Darilni set 2 mil - Lavendea","og_description":"ro\u010dno izdelano naravno milo z eteri\u010dnim oljem. hranljivo, vla\u017eilno, naravni oksidant, absorbira ne\u010disto\u010de, ekolo\u0161ko, veganski izdelek. darilni set","og_url":"https:\/\/lavendea.com\/en\/product\/darilni-seti-naravnih-mil\/","og_site_name":"Lavendea","article_modified_time":"2025-10-24T16:09:37+00:00","og_image":[{"width":2048,"height":2048,"url":"https:\/\/lavendea.com\/wp-content\/uploads\/2024\/02\/1761321685688-scaled.jpg","type":"image\/jpeg"}],"twitter_card":"summary_large_image","twitter_misc":{"Estimated reading time":"1 minute"},"schema":{"@context":"https:\/\/schema.org","@graph":[{"@type":"WebPage","@id":"https:\/\/lavendea.com\/product\/darilni-seti-naravnih-mil\/","url":"https:\/\/lavendea.com\/product\/darilni-seti-naravnih-mil\/","name":"Darilni set 2 mil - Lavendea","isPartOf":{"@id":"https:\/\/lavendea.com\/#website"},"primaryImageOfPage":{"@id":"https:\/\/lavendea.com\/product\/darilni-seti-naravnih-mil\/#primaryimage"},"image":{"@id":"https:\/\/lavendea.com\/product\/darilni-seti-naravnih-mil\/#primaryimage"},"thumbnailUrl":"https:\/\/lavendea.com\/wp-content\/uploads\/2024\/02\/1761321685688-scaled.jpg","datePublished":"2024-02-10T23:32:44+00:00","dateModified":"2025-10-24T16:09:37+00:00","description":"ro\u010dno izdelano naravno milo z eteri\u010dnim oljem. hranljivo, vla\u017eilno, naravni oksidant, absorbira ne\u010disto\u010de, ekolo\u0161ko, veganski izdelek. darilni set","breadcrumb":{"@id":"https:\/\/lavendea.com\/product\/darilni-seti-naravnih-mil\/#breadcrumb"},"inLanguage":"en-GB","potentialAction":[{"@type":"ReadAction","target":["https:\/\/lavendea.com\/product\/darilni-seti-naravnih-mil\/"]}]},{"@type":"ImageObject","inLanguage":"en-GB","@id":"https:\/\/lavendea.com\/product\/darilni-seti-naravnih-mil\/#primaryimage","url":"https:\/\/lavendea.com\/wp-content\/uploads\/2024\/02\/1761321685688-scaled.jpg","contentUrl":"https:\/\/lavendea.com\/wp-content\/uploads\/2024\/02\/1761321685688-scaled.jpg","width":2048,"height":2048,"caption":"Set dveh ro\u010dno izdelanih naravnih mil"},{"@type":"BreadcrumbList","@id":"https:\/\/lavendea.com\/product\/darilni-seti-naravnih-mil\/#breadcrumb","itemListElement":[{"@type":"ListItem","position":1,"name":"Home","item":"https:\/\/lavendea.com\/"},{"@type":"ListItem","position":2,"name":"Trgovina","item":"https:\/\/lavendea.com\/trgovina\/"},{"@type":"ListItem","position":3,"name":"Darilni set 2 mil"}]},{"@type":"WebSite","@id":"https:\/\/lavendea.com\/#website","url":"https:\/\/lavendea.com\/","name":"Lavendea","description":"","publisher":{"@id":"https:\/\/lavendea.com\/#organization"},"potentialAction":[{"@type":"SearchAction","target":{"@type":"EntryPoint","urlTemplate":"https:\/\/lavendea.com\/?s={search_term_string}"},"query-input":{"@type":"PropertyValueSpecification","valueRequired":true,"valueName":"search_term_string"}}],"inLanguage":"en-GB"},{"@type":"Organization","@id":"https:\/\/lavendea.com\/#organization","name":"Lavendea","url":"https:\/\/lavendea.com\/","logo":{"@type":"ImageObject","inLanguage":"en-GB","@id":"https:\/\/lavendea.com\/#\/schema\/logo\/image\/","url":"https:\/\/lavendea.com\/wp-content\/uploads\/2024\/02\/cropped-Izdelek-brez-naslova-1-2.png","contentUrl":"https:\/\/lavendea.com\/wp-content\/uploads\/2024\/02\/cropped-Izdelek-brez-naslova-1-2.png","width":1747,"height":1101,"caption":"Lavendea"},"image":{"@id":"https:\/\/lavendea.com\/#\/schema\/logo\/image\/"}}]}},"_links":{"self":[{"href":"https:\/\/lavendea.com\/en\/wp-json\/wp\/v2\/product\/83","targetHints":{"allow":["GET"]}}],"collection":[{"href":"https:\/\/lavendea.com\/en\/wp-json\/wp\/v2\/product"}],"about":[{"href":"https:\/\/lavendea.com\/en\/wp-json\/wp\/v2\/types\/product"}],"replies":[{"embeddable":true,"href":"https:\/\/lavendea.com\/en\/wp-json\/wp\/v2\/comments?post=83"}],"version-history":[{"count":3,"href":"https:\/\/lavendea.com\/en\/wp-json\/wp\/v2\/product\/83\/revisions"}],"predecessor-version":[{"id":1478,"href":"https:\/\/lavendea.com\/en\/wp-json\/wp\/v2\/product\/83\/revisions\/1478"}],"wp:featuredmedia":[{"embeddable":true,"href":"https:\/\/lavendea.com\/en\/wp-json\/wp\/v2\/media\/12715"}],"wp:attachment":[{"href":"https:\/\/lavendea.com\/en\/wp-json\/wp\/v2\/media?parent=83"}],"wp:term":[{"taxonomy":"product_brand","embeddable":true,"href":"https:\/\/lavendea.com\/en\/wp-json\/wp\/v2\/product_brand?post=83"},{"taxonomy":"product_cat","embeddable":true,"href":"https:\/\/lavendea.com\/en\/wp-json\/wp\/v2\/product_cat?post=83"},{"taxonomy":"product_tag","embeddable":true,"href":"https:\/\/lavendea.com\/en\/wp-json\/wp\/v2\/product_tag?post=83"}],"curies":[{"name":"wp","href":"https:\/\/api.w.org\/{rel}","templated":true}]}}