{"id":86,"date":"2024-02-10T23:38:05","date_gmt":"2024-02-10T23:38:05","guid":{"rendered":"https:\/\/lavendea.com\/?post_type=product&#038;p=86"},"modified":"2026-04-18T20:54:59","modified_gmt":"2026-04-18T18:54:59","slug":"naravna-mila-kalejdoskop","status":"publish","type":"product","link":"https:\/\/lavendea.com\/en\/product\/naravna-mila-kalejdoskop\/","title":{"rendered":"Soap Kaleidoscope"},"content":{"rendered":"<div data-elementor-type=\"product-post\" data-elementor-id=\"86\" class=\"elementor elementor-86\" data-elementor-post-type=\"product\">\n\t\t\t\t<div class=\"elementor-element elementor-element-44df7d8b e-flex e-con-boxed e-con e-parent\" data-id=\"44df7d8b\" data-element_type=\"container\" data-e-type=\"container\">\n\t\t\t\t\t<div class=\"e-con-inner\">\n\t\t\t\t<div class=\"elementor-element elementor-element-5a34fd0e elementor-widget elementor-widget-text-editor\" data-id=\"5a34fd0e\" data-element_type=\"widget\" data-e-type=\"widget\" data-widget_type=\"text-editor.default\">\n\t\t\t\t<div class=\"elementor-widget-container\">\n\t\t\t\t\t\t\t\t\t<p>Vibrant and energetic soaps that play with angles, reflections, dynamic colours and fragrances. An aromatic chaos of scents and colours, intersections, angles and degrees, which together create a sensory experience for the eyes and nose. A unique soap that must be experienced! Each bar of soap has a unique visual design with whimsical swirl patterns. It's the perfect size for your hand and the swirl pattern keeps changing as you use the soap! A magical soap where colours and lively patterns intertwine and beauty is rounded off by an intoxicating fragrance. The soap is made from high-quality ingredients: coconut, castor, olive, almond oil and shea butter. Coloured with natural clays and scented with quality fragrances. It will nourish your skin and give it a pleasant fragrance. A unique soap that must be experienced!<\/p><h3>Tips for using and storing Kaleidoscope soap<\/h3><p>To get the best results from using soap, follow these tips:<\/p><ol><li>Moisten the soap with water before use to create a lather.<\/li><li>Gently massage the soap onto damp skin to create a lather and gently cleanse your face and body.<\/li><li>Avoid contact with eyes as the soap can cause irritation.<\/li><li>After use, rinse the soap thoroughly and allow it to air dry.<\/li><li>To store soap, use a soap dish with a drain hole to avoid water build-up and extend the life of the soap.<\/li><\/ol>\t\t\t\t\t\t\t\t<\/div>\n\t\t\t\t<\/div>\n\t\t\t\t\t<\/div>\n\t\t\t\t<\/div>\n\t\t\t\t<\/div>","protected":false},"excerpt":{"rendered":"<p>It is a lively and energetic soap that plays with angles, reflections, dynamic colours and fragrances. An aromatic chaos of scents and colours, intersections, angles and corners, which together create a sensory experience for the eyes and nose. A unique soap that must be experienced! Each bar of soap has a unique visual design with whimsical swirl patterns. It's the perfect size for your hand and the swirl pattern keeps changing as you use the soap!<\/p>","protected":false},"featured_media":363,"comment_status":"open","ping_status":"closed","template":"","meta":[],"product_brand":[],"product_cat":[15,25],"product_tag":[44,47,33,42,34,43,38,31,35,46],"class_list":{"0":"post-86","1":"product","2":"type-product","3":"status-publish","4":"has-post-thumbnail","6":"product_cat-mila-naravno","7":"product_cat-naravna-mila-kalejdoskop","8":"product_tag-cimet","9":"product_tag-kalejdoskop","10":"product_tag-karitejevo-maslo","11":"product_tag-limonska-trava","12":"product_tag-mandljevo-olje","13":"product_tag-pomaranca","14":"product_tag-ricinusovo-olje","15":"product_tag-sivka","16":"product_tag-vrtnica","17":"product_tag-vrtnica-pelargonija","19":"first","20":"instock","21":"shipping-taxable","22":"purchasable","23":"product-type-variable","24":"has-default-attributes"},"yoast_head":"<!-- This site is optimized with the Yoast SEO plugin v27.3 - https:\/\/yoast.com\/product\/yoast-seo-wordpress\/ -->\n<title>Milo Kalejdoskop - Lavendea<\/title>\n<meta name=\"description\" content=\"ro\u010dno izdelano naravno milo z eteri\u010dnim oljem. hranljivo, vla\u017eilno, naravni oksidant, absorbira ne\u010disto\u010de, ekolo\u0161ko, veganski izdelek\" \/>\n<meta name=\"robots\" content=\"index, follow, max-snippet:-1, max-image-preview:large, max-video-preview:-1\" \/>\n<link rel=\"canonical\" href=\"https:\/\/lavendea.com\/en\/product\/naravna-mila-kalejdoskop\/\" \/>\n<meta property=\"og:locale\" content=\"en_GB\" \/>\n<meta property=\"og:type\" content=\"article\" \/>\n<meta property=\"og:title\" content=\"Milo Kalejdoskop - Lavendea\" \/>\n<meta property=\"og:description\" content=\"ro\u010dno izdelano naravno milo z eteri\u010dnim oljem. hranljivo, vla\u017eilno, naravni oksidant, absorbira ne\u010disto\u010de, ekolo\u0161ko, veganski izdelek\" \/>\n<meta property=\"og:url\" content=\"https:\/\/lavendea.com\/en\/product\/naravna-mila-kalejdoskop\/\" \/>\n<meta property=\"og:site_name\" content=\"Lavendea\" \/>\n<meta property=\"article:modified_time\" content=\"2026-04-18T18:54:59+00:00\" \/>\n<meta property=\"og:image\" content=\"https:\/\/lavendea.com\/wp-content\/uploads\/2024\/02\/20240220_132026-1024x1016.jpg\" \/>\n\t<meta property=\"og:image:width\" content=\"1024\" \/>\n\t<meta property=\"og:image:height\" content=\"1016\" \/>\n\t<meta property=\"og:image:type\" content=\"image\/jpeg\" \/>\n<meta name=\"twitter:card\" content=\"summary_large_image\" \/>\n<meta name=\"twitter:label1\" content=\"Estimated reading time\" \/>\n\t<meta name=\"twitter:data1\" content=\"2 minutes\" \/>\n<script type=\"application\/ld+json\" class=\"yoast-schema-graph\">{\"@context\":\"https:\\\/\\\/schema.org\",\"@graph\":[{\"@type\":\"WebPage\",\"@id\":\"https:\\\/\\\/lavendea.com\\\/product\\\/naravna-mila-kalejdoskop\\\/\",\"url\":\"https:\\\/\\\/lavendea.com\\\/product\\\/naravna-mila-kalejdoskop\\\/\",\"name\":\"Milo Kalejdoskop - Lavendea\",\"isPartOf\":{\"@id\":\"https:\\\/\\\/lavendea.com\\\/#website\"},\"primaryImageOfPage\":{\"@id\":\"https:\\\/\\\/lavendea.com\\\/product\\\/naravna-mila-kalejdoskop\\\/#primaryimage\"},\"image\":{\"@id\":\"https:\\\/\\\/lavendea.com\\\/product\\\/naravna-mila-kalejdoskop\\\/#primaryimage\"},\"thumbnailUrl\":\"https:\\\/\\\/lavendea.com\\\/wp-content\\\/uploads\\\/2024\\\/02\\\/20240220_132026.jpg\",\"datePublished\":\"2024-02-10T23:38:05+00:00\",\"dateModified\":\"2026-04-18T18:54:59+00:00\",\"description\":\"ro\u010dno izdelano naravno milo z eteri\u010dnim oljem. hranljivo, vla\u017eilno, naravni oksidant, absorbira ne\u010disto\u010de, ekolo\u0161ko, veganski izdelek\",\"breadcrumb\":{\"@id\":\"https:\\\/\\\/lavendea.com\\\/product\\\/naravna-mila-kalejdoskop\\\/#breadcrumb\"},\"inLanguage\":\"en-GB\",\"potentialAction\":[{\"@type\":\"ReadAction\",\"target\":[\"https:\\\/\\\/lavendea.com\\\/product\\\/naravna-mila-kalejdoskop\\\/\"]}]},{\"@type\":\"ImageObject\",\"inLanguage\":\"en-GB\",\"@id\":\"https:\\\/\\\/lavendea.com\\\/product\\\/naravna-mila-kalejdoskop\\\/#primaryimage\",\"url\":\"https:\\\/\\\/lavendea.com\\\/wp-content\\\/uploads\\\/2024\\\/02\\\/20240220_132026.jpg\",\"contentUrl\":\"https:\\\/\\\/lavendea.com\\\/wp-content\\\/uploads\\\/2024\\\/02\\\/20240220_132026.jpg\",\"width\":1452,\"height\":1440,\"caption\":\"Ro\u010dno izdelana naravna mila kalejdoskop\"},{\"@type\":\"BreadcrumbList\",\"@id\":\"https:\\\/\\\/lavendea.com\\\/product\\\/naravna-mila-kalejdoskop\\\/#breadcrumb\",\"itemListElement\":[{\"@type\":\"ListItem\",\"position\":1,\"name\":\"Home\",\"item\":\"https:\\\/\\\/lavendea.com\\\/\"},{\"@type\":\"ListItem\",\"position\":2,\"name\":\"Trgovina\",\"item\":\"https:\\\/\\\/lavendea.com\\\/trgovina\\\/\"},{\"@type\":\"ListItem\",\"position\":3,\"name\":\"Milo Kalejdoskop\"}]},{\"@type\":\"WebSite\",\"@id\":\"https:\\\/\\\/lavendea.com\\\/#website\",\"url\":\"https:\\\/\\\/lavendea.com\\\/\",\"name\":\"Lavendea\",\"description\":\"\",\"publisher\":{\"@id\":\"https:\\\/\\\/lavendea.com\\\/#organization\"},\"potentialAction\":[{\"@type\":\"SearchAction\",\"target\":{\"@type\":\"EntryPoint\",\"urlTemplate\":\"https:\\\/\\\/lavendea.com\\\/?s={search_term_string}\"},\"query-input\":{\"@type\":\"PropertyValueSpecification\",\"valueRequired\":true,\"valueName\":\"search_term_string\"}}],\"inLanguage\":\"en-GB\"},{\"@type\":\"Organization\",\"@id\":\"https:\\\/\\\/lavendea.com\\\/#organization\",\"name\":\"Lavendea\",\"url\":\"https:\\\/\\\/lavendea.com\\\/\",\"logo\":{\"@type\":\"ImageObject\",\"inLanguage\":\"en-GB\",\"@id\":\"https:\\\/\\\/lavendea.com\\\/#\\\/schema\\\/logo\\\/image\\\/\",\"url\":\"https:\\\/\\\/lavendea.com\\\/wp-content\\\/uploads\\\/2024\\\/02\\\/cropped-Izdelek-brez-naslova-1-2.png\",\"contentUrl\":\"https:\\\/\\\/lavendea.com\\\/wp-content\\\/uploads\\\/2024\\\/02\\\/cropped-Izdelek-brez-naslova-1-2.png\",\"width\":1747,\"height\":1101,\"caption\":\"Lavendea\"},\"image\":{\"@id\":\"https:\\\/\\\/lavendea.com\\\/#\\\/schema\\\/logo\\\/image\\\/\"}}]}<\/script>\n<!-- \/ Yoast SEO plugin. -->","yoast_head_json":{"title":"Milo Kalejdoskop - Lavendea","description":"ro\u010dno izdelano naravno milo z eteri\u010dnim oljem. hranljivo, vla\u017eilno, naravni oksidant, absorbira ne\u010disto\u010de, ekolo\u0161ko, veganski izdelek","robots":{"index":"index","follow":"follow","max-snippet":"max-snippet:-1","max-image-preview":"max-image-preview:large","max-video-preview":"max-video-preview:-1"},"canonical":"https:\/\/lavendea.com\/en\/product\/naravna-mila-kalejdoskop\/","og_locale":"en_GB","og_type":"article","og_title":"Milo Kalejdoskop - Lavendea","og_description":"ro\u010dno izdelano naravno milo z eteri\u010dnim oljem. hranljivo, vla\u017eilno, naravni oksidant, absorbira ne\u010disto\u010de, ekolo\u0161ko, veganski izdelek","og_url":"https:\/\/lavendea.com\/en\/product\/naravna-mila-kalejdoskop\/","og_site_name":"Lavendea","article_modified_time":"2026-04-18T18:54:59+00:00","og_image":[{"width":1024,"height":1016,"url":"https:\/\/lavendea.com\/wp-content\/uploads\/2024\/02\/20240220_132026-1024x1016.jpg","type":"image\/jpeg"}],"twitter_card":"summary_large_image","twitter_misc":{"Estimated reading time":"2 minutes"},"schema":{"@context":"https:\/\/schema.org","@graph":[{"@type":"WebPage","@id":"https:\/\/lavendea.com\/product\/naravna-mila-kalejdoskop\/","url":"https:\/\/lavendea.com\/product\/naravna-mila-kalejdoskop\/","name":"Milo Kalejdoskop - Lavendea","isPartOf":{"@id":"https:\/\/lavendea.com\/#website"},"primaryImageOfPage":{"@id":"https:\/\/lavendea.com\/product\/naravna-mila-kalejdoskop\/#primaryimage"},"image":{"@id":"https:\/\/lavendea.com\/product\/naravna-mila-kalejdoskop\/#primaryimage"},"thumbnailUrl":"https:\/\/lavendea.com\/wp-content\/uploads\/2024\/02\/20240220_132026.jpg","datePublished":"2024-02-10T23:38:05+00:00","dateModified":"2026-04-18T18:54:59+00:00","description":"ro\u010dno izdelano naravno milo z eteri\u010dnim oljem. hranljivo, vla\u017eilno, naravni oksidant, absorbira ne\u010disto\u010de, ekolo\u0161ko, veganski izdelek","breadcrumb":{"@id":"https:\/\/lavendea.com\/product\/naravna-mila-kalejdoskop\/#breadcrumb"},"inLanguage":"en-GB","potentialAction":[{"@type":"ReadAction","target":["https:\/\/lavendea.com\/product\/naravna-mila-kalejdoskop\/"]}]},{"@type":"ImageObject","inLanguage":"en-GB","@id":"https:\/\/lavendea.com\/product\/naravna-mila-kalejdoskop\/#primaryimage","url":"https:\/\/lavendea.com\/wp-content\/uploads\/2024\/02\/20240220_132026.jpg","contentUrl":"https:\/\/lavendea.com\/wp-content\/uploads\/2024\/02\/20240220_132026.jpg","width":1452,"height":1440,"caption":"Ro\u010dno izdelana naravna mila kalejdoskop"},{"@type":"BreadcrumbList","@id":"https:\/\/lavendea.com\/product\/naravna-mila-kalejdoskop\/#breadcrumb","itemListElement":[{"@type":"ListItem","position":1,"name":"Home","item":"https:\/\/lavendea.com\/"},{"@type":"ListItem","position":2,"name":"Trgovina","item":"https:\/\/lavendea.com\/trgovina\/"},{"@type":"ListItem","position":3,"name":"Milo Kalejdoskop"}]},{"@type":"WebSite","@id":"https:\/\/lavendea.com\/#website","url":"https:\/\/lavendea.com\/","name":"Lavendea","description":"","publisher":{"@id":"https:\/\/lavendea.com\/#organization"},"potentialAction":[{"@type":"SearchAction","target":{"@type":"EntryPoint","urlTemplate":"https:\/\/lavendea.com\/?s={search_term_string}"},"query-input":{"@type":"PropertyValueSpecification","valueRequired":true,"valueName":"search_term_string"}}],"inLanguage":"en-GB"},{"@type":"Organization","@id":"https:\/\/lavendea.com\/#organization","name":"Lavendea","url":"https:\/\/lavendea.com\/","logo":{"@type":"ImageObject","inLanguage":"en-GB","@id":"https:\/\/lavendea.com\/#\/schema\/logo\/image\/","url":"https:\/\/lavendea.com\/wp-content\/uploads\/2024\/02\/cropped-Izdelek-brez-naslova-1-2.png","contentUrl":"https:\/\/lavendea.com\/wp-content\/uploads\/2024\/02\/cropped-Izdelek-brez-naslova-1-2.png","width":1747,"height":1101,"caption":"Lavendea"},"image":{"@id":"https:\/\/lavendea.com\/#\/schema\/logo\/image\/"}}]}},"_links":{"self":[{"href":"https:\/\/lavendea.com\/en\/wp-json\/wp\/v2\/product\/86","targetHints":{"allow":["GET"]}}],"collection":[{"href":"https:\/\/lavendea.com\/en\/wp-json\/wp\/v2\/product"}],"about":[{"href":"https:\/\/lavendea.com\/en\/wp-json\/wp\/v2\/types\/product"}],"replies":[{"embeddable":true,"href":"https:\/\/lavendea.com\/en\/wp-json\/wp\/v2\/comments?post=86"}],"version-history":[{"count":12,"href":"https:\/\/lavendea.com\/en\/wp-json\/wp\/v2\/product\/86\/revisions"}],"predecessor-version":[{"id":2305,"href":"https:\/\/lavendea.com\/en\/wp-json\/wp\/v2\/product\/86\/revisions\/2305"}],"wp:featuredmedia":[{"embeddable":true,"href":"https:\/\/lavendea.com\/en\/wp-json\/wp\/v2\/media\/363"}],"wp:attachment":[{"href":"https:\/\/lavendea.com\/en\/wp-json\/wp\/v2\/media?parent=86"}],"wp:term":[{"taxonomy":"product_brand","embeddable":true,"href":"https:\/\/lavendea.com\/en\/wp-json\/wp\/v2\/product_brand?post=86"},{"taxonomy":"product_cat","embeddable":true,"href":"https:\/\/lavendea.com\/en\/wp-json\/wp\/v2\/product_cat?post=86"},{"taxonomy":"product_tag","embeddable":true,"href":"https:\/\/lavendea.com\/en\/wp-json\/wp\/v2\/product_tag?post=86"}],"curies":[{"name":"wp","href":"https:\/\/api.w.org\/{rel}","templated":true}]}}