{"id":3,"date":"2024-02-08T21:03:18","date_gmt":"2024-02-08T21:03:18","guid":{"rendered":"https:\/\/lavendea.com\/?page_id=3"},"modified":"2024-06-09T22:24:27","modified_gmt":"2024-06-09T20:24:27","slug":"privacy-policy","status":"publish","type":"page","link":"https:\/\/lavendea.com\/si\/privacy-policy\/","title":{"rendered":"Politika zasebnosti"},"content":{"rendered":"\t\t<div data-elementor-type=\"wp-page\" data-elementor-id=\"3\" class=\"elementor elementor-3\" data-elementor-post-type=\"page\">\n\t\t\t\t<div class=\"elementor-element elementor-element-6ea0f5b8 e-flex e-con-boxed e-con e-parent\" data-id=\"6ea0f5b8\" data-element_type=\"container\" data-e-type=\"container\">\n\t\t\t\t\t<div class=\"e-con-inner\">\n\t\t\t\t<div class=\"elementor-element elementor-element-abf1d03 elementor-widget elementor-widget-text-editor\" data-id=\"abf1d03\" data-element_type=\"widget\" data-e-type=\"widget\" data-widget_type=\"text-editor.default\">\n\t\t\t\t<div class=\"elementor-widget-container\">\n\t\t\t\t\t\t\t\t\t<p><\/p>\n<h3 class=\"wp-block-heading\">VARSTVO OSEBNIH PODATKOV<\/h3>\n<p><\/p>\n<p>Zasebnosti obiskovalcev in kupcev v na\u0161i spletni trgovini posve\u010damo veliko pozornost in zavedamo se, da so osebni podatki, ki nam jih uporabniki zaupate, ob\u010dutljive informacije, zato se zavezujemo, da jih bomo v skladu z Zakonom o varstvu osebnih podatkov (ZVOP-1) in GDPR (EU 2016\/679)skrbno varovali pred zlorabo, razkrivanjem, nepoobla\u0161\u010denim dostopom in jih pod nobenih pogojem ne bomo posredovali tretjim osebam. Vsi podatki bodo obravnavani zaupno in bodo uporabljeni zgolj za namen, zaradi katerega so bili posredovani. Dostavni slu\u017ebi (npr. Po\u0161ta Slovenije, GLS, ipd.) bomo zaupali le potrebne podatke za dostavo naro\u010denih izdelkov (podatki o prejemniku in naslov za dostavo).<\/p>\n<h2>&nbsp;<\/h2>\n<h3>ZBIRANJE OSEBNIH PODATKOV<\/h3>\n<h2>&nbsp;<\/h2>\n<p>Pri obisku na\u0161e spletne trgovine shranjujemo dolo\u010dene podatke o va\u0161i napravi, va\u0161i interakciji z na\u0161o spletno stranjo in informacije potrebne za dokon\u010danje nakupa. Dodatno lahko zbiramo tudi podatke, ki jih potrebujemo, da lahko stopimo z vami v stik pri podpori strankam.<\/p>\n<p>Podatki o va\u0161i napravi:<\/p>\n<ul>\n<li>Primeri informacij, ki jih zbiramo: verzija va\u0161ega brskalnika, IP naslov, \u010dasovni pas, podatki o pi\u0161kotkih, katere strani odpirate, kak\u0161na je va\u0161a interakcija z na\u0161o stranjo.<\/li>\n<li>Namen zbiranja: pravilno nalaganje spletne strani, opravljanje analitike in optimizacije spletne strani<\/li>\n<li>Vir zbiranja: podatki so avtomatsko zbrani, ko dostopate na\u0161o spletno stran s pomo\u010djo pi\u0161kotkov, datotek, ozna\u010db in pixlov.<\/li>\n<\/ul>\n<p>Va\u0161i podatki:<\/p>\n<ul>\n<li>ime in priimek<\/li>\n<li>naslov za dostavo<\/li>\n<li>kontaktno telefonsko \u0161tevilko<\/li>\n<li>naslov elektronske po\u0161te<\/li>\n<li>geslo v \u0161ifrirani obliki<\/li>\n<li>druge podatke, ki jih uporabnik prostovoljno vnese v obrazce v spletni trgovini (npr. vnos morebitnih opomb pri oddaji naro\u010dila, vnos sporo\u010dila pri oddaji kontaktnega obrazca)<\/li>\n<\/ul>\n<h2>&nbsp;<\/h2>\n<p>Te podatke potrebujemo zgolj za obdelavo va\u0161ega naro\u010dila ali v primeru, da moramo&nbsp; stopiti v stik z vami v povezavi z va\u0161im naro\u010dilom. Za pravilnost, popolnost in a\u017eurnost podatkov, ki jih uporabniki vnesete, ne odgovarjamo. Za varovanje osebnih podatkov ste odgovorni tudi uporabniki sam in sicer tako, da poskrbite za varnost svojega uporabni\u0161kega imena in gesla. Uporabniki imate pravico do vpogleda ali popravka osebnih podatkov. Vsi podatki, ki jih hranimo o vas, so dostopni na va\u0161em profilu, kjer jih imate mo\u017enost tudi popraviti.<\/p>\n<p><\/p>\n<h3>DELJENJE VA\u0160IH PODATKOV<\/h3>\n<div>&nbsp;<\/div>\n<p>Va\u0161e podatke delimo le s podjetji, ki so nujni za obdelavo va\u0161ega naro\u010dila, kot na primer dostavna slu\u017eba.<\/p>\n<h2>&nbsp;<\/h2>\n<h3>OGLA\u0160EVANJE<\/h3>\n<h2>&nbsp;<\/h2>\n<p>Va\u0161e podatke ob\u010dasno uporabljamo tudi za ogla\u0161evanje ali opravljanje analize spletne strani. Na primer: Facebook: uporabljamo Facebook pixel, ki uporablja nekatere podatke pridobljene preko pi\u0161kotkov. Google Analytics: uporabljamo za analizo spletne strani. Iz ogla\u0161evanja se lahko vedno izvzamete tako, da nam pi\u0161ete na info@lavendea.com. Po shranitvi bomo va\u0161e podatke hranili dokler ne izrazite \u017eelje za izbris.<\/p>\n<h2>&nbsp;<\/h2>\n<h3>PRAVICA DOSTOPA DO PODATKOV<\/h3>\n<div>&nbsp;<\/div>\n<div>&nbsp;<\/div>\n<p>Od upravljavca imate pravico dobiti potrditev, ali se obdeluje va\u0161e osebne podatke, in kadar je temu tako, imate pravico dobiti dostop do va\u0161ih osebnih podatkov in naslednjih informacij v zvezi z obdelavo osebnih podatkov: nameni obdelave, vrste osebnih podatkov, uporabniki ali kategorije uporabnika, ki so jim bili ali jim bodo razkriti va\u0161i osebni podatki, zlasti uporabnike v tretjih dr\u017eavah ali mednarodnih organizacijah, kadar je mogo\u010de, predvideno obdobje hrambe osebnih podatkov ali, \u010de to ni mogo\u010de, merila, ki se uporabijo za dolo\u010ditev tega obdobja, obstoj pravice, da se od upravljavca zahteva popravek ali izbris osebnih podatkov ali omejitev obdelave osebnih podatkov v zvezi z uporabnikom, na katerega se nana\u0161ajo osebni podatki, ali obstoj pravice do ugovora taki obdelavi, pravica do vlo\u017eitve prito\u017ebe pri nadzornem organu, kadar osebni podatki niso zbrani od uporabnika, vse razpolo\u017eljive informacije v zvezi z njihovim virom, obstoj avtomatiziranega sprejemanja odlo\u010ditev, vklju\u010dno z oblikovanjem profilov, ter smiselne informacije o razlogih zanj, kot tudi pomen in predvidene posledice take obdelave za uporabnika. Na podlagi va\u0161e zahteve vam bo zagotovljena ena brezpla\u010dna kopija va\u0161ih osebnih podatkov, ki se obdelujejo. Za dodatne kopije podatkov, ki bi jih zahtevali, vam bo upravljavec zara\u010dunal razumno pristojbino ob upo\u0161tevanju administrativnih stro\u0161kov.<\/p>\n<h2>&nbsp;<\/h2>\n<h3>PRAVICA DO UGOVORA<\/h3>\n<h2>&nbsp;<\/h2>\n<p>Na podlagi razlogov, povezanih z va\u0161im posebnim polo\u017eajem, imate pravico, da kadarkoli ugovarjate obdelavi osebnih podatkov, \u010de ta temelji na zakonitih interesih, za katere si prizadeva upravljavec ali tretja oseba. Upravljavec bo prenehal obdelovati osebne podatke, razen \u010de doka\u017ee nujne razloge za obdelavo, ki prevladajo nad va\u0161imi interesi, pravicami in svobo\u0161\u010dinami ali za uveljavljanje, izvajanje ali obrambo pravnih zahtevkov. Kadar se osebni podatki obdelujejo za namene neposrednega tr\u017eenja, imate pravico, da kadarkoli ugovarjate obdelavi va\u0161ih osebnih podatkov za namene takega tr\u017eenja, vklju\u010dno s profiliranjem, \u010de je povezano s takim neposrednim tr\u017eenjem. \u010ce neposredno tr\u017eenje temelji na privolitvi, se pravica do ugovora lahko izvede s preklicem dane osebne privolitve.<\/p>\n<h2>&nbsp;<\/h2>\n<h3>UVELJAVLJANJE PRAVIC<\/h3>\n<h2>&nbsp;<\/h2>\n<p>Za va\u0161e uresni\u010devanje teh pravic veljajo nekatere izjeme pri varovanju javnega interesa (npr. prepre\u010devanje ali odkrivanje kaznivih dejanj), interesov upravljavca (npr. zagotavljanje varovanja zaupnosti) ali pravic in svobo\u0161\u010din drugih. Upo\u0161tevajte \u0161e, da se lahko zahteva dokaz o va\u0161i identiteti in popolne podrobnosti o va\u0161i zahtevi, preden se le-ta obdela. \u010ce boste uveljavljali katero koli od zgoraj navedenih pravic, bo odgovor podan brez nepotrebnega odla\u0161anja, vendar najpozneje v mesecu dni. V zapletenih primerih ali ob prejetju velikega \u0161tevila zahtev, se lahko ta rok podalj\u0161a za nadaljnja dva meseca, o \u010demer se vas bo obvestilo. Tako v primeru uveljavljanja pravic kot tudi v primeru morebitnih vpra\u0161anj ali v primeru, da upravljavcu \u017eelite sporo\u010diti svoje \u017eelje oziroma komentarje v zvezi z varstvom podatkom, lahko pi\u0161ete na naslov info@lavendea.com. \u010ce niste zadovoljni z obdelavo va\u0161ih podatkov ali z odzivom na kakr\u0161no koli uveljavljanje navedenih pravic, imate pravico do prito\u017ebe na organ za varstvo podatkov, torej Informacijskemu poobla\u0161\u010dencu RS (naslov: Dunajska 22, 1000 Ljubljana, e-naslov: gp.ip@ip-rs.si, telefon: 012309730, spletna stran: www.ip-rs.si).<\/p>\n<h2>&nbsp;<\/h2>\n<h3>PRAVICA DO POPRAVKA<\/h3>\n<h2>&nbsp;<\/h2>\n<p>Od upravljavca imate pravico zahtevati, da brez nepotrebnega odla\u0161anja popravi neto\u010dne osebne podatke v zvezi z vami. Ob upo\u0161tevanju namenov obdelave imate pravico do dopolnitve nepopolnih osebnih podatkov, vklju\u010dno s predlo\u017eitvijo dopolnilne izjave.<\/p>\n<h2>&nbsp;<\/h2>\n<h3>PRAVICA DO IZBRISA (\u00bbPRAVICA DO POZABE\u00ab)<\/h3>\n<h2>&nbsp;<\/h2>\n<p>Od upravljavca imate pravico zahtevati, da brez nepotrebnega odla\u0161anja izbri\u0161e osebne podatke v zvezi z vami, pri \u010demer pa mora va\u0161e osebne podatke brez nepotrebnega odla\u0161anja izbrisati v naslednjih primerih: kadar osebni podatki niso ve\u010d potrebni za namene, za katere so bili zbrani ali kako druga\u010de obdelani, kadar prekli\u010dete privolitev, ki je podlaga za obdelavo va\u0161ih osebnih podatkov, pa za obdelavo ne obstaja nobena druga pravna podlaga, kadar ugovarjate obdelavi na podlagi zakonitega interesa upravljavca, pa za njihovo obdelavo ne obstajajo nobeni prevladujo\u010di zakoniti razlogi, kadar ugovarjate obdelavi za potrebe neposrednega tr\u017eenja, kadar je osebne podatke treba izbrisati za izpolnitev pravne obveznosti v skladu s pravom EU ali slovenskim pravnim redom.<\/p>\n<h2>&nbsp;<\/h2>\n<h3>PRAVICA DO OMEJITVE OBDELAVE<\/h3>\n<h2>&nbsp;<\/h2>\n<p>Pravico imate zahtevati, da se omeji obdelavo va\u0161ih osebnih podatkov, kadar velja en od naslednjih primerov: kadar oporekate to\u010dnosti podatkov, in sicer za obdobje, ki upravljavcu omogo\u010da preveriti to\u010dnost va\u0161ih osebnih podatkov, kadar je obdelava nezakonita in nasprotujete izbrisu osebnih podatkov ter namesto tega zahtevate omejitev njihove uporabe, kadar upravljavec osebnih podatkov ne potrebuje ve\u010d za namene obdelave, temve\u010d jih vi potrebujete za uveljavljanje, izvajanje ali obrambo pravnih zahtevkov, kadar ste vlo\u017eili ugovor v zvezi z obdelavo, dokler se ne preveri, ali zakoniti razlogi upravljavca prevladajo nad va\u0161imi razlogi.<\/p>\n<h2>&nbsp;<\/h2>\n<h3>PRAVICA DO PRENOSLJIVOSTI PODATKOV<\/h3>\n<h2>&nbsp;<\/h2>\n<p>Pravico imate, da prejmete osebne podatke v zvezi z vami, ki jih je posedoval upravljavec, v strukturirani, splo\u0161no uporabljani in strojno berljivi obliki, in pravico, da te podatke posredujete drugemu upravljavcu, ne da bi vas upravljavec, ki so mu bili osebni podatki zagotovljeni, pri tem oviral, kadar obdelava temelji na va\u0161i privolitvi ali pogodbi in se obdelava izvaja z avtomatiziranimi sredstvi.<\/p>\n<h2>&nbsp;<\/h2>\n<h3>PRAVICA DO UGOVORA<\/h3>\n<h2>&nbsp;<\/h2>\n<p>Na podlagi razlogov, povezanih z va\u0161im posebnim polo\u017eajem, imate pravico, da kadarkoli ugovarjate obdelavi osebnih podatkov, \u010de ta temelji na zakonitih interesih, za katere si prizadeva upravljavec ali tretja oseba. upravljavec bo prenehal obdelovati osebne podatke, razen \u010de doka\u017ee nujne razloge za obdelavo, ki prevladajo nad va\u0161imi interesi, pravicami in svobo\u0161\u010dinami ali za uveljavljanje, izvajanje ali obrambo pravnih zahtevkov. Kadar se osebni podatki obdelujejo za namene neposrednega tr\u017eenja, imate pravico, da kadarkoli ugovarjate obdelavi va\u0161ih osebnih podatkov za namene takega tr\u017eenja, vklju\u010dno s profiliranjem, \u010de je povezano s takim neposrednim tr\u017eenjem. \u010ce neposredno tr\u017eenje temelji na privolitvi, se pravica do ugovora lahko izvede s preklicem dane osebne privolitve.<\/p>\n<h2>&nbsp;<\/h2>\n<h3>UVELJAVLJANJE PRAVIC<\/h3>\n<h2>&nbsp;<\/h2>\n<p>Za va\u0161e uresni\u010devanje teh pravic veljajo nekatere izjeme pri varovanju javnega interesa (npr. prepre\u010devanje ali odkrivanje kaznivih dejanj), interesov upravljavca (npr. zagotavljanje varovanja zaupnosti) ali pravic in svobo\u0161\u010din drugih. Upo\u0161tevajte \u0161e, da se lahko zahteva dokaz o va\u0161i identiteti in popolne podrobnosti o va\u0161i zahtevi, preden se le-ta obdela. \u010ce boste uveljavljali katero koli od zgoraj navedenih pravic, bo odgovor podan brez nepotrebnega odla\u0161anja, vendar najpozneje v mesecu dni. V zapletenih primerih ali ob prejetju velikega \u0161tevila zahtev, se lahko ta rok podalj\u0161a za nadaljnja dva meseca, o \u010demer se vas bo obvestilo. Tako v primeru uveljavljanja pravic kot tudi v primeru morebitnih vpra\u0161anj ali v primeru, da upravljavcu \u017eelite sporo\u010diti svoje \u017eelje oziroma komentarje v zvezi z varstvom podatkom, lahko pi\u0161ete na naslov info@lavendea.com. \u010ce niste zadovoljni z obdelavo va\u0161ih podatkov ali z odzivom na kakr\u0161no koli uveljavljanje navedenih pravic, imate pravico do prito\u017ebe na organ za varstvo podatkov, torej Informacijskemu poobla\u0161\u010dencu RS (naslov: Dunajska 22, 1000 Ljubljana, e-naslov: gp.ip@ip-rs.si, telefon: 012309730, spletna stran: www.ip-rs.si).<\/p>\n<h2>&nbsp;<\/h2>\n<h3>PI\u0160KOTKI<\/h3>\n<h2>&nbsp;<\/h2>\n<p>Spletna stran uporablja pi\u0161kotke za zagotavljanje bolj\u0161e uporabni\u0161ke izku\u0161nje in spremljanje statistike obiska. Ob obisku strani se nekateri podatki (IP naslov, datum, \u010das, naslov strani, s katere prihajate) shranijo na stre\u017enik. Ti podatki so anonimni in se uporabljajo zgolj za analizo obiskov spletnega mesta (v povezavi z orodjem Google Analytics). O uporabi pi\u0161kotkov so obiskovalci obve\u0161\u010deni ob prvem obisku spletne strani, za uporabo nekaterih pi\u0161kotkov prosimo obiskovalca za njegovo privolitev. Obiskovalec lahko svojo odlo\u010ditev v zvezi z uporabo pi\u0161kotkov kadarkoli spremeni na tej spletni strani. Spletna stran ne posreduje pi\u0161kotkov zunanjim ponudnikom storitev in jih ne uporablja za prikazovanje reklamnih sporo\u010dil.<\/p>\n<h2>&nbsp;<\/h2>\n<h3>O PI\u0160KOTKIH<\/h3>\n<h2>&nbsp;<\/h2>\n<p>Pi\u0161kotki so majhne tekstovne datoteke, ki jih spletna stran, ko jo obi\u0161\u010dete, nalo\u017ei v va\u0161 spletni brskalnik. Nekateri pi\u0161kotki so nujno potrebi za delovanje spletne strani. Pi\u0161kotki ne vsebujejo nobenih osebnih ali drugih podatkov, ki bi jih bilo mogo\u010de uporabiti za identifikacijo uporabnika.&nbsp;<span style=\"background-color: #ffffff; color: #333333; font-family: 'Open Sans', Arial, sans-serif; font-size: 14px; text-align: var(--text-align);\">Kot uporabnik spletne strani www.lavendea.com se strinjate, da se vam v ra\u010dunalnik nalo\u017eijo pi\u0161kotki (ang. cookies) za zagotavljanje delovanja vseh funkcij spletne stani, spletno analitiko in napredno ogla\u0161evanje. Nalo\u017eijo se naslednji pi\u0161kotki:<\/span><\/p>\n<p><span style=\"color: #333333; font-family: 'Open Sans', Arial, sans-serif; font-size: 14px; background-color: #ffffff;\">&#8211; Google Analytics pi\u0161kotki za analiti\u010dne namene;<\/span><br style=\"color: #333333; font-family: 'Open Sans', Arial, sans-serif; font-size: 14px; background-color: #ffffff;\"><span style=\"color: #333333; font-family: 'Open Sans', Arial, sans-serif; font-size: 14px; background-color: #ffffff;\">&#8211; Facebook pi\u0161kotki za ponovno tr\u017eenje in ogla\u0161evanje;<\/span><br style=\"color: #333333; font-family: 'Open Sans', Arial, sans-serif; font-size: 14px; background-color: #ffffff;\"><span style=\"color: #333333; font-family: 'Open Sans', Arial, sans-serif; font-size: 14px; background-color: #ffffff;\">&#8211; Google pi\u0161kotki za ponovno tr\u017eenje in ogla\u0161evanje;<\/span><br style=\"color: #333333; font-family: 'Open Sans', Arial, sans-serif; font-size: 14px; background-color: #ffffff;\"><span style=\"color: #333333; font-family: 'Open Sans', Arial, sans-serif; font-size: 14px; background-color: #ffffff;\">&#8211; Addthis pi\u0161kotki za prikazovanje gumbov za deljenje na socialnih omre\u017ejih in pojavnih oken ter izpostavitev;<\/span><br style=\"color: #333333; font-family: 'Open Sans', Arial, sans-serif; font-size: 14px; background-color: #ffffff;\"><span style=\"color: #333333; font-family: 'Open Sans', Arial, sans-serif; font-size: 14px; background-color: #ffffff;\">&#8211; Pi\u0161kotki marketing automation orodja za spremljanje dejavnosti uporabnika na spletni strani.<\/span><\/p>\n<p><span style=\"background-color: #ffffff; color: #333333; font-family: 'Open Sans', Arial, sans-serif; font-size: 14px; text-align: var(--text-align);\">Pi\u0161kotki omogo\u010dajo, da se dolo\u010dene vsebine ali funkcije aplikacije prilagodijo za dolo\u010denega obiskovalca, glede na njegove izbire ali preference ali glede na lastnosti njegove terminalske opreme. Pi\u0161kotki za analiti\u010dne namene omogo\u010dajo stalno izbolj\u0161evanje spletnega mesta.<\/span>&nbsp;<\/p>\n<p>Svojo privolitev za uporabo posameznih pi\u0161kotkov lahko kadarkoli umaknete. Umik privolitve lahko povzro\u010di spremenjeno delovanje nekaterih funkcionalnosti spletne strani ali onemogo\u010di uporabo posameznih storitev.<\/p>\n<h2>&nbsp;<\/h2>\n<h3>UPRAVLJANJE PI\u0160KOTKOV V BRSKALNIKU<\/h3>\n<h2>&nbsp;<\/h2>\n<p>Ve\u010dina spletnih brskalnikov samodejno sprejme pi\u0161kotke, po poteku veljavnosti pa brskalnik pi\u0161kotke samodejno izbri\u0161e. Uporabnik lahko vse pi\u0161kotke ali pi\u0161kotke za posamezno spleti\u0161\u010de (domeno) izbri\u0161e tudi ro\u010dno ali pa uporabo pi\u0161kotkov v brskalniku v celoti onemogo\u010di. Navodila za izbris pi\u0161kotkov ali onemogo\u010ditev njihove uporabe lahko najdete v sklopu pomo\u010di va\u0161ega spletnega brskalnika. V primeru, da boste uporabo pi\u0161kotkov v celoti onemogo\u010dili vam nekatere funkcionalnosti spletne strani ne bodo delovale pravilno.<\/p>\n<h2>&nbsp;<\/h2>\n<h3>SPREMEMBA POLITIKE ZASEBNOSTI<\/h3>\n<h2>&nbsp;<\/h2>\n<p>Pridr\u017eujemo si pravico, do spremembe politike zasebnosti zaradi spremembe pogojev poslovanja ali spremembe zakonodaje.<\/p>\n<h2>&nbsp;<\/h2>\n<h3>KONTAKT<\/h3>\n<h2>&nbsp;<\/h2>\n<p>Za kakr\u0161na koli vpra\u0161anja, prito\u017ebe ali pro\u0161njo za izbris va\u0161ih podatkov smo vedno na voljo na info@lavendea.com<\/p>\n<p><\/p>\t\t\t\t\t\t\t\t<\/div>\n\t\t\t\t<\/div>\n\t\t\t\t\t<\/div>\n\t\t\t\t<\/div>\n\t\t<div class=\"elementor-element elementor-element-9eed411 e-flex e-con-boxed e-con e-parent\" data-id=\"9eed411\" data-element_type=\"container\" data-e-type=\"container\">\n\t\t\t\t\t<div class=\"e-con-inner\">\n\t\t\t\t<div class=\"elementor-element elementor-element-31647c7 elementor-widget elementor-widget-html\" data-id=\"31647c7\" data-element_type=\"widget\" data-e-type=\"widget\" data-widget_type=\"html.default\">\n\t\t\t\t<div class=\"elementor-widget-container\">\n\t\t\t\t\t<!-- LIVENETLIFE BEGIN -->\r\n<script type='text\/javascript'>(function () {var lnl = document.createElement('script');lnl.type = 'text\/javascript';lnl.async = true;lnl.src =  (document.location.protocol == 'https:' ? 'https:':'http:') +'\/\/bin.livenetlife.com\/?CodeId=33632e72-b978-4e7a-8816-5e34d5210cdb&LNLReferer='+encodeURIComponent(window.location.href)+'&cb='+Math.random().toString().substring(2);lnl.id='LiveNetLife';var s = document.getElementsByTagName('script')[0];s.parentNode.insertBefore(lnl, s);})();<\/script>\r\n<!-- LIVENETLIFE END -->\r\n\t\t\t\t<\/div>\n\t\t\t\t<\/div>\n\t\t\t\t\t<\/div>\n\t\t\t\t<\/div>\n\t\t\t\t<\/div>\n\t\t","protected":false},"excerpt":{"rendered":"<p>VARSTVO OSEBNIH PODATKOV Zasebnosti obiskovalcev in kupcev v na\u0161i spletni trgovini posve\u010damo veliko pozornost in zavedamo se, da so osebni podatki, ki nam jih uporabniki zaupate, ob\u010dutljive informacije, zato se zavezujemo, da jih bomo v skladu z Zakonom o varstvu osebnih podatkov (ZVOP-1) in GDPR (EU 2016\/679)skrbno varovali pred zlorabo, razkrivanjem, nepoobla\u0161\u010denim dostopom in jih [&hellip;]<\/p>\n","protected":false},"author":1,"featured_media":0,"parent":0,"menu_order":0,"comment_status":"closed","ping_status":"open","template":"","meta":{"footnotes":""},"class_list":["post-3","page","type-page","status-publish","hentry"],"yoast_head":"<!-- This site is optimized with the Yoast SEO plugin v27.3 - https:\/\/yoast.com\/product\/yoast-seo-wordpress\/ -->\n<title>Politika zasebnosti - Lavendea<\/title>\n<meta name=\"robots\" content=\"index, follow, max-snippet:-1, max-image-preview:large, max-video-preview:-1\" \/>\n<link rel=\"canonical\" href=\"https:\/\/lavendea.com\/si\/privacy-policy\/\" \/>\n<meta property=\"og:locale\" content=\"sl_SI\" \/>\n<meta property=\"og:type\" content=\"article\" \/>\n<meta property=\"og:title\" content=\"Politika zasebnosti - Lavendea\" \/>\n<meta property=\"og:description\" content=\"VARSTVO OSEBNIH PODATKOV Zasebnosti obiskovalcev in kupcev v na\u0161i spletni trgovini posve\u010damo veliko pozornost in zavedamo se, da so osebni podatki, ki nam jih uporabniki zaupate, ob\u010dutljive informacije, zato se zavezujemo, da jih bomo v skladu z Zakonom o varstvu osebnih podatkov (ZVOP-1) in GDPR (EU 2016\/679)skrbno varovali pred zlorabo, razkrivanjem, nepoobla\u0161\u010denim dostopom in jih [&hellip;]\" \/>\n<meta property=\"og:url\" content=\"https:\/\/lavendea.com\/si\/privacy-policy\/\" \/>\n<meta property=\"og:site_name\" content=\"Lavendea\" \/>\n<meta property=\"article:modified_time\" content=\"2024-06-09T20:24:27+00:00\" \/>\n<meta name=\"twitter:card\" content=\"summary_large_image\" \/>\n<meta name=\"twitter:label1\" content=\"Est. reading time\" \/>\n\t<meta name=\"twitter:data1\" content=\"11 minut\" \/>\n<script type=\"application\/ld+json\" class=\"yoast-schema-graph\">{\"@context\":\"https:\\\/\\\/schema.org\",\"@graph\":[{\"@type\":\"WebPage\",\"@id\":\"https:\\\/\\\/lavendea.com\\\/privacy-policy\\\/\",\"url\":\"https:\\\/\\\/lavendea.com\\\/privacy-policy\\\/\",\"name\":\"Politika zasebnosti - Lavendea\",\"isPartOf\":{\"@id\":\"https:\\\/\\\/lavendea.com\\\/#website\"},\"datePublished\":\"2024-02-08T21:03:18+00:00\",\"dateModified\":\"2024-06-09T20:24:27+00:00\",\"breadcrumb\":{\"@id\":\"https:\\\/\\\/lavendea.com\\\/privacy-policy\\\/#breadcrumb\"},\"inLanguage\":\"sl-SI\",\"potentialAction\":[{\"@type\":\"ReadAction\",\"target\":[\"https:\\\/\\\/lavendea.com\\\/privacy-policy\\\/\"]}]},{\"@type\":\"BreadcrumbList\",\"@id\":\"https:\\\/\\\/lavendea.com\\\/privacy-policy\\\/#breadcrumb\",\"itemListElement\":[{\"@type\":\"ListItem\",\"position\":1,\"name\":\"Home\",\"item\":\"https:\\\/\\\/lavendea.com\\\/\"},{\"@type\":\"ListItem\",\"position\":2,\"name\":\"Politika zasebnosti\"}]},{\"@type\":\"WebSite\",\"@id\":\"https:\\\/\\\/lavendea.com\\\/#website\",\"url\":\"https:\\\/\\\/lavendea.com\\\/\",\"name\":\"Lavendea\",\"description\":\"\",\"publisher\":{\"@id\":\"https:\\\/\\\/lavendea.com\\\/#organization\"},\"potentialAction\":[{\"@type\":\"SearchAction\",\"target\":{\"@type\":\"EntryPoint\",\"urlTemplate\":\"https:\\\/\\\/lavendea.com\\\/?s={search_term_string}\"},\"query-input\":{\"@type\":\"PropertyValueSpecification\",\"valueRequired\":true,\"valueName\":\"search_term_string\"}}],\"inLanguage\":\"sl-SI\"},{\"@type\":\"Organization\",\"@id\":\"https:\\\/\\\/lavendea.com\\\/#organization\",\"name\":\"Lavendea\",\"url\":\"https:\\\/\\\/lavendea.com\\\/\",\"logo\":{\"@type\":\"ImageObject\",\"inLanguage\":\"sl-SI\",\"@id\":\"https:\\\/\\\/lavendea.com\\\/#\\\/schema\\\/logo\\\/image\\\/\",\"url\":\"https:\\\/\\\/lavendea.com\\\/wp-content\\\/uploads\\\/2024\\\/02\\\/cropped-Izdelek-brez-naslova-1-2.png\",\"contentUrl\":\"https:\\\/\\\/lavendea.com\\\/wp-content\\\/uploads\\\/2024\\\/02\\\/cropped-Izdelek-brez-naslova-1-2.png\",\"width\":1747,\"height\":1101,\"caption\":\"Lavendea\"},\"image\":{\"@id\":\"https:\\\/\\\/lavendea.com\\\/#\\\/schema\\\/logo\\\/image\\\/\"}}]}<\/script>\n<!-- \/ Yoast SEO plugin. -->","yoast_head_json":{"title":"Politika zasebnosti - Lavendea","robots":{"index":"index","follow":"follow","max-snippet":"max-snippet:-1","max-image-preview":"max-image-preview:large","max-video-preview":"max-video-preview:-1"},"canonical":"https:\/\/lavendea.com\/si\/privacy-policy\/","og_locale":"sl_SI","og_type":"article","og_title":"Politika zasebnosti - Lavendea","og_description":"VARSTVO OSEBNIH PODATKOV Zasebnosti obiskovalcev in kupcev v na\u0161i spletni trgovini posve\u010damo veliko pozornost in zavedamo se, da so osebni podatki, ki nam jih uporabniki zaupate, ob\u010dutljive informacije, zato se zavezujemo, da jih bomo v skladu z Zakonom o varstvu osebnih podatkov (ZVOP-1) in GDPR (EU 2016\/679)skrbno varovali pred zlorabo, razkrivanjem, nepoobla\u0161\u010denim dostopom in jih [&hellip;]","og_url":"https:\/\/lavendea.com\/si\/privacy-policy\/","og_site_name":"Lavendea","article_modified_time":"2024-06-09T20:24:27+00:00","twitter_card":"summary_large_image","twitter_misc":{"Est. reading time":"11 minut"},"schema":{"@context":"https:\/\/schema.org","@graph":[{"@type":"WebPage","@id":"https:\/\/lavendea.com\/privacy-policy\/","url":"https:\/\/lavendea.com\/privacy-policy\/","name":"Politika zasebnosti - Lavendea","isPartOf":{"@id":"https:\/\/lavendea.com\/#website"},"datePublished":"2024-02-08T21:03:18+00:00","dateModified":"2024-06-09T20:24:27+00:00","breadcrumb":{"@id":"https:\/\/lavendea.com\/privacy-policy\/#breadcrumb"},"inLanguage":"sl-SI","potentialAction":[{"@type":"ReadAction","target":["https:\/\/lavendea.com\/privacy-policy\/"]}]},{"@type":"BreadcrumbList","@id":"https:\/\/lavendea.com\/privacy-policy\/#breadcrumb","itemListElement":[{"@type":"ListItem","position":1,"name":"Home","item":"https:\/\/lavendea.com\/"},{"@type":"ListItem","position":2,"name":"Politika zasebnosti"}]},{"@type":"WebSite","@id":"https:\/\/lavendea.com\/#website","url":"https:\/\/lavendea.com\/","name":"Lavendea","description":"","publisher":{"@id":"https:\/\/lavendea.com\/#organization"},"potentialAction":[{"@type":"SearchAction","target":{"@type":"EntryPoint","urlTemplate":"https:\/\/lavendea.com\/?s={search_term_string}"},"query-input":{"@type":"PropertyValueSpecification","valueRequired":true,"valueName":"search_term_string"}}],"inLanguage":"sl-SI"},{"@type":"Organization","@id":"https:\/\/lavendea.com\/#organization","name":"Lavendea","url":"https:\/\/lavendea.com\/","logo":{"@type":"ImageObject","inLanguage":"sl-SI","@id":"https:\/\/lavendea.com\/#\/schema\/logo\/image\/","url":"https:\/\/lavendea.com\/wp-content\/uploads\/2024\/02\/cropped-Izdelek-brez-naslova-1-2.png","contentUrl":"https:\/\/lavendea.com\/wp-content\/uploads\/2024\/02\/cropped-Izdelek-brez-naslova-1-2.png","width":1747,"height":1101,"caption":"Lavendea"},"image":{"@id":"https:\/\/lavendea.com\/#\/schema\/logo\/image\/"}}]}},"_links":{"self":[{"href":"https:\/\/lavendea.com\/si\/wp-json\/wp\/v2\/pages\/3","targetHints":{"allow":["GET"]}}],"collection":[{"href":"https:\/\/lavendea.com\/si\/wp-json\/wp\/v2\/pages"}],"about":[{"href":"https:\/\/lavendea.com\/si\/wp-json\/wp\/v2\/types\/page"}],"author":[{"embeddable":true,"href":"https:\/\/lavendea.com\/si\/wp-json\/wp\/v2\/users\/1"}],"replies":[{"embeddable":true,"href":"https:\/\/lavendea.com\/si\/wp-json\/wp\/v2\/comments?post=3"}],"version-history":[{"count":20,"href":"https:\/\/lavendea.com\/si\/wp-json\/wp\/v2\/pages\/3\/revisions"}],"predecessor-version":[{"id":2652,"href":"https:\/\/lavendea.com\/si\/wp-json\/wp\/v2\/pages\/3\/revisions\/2652"}],"wp:attachment":[{"href":"https:\/\/lavendea.com\/si\/wp-json\/wp\/v2\/media?parent=3"}],"curies":[{"name":"wp","href":"https:\/\/api.w.org\/{rel}","templated":true}]}}