{"id":12366,"date":"2025-04-23T22:19:48","date_gmt":"2025-04-23T20:19:48","guid":{"rendered":"https:\/\/lavendea.com\/?post_type=product&#038;p=12366"},"modified":"2025-04-23T23:12:50","modified_gmt":"2025-04-23T21:12:50","slug":"delfin","status":"publish","type":"product","link":"https:\/\/lavendea.com\/si\/product\/delfin\/","title":{"rendered":"Delfin"},"content":{"rendered":"<p>Suho cvetje, kamen\u010dki, \u0161koljke&#8230;ali pa poljubni predmet, ki vam je ljub in ga \u017eelite shraniti na unikaten na\u010din. \u010cudovit delfin iz epoksi smole je kot nala\u0161\u010d za tak podvig. Zdru\u017euje estetiko in kreativnost. Prozorna struktura omogo\u010da, da se v njem shrani razli\u010dne predmete in predstavlja \u010daroben na\u010din ohranjanja dragocenih spominov in ustvarjanja trajnih umetni\u0161kih del. Ustvari se lahko \u010dudovit in edinstven spomin, ki bo trajal ve\u010dno. Odli\u010dna ideja za darilo za ljubljene osebe, saj predstavlja edinstveno in premi\u0161ljeno pozornost.<\/p>\n<p>Vsak delfin je unikaten. Lahko ga izdelam tudi po va\u0161ih \u017eeljah. Sami lahko izberete barve in dodatke.<\/p>\n<p>&nbsp;<\/p>\n","protected":false},"excerpt":{"rendered":"<p>Delfin iz prozorne epoksi smole omogo\u010da ustvarjanje edinstvenih umetni\u0161kih del, ki o\u010darajo s svojo lepoto in originalnostjo. Ponuja mo\u017enost shranitve suhega cvetja, kamen\u010dkov, \u0161koljk ali katerega koli drugega poljubnega predmeta, ki ima za vas poseben pomen, na izviren in estetsko privla\u010den na\u010din. Vsak delfin je unikaten izdelek. Mo\u017ena je tudi izdelava po naro\u010dilu, kar vam omogo\u010da izbiro barve in dodatkov ter ustvarjanje popolnoma prilagojenega spominka ali darila, ki bo o\u010daralo vsakega prejemnika.<\/p>\n","protected":false},"featured_media":12370,"comment_status":"closed","ping_status":"closed","template":"","meta":[],"product_brand":[],"product_cat":[17],"product_tag":[90,67,31,68,91,35],"class_list":{"0":"post-12366","1":"product","2":"type-product","3":"status-publish","4":"has-post-thumbnail","6":"product_cat-izdelki-iz-epoksi-smole-in-lesa","7":"product_tag-delfin","8":"product_tag-epoksi-smola","9":"product_tag-sivka","10":"product_tag-skoljka","11":"product_tag-suho-cvetje","12":"product_tag-vrtnica","14":"first","15":"instock","16":"featured","17":"shipping-taxable","18":"purchasable","19":"product-type-simple"},"yoast_head":"<!-- This site is optimized with the Yoast SEO plugin v27.3 - https:\/\/yoast.com\/product\/yoast-seo-wordpress\/ -->\n<title>Delfin - Lavendea<\/title>\n<meta name=\"description\" content=\"unikatni izdelki iz epoksi smole, dekorativni delfin, mo\u017enost shranjevanja pomembnih predmetov, suhega cvetja, dekoracija prostorov\" \/>\n<meta name=\"robots\" content=\"index, follow, max-snippet:-1, max-image-preview:large, max-video-preview:-1\" \/>\n<link rel=\"canonical\" href=\"https:\/\/lavendea.com\/si\/product\/delfin\/\" \/>\n<meta property=\"og:locale\" content=\"sl_SI\" \/>\n<meta property=\"og:type\" content=\"article\" \/>\n<meta property=\"og:title\" content=\"Delfin - Lavendea\" \/>\n<meta property=\"og:description\" content=\"unikatni izdelki iz epoksi smole, dekorativni delfin, mo\u017enost shranjevanja pomembnih predmetov, suhega cvetja, dekoracija prostorov\" \/>\n<meta property=\"og:url\" content=\"https:\/\/lavendea.com\/si\/product\/delfin\/\" \/>\n<meta property=\"og:site_name\" content=\"Lavendea\" \/>\n<meta property=\"article:modified_time\" content=\"2025-04-23T21:12:50+00:00\" \/>\n<meta property=\"og:image\" content=\"https:\/\/lavendea.com\/wp-content\/uploads\/2025\/04\/Firefly-Dolphin-is-made-of-trasparent-resin-and-dried-flowers-in-the-resin.-Vintage-decoration-aroun-5-1.jpg\" \/>\n\t<meta property=\"og:image:width\" content=\"2048\" \/>\n\t<meta property=\"og:image:height\" content=\"2048\" \/>\n\t<meta property=\"og:image:type\" content=\"image\/jpeg\" \/>\n<meta name=\"twitter:card\" content=\"summary_large_image\" \/>\n<meta name=\"twitter:label1\" content=\"Est. reading time\" \/>\n\t<meta name=\"twitter:data1\" content=\"1 minuta\" \/>\n<script type=\"application\/ld+json\" class=\"yoast-schema-graph\">{\"@context\":\"https:\\\/\\\/schema.org\",\"@graph\":[{\"@type\":\"WebPage\",\"@id\":\"https:\\\/\\\/lavendea.com\\\/product\\\/delfin\\\/\",\"url\":\"https:\\\/\\\/lavendea.com\\\/product\\\/delfin\\\/\",\"name\":\"Delfin - Lavendea\",\"isPartOf\":{\"@id\":\"https:\\\/\\\/lavendea.com\\\/#website\"},\"primaryImageOfPage\":{\"@id\":\"https:\\\/\\\/lavendea.com\\\/product\\\/delfin\\\/#primaryimage\"},\"image\":{\"@id\":\"https:\\\/\\\/lavendea.com\\\/product\\\/delfin\\\/#primaryimage\"},\"thumbnailUrl\":\"https:\\\/\\\/lavendea.com\\\/wp-content\\\/uploads\\\/2025\\\/04\\\/Firefly-Dolphin-is-made-of-trasparent-resin-and-dried-flowers-in-the-resin.-Vintage-decoration-aroun-5-1.jpg\",\"datePublished\":\"2025-04-23T20:19:48+00:00\",\"dateModified\":\"2025-04-23T21:12:50+00:00\",\"description\":\"unikatni izdelki iz epoksi smole, dekorativni delfin, mo\u017enost shranjevanja pomembnih predmetov, suhega cvetja, dekoracija prostorov\",\"breadcrumb\":{\"@id\":\"https:\\\/\\\/lavendea.com\\\/product\\\/delfin\\\/#breadcrumb\"},\"inLanguage\":\"sl-SI\",\"potentialAction\":[{\"@type\":\"ReadAction\",\"target\":[\"https:\\\/\\\/lavendea.com\\\/product\\\/delfin\\\/\"]}]},{\"@type\":\"ImageObject\",\"inLanguage\":\"sl-SI\",\"@id\":\"https:\\\/\\\/lavendea.com\\\/product\\\/delfin\\\/#primaryimage\",\"url\":\"https:\\\/\\\/lavendea.com\\\/wp-content\\\/uploads\\\/2025\\\/04\\\/Firefly-Dolphin-is-made-of-trasparent-resin-and-dried-flowers-in-the-resin.-Vintage-decoration-aroun-5-1.jpg\",\"contentUrl\":\"https:\\\/\\\/lavendea.com\\\/wp-content\\\/uploads\\\/2025\\\/04\\\/Firefly-Dolphin-is-made-of-trasparent-resin-and-dried-flowers-in-the-resin.-Vintage-decoration-aroun-5-1.jpg\",\"width\":2048,\"height\":2048,\"caption\":\"Delfin iz epoksi smole\"},{\"@type\":\"BreadcrumbList\",\"@id\":\"https:\\\/\\\/lavendea.com\\\/product\\\/delfin\\\/#breadcrumb\",\"itemListElement\":[{\"@type\":\"ListItem\",\"position\":1,\"name\":\"Home\",\"item\":\"https:\\\/\\\/lavendea.com\\\/\"},{\"@type\":\"ListItem\",\"position\":2,\"name\":\"Trgovina\",\"item\":\"https:\\\/\\\/lavendea.com\\\/trgovina\\\/\"},{\"@type\":\"ListItem\",\"position\":3,\"name\":\"Delfin\"}]},{\"@type\":\"WebSite\",\"@id\":\"https:\\\/\\\/lavendea.com\\\/#website\",\"url\":\"https:\\\/\\\/lavendea.com\\\/\",\"name\":\"Lavendea\",\"description\":\"\",\"publisher\":{\"@id\":\"https:\\\/\\\/lavendea.com\\\/#organization\"},\"potentialAction\":[{\"@type\":\"SearchAction\",\"target\":{\"@type\":\"EntryPoint\",\"urlTemplate\":\"https:\\\/\\\/lavendea.com\\\/?s={search_term_string}\"},\"query-input\":{\"@type\":\"PropertyValueSpecification\",\"valueRequired\":true,\"valueName\":\"search_term_string\"}}],\"inLanguage\":\"sl-SI\"},{\"@type\":\"Organization\",\"@id\":\"https:\\\/\\\/lavendea.com\\\/#organization\",\"name\":\"Lavendea\",\"url\":\"https:\\\/\\\/lavendea.com\\\/\",\"logo\":{\"@type\":\"ImageObject\",\"inLanguage\":\"sl-SI\",\"@id\":\"https:\\\/\\\/lavendea.com\\\/#\\\/schema\\\/logo\\\/image\\\/\",\"url\":\"https:\\\/\\\/lavendea.com\\\/wp-content\\\/uploads\\\/2024\\\/02\\\/cropped-Izdelek-brez-naslova-1-2.png\",\"contentUrl\":\"https:\\\/\\\/lavendea.com\\\/wp-content\\\/uploads\\\/2024\\\/02\\\/cropped-Izdelek-brez-naslova-1-2.png\",\"width\":1747,\"height\":1101,\"caption\":\"Lavendea\"},\"image\":{\"@id\":\"https:\\\/\\\/lavendea.com\\\/#\\\/schema\\\/logo\\\/image\\\/\"}}]}<\/script>\n<!-- \/ Yoast SEO plugin. -->","yoast_head_json":{"title":"Delfin - Lavendea","description":"unikatni izdelki iz epoksi smole, dekorativni delfin, mo\u017enost shranjevanja pomembnih predmetov, suhega cvetja, dekoracija prostorov","robots":{"index":"index","follow":"follow","max-snippet":"max-snippet:-1","max-image-preview":"max-image-preview:large","max-video-preview":"max-video-preview:-1"},"canonical":"https:\/\/lavendea.com\/si\/product\/delfin\/","og_locale":"sl_SI","og_type":"article","og_title":"Delfin - Lavendea","og_description":"unikatni izdelki iz epoksi smole, dekorativni delfin, mo\u017enost shranjevanja pomembnih predmetov, suhega cvetja, dekoracija prostorov","og_url":"https:\/\/lavendea.com\/si\/product\/delfin\/","og_site_name":"Lavendea","article_modified_time":"2025-04-23T21:12:50+00:00","og_image":[{"width":2048,"height":2048,"url":"https:\/\/lavendea.com\/wp-content\/uploads\/2025\/04\/Firefly-Dolphin-is-made-of-trasparent-resin-and-dried-flowers-in-the-resin.-Vintage-decoration-aroun-5-1.jpg","type":"image\/jpeg"}],"twitter_card":"summary_large_image","twitter_misc":{"Est. reading time":"1 minuta"},"schema":{"@context":"https:\/\/schema.org","@graph":[{"@type":"WebPage","@id":"https:\/\/lavendea.com\/product\/delfin\/","url":"https:\/\/lavendea.com\/product\/delfin\/","name":"Delfin - Lavendea","isPartOf":{"@id":"https:\/\/lavendea.com\/#website"},"primaryImageOfPage":{"@id":"https:\/\/lavendea.com\/product\/delfin\/#primaryimage"},"image":{"@id":"https:\/\/lavendea.com\/product\/delfin\/#primaryimage"},"thumbnailUrl":"https:\/\/lavendea.com\/wp-content\/uploads\/2025\/04\/Firefly-Dolphin-is-made-of-trasparent-resin-and-dried-flowers-in-the-resin.-Vintage-decoration-aroun-5-1.jpg","datePublished":"2025-04-23T20:19:48+00:00","dateModified":"2025-04-23T21:12:50+00:00","description":"unikatni izdelki iz epoksi smole, dekorativni delfin, mo\u017enost shranjevanja pomembnih predmetov, suhega cvetja, dekoracija prostorov","breadcrumb":{"@id":"https:\/\/lavendea.com\/product\/delfin\/#breadcrumb"},"inLanguage":"sl-SI","potentialAction":[{"@type":"ReadAction","target":["https:\/\/lavendea.com\/product\/delfin\/"]}]},{"@type":"ImageObject","inLanguage":"sl-SI","@id":"https:\/\/lavendea.com\/product\/delfin\/#primaryimage","url":"https:\/\/lavendea.com\/wp-content\/uploads\/2025\/04\/Firefly-Dolphin-is-made-of-trasparent-resin-and-dried-flowers-in-the-resin.-Vintage-decoration-aroun-5-1.jpg","contentUrl":"https:\/\/lavendea.com\/wp-content\/uploads\/2025\/04\/Firefly-Dolphin-is-made-of-trasparent-resin-and-dried-flowers-in-the-resin.-Vintage-decoration-aroun-5-1.jpg","width":2048,"height":2048,"caption":"Delfin iz epoksi smole"},{"@type":"BreadcrumbList","@id":"https:\/\/lavendea.com\/product\/delfin\/#breadcrumb","itemListElement":[{"@type":"ListItem","position":1,"name":"Home","item":"https:\/\/lavendea.com\/"},{"@type":"ListItem","position":2,"name":"Trgovina","item":"https:\/\/lavendea.com\/trgovina\/"},{"@type":"ListItem","position":3,"name":"Delfin"}]},{"@type":"WebSite","@id":"https:\/\/lavendea.com\/#website","url":"https:\/\/lavendea.com\/","name":"Lavendea","description":"","publisher":{"@id":"https:\/\/lavendea.com\/#organization"},"potentialAction":[{"@type":"SearchAction","target":{"@type":"EntryPoint","urlTemplate":"https:\/\/lavendea.com\/?s={search_term_string}"},"query-input":{"@type":"PropertyValueSpecification","valueRequired":true,"valueName":"search_term_string"}}],"inLanguage":"sl-SI"},{"@type":"Organization","@id":"https:\/\/lavendea.com\/#organization","name":"Lavendea","url":"https:\/\/lavendea.com\/","logo":{"@type":"ImageObject","inLanguage":"sl-SI","@id":"https:\/\/lavendea.com\/#\/schema\/logo\/image\/","url":"https:\/\/lavendea.com\/wp-content\/uploads\/2024\/02\/cropped-Izdelek-brez-naslova-1-2.png","contentUrl":"https:\/\/lavendea.com\/wp-content\/uploads\/2024\/02\/cropped-Izdelek-brez-naslova-1-2.png","width":1747,"height":1101,"caption":"Lavendea"},"image":{"@id":"https:\/\/lavendea.com\/#\/schema\/logo\/image\/"}}]}},"_links":{"self":[{"href":"https:\/\/lavendea.com\/si\/wp-json\/wp\/v2\/product\/12366","targetHints":{"allow":["GET"]}}],"collection":[{"href":"https:\/\/lavendea.com\/si\/wp-json\/wp\/v2\/product"}],"about":[{"href":"https:\/\/lavendea.com\/si\/wp-json\/wp\/v2\/types\/product"}],"replies":[{"embeddable":true,"href":"https:\/\/lavendea.com\/si\/wp-json\/wp\/v2\/comments?post=12366"}],"version-history":[{"count":1,"href":"https:\/\/lavendea.com\/si\/wp-json\/wp\/v2\/product\/12366\/revisions"}],"predecessor-version":[{"id":12372,"href":"https:\/\/lavendea.com\/si\/wp-json\/wp\/v2\/product\/12366\/revisions\/12372"}],"wp:featuredmedia":[{"embeddable":true,"href":"https:\/\/lavendea.com\/si\/wp-json\/wp\/v2\/media\/12370"}],"wp:attachment":[{"href":"https:\/\/lavendea.com\/si\/wp-json\/wp\/v2\/media?parent=12366"}],"wp:term":[{"taxonomy":"product_brand","embeddable":true,"href":"https:\/\/lavendea.com\/si\/wp-json\/wp\/v2\/product_brand?post=12366"},{"taxonomy":"product_cat","embeddable":true,"href":"https:\/\/lavendea.com\/si\/wp-json\/wp\/v2\/product_cat?post=12366"},{"taxonomy":"product_tag","embeddable":true,"href":"https:\/\/lavendea.com\/si\/wp-json\/wp\/v2\/product_tag?post=12366"}],"curies":[{"name":"wp","href":"https:\/\/api.w.org\/{rel}","templated":true}]}}