{"id":12376,"date":"2025-04-23T22:52:01","date_gmt":"2025-04-23T20:52:01","guid":{"rendered":"https:\/\/lavendea.com\/?post_type=product&#038;p=12376"},"modified":"2025-04-23T23:11:35","modified_gmt":"2025-04-23T21:11:35","slug":"lobanja","status":"publish","type":"product","link":"https:\/\/lavendea.com\/si\/product\/lobanja\/","title":{"rendered":"Lobanja"},"content":{"rendered":"<p>Suho cvetje, kamen\u010dki, \u0161koljke&#8230;ali pa poljubni predmet, ki vam je ljub in ga \u017eelite shraniti na unikaten na\u010din. \u010cudovita lobanja iz epoksi smole je kot nala\u0161\u010d za tak podvig. Zdru\u017euje estetiko in kreativnost. Prozorna struktura omogo\u010da, da se v njej shrani razli\u010dne predmete in predstavlja \u010daroben na\u010din ohranjanja dragocenih spominov in ustvarjanja trajnih umetni\u0161kih del. Ustvari se lahko \u010dudovit in edinstven spomin, ki bo trajal ve\u010dno. Odli\u010dna ideja za darilo za ljubljene osebe, saj predstavlja edinstveno in premi\u0161ljeno pozornost.<\/p>\n<p>Vsaka lobanja je unikatna. Lahko jo izdelam tudi po va\u0161ih \u017eeljah. Sami lahko izberete barve in dodatke.<\/p>\n<p>&nbsp;<\/p>\n","protected":false},"excerpt":{"rendered":"<p>Lobanja iz prozorne epoksi smole omogo\u010da ustvarjanje edinstvenih umetni\u0161kih del, ki o\u010darajo s svojo lepoto in originalnostjo. Ponuja mo\u017enost shranitve suhega cvetja, kamen\u010dkov, \u0161koljk ali katerega koli drugega poljubnega predmeta, ki ima za vas poseben pomen, na izviren in estetsko privla\u010den na\u010din. Vsaka \u017eelva je unikaten izdelek. Mo\u017ena je tudi izdelava po naro\u010dilu, kar vam omogo\u010da izbiro barve in dodatkov ter ustvarjanje popolnoma prilagojenega spominka ali darila, ki bo o\u010daralo vsakega prejemnika.<\/p>\n","protected":false},"featured_media":12332,"comment_status":"closed","ping_status":"closed","template":"","meta":[],"product_brand":[],"product_cat":[17],"product_tag":[67,93,31,68,91,35],"class_list":{"0":"post-12376","1":"product","2":"type-product","3":"status-publish","4":"has-post-thumbnail","6":"product_cat-izdelki-iz-epoksi-smole-in-lesa","7":"product_tag-epoksi-smola","8":"product_tag-lobanja","9":"product_tag-sivka","10":"product_tag-skoljka","11":"product_tag-suho-cvetje","12":"product_tag-vrtnica","14":"first","15":"instock","16":"featured","17":"shipping-taxable","18":"purchasable","19":"product-type-simple"},"yoast_head":"<!-- This site is optimized with the Yoast SEO plugin v27.3 - https:\/\/yoast.com\/product\/yoast-seo-wordpress\/ -->\n<title>Lobanja - Lavendea<\/title>\n<meta name=\"description\" content=\"unikatni izdelki iz epoksi smole, dekorativna lobanja, mo\u017enost shranjevanja pomembnih predmetov, suhega cvetja, dekoracija prostorov\" \/>\n<meta name=\"robots\" content=\"index, follow, max-snippet:-1, max-image-preview:large, max-video-preview:-1\" \/>\n<link rel=\"canonical\" href=\"https:\/\/lavendea.com\/si\/product\/lobanja\/\" \/>\n<meta property=\"og:locale\" content=\"sl_SI\" \/>\n<meta property=\"og:type\" content=\"article\" \/>\n<meta property=\"og:title\" content=\"Lobanja - Lavendea\" \/>\n<meta property=\"og:description\" content=\"unikatni izdelki iz epoksi smole, dekorativna lobanja, mo\u017enost shranjevanja pomembnih predmetov, suhega cvetja, dekoracija prostorov\" \/>\n<meta property=\"og:url\" content=\"https:\/\/lavendea.com\/si\/product\/lobanja\/\" \/>\n<meta property=\"og:site_name\" content=\"Lavendea\" \/>\n<meta property=\"article:modified_time\" content=\"2025-04-23T21:11:35+00:00\" \/>\n<meta property=\"og:image\" content=\"https:\/\/lavendea.com\/wp-content\/uploads\/2025\/04\/Firefly-Human-skull-is-made-of-trasparent-resin-and-full-of-blue-dried-flowers-in-the-resin.-Vintage-1_25.jpg\" \/>\n\t<meta property=\"og:image:width\" content=\"2048\" \/>\n\t<meta property=\"og:image:height\" content=\"2048\" \/>\n\t<meta property=\"og:image:type\" content=\"image\/jpeg\" \/>\n<meta name=\"twitter:card\" content=\"summary_large_image\" \/>\n<meta name=\"twitter:label1\" content=\"Est. reading time\" \/>\n\t<meta name=\"twitter:data1\" content=\"1 minuta\" \/>\n<script type=\"application\/ld+json\" class=\"yoast-schema-graph\">{\"@context\":\"https:\\\/\\\/schema.org\",\"@graph\":[{\"@type\":\"WebPage\",\"@id\":\"https:\\\/\\\/lavendea.com\\\/product\\\/lobanja\\\/\",\"url\":\"https:\\\/\\\/lavendea.com\\\/product\\\/lobanja\\\/\",\"name\":\"Lobanja - Lavendea\",\"isPartOf\":{\"@id\":\"https:\\\/\\\/lavendea.com\\\/#website\"},\"primaryImageOfPage\":{\"@id\":\"https:\\\/\\\/lavendea.com\\\/product\\\/lobanja\\\/#primaryimage\"},\"image\":{\"@id\":\"https:\\\/\\\/lavendea.com\\\/product\\\/lobanja\\\/#primaryimage\"},\"thumbnailUrl\":\"https:\\\/\\\/lavendea.com\\\/wp-content\\\/uploads\\\/2025\\\/04\\\/Firefly-Human-skull-is-made-of-trasparent-resin-and-full-of-blue-dried-flowers-in-the-resin.-Vintage-1_25.jpg\",\"datePublished\":\"2025-04-23T20:52:01+00:00\",\"dateModified\":\"2025-04-23T21:11:35+00:00\",\"description\":\"unikatni izdelki iz epoksi smole, dekorativna lobanja, mo\u017enost shranjevanja pomembnih predmetov, suhega cvetja, dekoracija prostorov\",\"breadcrumb\":{\"@id\":\"https:\\\/\\\/lavendea.com\\\/product\\\/lobanja\\\/#breadcrumb\"},\"inLanguage\":\"sl-SI\",\"potentialAction\":[{\"@type\":\"ReadAction\",\"target\":[\"https:\\\/\\\/lavendea.com\\\/product\\\/lobanja\\\/\"]}]},{\"@type\":\"ImageObject\",\"inLanguage\":\"sl-SI\",\"@id\":\"https:\\\/\\\/lavendea.com\\\/product\\\/lobanja\\\/#primaryimage\",\"url\":\"https:\\\/\\\/lavendea.com\\\/wp-content\\\/uploads\\\/2025\\\/04\\\/Firefly-Human-skull-is-made-of-trasparent-resin-and-full-of-blue-dried-flowers-in-the-resin.-Vintage-1_25.jpg\",\"contentUrl\":\"https:\\\/\\\/lavendea.com\\\/wp-content\\\/uploads\\\/2025\\\/04\\\/Firefly-Human-skull-is-made-of-trasparent-resin-and-full-of-blue-dried-flowers-in-the-resin.-Vintage-1_25.jpg\",\"width\":2048,\"height\":2048,\"caption\":\"Lobanja iz epoksi smole\"},{\"@type\":\"BreadcrumbList\",\"@id\":\"https:\\\/\\\/lavendea.com\\\/product\\\/lobanja\\\/#breadcrumb\",\"itemListElement\":[{\"@type\":\"ListItem\",\"position\":1,\"name\":\"Home\",\"item\":\"https:\\\/\\\/lavendea.com\\\/\"},{\"@type\":\"ListItem\",\"position\":2,\"name\":\"Trgovina\",\"item\":\"https:\\\/\\\/lavendea.com\\\/trgovina\\\/\"},{\"@type\":\"ListItem\",\"position\":3,\"name\":\"Lobanja\"}]},{\"@type\":\"WebSite\",\"@id\":\"https:\\\/\\\/lavendea.com\\\/#website\",\"url\":\"https:\\\/\\\/lavendea.com\\\/\",\"name\":\"Lavendea\",\"description\":\"\",\"publisher\":{\"@id\":\"https:\\\/\\\/lavendea.com\\\/#organization\"},\"potentialAction\":[{\"@type\":\"SearchAction\",\"target\":{\"@type\":\"EntryPoint\",\"urlTemplate\":\"https:\\\/\\\/lavendea.com\\\/?s={search_term_string}\"},\"query-input\":{\"@type\":\"PropertyValueSpecification\",\"valueRequired\":true,\"valueName\":\"search_term_string\"}}],\"inLanguage\":\"sl-SI\"},{\"@type\":\"Organization\",\"@id\":\"https:\\\/\\\/lavendea.com\\\/#organization\",\"name\":\"Lavendea\",\"url\":\"https:\\\/\\\/lavendea.com\\\/\",\"logo\":{\"@type\":\"ImageObject\",\"inLanguage\":\"sl-SI\",\"@id\":\"https:\\\/\\\/lavendea.com\\\/#\\\/schema\\\/logo\\\/image\\\/\",\"url\":\"https:\\\/\\\/lavendea.com\\\/wp-content\\\/uploads\\\/2024\\\/02\\\/cropped-Izdelek-brez-naslova-1-2.png\",\"contentUrl\":\"https:\\\/\\\/lavendea.com\\\/wp-content\\\/uploads\\\/2024\\\/02\\\/cropped-Izdelek-brez-naslova-1-2.png\",\"width\":1747,\"height\":1101,\"caption\":\"Lavendea\"},\"image\":{\"@id\":\"https:\\\/\\\/lavendea.com\\\/#\\\/schema\\\/logo\\\/image\\\/\"}}]}<\/script>\n<!-- \/ Yoast SEO plugin. -->","yoast_head_json":{"title":"Lobanja - Lavendea","description":"unikatni izdelki iz epoksi smole, dekorativna lobanja, mo\u017enost shranjevanja pomembnih predmetov, suhega cvetja, dekoracija prostorov","robots":{"index":"index","follow":"follow","max-snippet":"max-snippet:-1","max-image-preview":"max-image-preview:large","max-video-preview":"max-video-preview:-1"},"canonical":"https:\/\/lavendea.com\/si\/product\/lobanja\/","og_locale":"sl_SI","og_type":"article","og_title":"Lobanja - Lavendea","og_description":"unikatni izdelki iz epoksi smole, dekorativna lobanja, mo\u017enost shranjevanja pomembnih predmetov, suhega cvetja, dekoracija prostorov","og_url":"https:\/\/lavendea.com\/si\/product\/lobanja\/","og_site_name":"Lavendea","article_modified_time":"2025-04-23T21:11:35+00:00","og_image":[{"width":2048,"height":2048,"url":"https:\/\/lavendea.com\/wp-content\/uploads\/2025\/04\/Firefly-Human-skull-is-made-of-trasparent-resin-and-full-of-blue-dried-flowers-in-the-resin.-Vintage-1_25.jpg","type":"image\/jpeg"}],"twitter_card":"summary_large_image","twitter_misc":{"Est. reading time":"1 minuta"},"schema":{"@context":"https:\/\/schema.org","@graph":[{"@type":"WebPage","@id":"https:\/\/lavendea.com\/product\/lobanja\/","url":"https:\/\/lavendea.com\/product\/lobanja\/","name":"Lobanja - Lavendea","isPartOf":{"@id":"https:\/\/lavendea.com\/#website"},"primaryImageOfPage":{"@id":"https:\/\/lavendea.com\/product\/lobanja\/#primaryimage"},"image":{"@id":"https:\/\/lavendea.com\/product\/lobanja\/#primaryimage"},"thumbnailUrl":"https:\/\/lavendea.com\/wp-content\/uploads\/2025\/04\/Firefly-Human-skull-is-made-of-trasparent-resin-and-full-of-blue-dried-flowers-in-the-resin.-Vintage-1_25.jpg","datePublished":"2025-04-23T20:52:01+00:00","dateModified":"2025-04-23T21:11:35+00:00","description":"unikatni izdelki iz epoksi smole, dekorativna lobanja, mo\u017enost shranjevanja pomembnih predmetov, suhega cvetja, dekoracija prostorov","breadcrumb":{"@id":"https:\/\/lavendea.com\/product\/lobanja\/#breadcrumb"},"inLanguage":"sl-SI","potentialAction":[{"@type":"ReadAction","target":["https:\/\/lavendea.com\/product\/lobanja\/"]}]},{"@type":"ImageObject","inLanguage":"sl-SI","@id":"https:\/\/lavendea.com\/product\/lobanja\/#primaryimage","url":"https:\/\/lavendea.com\/wp-content\/uploads\/2025\/04\/Firefly-Human-skull-is-made-of-trasparent-resin-and-full-of-blue-dried-flowers-in-the-resin.-Vintage-1_25.jpg","contentUrl":"https:\/\/lavendea.com\/wp-content\/uploads\/2025\/04\/Firefly-Human-skull-is-made-of-trasparent-resin-and-full-of-blue-dried-flowers-in-the-resin.-Vintage-1_25.jpg","width":2048,"height":2048,"caption":"Lobanja iz epoksi smole"},{"@type":"BreadcrumbList","@id":"https:\/\/lavendea.com\/product\/lobanja\/#breadcrumb","itemListElement":[{"@type":"ListItem","position":1,"name":"Home","item":"https:\/\/lavendea.com\/"},{"@type":"ListItem","position":2,"name":"Trgovina","item":"https:\/\/lavendea.com\/trgovina\/"},{"@type":"ListItem","position":3,"name":"Lobanja"}]},{"@type":"WebSite","@id":"https:\/\/lavendea.com\/#website","url":"https:\/\/lavendea.com\/","name":"Lavendea","description":"","publisher":{"@id":"https:\/\/lavendea.com\/#organization"},"potentialAction":[{"@type":"SearchAction","target":{"@type":"EntryPoint","urlTemplate":"https:\/\/lavendea.com\/?s={search_term_string}"},"query-input":{"@type":"PropertyValueSpecification","valueRequired":true,"valueName":"search_term_string"}}],"inLanguage":"sl-SI"},{"@type":"Organization","@id":"https:\/\/lavendea.com\/#organization","name":"Lavendea","url":"https:\/\/lavendea.com\/","logo":{"@type":"ImageObject","inLanguage":"sl-SI","@id":"https:\/\/lavendea.com\/#\/schema\/logo\/image\/","url":"https:\/\/lavendea.com\/wp-content\/uploads\/2024\/02\/cropped-Izdelek-brez-naslova-1-2.png","contentUrl":"https:\/\/lavendea.com\/wp-content\/uploads\/2024\/02\/cropped-Izdelek-brez-naslova-1-2.png","width":1747,"height":1101,"caption":"Lavendea"},"image":{"@id":"https:\/\/lavendea.com\/#\/schema\/logo\/image\/"}}]}},"_links":{"self":[{"href":"https:\/\/lavendea.com\/si\/wp-json\/wp\/v2\/product\/12376","targetHints":{"allow":["GET"]}}],"collection":[{"href":"https:\/\/lavendea.com\/si\/wp-json\/wp\/v2\/product"}],"about":[{"href":"https:\/\/lavendea.com\/si\/wp-json\/wp\/v2\/types\/product"}],"replies":[{"embeddable":true,"href":"https:\/\/lavendea.com\/si\/wp-json\/wp\/v2\/comments?post=12376"}],"version-history":[{"count":1,"href":"https:\/\/lavendea.com\/si\/wp-json\/wp\/v2\/product\/12376\/revisions"}],"predecessor-version":[{"id":12377,"href":"https:\/\/lavendea.com\/si\/wp-json\/wp\/v2\/product\/12376\/revisions\/12377"}],"wp:featuredmedia":[{"embeddable":true,"href":"https:\/\/lavendea.com\/si\/wp-json\/wp\/v2\/media\/12332"}],"wp:attachment":[{"href":"https:\/\/lavendea.com\/si\/wp-json\/wp\/v2\/media?parent=12376"}],"wp:term":[{"taxonomy":"product_brand","embeddable":true,"href":"https:\/\/lavendea.com\/si\/wp-json\/wp\/v2\/product_brand?post=12376"},{"taxonomy":"product_cat","embeddable":true,"href":"https:\/\/lavendea.com\/si\/wp-json\/wp\/v2\/product_cat?post=12376"},{"taxonomy":"product_tag","embeddable":true,"href":"https:\/\/lavendea.com\/si\/wp-json\/wp\/v2\/product_tag?post=12376"}],"curies":[{"name":"wp","href":"https:\/\/api.w.org\/{rel}","templated":true}]}}