{"id":12384,"date":"2025-05-01T00:42:47","date_gmt":"2025-04-30T22:42:47","guid":{"rendered":"https:\/\/lavendea.com\/?post_type=product&#038;p=12384"},"modified":"2025-10-28T23:17:57","modified_gmt":"2025-10-28T22:17:57","slug":"blazina-za-oci-sivka","status":"publish","type":"product","link":"https:\/\/lavendea.com\/si\/product\/blazina-za-oci-sivka\/","title":{"rendered":"Blazina za o\u010di sivka"},"content":{"rendered":"<p>Blazina za o\u010di sivka je obte\u017eena z ri\u017eem in vsebuje posu\u0161ene cvetove sivke. Kak\u0161ne so prednosti uporabe sivkine blazine za o\u010di?<\/p>\n<p>Sivka je \u010dudovito di\u0161e\u010de zeli\u0161\u010de, znano po svojih pomirjujo\u010dih lastnostih, zaradi \u010desar je idealna za:<\/p>\n<ul>\n<li>pomo\u010d pri sprostitvi<\/li>\n<li>laj\u0161anje tesnobe, stresa in napetosti<\/li>\n<li>pomo\u010d pri mirnem spanju<\/li>\n<li>izbolj\u0161anje razpolo\u017eenja<\/li>\n<li>laj\u0161anje glavobolov<\/li>\n<li>laj\u0161anje manj\u0161ih bole\u010din<\/li>\n<\/ul>\n<p>Kako uporabljati sivkino blazino za o\u010di?<\/p>\n<p>Obte\u017eilno blazino za o\u010di polo\u017eite \u010dez o\u010di za sprostitev in meditacijo ali pri vadbi joge.<\/p>\n<p>Sivkino blazino lahko uporabite za toplotno terapijo za laj\u0161anje napetosti o\u010di, za globoko sprostitev, za laj\u0161anje mi\u0161i\u010dne napetosti in nekaj minut pred spanjem za izbolj\u0161anje kakovosti spanca. \u010ce \u017eelite segreti blazino za o\u010di, jo postavite na toplo mesto, na primer na nizko segreto pe\u010dico ali na topel radiator, da se nekaj minut segreje. Lahko jo tudi ne\u017eno segrejete v mikrovalovni pe\u010dici 10\u201315 sekund. Blazina mora biti pred uporabo rahlo topla na dotik in ne vro\u010da, da se izognete opeklinam.<\/p>\n<p>Obte\u017eilno blazino lahko uporabite tudi kot hladilno terapijo za laj\u0161anje napetosti, glavobolov in utrujenih o\u010di. Blazino za pribli\u017eno 30 minut ohladite v zamrzovalniku. Pazite, da je blazina za o\u010di ohlajena in ne zamrznjena, da se izognete po\u0161kodbam.<\/p>\n<p>Kako skrbeti za blazino za o\u010di z vonjem sivke?<\/p>\n<p>Tako zunanja kot notranja prevleka sta izdelani iz organskega bomba\u017ea, Zunanjo prevleko lahko perete pri 30 stopinjah. Likajte z manj vro\u010dim likalnikom. Ne perite notranje napolnjene blazine.<\/p>\n<p>Vonj sivke je dolgotrajen, vendar bo s\u010dasoma za\u010del izginjati. Za osve\u017eitev vonja lahko na povr\u0161ino notranje napolnjene blazine dodate nekaj kapljic eteri\u010dnega olja sivke. Eteri\u010dnih olj ne nana\u0161ajte na zunanjo prevleko.<\/p>\n<p>Blazina vsebuje posu\u0161ene cvetove sivke, predelane na na\u0161i kmetiji, obrane in posu\u0161ene z ljubeznijo in pozornostjo.<\/p>\n<p>Sivkine obte\u017eilne blazine so estetsko zasnovane in prijetne na dotik, zato so odli\u010dna izbira za vsakodnevno nego ali \u010dudovito darilo za vse, ki si \u017eelijo izbolj\u0161ati po\u010dutje ali sprostiti.<\/p>\n","protected":false},"excerpt":{"rendered":"<p>Sivkina blazina za o\u010di je obte\u017eena z ri\u017eem in vsebuje posu\u0161ene cvetove sivke. Obte\u017eilno blazino za o\u010di polo\u017eite \u010dez o\u010di za sprostitev in meditacijo ali pri vadbi joge. Blazino lahko uporabite za toplotno ali hladilno terapijo.<\/p>\n<p>Blazina vsebuje posu\u0161ene cvetove sivke, predelane na na\u0161i kmetiji, obrane in posu\u0161ene z ljubeznijo in pozornostjo.<\/p>\n<p>Sivkine obte\u017eilne blazine so estetsko zasnovane in prijetne na dotik, zato so odli\u010dna izbira za vsakodnevno nego ali \u010dudovito darilo za vse, ki si \u017eelijo izbolj\u0161ati po\u010dutje ali sprostiti.<\/p>\n","protected":false},"featured_media":12475,"comment_status":"closed","ping_status":"closed","template":"","meta":[],"product_brand":[],"product_cat":[18],"product_tag":[94,95,31],"class_list":{"0":"post-12384","1":"product","2":"type-product","3":"status-publish","4":"has-post-thumbnail","6":"product_cat-sadike-in-suho-cvetje","7":"product_tag-blazina-za-oci","8":"product_tag-etericno-olje-sivke","9":"product_tag-sivka","11":"first","12":"instock","13":"featured","14":"shipping-taxable","15":"purchasable","16":"product-type-simple"},"yoast_head":"<!-- This site is optimized with the Yoast SEO plugin v27.3 - https:\/\/yoast.com\/product\/yoast-seo-wordpress\/ -->\n<title>Blazina za o\u010di sivka - Lavendea<\/title>\n<meta name=\"description\" content=\"Blazina za o\u010di sivka je obte\u017eena z ri\u017eem in vsebuje posu\u0161ene cvetove sivke. Obte\u017eilno blazino za o\u010di polo\u017eite \u010dez o\u010di za sprostitev in meditacijo ali pri vadbi joge. Blazino lahko uporabite za toplotno ali hladilno terapijo. Blazina vsebuje posu\u0161ene cvetove sivke, predelane na na\u0161i kmetiji, obrane in posu\u0161ene z ljubeznijo in pozornostjo.Sivkine obte\u017eilne blazine so estetsko zasnovane in prijetne na dotik, zato so odli\u010dna izbira za vsakodnevno nego ali \u010dudovito darilo za vse, ki si \u017eelijo izbolj\u0161ati po\u010dutje ali sprostiti.\" \/>\n<meta name=\"robots\" content=\"index, follow, max-snippet:-1, max-image-preview:large, max-video-preview:-1\" \/>\n<link rel=\"canonical\" href=\"https:\/\/lavendea.com\/si\/product\/blazina-za-oci-sivka\/\" \/>\n<meta property=\"og:locale\" content=\"sl_SI\" \/>\n<meta property=\"og:type\" content=\"article\" \/>\n<meta property=\"og:title\" content=\"Blazina za o\u010di sivka - Lavendea\" \/>\n<meta property=\"og:description\" content=\"Blazina za o\u010di sivka je obte\u017eena z ri\u017eem in vsebuje posu\u0161ene cvetove sivke. Obte\u017eilno blazino za o\u010di polo\u017eite \u010dez o\u010di za sprostitev in meditacijo ali pri vadbi joge. Blazino lahko uporabite za toplotno ali hladilno terapijo. Blazina vsebuje posu\u0161ene cvetove sivke, predelane na na\u0161i kmetiji, obrane in posu\u0161ene z ljubeznijo in pozornostjo.Sivkine obte\u017eilne blazine so estetsko zasnovane in prijetne na dotik, zato so odli\u010dna izbira za vsakodnevno nego ali \u010dudovito darilo za vse, ki si \u017eelijo izbolj\u0161ati po\u010dutje ali sprostiti.\" \/>\n<meta property=\"og:url\" content=\"https:\/\/lavendea.com\/si\/product\/blazina-za-oci-sivka\/\" \/>\n<meta property=\"og:site_name\" content=\"Lavendea\" \/>\n<meta property=\"article:modified_time\" content=\"2025-10-28T22:17:57+00:00\" \/>\n<meta property=\"og:image\" content=\"https:\/\/lavendea.com\/wp-content\/uploads\/2025\/10\/1760621353617-scaled.jpg\" \/>\n\t<meta property=\"og:image:width\" content=\"2048\" \/>\n\t<meta property=\"og:image:height\" content=\"2048\" \/>\n\t<meta property=\"og:image:type\" content=\"image\/jpeg\" \/>\n<meta name=\"twitter:card\" content=\"summary_large_image\" \/>\n<meta name=\"twitter:label1\" content=\"Est. reading time\" \/>\n\t<meta name=\"twitter:data1\" content=\"2 minuti\" \/>\n<script type=\"application\/ld+json\" class=\"yoast-schema-graph\">{\"@context\":\"https:\\\/\\\/schema.org\",\"@graph\":[{\"@type\":\"WebPage\",\"@id\":\"https:\\\/\\\/lavendea.com\\\/product\\\/blazina-za-oci-sivka\\\/\",\"url\":\"https:\\\/\\\/lavendea.com\\\/product\\\/blazina-za-oci-sivka\\\/\",\"name\":\"Blazina za o\u010di sivka - Lavendea\",\"isPartOf\":{\"@id\":\"https:\\\/\\\/lavendea.com\\\/#website\"},\"primaryImageOfPage\":{\"@id\":\"https:\\\/\\\/lavendea.com\\\/product\\\/blazina-za-oci-sivka\\\/#primaryimage\"},\"image\":{\"@id\":\"https:\\\/\\\/lavendea.com\\\/product\\\/blazina-za-oci-sivka\\\/#primaryimage\"},\"thumbnailUrl\":\"https:\\\/\\\/lavendea.com\\\/wp-content\\\/uploads\\\/2025\\\/10\\\/1760621353617-scaled.jpg\",\"datePublished\":\"2025-04-30T22:42:47+00:00\",\"dateModified\":\"2025-10-28T22:17:57+00:00\",\"description\":\"Blazina za o\u010di sivka je obte\u017eena z ri\u017eem in vsebuje posu\u0161ene cvetove sivke. Obte\u017eilno blazino za o\u010di polo\u017eite \u010dez o\u010di za sprostitev in meditacijo ali pri vadbi joge. Blazino lahko uporabite za toplotno ali hladilno terapijo. Blazina vsebuje posu\u0161ene cvetove sivke, predelane na na\u0161i kmetiji, obrane in posu\u0161ene z ljubeznijo in pozornostjo.Sivkine obte\u017eilne blazine so estetsko zasnovane in prijetne na dotik, zato so odli\u010dna izbira za vsakodnevno nego ali \u010dudovito darilo za vse, ki si \u017eelijo izbolj\u0161ati po\u010dutje ali sprostiti.\",\"breadcrumb\":{\"@id\":\"https:\\\/\\\/lavendea.com\\\/product\\\/blazina-za-oci-sivka\\\/#breadcrumb\"},\"inLanguage\":\"sl-SI\",\"potentialAction\":[{\"@type\":\"ReadAction\",\"target\":[\"https:\\\/\\\/lavendea.com\\\/product\\\/blazina-za-oci-sivka\\\/\"]}]},{\"@type\":\"ImageObject\",\"inLanguage\":\"sl-SI\",\"@id\":\"https:\\\/\\\/lavendea.com\\\/product\\\/blazina-za-oci-sivka\\\/#primaryimage\",\"url\":\"https:\\\/\\\/lavendea.com\\\/wp-content\\\/uploads\\\/2025\\\/10\\\/1760621353617-scaled.jpg\",\"contentUrl\":\"https:\\\/\\\/lavendea.com\\\/wp-content\\\/uploads\\\/2025\\\/10\\\/1760621353617-scaled.jpg\",\"width\":2048,\"height\":2048,\"caption\":\"Sivkina blazina za o\u010di\"},{\"@type\":\"BreadcrumbList\",\"@id\":\"https:\\\/\\\/lavendea.com\\\/product\\\/blazina-za-oci-sivka\\\/#breadcrumb\",\"itemListElement\":[{\"@type\":\"ListItem\",\"position\":1,\"name\":\"Home\",\"item\":\"https:\\\/\\\/lavendea.com\\\/\"},{\"@type\":\"ListItem\",\"position\":2,\"name\":\"Trgovina\",\"item\":\"https:\\\/\\\/lavendea.com\\\/trgovina\\\/\"},{\"@type\":\"ListItem\",\"position\":3,\"name\":\"Blazina za o\u010di sivka\"}]},{\"@type\":\"WebSite\",\"@id\":\"https:\\\/\\\/lavendea.com\\\/#website\",\"url\":\"https:\\\/\\\/lavendea.com\\\/\",\"name\":\"Lavendea\",\"description\":\"\",\"publisher\":{\"@id\":\"https:\\\/\\\/lavendea.com\\\/#organization\"},\"potentialAction\":[{\"@type\":\"SearchAction\",\"target\":{\"@type\":\"EntryPoint\",\"urlTemplate\":\"https:\\\/\\\/lavendea.com\\\/?s={search_term_string}\"},\"query-input\":{\"@type\":\"PropertyValueSpecification\",\"valueRequired\":true,\"valueName\":\"search_term_string\"}}],\"inLanguage\":\"sl-SI\"},{\"@type\":\"Organization\",\"@id\":\"https:\\\/\\\/lavendea.com\\\/#organization\",\"name\":\"Lavendea\",\"url\":\"https:\\\/\\\/lavendea.com\\\/\",\"logo\":{\"@type\":\"ImageObject\",\"inLanguage\":\"sl-SI\",\"@id\":\"https:\\\/\\\/lavendea.com\\\/#\\\/schema\\\/logo\\\/image\\\/\",\"url\":\"https:\\\/\\\/lavendea.com\\\/wp-content\\\/uploads\\\/2024\\\/02\\\/cropped-Izdelek-brez-naslova-1-2.png\",\"contentUrl\":\"https:\\\/\\\/lavendea.com\\\/wp-content\\\/uploads\\\/2024\\\/02\\\/cropped-Izdelek-brez-naslova-1-2.png\",\"width\":1747,\"height\":1101,\"caption\":\"Lavendea\"},\"image\":{\"@id\":\"https:\\\/\\\/lavendea.com\\\/#\\\/schema\\\/logo\\\/image\\\/\"}}]}<\/script>\n<!-- \/ Yoast SEO plugin. -->","yoast_head_json":{"title":"Blazina za o\u010di sivka - Lavendea","description":"Blazina za o\u010di sivka je obte\u017eena z ri\u017eem in vsebuje posu\u0161ene cvetove sivke. Obte\u017eilno blazino za o\u010di polo\u017eite \u010dez o\u010di za sprostitev in meditacijo ali pri vadbi joge. Blazino lahko uporabite za toplotno ali hladilno terapijo. Blazina vsebuje posu\u0161ene cvetove sivke, predelane na na\u0161i kmetiji, obrane in posu\u0161ene z ljubeznijo in pozornostjo.Sivkine obte\u017eilne blazine so estetsko zasnovane in prijetne na dotik, zato so odli\u010dna izbira za vsakodnevno nego ali \u010dudovito darilo za vse, ki si \u017eelijo izbolj\u0161ati po\u010dutje ali sprostiti.","robots":{"index":"index","follow":"follow","max-snippet":"max-snippet:-1","max-image-preview":"max-image-preview:large","max-video-preview":"max-video-preview:-1"},"canonical":"https:\/\/lavendea.com\/si\/product\/blazina-za-oci-sivka\/","og_locale":"sl_SI","og_type":"article","og_title":"Blazina za o\u010di sivka - Lavendea","og_description":"Blazina za o\u010di sivka je obte\u017eena z ri\u017eem in vsebuje posu\u0161ene cvetove sivke. Obte\u017eilno blazino za o\u010di polo\u017eite \u010dez o\u010di za sprostitev in meditacijo ali pri vadbi joge. Blazino lahko uporabite za toplotno ali hladilno terapijo. Blazina vsebuje posu\u0161ene cvetove sivke, predelane na na\u0161i kmetiji, obrane in posu\u0161ene z ljubeznijo in pozornostjo.Sivkine obte\u017eilne blazine so estetsko zasnovane in prijetne na dotik, zato so odli\u010dna izbira za vsakodnevno nego ali \u010dudovito darilo za vse, ki si \u017eelijo izbolj\u0161ati po\u010dutje ali sprostiti.","og_url":"https:\/\/lavendea.com\/si\/product\/blazina-za-oci-sivka\/","og_site_name":"Lavendea","article_modified_time":"2025-10-28T22:17:57+00:00","og_image":[{"width":2048,"height":2048,"url":"https:\/\/lavendea.com\/wp-content\/uploads\/2025\/10\/1760621353617-scaled.jpg","type":"image\/jpeg"}],"twitter_card":"summary_large_image","twitter_misc":{"Est. reading time":"2 minuti"},"schema":{"@context":"https:\/\/schema.org","@graph":[{"@type":"WebPage","@id":"https:\/\/lavendea.com\/product\/blazina-za-oci-sivka\/","url":"https:\/\/lavendea.com\/product\/blazina-za-oci-sivka\/","name":"Blazina za o\u010di sivka - Lavendea","isPartOf":{"@id":"https:\/\/lavendea.com\/#website"},"primaryImageOfPage":{"@id":"https:\/\/lavendea.com\/product\/blazina-za-oci-sivka\/#primaryimage"},"image":{"@id":"https:\/\/lavendea.com\/product\/blazina-za-oci-sivka\/#primaryimage"},"thumbnailUrl":"https:\/\/lavendea.com\/wp-content\/uploads\/2025\/10\/1760621353617-scaled.jpg","datePublished":"2025-04-30T22:42:47+00:00","dateModified":"2025-10-28T22:17:57+00:00","description":"Blazina za o\u010di sivka je obte\u017eena z ri\u017eem in vsebuje posu\u0161ene cvetove sivke. Obte\u017eilno blazino za o\u010di polo\u017eite \u010dez o\u010di za sprostitev in meditacijo ali pri vadbi joge. Blazino lahko uporabite za toplotno ali hladilno terapijo. Blazina vsebuje posu\u0161ene cvetove sivke, predelane na na\u0161i kmetiji, obrane in posu\u0161ene z ljubeznijo in pozornostjo.Sivkine obte\u017eilne blazine so estetsko zasnovane in prijetne na dotik, zato so odli\u010dna izbira za vsakodnevno nego ali \u010dudovito darilo za vse, ki si \u017eelijo izbolj\u0161ati po\u010dutje ali sprostiti.","breadcrumb":{"@id":"https:\/\/lavendea.com\/product\/blazina-za-oci-sivka\/#breadcrumb"},"inLanguage":"sl-SI","potentialAction":[{"@type":"ReadAction","target":["https:\/\/lavendea.com\/product\/blazina-za-oci-sivka\/"]}]},{"@type":"ImageObject","inLanguage":"sl-SI","@id":"https:\/\/lavendea.com\/product\/blazina-za-oci-sivka\/#primaryimage","url":"https:\/\/lavendea.com\/wp-content\/uploads\/2025\/10\/1760621353617-scaled.jpg","contentUrl":"https:\/\/lavendea.com\/wp-content\/uploads\/2025\/10\/1760621353617-scaled.jpg","width":2048,"height":2048,"caption":"Sivkina blazina za o\u010di"},{"@type":"BreadcrumbList","@id":"https:\/\/lavendea.com\/product\/blazina-za-oci-sivka\/#breadcrumb","itemListElement":[{"@type":"ListItem","position":1,"name":"Home","item":"https:\/\/lavendea.com\/"},{"@type":"ListItem","position":2,"name":"Trgovina","item":"https:\/\/lavendea.com\/trgovina\/"},{"@type":"ListItem","position":3,"name":"Blazina za o\u010di sivka"}]},{"@type":"WebSite","@id":"https:\/\/lavendea.com\/#website","url":"https:\/\/lavendea.com\/","name":"Lavendea","description":"","publisher":{"@id":"https:\/\/lavendea.com\/#organization"},"potentialAction":[{"@type":"SearchAction","target":{"@type":"EntryPoint","urlTemplate":"https:\/\/lavendea.com\/?s={search_term_string}"},"query-input":{"@type":"PropertyValueSpecification","valueRequired":true,"valueName":"search_term_string"}}],"inLanguage":"sl-SI"},{"@type":"Organization","@id":"https:\/\/lavendea.com\/#organization","name":"Lavendea","url":"https:\/\/lavendea.com\/","logo":{"@type":"ImageObject","inLanguage":"sl-SI","@id":"https:\/\/lavendea.com\/#\/schema\/logo\/image\/","url":"https:\/\/lavendea.com\/wp-content\/uploads\/2024\/02\/cropped-Izdelek-brez-naslova-1-2.png","contentUrl":"https:\/\/lavendea.com\/wp-content\/uploads\/2024\/02\/cropped-Izdelek-brez-naslova-1-2.png","width":1747,"height":1101,"caption":"Lavendea"},"image":{"@id":"https:\/\/lavendea.com\/#\/schema\/logo\/image\/"}}]}},"_links":{"self":[{"href":"https:\/\/lavendea.com\/si\/wp-json\/wp\/v2\/product\/12384","targetHints":{"allow":["GET"]}}],"collection":[{"href":"https:\/\/lavendea.com\/si\/wp-json\/wp\/v2\/product"}],"about":[{"href":"https:\/\/lavendea.com\/si\/wp-json\/wp\/v2\/types\/product"}],"replies":[{"embeddable":true,"href":"https:\/\/lavendea.com\/si\/wp-json\/wp\/v2\/comments?post=12384"}],"version-history":[{"count":3,"href":"https:\/\/lavendea.com\/si\/wp-json\/wp\/v2\/product\/12384\/revisions"}],"predecessor-version":[{"id":12387,"href":"https:\/\/lavendea.com\/si\/wp-json\/wp\/v2\/product\/12384\/revisions\/12387"}],"wp:featuredmedia":[{"embeddable":true,"href":"https:\/\/lavendea.com\/si\/wp-json\/wp\/v2\/media\/12475"}],"wp:attachment":[{"href":"https:\/\/lavendea.com\/si\/wp-json\/wp\/v2\/media?parent=12384"}],"wp:term":[{"taxonomy":"product_brand","embeddable":true,"href":"https:\/\/lavendea.com\/si\/wp-json\/wp\/v2\/product_brand?post=12384"},{"taxonomy":"product_cat","embeddable":true,"href":"https:\/\/lavendea.com\/si\/wp-json\/wp\/v2\/product_cat?post=12384"},{"taxonomy":"product_tag","embeddable":true,"href":"https:\/\/lavendea.com\/si\/wp-json\/wp\/v2\/product_tag?post=12384"}],"curies":[{"name":"wp","href":"https:\/\/api.w.org\/{rel}","templated":true}]}}