{"id":12689,"date":"2025-10-22T21:48:41","date_gmt":"2025-10-22T19:48:41","guid":{"rendered":"https:\/\/lavendea.com\/?post_type=product&#038;p=12689"},"modified":"2025-10-22T21:48:41","modified_gmt":"2025-10-22T19:48:41","slug":"naravno-okroglo-milo-na-lesenem-podstavku","status":"publish","type":"product","link":"https:\/\/lavendea.com\/si\/product\/naravno-okroglo-milo-na-lesenem-podstavku\/","title":{"rendered":"Okroglo milo na lesenem podstavku"},"content":{"rendered":"<p><span class=\"a_GcMg font-feature-liga-off font-feature-clig-off font-feature-calt-off text-decoration-none text-strikethrough-none\">I\u0161\u010dete prikupno darilce za poslovne partnerje, goste na poroki ali drugih posebnih prilo\u017enostih? Ro\u010dno izdelano naravno milo na lesenem podstavku<\/span><span class=\"a_GcMg font-feature-liga-off font-feature-clig-off font-feature-calt-off text-decoration-none text-strikethrough-none\"> ter minimalisti\u010dnim dizajnom je prava izbira za vas. Izvirno in uporabno darilo, ki bo navdu\u0161ilo s svojim vonjem, obliko in hranljivim u\u010dinkom na ko\u017eo. Opremljen je z lesenim podstavkom, na katerem se milo lepo posu\u0161i in \u010daka na novo uporabo.<\/span><\/p>\n<p>Sami lahko izberete tip mila: sivka, limonska trava, sivka\/limonska trava, vrtnica pelargonija, pomaran\u010da\/cimet, ro\u017emarin\/brin ter \u010de\u0161njev cvet. Na va\u0161o \u017eeljo lahko dodamo tudi karton\u010dek s posvetilom.<\/p>\n","protected":false},"excerpt":{"rendered":"<p><span class=\"a_GcMg font-feature-liga-off font-feature-clig-off font-feature-calt-off text-decoration-none text-strikethrough-none\">I\u0161\u010dete prikupno darilce za poslovne partnerje, goste na poroki ali drugih posebnih prilo\u017enostih? Ro\u010dno izdelano naravno milo na lesenem podstavku<\/span><span class=\"a_GcMg font-feature-liga-off font-feature-clig-off font-feature-calt-off text-decoration-none text-strikethrough-none\"> ter minimalisti\u010dnim dizajnom je prava izbira za vas. Izvirno in uporabno darilo, ki bo navdu\u0161ilo s svojim vonjem, obliko in hranljivim u\u010dinkom na ko\u017eo. Opremljen je z lesenim podstavkom, na katerem se milo lepo posu\u0161i in \u010daka na novo uporabo.<\/span><\/p>\n","protected":false},"featured_media":12328,"comment_status":"closed","ping_status":"closed","template":"","meta":[],"product_brand":[],"product_cat":[80,24],"product_tag":[44,49,42,43,39,31,46],"class_list":{"0":"post-12689","1":"product","2":"type-product","3":"status-publish","4":"has-post-thumbnail","6":"product_cat-darilni-seti","7":"product_cat-darilni-seti-naravnih-mil","8":"product_tag-cimet","9":"product_tag-darilni-set","10":"product_tag-limonska-trava","11":"product_tag-pomaranca","12":"product_tag-rozmarin","13":"product_tag-sivka","14":"product_tag-vrtnica-pelargonija","16":"first","17":"instock","18":"shipping-taxable","19":"purchasable","20":"product-type-simple"},"yoast_head":"<!-- This site is optimized with the Yoast SEO plugin v27.3 - https:\/\/yoast.com\/product\/yoast-seo-wordpress\/ -->\n<title>Okroglo milo na lesenem podstavku - Lavendea<\/title>\n<meta name=\"description\" content=\"Ro\u010dno izdelano naravno okroglo milo na lesenem podstavku ter minimalisti\u010dnim dizajnom. Izvirno in uporabno darilo, ki bo navdu\u0161ilo prav vse.\" \/>\n<meta name=\"robots\" content=\"index, follow, max-snippet:-1, max-image-preview:large, max-video-preview:-1\" \/>\n<link rel=\"canonical\" href=\"https:\/\/lavendea.com\/si\/product\/naravno-okroglo-milo-na-lesenem-podstavku\/\" \/>\n<meta property=\"og:locale\" content=\"sl_SI\" \/>\n<meta property=\"og:type\" content=\"article\" \/>\n<meta property=\"og:title\" content=\"Okroglo milo na lesenem podstavku - Lavendea\" \/>\n<meta property=\"og:description\" content=\"Ro\u010dno izdelano naravno okroglo milo na lesenem podstavku ter minimalisti\u010dnim dizajnom. Izvirno in uporabno darilo, ki bo navdu\u0161ilo prav vse.\" \/>\n<meta property=\"og:url\" content=\"https:\/\/lavendea.com\/si\/product\/naravno-okroglo-milo-na-lesenem-podstavku\/\" \/>\n<meta property=\"og:site_name\" content=\"Lavendea\" \/>\n<meta property=\"og:image\" content=\"https:\/\/lavendea.com\/wp-content\/uploads\/2025\/04\/Firefly-Round-soap-on-a-pattern-chipboard-dish.-Packed-with-a-jute-ribbon.-Vintage-decoration-around.jpg\" \/>\n\t<meta property=\"og:image:width\" content=\"2048\" \/>\n\t<meta property=\"og:image:height\" content=\"2048\" \/>\n\t<meta property=\"og:image:type\" content=\"image\/jpeg\" \/>\n<meta name=\"twitter:card\" content=\"summary_large_image\" \/>\n<meta name=\"twitter:label1\" content=\"Est. reading time\" \/>\n\t<meta name=\"twitter:data1\" content=\"1 minuta\" \/>\n<script type=\"application\/ld+json\" class=\"yoast-schema-graph\">{\"@context\":\"https:\\\/\\\/schema.org\",\"@graph\":[{\"@type\":\"WebPage\",\"@id\":\"https:\\\/\\\/lavendea.com\\\/product\\\/naravno-okroglo-milo-na-lesenem-podstavku\\\/\",\"url\":\"https:\\\/\\\/lavendea.com\\\/product\\\/naravno-okroglo-milo-na-lesenem-podstavku\\\/\",\"name\":\"Okroglo milo na lesenem podstavku - Lavendea\",\"isPartOf\":{\"@id\":\"https:\\\/\\\/lavendea.com\\\/#website\"},\"primaryImageOfPage\":{\"@id\":\"https:\\\/\\\/lavendea.com\\\/product\\\/naravno-okroglo-milo-na-lesenem-podstavku\\\/#primaryimage\"},\"image\":{\"@id\":\"https:\\\/\\\/lavendea.com\\\/product\\\/naravno-okroglo-milo-na-lesenem-podstavku\\\/#primaryimage\"},\"thumbnailUrl\":\"https:\\\/\\\/lavendea.com\\\/wp-content\\\/uploads\\\/2025\\\/04\\\/Firefly-Round-soap-on-a-pattern-chipboard-dish.-Packed-with-a-jute-ribbon.-Vintage-decoration-around.jpg\",\"datePublished\":\"2025-10-22T19:48:41+00:00\",\"description\":\"Ro\u010dno izdelano naravno okroglo milo na lesenem podstavku ter minimalisti\u010dnim dizajnom. Izvirno in uporabno darilo, ki bo navdu\u0161ilo prav vse.\",\"breadcrumb\":{\"@id\":\"https:\\\/\\\/lavendea.com\\\/product\\\/naravno-okroglo-milo-na-lesenem-podstavku\\\/#breadcrumb\"},\"inLanguage\":\"sl-SI\",\"potentialAction\":[{\"@type\":\"ReadAction\",\"target\":[\"https:\\\/\\\/lavendea.com\\\/product\\\/naravno-okroglo-milo-na-lesenem-podstavku\\\/\"]}]},{\"@type\":\"ImageObject\",\"inLanguage\":\"sl-SI\",\"@id\":\"https:\\\/\\\/lavendea.com\\\/product\\\/naravno-okroglo-milo-na-lesenem-podstavku\\\/#primaryimage\",\"url\":\"https:\\\/\\\/lavendea.com\\\/wp-content\\\/uploads\\\/2025\\\/04\\\/Firefly-Round-soap-on-a-pattern-chipboard-dish.-Packed-with-a-jute-ribbon.-Vintage-decoration-around.jpg\",\"contentUrl\":\"https:\\\/\\\/lavendea.com\\\/wp-content\\\/uploads\\\/2025\\\/04\\\/Firefly-Round-soap-on-a-pattern-chipboard-dish.-Packed-with-a-jute-ribbon.-Vintage-decoration-around.jpg\",\"width\":2048,\"height\":2048,\"caption\":\"Okroglo milo na podstavku\"},{\"@type\":\"BreadcrumbList\",\"@id\":\"https:\\\/\\\/lavendea.com\\\/product\\\/naravno-okroglo-milo-na-lesenem-podstavku\\\/#breadcrumb\",\"itemListElement\":[{\"@type\":\"ListItem\",\"position\":1,\"name\":\"Home\",\"item\":\"https:\\\/\\\/lavendea.com\\\/\"},{\"@type\":\"ListItem\",\"position\":2,\"name\":\"Trgovina\",\"item\":\"https:\\\/\\\/lavendea.com\\\/trgovina\\\/\"},{\"@type\":\"ListItem\",\"position\":3,\"name\":\"Okroglo milo na lesenem podstavku\"}]},{\"@type\":\"WebSite\",\"@id\":\"https:\\\/\\\/lavendea.com\\\/#website\",\"url\":\"https:\\\/\\\/lavendea.com\\\/\",\"name\":\"Lavendea\",\"description\":\"\",\"publisher\":{\"@id\":\"https:\\\/\\\/lavendea.com\\\/#organization\"},\"potentialAction\":[{\"@type\":\"SearchAction\",\"target\":{\"@type\":\"EntryPoint\",\"urlTemplate\":\"https:\\\/\\\/lavendea.com\\\/?s={search_term_string}\"},\"query-input\":{\"@type\":\"PropertyValueSpecification\",\"valueRequired\":true,\"valueName\":\"search_term_string\"}}],\"inLanguage\":\"sl-SI\"},{\"@type\":\"Organization\",\"@id\":\"https:\\\/\\\/lavendea.com\\\/#organization\",\"name\":\"Lavendea\",\"url\":\"https:\\\/\\\/lavendea.com\\\/\",\"logo\":{\"@type\":\"ImageObject\",\"inLanguage\":\"sl-SI\",\"@id\":\"https:\\\/\\\/lavendea.com\\\/#\\\/schema\\\/logo\\\/image\\\/\",\"url\":\"https:\\\/\\\/lavendea.com\\\/wp-content\\\/uploads\\\/2024\\\/02\\\/cropped-Izdelek-brez-naslova-1-2.png\",\"contentUrl\":\"https:\\\/\\\/lavendea.com\\\/wp-content\\\/uploads\\\/2024\\\/02\\\/cropped-Izdelek-brez-naslova-1-2.png\",\"width\":1747,\"height\":1101,\"caption\":\"Lavendea\"},\"image\":{\"@id\":\"https:\\\/\\\/lavendea.com\\\/#\\\/schema\\\/logo\\\/image\\\/\"}}]}<\/script>\n<!-- \/ Yoast SEO plugin. -->","yoast_head_json":{"title":"Okroglo milo na lesenem podstavku - Lavendea","description":"Ro\u010dno izdelano naravno okroglo milo na lesenem podstavku ter minimalisti\u010dnim dizajnom. Izvirno in uporabno darilo, ki bo navdu\u0161ilo prav vse.","robots":{"index":"index","follow":"follow","max-snippet":"max-snippet:-1","max-image-preview":"max-image-preview:large","max-video-preview":"max-video-preview:-1"},"canonical":"https:\/\/lavendea.com\/si\/product\/naravno-okroglo-milo-na-lesenem-podstavku\/","og_locale":"sl_SI","og_type":"article","og_title":"Okroglo milo na lesenem podstavku - Lavendea","og_description":"Ro\u010dno izdelano naravno okroglo milo na lesenem podstavku ter minimalisti\u010dnim dizajnom. Izvirno in uporabno darilo, ki bo navdu\u0161ilo prav vse.","og_url":"https:\/\/lavendea.com\/si\/product\/naravno-okroglo-milo-na-lesenem-podstavku\/","og_site_name":"Lavendea","og_image":[{"width":2048,"height":2048,"url":"https:\/\/lavendea.com\/wp-content\/uploads\/2025\/04\/Firefly-Round-soap-on-a-pattern-chipboard-dish.-Packed-with-a-jute-ribbon.-Vintage-decoration-around.jpg","type":"image\/jpeg"}],"twitter_card":"summary_large_image","twitter_misc":{"Est. reading time":"1 minuta"},"schema":{"@context":"https:\/\/schema.org","@graph":[{"@type":"WebPage","@id":"https:\/\/lavendea.com\/product\/naravno-okroglo-milo-na-lesenem-podstavku\/","url":"https:\/\/lavendea.com\/product\/naravno-okroglo-milo-na-lesenem-podstavku\/","name":"Okroglo milo na lesenem podstavku - Lavendea","isPartOf":{"@id":"https:\/\/lavendea.com\/#website"},"primaryImageOfPage":{"@id":"https:\/\/lavendea.com\/product\/naravno-okroglo-milo-na-lesenem-podstavku\/#primaryimage"},"image":{"@id":"https:\/\/lavendea.com\/product\/naravno-okroglo-milo-na-lesenem-podstavku\/#primaryimage"},"thumbnailUrl":"https:\/\/lavendea.com\/wp-content\/uploads\/2025\/04\/Firefly-Round-soap-on-a-pattern-chipboard-dish.-Packed-with-a-jute-ribbon.-Vintage-decoration-around.jpg","datePublished":"2025-10-22T19:48:41+00:00","description":"Ro\u010dno izdelano naravno okroglo milo na lesenem podstavku ter minimalisti\u010dnim dizajnom. Izvirno in uporabno darilo, ki bo navdu\u0161ilo prav vse.","breadcrumb":{"@id":"https:\/\/lavendea.com\/product\/naravno-okroglo-milo-na-lesenem-podstavku\/#breadcrumb"},"inLanguage":"sl-SI","potentialAction":[{"@type":"ReadAction","target":["https:\/\/lavendea.com\/product\/naravno-okroglo-milo-na-lesenem-podstavku\/"]}]},{"@type":"ImageObject","inLanguage":"sl-SI","@id":"https:\/\/lavendea.com\/product\/naravno-okroglo-milo-na-lesenem-podstavku\/#primaryimage","url":"https:\/\/lavendea.com\/wp-content\/uploads\/2025\/04\/Firefly-Round-soap-on-a-pattern-chipboard-dish.-Packed-with-a-jute-ribbon.-Vintage-decoration-around.jpg","contentUrl":"https:\/\/lavendea.com\/wp-content\/uploads\/2025\/04\/Firefly-Round-soap-on-a-pattern-chipboard-dish.-Packed-with-a-jute-ribbon.-Vintage-decoration-around.jpg","width":2048,"height":2048,"caption":"Okroglo milo na podstavku"},{"@type":"BreadcrumbList","@id":"https:\/\/lavendea.com\/product\/naravno-okroglo-milo-na-lesenem-podstavku\/#breadcrumb","itemListElement":[{"@type":"ListItem","position":1,"name":"Home","item":"https:\/\/lavendea.com\/"},{"@type":"ListItem","position":2,"name":"Trgovina","item":"https:\/\/lavendea.com\/trgovina\/"},{"@type":"ListItem","position":3,"name":"Okroglo milo na lesenem podstavku"}]},{"@type":"WebSite","@id":"https:\/\/lavendea.com\/#website","url":"https:\/\/lavendea.com\/","name":"Lavendea","description":"","publisher":{"@id":"https:\/\/lavendea.com\/#organization"},"potentialAction":[{"@type":"SearchAction","target":{"@type":"EntryPoint","urlTemplate":"https:\/\/lavendea.com\/?s={search_term_string}"},"query-input":{"@type":"PropertyValueSpecification","valueRequired":true,"valueName":"search_term_string"}}],"inLanguage":"sl-SI"},{"@type":"Organization","@id":"https:\/\/lavendea.com\/#organization","name":"Lavendea","url":"https:\/\/lavendea.com\/","logo":{"@type":"ImageObject","inLanguage":"sl-SI","@id":"https:\/\/lavendea.com\/#\/schema\/logo\/image\/","url":"https:\/\/lavendea.com\/wp-content\/uploads\/2024\/02\/cropped-Izdelek-brez-naslova-1-2.png","contentUrl":"https:\/\/lavendea.com\/wp-content\/uploads\/2024\/02\/cropped-Izdelek-brez-naslova-1-2.png","width":1747,"height":1101,"caption":"Lavendea"},"image":{"@id":"https:\/\/lavendea.com\/#\/schema\/logo\/image\/"}}]}},"_links":{"self":[{"href":"https:\/\/lavendea.com\/si\/wp-json\/wp\/v2\/product\/12689","targetHints":{"allow":["GET"]}}],"collection":[{"href":"https:\/\/lavendea.com\/si\/wp-json\/wp\/v2\/product"}],"about":[{"href":"https:\/\/lavendea.com\/si\/wp-json\/wp\/v2\/types\/product"}],"replies":[{"embeddable":true,"href":"https:\/\/lavendea.com\/si\/wp-json\/wp\/v2\/comments?post=12689"}],"version-history":[{"count":2,"href":"https:\/\/lavendea.com\/si\/wp-json\/wp\/v2\/product\/12689\/revisions"}],"predecessor-version":[{"id":12692,"href":"https:\/\/lavendea.com\/si\/wp-json\/wp\/v2\/product\/12689\/revisions\/12692"}],"wp:featuredmedia":[{"embeddable":true,"href":"https:\/\/lavendea.com\/si\/wp-json\/wp\/v2\/media\/12328"}],"wp:attachment":[{"href":"https:\/\/lavendea.com\/si\/wp-json\/wp\/v2\/media?parent=12689"}],"wp:term":[{"taxonomy":"product_brand","embeddable":true,"href":"https:\/\/lavendea.com\/si\/wp-json\/wp\/v2\/product_brand?post=12689"},{"taxonomy":"product_cat","embeddable":true,"href":"https:\/\/lavendea.com\/si\/wp-json\/wp\/v2\/product_cat?post=12689"},{"taxonomy":"product_tag","embeddable":true,"href":"https:\/\/lavendea.com\/si\/wp-json\/wp\/v2\/product_tag?post=12689"}],"curies":[{"name":"wp","href":"https:\/\/api.w.org\/{rel}","templated":true}]}}