{"id":12768,"date":"2025-10-24T22:29:27","date_gmt":"2025-10-24T20:29:27","guid":{"rendered":"https:\/\/lavendea.com\/?post_type=product&#038;p=12768"},"modified":"2025-10-24T22:38:20","modified_gmt":"2025-10-24T20:38:20","slug":"set-stirih-podstavkov","status":"publish","type":"product","link":"https:\/\/lavendea.com\/si\/product\/set-stirih-podstavkov\/","title":{"rendered":"Set \u0161tirih podstavkov"},"content":{"rendered":"<p data-pm-slice=\"1 1 []\">V sodobnem \u010dasu se vedno bolj nagibamo k iskanju unikatnih in estetsko privla\u010dnih dodatkov za na\u0161 dom ali kot darila za na\u0161e najdra\u017eje. Ena izmed izjemno priljubljenih mo\u017enosti so podstavki iz epoksi smole, ki zdru\u017eujejo funkcionalnost s prefinjeno estetiko.<\/p>\n<p>Podstavki iz epoksi smole so izjemno vsestranski izdelki, saj jih lahko okrasimo na \u0161tevilne na\u010dine. Cvetje, les, dekorativni kamen\u010dki, \u0161koljke, mavri\u010dne prelivajo\u010de se barve in \u0161e mnogo drugih elementov lahko vklju\u010dimo v njihov dizajn, kar nam omogo\u010da, da vsak kos postane edinstven in o\u010darljiv. Ta personalizacija nam daje mo\u017enost, da izrazimo svojo kreativnost in individualnost ter ustvarimo popolnoma prilagojen dodatek za na\u0161 dom ali kot darilo.<\/p>\n<p>Poleg estetske vrednosti imajo podstavki iz epoksi smole tudi prakti\u010dno uporabnost. Lahko jih uporabimo kot dekorativne elemente na mizi ali polici, kjer bodo zagotovo pritegnili pozornost vsakega obiskovalca. Poleg tega pa so odli\u010dni tudi kot podstavki za vro\u010de lon\u010dke, kozarce ali skodelice, saj epoksi smola zagotavlja odpornost na visoke temperature in po\u0161kodbe.<\/p>\n<p>Pri izbiri podstavka iz epoksi smole se odlo\u010dimo za prav posebno darilo. Unikaten dizajn in ro\u010dna izdelava poskrbita, da bo na\u0161e darilo izstopalo med ostalimi in zagotovo razveselilo obdarovanca. Vsaki\u010d, ko bodo uporabili ta \u010dudovit in prakti\u010den dodatek, se bodo spomnili na nas in na\u0161o pozornost do detajlov.<\/p>\n","protected":false},"excerpt":{"rendered":"<p>Podstavki iz epoksi smole predstavljajo prisr\u010dno zdru\u017eitev estetike, funkcionalnosti in individualnosti. Odli\u010dna\u00a0 izbira, \u010de \u017eelite dodati kan\u010dek eleganco in umetni\u0161kega pridiha v svoj dom ali kot darilo svojim najbli\u017ejim.<\/p>\n<p>Set \u0161tirih ro\u010dno izdelanih podstavkov (tudi) po va\u0161ih \u017eeljah.<\/p>\n","protected":false},"featured_media":12762,"comment_status":"closed","ping_status":"closed","template":"","meta":[],"product_brand":[],"product_cat":[80],"product_tag":[70,67,73,72,71,98,31,68,35],"class_list":{"0":"post-12768","1":"product","2":"type-product","3":"status-publish","4":"has-post-thumbnail","6":"product_cat-darilni-seti","7":"product_tag-deska","8":"product_tag-epoksi-smola","9":"product_tag-kamencki","10":"product_tag-les","11":"product_tag-podstavek","12":"product_tag-prelivajoce-barve","13":"product_tag-sivka","14":"product_tag-skoljka","15":"product_tag-vrtnica","17":"first","18":"instock","19":"shipping-taxable","20":"purchasable","21":"product-type-variable"},"yoast_head":"<!-- This site is optimized with the Yoast SEO plugin v27.3 - https:\/\/yoast.com\/product\/yoast-seo-wordpress\/ -->\n<title>Set \u0161tirih podstavkov - Lavendea<\/title>\n<meta name=\"description\" content=\"Set \u0161tirih podstavkov iz epoksi smole. izdelki okra\u0161eni s suhim cvetjem, kamen\u010dki, \u0161koljkami, ali mavri\u010dnimi barvami. Unikaten dizajn in ro\u010dno izdelava.\" \/>\n<meta name=\"robots\" content=\"index, follow, max-snippet:-1, max-image-preview:large, max-video-preview:-1\" \/>\n<link rel=\"canonical\" href=\"https:\/\/lavendea.com\/si\/product\/set-stirih-podstavkov\/\" \/>\n<meta property=\"og:locale\" content=\"sl_SI\" \/>\n<meta property=\"og:type\" content=\"article\" \/>\n<meta property=\"og:title\" content=\"Set \u0161tirih podstavkov - Lavendea\" \/>\n<meta property=\"og:description\" content=\"Set \u0161tirih podstavkov iz epoksi smole. izdelki okra\u0161eni s suhim cvetjem, kamen\u010dki, \u0161koljkami, ali mavri\u010dnimi barvami. Unikaten dizajn in ro\u010dno izdelava.\" \/>\n<meta property=\"og:url\" content=\"https:\/\/lavendea.com\/si\/product\/set-stirih-podstavkov\/\" \/>\n<meta property=\"og:site_name\" content=\"Lavendea\" \/>\n<meta property=\"article:modified_time\" content=\"2025-10-24T20:38:20+00:00\" \/>\n<meta property=\"og:image\" content=\"https:\/\/lavendea.com\/wp-content\/uploads\/2025\/10\/1761331637839-scaled.jpg\" \/>\n\t<meta property=\"og:image:width\" content=\"2048\" \/>\n\t<meta property=\"og:image:height\" content=\"2048\" \/>\n\t<meta property=\"og:image:type\" content=\"image\/jpeg\" \/>\n<meta name=\"twitter:card\" content=\"summary_large_image\" \/>\n<meta name=\"twitter:label1\" content=\"Est. reading time\" \/>\n\t<meta name=\"twitter:data1\" content=\"2 minuti\" \/>\n<script type=\"application\/ld+json\" class=\"yoast-schema-graph\">{\"@context\":\"https:\\\/\\\/schema.org\",\"@graph\":[{\"@type\":\"WebPage\",\"@id\":\"https:\\\/\\\/lavendea.com\\\/product\\\/set-stirih-podstavkov\\\/\",\"url\":\"https:\\\/\\\/lavendea.com\\\/product\\\/set-stirih-podstavkov\\\/\",\"name\":\"Set \u0161tirih podstavkov - Lavendea\",\"isPartOf\":{\"@id\":\"https:\\\/\\\/lavendea.com\\\/#website\"},\"primaryImageOfPage\":{\"@id\":\"https:\\\/\\\/lavendea.com\\\/product\\\/set-stirih-podstavkov\\\/#primaryimage\"},\"image\":{\"@id\":\"https:\\\/\\\/lavendea.com\\\/product\\\/set-stirih-podstavkov\\\/#primaryimage\"},\"thumbnailUrl\":\"https:\\\/\\\/lavendea.com\\\/wp-content\\\/uploads\\\/2025\\\/10\\\/1761331637839-scaled.jpg\",\"datePublished\":\"2025-10-24T20:29:27+00:00\",\"dateModified\":\"2025-10-24T20:38:20+00:00\",\"description\":\"Set \u0161tirih podstavkov iz epoksi smole. izdelki okra\u0161eni s suhim cvetjem, kamen\u010dki, \u0161koljkami, ali mavri\u010dnimi barvami. Unikaten dizajn in ro\u010dno izdelava.\",\"breadcrumb\":{\"@id\":\"https:\\\/\\\/lavendea.com\\\/product\\\/set-stirih-podstavkov\\\/#breadcrumb\"},\"inLanguage\":\"sl-SI\",\"potentialAction\":[{\"@type\":\"ReadAction\",\"target\":[\"https:\\\/\\\/lavendea.com\\\/product\\\/set-stirih-podstavkov\\\/\"]}]},{\"@type\":\"ImageObject\",\"inLanguage\":\"sl-SI\",\"@id\":\"https:\\\/\\\/lavendea.com\\\/product\\\/set-stirih-podstavkov\\\/#primaryimage\",\"url\":\"https:\\\/\\\/lavendea.com\\\/wp-content\\\/uploads\\\/2025\\\/10\\\/1761331637839-scaled.jpg\",\"contentUrl\":\"https:\\\/\\\/lavendea.com\\\/wp-content\\\/uploads\\\/2025\\\/10\\\/1761331637839-scaled.jpg\",\"width\":2048,\"height\":2048,\"caption\":\"Podstavki iz epoksi smole\"},{\"@type\":\"BreadcrumbList\",\"@id\":\"https:\\\/\\\/lavendea.com\\\/product\\\/set-stirih-podstavkov\\\/#breadcrumb\",\"itemListElement\":[{\"@type\":\"ListItem\",\"position\":1,\"name\":\"Home\",\"item\":\"https:\\\/\\\/lavendea.com\\\/\"},{\"@type\":\"ListItem\",\"position\":2,\"name\":\"Trgovina\",\"item\":\"https:\\\/\\\/lavendea.com\\\/trgovina\\\/\"},{\"@type\":\"ListItem\",\"position\":3,\"name\":\"Set \u0161tirih podstavkov\"}]},{\"@type\":\"WebSite\",\"@id\":\"https:\\\/\\\/lavendea.com\\\/#website\",\"url\":\"https:\\\/\\\/lavendea.com\\\/\",\"name\":\"Lavendea\",\"description\":\"\",\"publisher\":{\"@id\":\"https:\\\/\\\/lavendea.com\\\/#organization\"},\"potentialAction\":[{\"@type\":\"SearchAction\",\"target\":{\"@type\":\"EntryPoint\",\"urlTemplate\":\"https:\\\/\\\/lavendea.com\\\/?s={search_term_string}\"},\"query-input\":{\"@type\":\"PropertyValueSpecification\",\"valueRequired\":true,\"valueName\":\"search_term_string\"}}],\"inLanguage\":\"sl-SI\"},{\"@type\":\"Organization\",\"@id\":\"https:\\\/\\\/lavendea.com\\\/#organization\",\"name\":\"Lavendea\",\"url\":\"https:\\\/\\\/lavendea.com\\\/\",\"logo\":{\"@type\":\"ImageObject\",\"inLanguage\":\"sl-SI\",\"@id\":\"https:\\\/\\\/lavendea.com\\\/#\\\/schema\\\/logo\\\/image\\\/\",\"url\":\"https:\\\/\\\/lavendea.com\\\/wp-content\\\/uploads\\\/2024\\\/02\\\/cropped-Izdelek-brez-naslova-1-2.png\",\"contentUrl\":\"https:\\\/\\\/lavendea.com\\\/wp-content\\\/uploads\\\/2024\\\/02\\\/cropped-Izdelek-brez-naslova-1-2.png\",\"width\":1747,\"height\":1101,\"caption\":\"Lavendea\"},\"image\":{\"@id\":\"https:\\\/\\\/lavendea.com\\\/#\\\/schema\\\/logo\\\/image\\\/\"}}]}<\/script>\n<!-- \/ Yoast SEO plugin. -->","yoast_head_json":{"title":"Set \u0161tirih podstavkov - Lavendea","description":"Set \u0161tirih podstavkov iz epoksi smole. izdelki okra\u0161eni s suhim cvetjem, kamen\u010dki, \u0161koljkami, ali mavri\u010dnimi barvami. Unikaten dizajn in ro\u010dno izdelava.","robots":{"index":"index","follow":"follow","max-snippet":"max-snippet:-1","max-image-preview":"max-image-preview:large","max-video-preview":"max-video-preview:-1"},"canonical":"https:\/\/lavendea.com\/si\/product\/set-stirih-podstavkov\/","og_locale":"sl_SI","og_type":"article","og_title":"Set \u0161tirih podstavkov - Lavendea","og_description":"Set \u0161tirih podstavkov iz epoksi smole. izdelki okra\u0161eni s suhim cvetjem, kamen\u010dki, \u0161koljkami, ali mavri\u010dnimi barvami. Unikaten dizajn in ro\u010dno izdelava.","og_url":"https:\/\/lavendea.com\/si\/product\/set-stirih-podstavkov\/","og_site_name":"Lavendea","article_modified_time":"2025-10-24T20:38:20+00:00","og_image":[{"width":2048,"height":2048,"url":"https:\/\/lavendea.com\/wp-content\/uploads\/2025\/10\/1761331637839-scaled.jpg","type":"image\/jpeg"}],"twitter_card":"summary_large_image","twitter_misc":{"Est. reading time":"2 minuti"},"schema":{"@context":"https:\/\/schema.org","@graph":[{"@type":"WebPage","@id":"https:\/\/lavendea.com\/product\/set-stirih-podstavkov\/","url":"https:\/\/lavendea.com\/product\/set-stirih-podstavkov\/","name":"Set \u0161tirih podstavkov - Lavendea","isPartOf":{"@id":"https:\/\/lavendea.com\/#website"},"primaryImageOfPage":{"@id":"https:\/\/lavendea.com\/product\/set-stirih-podstavkov\/#primaryimage"},"image":{"@id":"https:\/\/lavendea.com\/product\/set-stirih-podstavkov\/#primaryimage"},"thumbnailUrl":"https:\/\/lavendea.com\/wp-content\/uploads\/2025\/10\/1761331637839-scaled.jpg","datePublished":"2025-10-24T20:29:27+00:00","dateModified":"2025-10-24T20:38:20+00:00","description":"Set \u0161tirih podstavkov iz epoksi smole. izdelki okra\u0161eni s suhim cvetjem, kamen\u010dki, \u0161koljkami, ali mavri\u010dnimi barvami. Unikaten dizajn in ro\u010dno izdelava.","breadcrumb":{"@id":"https:\/\/lavendea.com\/product\/set-stirih-podstavkov\/#breadcrumb"},"inLanguage":"sl-SI","potentialAction":[{"@type":"ReadAction","target":["https:\/\/lavendea.com\/product\/set-stirih-podstavkov\/"]}]},{"@type":"ImageObject","inLanguage":"sl-SI","@id":"https:\/\/lavendea.com\/product\/set-stirih-podstavkov\/#primaryimage","url":"https:\/\/lavendea.com\/wp-content\/uploads\/2025\/10\/1761331637839-scaled.jpg","contentUrl":"https:\/\/lavendea.com\/wp-content\/uploads\/2025\/10\/1761331637839-scaled.jpg","width":2048,"height":2048,"caption":"Podstavki iz epoksi smole"},{"@type":"BreadcrumbList","@id":"https:\/\/lavendea.com\/product\/set-stirih-podstavkov\/#breadcrumb","itemListElement":[{"@type":"ListItem","position":1,"name":"Home","item":"https:\/\/lavendea.com\/"},{"@type":"ListItem","position":2,"name":"Trgovina","item":"https:\/\/lavendea.com\/trgovina\/"},{"@type":"ListItem","position":3,"name":"Set \u0161tirih podstavkov"}]},{"@type":"WebSite","@id":"https:\/\/lavendea.com\/#website","url":"https:\/\/lavendea.com\/","name":"Lavendea","description":"","publisher":{"@id":"https:\/\/lavendea.com\/#organization"},"potentialAction":[{"@type":"SearchAction","target":{"@type":"EntryPoint","urlTemplate":"https:\/\/lavendea.com\/?s={search_term_string}"},"query-input":{"@type":"PropertyValueSpecification","valueRequired":true,"valueName":"search_term_string"}}],"inLanguage":"sl-SI"},{"@type":"Organization","@id":"https:\/\/lavendea.com\/#organization","name":"Lavendea","url":"https:\/\/lavendea.com\/","logo":{"@type":"ImageObject","inLanguage":"sl-SI","@id":"https:\/\/lavendea.com\/#\/schema\/logo\/image\/","url":"https:\/\/lavendea.com\/wp-content\/uploads\/2024\/02\/cropped-Izdelek-brez-naslova-1-2.png","contentUrl":"https:\/\/lavendea.com\/wp-content\/uploads\/2024\/02\/cropped-Izdelek-brez-naslova-1-2.png","width":1747,"height":1101,"caption":"Lavendea"},"image":{"@id":"https:\/\/lavendea.com\/#\/schema\/logo\/image\/"}}]}},"_links":{"self":[{"href":"https:\/\/lavendea.com\/si\/wp-json\/wp\/v2\/product\/12768","targetHints":{"allow":["GET"]}}],"collection":[{"href":"https:\/\/lavendea.com\/si\/wp-json\/wp\/v2\/product"}],"about":[{"href":"https:\/\/lavendea.com\/si\/wp-json\/wp\/v2\/types\/product"}],"replies":[{"embeddable":true,"href":"https:\/\/lavendea.com\/si\/wp-json\/wp\/v2\/comments?post=12768"}],"version-history":[{"count":1,"href":"https:\/\/lavendea.com\/si\/wp-json\/wp\/v2\/product\/12768\/revisions"}],"predecessor-version":[{"id":12773,"href":"https:\/\/lavendea.com\/si\/wp-json\/wp\/v2\/product\/12768\/revisions\/12773"}],"wp:featuredmedia":[{"embeddable":true,"href":"https:\/\/lavendea.com\/si\/wp-json\/wp\/v2\/media\/12762"}],"wp:attachment":[{"href":"https:\/\/lavendea.com\/si\/wp-json\/wp\/v2\/media?parent=12768"}],"wp:term":[{"taxonomy":"product_brand","embeddable":true,"href":"https:\/\/lavendea.com\/si\/wp-json\/wp\/v2\/product_brand?post=12768"},{"taxonomy":"product_cat","embeddable":true,"href":"https:\/\/lavendea.com\/si\/wp-json\/wp\/v2\/product_cat?post=12768"},{"taxonomy":"product_tag","embeddable":true,"href":"https:\/\/lavendea.com\/si\/wp-json\/wp\/v2\/product_tag?post=12768"}],"curies":[{"name":"wp","href":"https:\/\/api.w.org\/{rel}","templated":true}]}}