{"id":12774,"date":"2025-10-24T22:41:49","date_gmt":"2025-10-24T20:41:49","guid":{"rendered":"https:\/\/lavendea.com\/?post_type=product&#038;p=12774"},"modified":"2025-10-25T20:52:46","modified_gmt":"2025-10-25T18:52:46","slug":"set-podstavek-in-pladenj-list","status":"publish","type":"product","link":"https:\/\/lavendea.com\/si\/product\/set-podstavek-in-pladenj-list\/","title":{"rendered":"Darilni set podstavek in pladenj List"},"content":{"rendered":"<p data-pm-slice=\"1 1 []\">V sodobnem \u010dasu se vedno bolj nagibamo k iskanju unikatnih in estetsko privla\u010dnih dodatkov za na\u0161 dom ali kot darila za na\u0161e najdra\u017eje. Ena izmed izjemno priljubljenih mo\u017enosti so izdelki iz epoksi smole, ki zdru\u017eujejo funkcionalnost s prefinjeno estetiko.<\/p>\n<p>Vnesite pridih naravnega razko\u0161ja v svoj dom z unikatnim setom podstavka in pladnja, ro\u010dno izdelanim iz visoko kakovostne epoksi smole. Ta set je popolna fuzija funkcionalnosti in umetni\u0161kega dizajna, ki bo va\u0161emu prostoru dodal prefinjen \u0161arm.<\/p>\n<p>\u200bZakaj je ta set Lavendea prava izbira?<\/p>\n<p>\u200bUnikatna Ro\u010dna Izdelava: Vsak kos je edinstven, ro\u010dno ulit z ljubeznijo in skrbnostjo. Prepletanje barv in vzorcev v smoli ustvarja \u010dudovite, edinstvene efekte, ki spominjajo na \u017eivahne liste.<\/p>\n<p>\u200bVisokokakovostna epoksi smola, ki zagotavlja izjemno trpe\u017enost, kristalno \u010disto prosojnost in obstojnost barv. Smola je nestrupena, kar omogo\u010da varno uporabo.<\/p>\n<p>\u200bVe\u010dnamenska Uporaba: Pladenj list je idealen za shranjevanje nakita, klju\u010dev, manj\u0161ih kozmeti\u010dnih izdelkov ali kot o\u010darljiv dekorativni element na klubski mizici. Podstavek list pa je popoln kot podstavek za di\u0161e\u010de sve\u010de, skodelice, vro\u010de lonce ali kot okras v kuhinji in jedilni mizi.<\/p>\n<p>Navdih za obliko smo na\u0161li v naravi, kar vam omogo\u010da, da v svoj prostor vnesete ob\u010dutek miru in povezanosti z naravo, ne glede na letni \u010das.<\/p>\n<p>\u200bPopolno Darilo: Set je pakiran skrbno in estetsko, zato je \u010dudovito darilo za ljubitelje dizajna, narave ali tiste, ki cenijo ro\u010dno delo in unikatne kose.<\/p>\n<p>Velikost pladnja: 16 x 14 x 2 cm<\/p>\n<p>velikost lesenega podstavka: 30 x 30 x 1 cm<\/p>\n<p>Velikost epoksi podstavka: 24 x 17 x 0,6 cm<\/p>\n<p>\u200bDovolite si, da ta set postane poudarek va\u0161e dekoracije in hkrati prakti\u010den pripomo\u010dek!<\/p>\n","protected":false},"excerpt":{"rendered":"<p>Pladenj list je idealen za shranjevanje nakita, klju\u010dev, manj\u0161ih kozmeti\u010dnih izdelkov ali kot o\u010darljiv dekorativni element na klubski mizici. Podstavek list pa je popoln kot podstavek za di\u0161e\u010de sve\u010de, skodelice, vro\u010de lonce ali kot okras v kuhinji in jedilni mizi.<\/p>\n<p>Navdih za obliko smo na\u0161li v naravi, kar vam omogo\u010da, da v svoj prostor vnesete ob\u010dutek miru in povezanosti z naravo, ne glede na letni \u010das.<\/p>\n","protected":false},"featured_media":12464,"comment_status":"closed","ping_status":"closed","template":"","meta":[],"product_brand":[],"product_cat":[80,17],"product_tag":[70,67,72,99,71,98],"class_list":{"0":"post-12774","1":"product","2":"type-product","3":"status-publish","4":"has-post-thumbnail","6":"product_cat-darilni-seti","7":"product_cat-izdelki-iz-epoksi-smole-in-lesa","8":"product_tag-deska","9":"product_tag-epoksi-smola","10":"product_tag-les","11":"product_tag-list","12":"product_tag-podstavek","13":"product_tag-prelivajoce-barve","15":"first","16":"instock","17":"shipping-taxable","18":"purchasable","19":"product-type-variable"},"yoast_head":"<!-- This site is optimized with the Yoast SEO plugin v27.3 - https:\/\/yoast.com\/product\/yoast-seo-wordpress\/ -->\n<title>Darilni set podstavek in pladenj List - Lavendea<\/title>\n<meta name=\"description\" content=\"Set \u0161tirih podstavkov iz epoksi smole. izdelki okra\u0161eni s suhim cvetjem, kamen\u010dki, \u0161koljkami, ali mavri\u010dnimi barvami. Unikaten dizajn in ro\u010dno izdelava.\" \/>\n<meta name=\"robots\" content=\"index, follow, max-snippet:-1, max-image-preview:large, max-video-preview:-1\" \/>\n<link rel=\"canonical\" href=\"https:\/\/lavendea.com\/si\/product\/set-podstavek-in-pladenj-list\/\" \/>\n<meta property=\"og:locale\" content=\"sl_SI\" \/>\n<meta property=\"og:type\" content=\"article\" \/>\n<meta property=\"og:title\" content=\"Darilni set podstavek in pladenj List - Lavendea\" \/>\n<meta property=\"og:description\" content=\"Set \u0161tirih podstavkov iz epoksi smole. izdelki okra\u0161eni s suhim cvetjem, kamen\u010dki, \u0161koljkami, ali mavri\u010dnimi barvami. Unikaten dizajn in ro\u010dno izdelava.\" \/>\n<meta property=\"og:url\" content=\"https:\/\/lavendea.com\/si\/product\/set-podstavek-in-pladenj-list\/\" \/>\n<meta property=\"og:site_name\" content=\"Lavendea\" \/>\n<meta property=\"article:modified_time\" content=\"2025-10-25T18:52:46+00:00\" \/>\n<meta property=\"og:image\" content=\"https:\/\/lavendea.com\/wp-content\/uploads\/2025\/10\/1759960892688.jpg\" \/>\n\t<meta property=\"og:image:width\" content=\"1024\" \/>\n\t<meta property=\"og:image:height\" content=\"1024\" \/>\n\t<meta property=\"og:image:type\" content=\"image\/jpeg\" \/>\n<meta name=\"twitter:card\" content=\"summary_large_image\" \/>\n<meta name=\"twitter:label1\" content=\"Est. reading time\" \/>\n\t<meta name=\"twitter:data1\" content=\"2 minuti\" \/>\n<script type=\"application\/ld+json\" class=\"yoast-schema-graph\">{\"@context\":\"https:\\\/\\\/schema.org\",\"@graph\":[{\"@type\":\"WebPage\",\"@id\":\"https:\\\/\\\/lavendea.com\\\/product\\\/set-podstavek-in-pladenj-list\\\/\",\"url\":\"https:\\\/\\\/lavendea.com\\\/product\\\/set-podstavek-in-pladenj-list\\\/\",\"name\":\"Darilni set podstavek in pladenj List - Lavendea\",\"isPartOf\":{\"@id\":\"https:\\\/\\\/lavendea.com\\\/#website\"},\"primaryImageOfPage\":{\"@id\":\"https:\\\/\\\/lavendea.com\\\/product\\\/set-podstavek-in-pladenj-list\\\/#primaryimage\"},\"image\":{\"@id\":\"https:\\\/\\\/lavendea.com\\\/product\\\/set-podstavek-in-pladenj-list\\\/#primaryimage\"},\"thumbnailUrl\":\"https:\\\/\\\/lavendea.com\\\/wp-content\\\/uploads\\\/2025\\\/10\\\/1759960892688.jpg\",\"datePublished\":\"2025-10-24T20:41:49+00:00\",\"dateModified\":\"2025-10-25T18:52:46+00:00\",\"description\":\"Set \u0161tirih podstavkov iz epoksi smole. izdelki okra\u0161eni s suhim cvetjem, kamen\u010dki, \u0161koljkami, ali mavri\u010dnimi barvami. Unikaten dizajn in ro\u010dno izdelava.\",\"breadcrumb\":{\"@id\":\"https:\\\/\\\/lavendea.com\\\/product\\\/set-podstavek-in-pladenj-list\\\/#breadcrumb\"},\"inLanguage\":\"sl-SI\",\"potentialAction\":[{\"@type\":\"ReadAction\",\"target\":[\"https:\\\/\\\/lavendea.com\\\/product\\\/set-podstavek-in-pladenj-list\\\/\"]}]},{\"@type\":\"ImageObject\",\"inLanguage\":\"sl-SI\",\"@id\":\"https:\\\/\\\/lavendea.com\\\/product\\\/set-podstavek-in-pladenj-list\\\/#primaryimage\",\"url\":\"https:\\\/\\\/lavendea.com\\\/wp-content\\\/uploads\\\/2025\\\/10\\\/1759960892688.jpg\",\"contentUrl\":\"https:\\\/\\\/lavendea.com\\\/wp-content\\\/uploads\\\/2025\\\/10\\\/1759960892688.jpg\",\"width\":1024,\"height\":1024,\"caption\":\"Set lesen podstavek in pladenj List\"},{\"@type\":\"BreadcrumbList\",\"@id\":\"https:\\\/\\\/lavendea.com\\\/product\\\/set-podstavek-in-pladenj-list\\\/#breadcrumb\",\"itemListElement\":[{\"@type\":\"ListItem\",\"position\":1,\"name\":\"Home\",\"item\":\"https:\\\/\\\/lavendea.com\\\/\"},{\"@type\":\"ListItem\",\"position\":2,\"name\":\"Trgovina\",\"item\":\"https:\\\/\\\/lavendea.com\\\/trgovina\\\/\"},{\"@type\":\"ListItem\",\"position\":3,\"name\":\"Darilni set podstavek in pladenj List\"}]},{\"@type\":\"WebSite\",\"@id\":\"https:\\\/\\\/lavendea.com\\\/#website\",\"url\":\"https:\\\/\\\/lavendea.com\\\/\",\"name\":\"Lavendea\",\"description\":\"\",\"publisher\":{\"@id\":\"https:\\\/\\\/lavendea.com\\\/#organization\"},\"potentialAction\":[{\"@type\":\"SearchAction\",\"target\":{\"@type\":\"EntryPoint\",\"urlTemplate\":\"https:\\\/\\\/lavendea.com\\\/?s={search_term_string}\"},\"query-input\":{\"@type\":\"PropertyValueSpecification\",\"valueRequired\":true,\"valueName\":\"search_term_string\"}}],\"inLanguage\":\"sl-SI\"},{\"@type\":\"Organization\",\"@id\":\"https:\\\/\\\/lavendea.com\\\/#organization\",\"name\":\"Lavendea\",\"url\":\"https:\\\/\\\/lavendea.com\\\/\",\"logo\":{\"@type\":\"ImageObject\",\"inLanguage\":\"sl-SI\",\"@id\":\"https:\\\/\\\/lavendea.com\\\/#\\\/schema\\\/logo\\\/image\\\/\",\"url\":\"https:\\\/\\\/lavendea.com\\\/wp-content\\\/uploads\\\/2024\\\/02\\\/cropped-Izdelek-brez-naslova-1-2.png\",\"contentUrl\":\"https:\\\/\\\/lavendea.com\\\/wp-content\\\/uploads\\\/2024\\\/02\\\/cropped-Izdelek-brez-naslova-1-2.png\",\"width\":1747,\"height\":1101,\"caption\":\"Lavendea\"},\"image\":{\"@id\":\"https:\\\/\\\/lavendea.com\\\/#\\\/schema\\\/logo\\\/image\\\/\"}}]}<\/script>\n<!-- \/ Yoast SEO plugin. -->","yoast_head_json":{"title":"Darilni set podstavek in pladenj List - Lavendea","description":"Set \u0161tirih podstavkov iz epoksi smole. izdelki okra\u0161eni s suhim cvetjem, kamen\u010dki, \u0161koljkami, ali mavri\u010dnimi barvami. Unikaten dizajn in ro\u010dno izdelava.","robots":{"index":"index","follow":"follow","max-snippet":"max-snippet:-1","max-image-preview":"max-image-preview:large","max-video-preview":"max-video-preview:-1"},"canonical":"https:\/\/lavendea.com\/si\/product\/set-podstavek-in-pladenj-list\/","og_locale":"sl_SI","og_type":"article","og_title":"Darilni set podstavek in pladenj List - Lavendea","og_description":"Set \u0161tirih podstavkov iz epoksi smole. izdelki okra\u0161eni s suhim cvetjem, kamen\u010dki, \u0161koljkami, ali mavri\u010dnimi barvami. Unikaten dizajn in ro\u010dno izdelava.","og_url":"https:\/\/lavendea.com\/si\/product\/set-podstavek-in-pladenj-list\/","og_site_name":"Lavendea","article_modified_time":"2025-10-25T18:52:46+00:00","og_image":[{"width":1024,"height":1024,"url":"https:\/\/lavendea.com\/wp-content\/uploads\/2025\/10\/1759960892688.jpg","type":"image\/jpeg"}],"twitter_card":"summary_large_image","twitter_misc":{"Est. reading time":"2 minuti"},"schema":{"@context":"https:\/\/schema.org","@graph":[{"@type":"WebPage","@id":"https:\/\/lavendea.com\/product\/set-podstavek-in-pladenj-list\/","url":"https:\/\/lavendea.com\/product\/set-podstavek-in-pladenj-list\/","name":"Darilni set podstavek in pladenj List - Lavendea","isPartOf":{"@id":"https:\/\/lavendea.com\/#website"},"primaryImageOfPage":{"@id":"https:\/\/lavendea.com\/product\/set-podstavek-in-pladenj-list\/#primaryimage"},"image":{"@id":"https:\/\/lavendea.com\/product\/set-podstavek-in-pladenj-list\/#primaryimage"},"thumbnailUrl":"https:\/\/lavendea.com\/wp-content\/uploads\/2025\/10\/1759960892688.jpg","datePublished":"2025-10-24T20:41:49+00:00","dateModified":"2025-10-25T18:52:46+00:00","description":"Set \u0161tirih podstavkov iz epoksi smole. izdelki okra\u0161eni s suhim cvetjem, kamen\u010dki, \u0161koljkami, ali mavri\u010dnimi barvami. Unikaten dizajn in ro\u010dno izdelava.","breadcrumb":{"@id":"https:\/\/lavendea.com\/product\/set-podstavek-in-pladenj-list\/#breadcrumb"},"inLanguage":"sl-SI","potentialAction":[{"@type":"ReadAction","target":["https:\/\/lavendea.com\/product\/set-podstavek-in-pladenj-list\/"]}]},{"@type":"ImageObject","inLanguage":"sl-SI","@id":"https:\/\/lavendea.com\/product\/set-podstavek-in-pladenj-list\/#primaryimage","url":"https:\/\/lavendea.com\/wp-content\/uploads\/2025\/10\/1759960892688.jpg","contentUrl":"https:\/\/lavendea.com\/wp-content\/uploads\/2025\/10\/1759960892688.jpg","width":1024,"height":1024,"caption":"Set lesen podstavek in pladenj List"},{"@type":"BreadcrumbList","@id":"https:\/\/lavendea.com\/product\/set-podstavek-in-pladenj-list\/#breadcrumb","itemListElement":[{"@type":"ListItem","position":1,"name":"Home","item":"https:\/\/lavendea.com\/"},{"@type":"ListItem","position":2,"name":"Trgovina","item":"https:\/\/lavendea.com\/trgovina\/"},{"@type":"ListItem","position":3,"name":"Darilni set podstavek in pladenj List"}]},{"@type":"WebSite","@id":"https:\/\/lavendea.com\/#website","url":"https:\/\/lavendea.com\/","name":"Lavendea","description":"","publisher":{"@id":"https:\/\/lavendea.com\/#organization"},"potentialAction":[{"@type":"SearchAction","target":{"@type":"EntryPoint","urlTemplate":"https:\/\/lavendea.com\/?s={search_term_string}"},"query-input":{"@type":"PropertyValueSpecification","valueRequired":true,"valueName":"search_term_string"}}],"inLanguage":"sl-SI"},{"@type":"Organization","@id":"https:\/\/lavendea.com\/#organization","name":"Lavendea","url":"https:\/\/lavendea.com\/","logo":{"@type":"ImageObject","inLanguage":"sl-SI","@id":"https:\/\/lavendea.com\/#\/schema\/logo\/image\/","url":"https:\/\/lavendea.com\/wp-content\/uploads\/2024\/02\/cropped-Izdelek-brez-naslova-1-2.png","contentUrl":"https:\/\/lavendea.com\/wp-content\/uploads\/2024\/02\/cropped-Izdelek-brez-naslova-1-2.png","width":1747,"height":1101,"caption":"Lavendea"},"image":{"@id":"https:\/\/lavendea.com\/#\/schema\/logo\/image\/"}}]}},"_links":{"self":[{"href":"https:\/\/lavendea.com\/si\/wp-json\/wp\/v2\/product\/12774","targetHints":{"allow":["GET"]}}],"collection":[{"href":"https:\/\/lavendea.com\/si\/wp-json\/wp\/v2\/product"}],"about":[{"href":"https:\/\/lavendea.com\/si\/wp-json\/wp\/v2\/types\/product"}],"replies":[{"embeddable":true,"href":"https:\/\/lavendea.com\/si\/wp-json\/wp\/v2\/comments?post=12774"}],"version-history":[{"count":2,"href":"https:\/\/lavendea.com\/si\/wp-json\/wp\/v2\/product\/12774\/revisions"}],"predecessor-version":[{"id":12839,"href":"https:\/\/lavendea.com\/si\/wp-json\/wp\/v2\/product\/12774\/revisions\/12839"}],"wp:featuredmedia":[{"embeddable":true,"href":"https:\/\/lavendea.com\/si\/wp-json\/wp\/v2\/media\/12464"}],"wp:attachment":[{"href":"https:\/\/lavendea.com\/si\/wp-json\/wp\/v2\/media?parent=12774"}],"wp:term":[{"taxonomy":"product_brand","embeddable":true,"href":"https:\/\/lavendea.com\/si\/wp-json\/wp\/v2\/product_brand?post=12774"},{"taxonomy":"product_cat","embeddable":true,"href":"https:\/\/lavendea.com\/si\/wp-json\/wp\/v2\/product_cat?post=12774"},{"taxonomy":"product_tag","embeddable":true,"href":"https:\/\/lavendea.com\/si\/wp-json\/wp\/v2\/product_tag?post=12774"}],"curies":[{"name":"wp","href":"https:\/\/api.w.org\/{rel}","templated":true}]}}