{"id":12791,"date":"2025-10-25T00:32:40","date_gmt":"2025-10-24T22:32:40","guid":{"rendered":"https:\/\/lavendea.com\/?post_type=product&#038;p=12791"},"modified":"2025-11-14T23:13:26","modified_gmt":"2025-11-14T22:13:26","slug":"lesen-pladenj-z-epoksi-smolo","status":"publish","type":"product","link":"https:\/\/lavendea.com\/si\/product\/lesen-pladenj-z-epoksi-smolo\/","title":{"rendered":"Lesen pladenj z epoksi smolo"},"content":{"rendered":"<p>Lesen pladenj z epoksi smolo: vnesite pridih naravnega razko\u0161ja v svoj dom z unikatnim lesenim pladnjem, v katerem so z epoksi smolo vliti raznorazno okraski. Pladenj je popolna fuzija funkcionalnosti in umetni\u0161kega dizajna, ki bo va\u0161emu prostoru dodal prefinjen \u0161arm.<\/p>\n<p>\u200bZakaj je ta pladenj Lavendea pravi dodatek?<\/p>\n<p>\u200bUnikatna Ro\u010dna Izdelava: Vsak kos je edinstven, ro\u010dno ulit z ljubeznijo in skrbnostjo. Prepletanje barv, suhih cvetov, lesa, \u0161koljk in drugih okraskov, ustvari edinstvene efekte.<\/p>\n<p>\u200bVisokokakovostna Epoksi Smola: Uporabljamo le kakovostno epoksi smolo, ki zagotavlja izjemno trpe\u017enost, kristalno \u010disto prosojnost in obstojnost barv. Smola je nestrupena, kar omogo\u010da varno uporabo.<\/p>\n<p>\u200bVe\u010dnamenska Uporaba: Lesen pladenj z epoksi smolo je ideale za prena\u0161anje vro\u010dih skodelic, kozarcev ali pa kot okras na klubski in jedilni mizi.<\/p>\n<p>\u200bPopolno Darilo: Pladenj je pakiran skrbno in estetsko, zato je \u010dudovito darilo za ljubitelje dizajna, narave ali tiste, ki cenijo ro\u010dno delo in unikatne kose.<\/p>\n<p>Velikost okroglega pladnja: 28 x 2 cm<\/p>\n<p>Velikost pladnja list: 30 x 30 x 1 cm<\/p>\n<p>\u200bDovolite si, da ta pladenj postane poudarek va\u0161e dekoracije in hkrati prakti\u010den pripomo\u010dek!<\/p>\n","protected":false},"excerpt":{"rendered":"<p>Lesen pladenj z epoksi smolo: vnesite pridih naravnega razko\u0161ja v svoj dom z unikatnim lesenim pladnjem, v katerem so z epoksi smolo vliti raznorazno okraski. Pladenj je popolna fuzija funkcionalnosti in umetni\u0161kega dizajna, ki bo va\u0161emu prostoru dodal prefinjen \u0161arm.<\/p>\n<p>Vsak kos je edinstven, ro\u010dno ulit z ljubeznijo in skrbnostjo. Prepletanje barv, suhih cvetov, lesa, \u0161koljk in drugih okraskov, ustvari edinstvene efekte.<\/p>\n","protected":false},"featured_media":12796,"comment_status":"closed","ping_status":"closed","template":"","meta":[],"product_brand":[],"product_cat":[17],"product_tag":[67,73,72,100,71,98,31,68,35],"class_list":{"0":"post-12791","1":"product","2":"type-product","3":"status-publish","4":"has-post-thumbnail","6":"product_cat-izdelki-iz-epoksi-smole-in-lesa","7":"product_tag-epoksi-smola","8":"product_tag-kamencki","9":"product_tag-les","10":"product_tag-pladenj","11":"product_tag-podstavek","12":"product_tag-prelivajoce-barve","13":"product_tag-sivka","14":"product_tag-skoljka","15":"product_tag-vrtnica","17":"first","18":"instock","19":"shipping-taxable","20":"purchasable","21":"product-type-variable"},"yoast_head":"<!-- This site is optimized with the Yoast SEO plugin v27.3 - https:\/\/yoast.com\/product\/yoast-seo-wordpress\/ -->\n<title>Lesen pladenj z epoksi smolo - Lavendea<\/title>\n<meta name=\"description\" content=\"Podstavek za milo iz epoksi smole. izdelki okra\u0161eni s suhim cvetjem, kamen\u010dki, \u0161koljkami, ali mavri\u010dnimi barvami. Unikaten dizajn in ro\u010dno izdelava.\" \/>\n<meta name=\"robots\" content=\"index, follow, max-snippet:-1, max-image-preview:large, max-video-preview:-1\" \/>\n<link rel=\"canonical\" href=\"https:\/\/lavendea.com\/si\/product\/lesen-pladenj-z-epoksi-smolo\/\" \/>\n<meta property=\"og:locale\" content=\"sl_SI\" \/>\n<meta property=\"og:type\" content=\"article\" \/>\n<meta property=\"og:title\" content=\"Lesen pladenj z epoksi smolo - Lavendea\" \/>\n<meta property=\"og:description\" content=\"Podstavek za milo iz epoksi smole. izdelki okra\u0161eni s suhim cvetjem, kamen\u010dki, \u0161koljkami, ali mavri\u010dnimi barvami. Unikaten dizajn in ro\u010dno izdelava.\" \/>\n<meta property=\"og:url\" content=\"https:\/\/lavendea.com\/si\/product\/lesen-pladenj-z-epoksi-smolo\/\" \/>\n<meta property=\"og:site_name\" content=\"Lavendea\" \/>\n<meta property=\"article:modified_time\" content=\"2025-11-14T22:13:26+00:00\" \/>\n<meta property=\"og:image\" content=\"https:\/\/lavendea.com\/wp-content\/uploads\/2025\/10\/17613431739431-scaled.jpg\" \/>\n\t<meta property=\"og:image:width\" content=\"2048\" \/>\n\t<meta property=\"og:image:height\" content=\"2048\" \/>\n\t<meta property=\"og:image:type\" content=\"image\/jpeg\" \/>\n<meta name=\"twitter:card\" content=\"summary_large_image\" \/>\n<meta name=\"twitter:label1\" content=\"Est. reading time\" \/>\n\t<meta name=\"twitter:data1\" content=\"2 minuti\" \/>\n<script type=\"application\/ld+json\" class=\"yoast-schema-graph\">{\"@context\":\"https:\\\/\\\/schema.org\",\"@graph\":[{\"@type\":\"WebPage\",\"@id\":\"https:\\\/\\\/lavendea.com\\\/product\\\/lesen-pladenj-z-epoksi-smolo\\\/\",\"url\":\"https:\\\/\\\/lavendea.com\\\/product\\\/lesen-pladenj-z-epoksi-smolo\\\/\",\"name\":\"Lesen pladenj z epoksi smolo - Lavendea\",\"isPartOf\":{\"@id\":\"https:\\\/\\\/lavendea.com\\\/#website\"},\"primaryImageOfPage\":{\"@id\":\"https:\\\/\\\/lavendea.com\\\/product\\\/lesen-pladenj-z-epoksi-smolo\\\/#primaryimage\"},\"image\":{\"@id\":\"https:\\\/\\\/lavendea.com\\\/product\\\/lesen-pladenj-z-epoksi-smolo\\\/#primaryimage\"},\"thumbnailUrl\":\"https:\\\/\\\/lavendea.com\\\/wp-content\\\/uploads\\\/2025\\\/10\\\/17613431739431-scaled.jpg\",\"datePublished\":\"2025-10-24T22:32:40+00:00\",\"dateModified\":\"2025-11-14T22:13:26+00:00\",\"description\":\"Podstavek za milo iz epoksi smole. izdelki okra\u0161eni s suhim cvetjem, kamen\u010dki, \u0161koljkami, ali mavri\u010dnimi barvami. Unikaten dizajn in ro\u010dno izdelava.\",\"breadcrumb\":{\"@id\":\"https:\\\/\\\/lavendea.com\\\/product\\\/lesen-pladenj-z-epoksi-smolo\\\/#breadcrumb\"},\"inLanguage\":\"sl-SI\",\"potentialAction\":[{\"@type\":\"ReadAction\",\"target\":[\"https:\\\/\\\/lavendea.com\\\/product\\\/lesen-pladenj-z-epoksi-smolo\\\/\"]}]},{\"@type\":\"ImageObject\",\"inLanguage\":\"sl-SI\",\"@id\":\"https:\\\/\\\/lavendea.com\\\/product\\\/lesen-pladenj-z-epoksi-smolo\\\/#primaryimage\",\"url\":\"https:\\\/\\\/lavendea.com\\\/wp-content\\\/uploads\\\/2025\\\/10\\\/17613431739431-scaled.jpg\",\"contentUrl\":\"https:\\\/\\\/lavendea.com\\\/wp-content\\\/uploads\\\/2025\\\/10\\\/17613431739431-scaled.jpg\",\"width\":2048,\"height\":2048,\"caption\":\"Lesen pladenj z epoksi smolo\"},{\"@type\":\"BreadcrumbList\",\"@id\":\"https:\\\/\\\/lavendea.com\\\/product\\\/lesen-pladenj-z-epoksi-smolo\\\/#breadcrumb\",\"itemListElement\":[{\"@type\":\"ListItem\",\"position\":1,\"name\":\"Home\",\"item\":\"https:\\\/\\\/lavendea.com\\\/\"},{\"@type\":\"ListItem\",\"position\":2,\"name\":\"Trgovina\",\"item\":\"https:\\\/\\\/lavendea.com\\\/trgovina\\\/\"},{\"@type\":\"ListItem\",\"position\":3,\"name\":\"Lesen pladenj z epoksi smolo\"}]},{\"@type\":\"WebSite\",\"@id\":\"https:\\\/\\\/lavendea.com\\\/#website\",\"url\":\"https:\\\/\\\/lavendea.com\\\/\",\"name\":\"Lavendea\",\"description\":\"\",\"publisher\":{\"@id\":\"https:\\\/\\\/lavendea.com\\\/#organization\"},\"potentialAction\":[{\"@type\":\"SearchAction\",\"target\":{\"@type\":\"EntryPoint\",\"urlTemplate\":\"https:\\\/\\\/lavendea.com\\\/?s={search_term_string}\"},\"query-input\":{\"@type\":\"PropertyValueSpecification\",\"valueRequired\":true,\"valueName\":\"search_term_string\"}}],\"inLanguage\":\"sl-SI\"},{\"@type\":\"Organization\",\"@id\":\"https:\\\/\\\/lavendea.com\\\/#organization\",\"name\":\"Lavendea\",\"url\":\"https:\\\/\\\/lavendea.com\\\/\",\"logo\":{\"@type\":\"ImageObject\",\"inLanguage\":\"sl-SI\",\"@id\":\"https:\\\/\\\/lavendea.com\\\/#\\\/schema\\\/logo\\\/image\\\/\",\"url\":\"https:\\\/\\\/lavendea.com\\\/wp-content\\\/uploads\\\/2024\\\/02\\\/cropped-Izdelek-brez-naslova-1-2.png\",\"contentUrl\":\"https:\\\/\\\/lavendea.com\\\/wp-content\\\/uploads\\\/2024\\\/02\\\/cropped-Izdelek-brez-naslova-1-2.png\",\"width\":1747,\"height\":1101,\"caption\":\"Lavendea\"},\"image\":{\"@id\":\"https:\\\/\\\/lavendea.com\\\/#\\\/schema\\\/logo\\\/image\\\/\"}}]}<\/script>\n<!-- \/ Yoast SEO plugin. -->","yoast_head_json":{"title":"Lesen pladenj z epoksi smolo - Lavendea","description":"Podstavek za milo iz epoksi smole. izdelki okra\u0161eni s suhim cvetjem, kamen\u010dki, \u0161koljkami, ali mavri\u010dnimi barvami. Unikaten dizajn in ro\u010dno izdelava.","robots":{"index":"index","follow":"follow","max-snippet":"max-snippet:-1","max-image-preview":"max-image-preview:large","max-video-preview":"max-video-preview:-1"},"canonical":"https:\/\/lavendea.com\/si\/product\/lesen-pladenj-z-epoksi-smolo\/","og_locale":"sl_SI","og_type":"article","og_title":"Lesen pladenj z epoksi smolo - Lavendea","og_description":"Podstavek za milo iz epoksi smole. izdelki okra\u0161eni s suhim cvetjem, kamen\u010dki, \u0161koljkami, ali mavri\u010dnimi barvami. Unikaten dizajn in ro\u010dno izdelava.","og_url":"https:\/\/lavendea.com\/si\/product\/lesen-pladenj-z-epoksi-smolo\/","og_site_name":"Lavendea","article_modified_time":"2025-11-14T22:13:26+00:00","og_image":[{"width":2048,"height":2048,"url":"https:\/\/lavendea.com\/wp-content\/uploads\/2025\/10\/17613431739431-scaled.jpg","type":"image\/jpeg"}],"twitter_card":"summary_large_image","twitter_misc":{"Est. reading time":"2 minuti"},"schema":{"@context":"https:\/\/schema.org","@graph":[{"@type":"WebPage","@id":"https:\/\/lavendea.com\/product\/lesen-pladenj-z-epoksi-smolo\/","url":"https:\/\/lavendea.com\/product\/lesen-pladenj-z-epoksi-smolo\/","name":"Lesen pladenj z epoksi smolo - Lavendea","isPartOf":{"@id":"https:\/\/lavendea.com\/#website"},"primaryImageOfPage":{"@id":"https:\/\/lavendea.com\/product\/lesen-pladenj-z-epoksi-smolo\/#primaryimage"},"image":{"@id":"https:\/\/lavendea.com\/product\/lesen-pladenj-z-epoksi-smolo\/#primaryimage"},"thumbnailUrl":"https:\/\/lavendea.com\/wp-content\/uploads\/2025\/10\/17613431739431-scaled.jpg","datePublished":"2025-10-24T22:32:40+00:00","dateModified":"2025-11-14T22:13:26+00:00","description":"Podstavek za milo iz epoksi smole. izdelki okra\u0161eni s suhim cvetjem, kamen\u010dki, \u0161koljkami, ali mavri\u010dnimi barvami. Unikaten dizajn in ro\u010dno izdelava.","breadcrumb":{"@id":"https:\/\/lavendea.com\/product\/lesen-pladenj-z-epoksi-smolo\/#breadcrumb"},"inLanguage":"sl-SI","potentialAction":[{"@type":"ReadAction","target":["https:\/\/lavendea.com\/product\/lesen-pladenj-z-epoksi-smolo\/"]}]},{"@type":"ImageObject","inLanguage":"sl-SI","@id":"https:\/\/lavendea.com\/product\/lesen-pladenj-z-epoksi-smolo\/#primaryimage","url":"https:\/\/lavendea.com\/wp-content\/uploads\/2025\/10\/17613431739431-scaled.jpg","contentUrl":"https:\/\/lavendea.com\/wp-content\/uploads\/2025\/10\/17613431739431-scaled.jpg","width":2048,"height":2048,"caption":"Lesen pladenj z epoksi smolo"},{"@type":"BreadcrumbList","@id":"https:\/\/lavendea.com\/product\/lesen-pladenj-z-epoksi-smolo\/#breadcrumb","itemListElement":[{"@type":"ListItem","position":1,"name":"Home","item":"https:\/\/lavendea.com\/"},{"@type":"ListItem","position":2,"name":"Trgovina","item":"https:\/\/lavendea.com\/trgovina\/"},{"@type":"ListItem","position":3,"name":"Lesen pladenj z epoksi smolo"}]},{"@type":"WebSite","@id":"https:\/\/lavendea.com\/#website","url":"https:\/\/lavendea.com\/","name":"Lavendea","description":"","publisher":{"@id":"https:\/\/lavendea.com\/#organization"},"potentialAction":[{"@type":"SearchAction","target":{"@type":"EntryPoint","urlTemplate":"https:\/\/lavendea.com\/?s={search_term_string}"},"query-input":{"@type":"PropertyValueSpecification","valueRequired":true,"valueName":"search_term_string"}}],"inLanguage":"sl-SI"},{"@type":"Organization","@id":"https:\/\/lavendea.com\/#organization","name":"Lavendea","url":"https:\/\/lavendea.com\/","logo":{"@type":"ImageObject","inLanguage":"sl-SI","@id":"https:\/\/lavendea.com\/#\/schema\/logo\/image\/","url":"https:\/\/lavendea.com\/wp-content\/uploads\/2024\/02\/cropped-Izdelek-brez-naslova-1-2.png","contentUrl":"https:\/\/lavendea.com\/wp-content\/uploads\/2024\/02\/cropped-Izdelek-brez-naslova-1-2.png","width":1747,"height":1101,"caption":"Lavendea"},"image":{"@id":"https:\/\/lavendea.com\/#\/schema\/logo\/image\/"}}]}},"_links":{"self":[{"href":"https:\/\/lavendea.com\/si\/wp-json\/wp\/v2\/product\/12791","targetHints":{"allow":["GET"]}}],"collection":[{"href":"https:\/\/lavendea.com\/si\/wp-json\/wp\/v2\/product"}],"about":[{"href":"https:\/\/lavendea.com\/si\/wp-json\/wp\/v2\/types\/product"}],"replies":[{"embeddable":true,"href":"https:\/\/lavendea.com\/si\/wp-json\/wp\/v2\/comments?post=12791"}],"version-history":[{"count":1,"href":"https:\/\/lavendea.com\/si\/wp-json\/wp\/v2\/product\/12791\/revisions"}],"predecessor-version":[{"id":12799,"href":"https:\/\/lavendea.com\/si\/wp-json\/wp\/v2\/product\/12791\/revisions\/12799"}],"wp:featuredmedia":[{"embeddable":true,"href":"https:\/\/lavendea.com\/si\/wp-json\/wp\/v2\/media\/12796"}],"wp:attachment":[{"href":"https:\/\/lavendea.com\/si\/wp-json\/wp\/v2\/media?parent=12791"}],"wp:term":[{"taxonomy":"product_brand","embeddable":true,"href":"https:\/\/lavendea.com\/si\/wp-json\/wp\/v2\/product_brand?post=12791"},{"taxonomy":"product_cat","embeddable":true,"href":"https:\/\/lavendea.com\/si\/wp-json\/wp\/v2\/product_cat?post=12791"},{"taxonomy":"product_tag","embeddable":true,"href":"https:\/\/lavendea.com\/si\/wp-json\/wp\/v2\/product_tag?post=12791"}],"curies":[{"name":"wp","href":"https:\/\/api.w.org\/{rel}","templated":true}]}}