{"id":1332,"date":"2024-03-28T22:38:30","date_gmt":"2024-03-28T22:38:30","guid":{"rendered":"https:\/\/lavendea.com\/?post_type=product&#038;p=1332"},"modified":"2024-06-17T23:44:18","modified_gmt":"2024-06-17T21:44:18","slug":"darilni-set-naravno-milo-z-vrecko-za-milo","status":"publish","type":"product","link":"https:\/\/lavendea.com\/si\/product\/darilni-set-naravno-milo-z-vrecko-za-milo\/","title":{"rendered":"Darilni set milo z vre\u010dko iz sisala"},"content":{"rendered":"\t\t<div data-elementor-type=\"product-post\" data-elementor-id=\"1332\" class=\"elementor elementor-1332\" data-elementor-post-type=\"product\">\n\t\t\t\t<div class=\"elementor-element elementor-element-20d54531 e-flex e-con-boxed e-con e-parent\" data-id=\"20d54531\" data-element_type=\"container\" data-e-type=\"container\">\n\t\t\t\t\t<div class=\"e-con-inner\">\n\t\t\t\t<div class=\"elementor-element elementor-element-48b157a elementor-widget elementor-widget-text-editor\" data-id=\"48b157a\" data-element_type=\"widget\" data-e-type=\"widget\" data-widget_type=\"text-editor.default\">\n\t\t\t\t<div class=\"elementor-widget-container\">\n\t\t\t\t\t\t\t\t\t<p>U\u017eivate v spro\u0161\u010dujo\u010dih trenutkih obdanih s prijetno di\u0161e\u010dimi milnimi mehur\u010dki? Potem je ro\u010dno izdelano naravno milo z eteri\u010dnimi olji idealna izbira za vas! Na\u0161e edinstveno milo zdru\u017euje lepoto narave in terapevtske lastnosti, saj je ustvarjeno iz naravnih sestavin. Milo ne bo samo o\u010distilo in navla\u017eilo va\u0161o ko\u017eo, temve\u010d vas bo tudi popeljalo v pomirjujo\u010do oazo naravnega vonja.<\/p><p>Ta enkraten paket je \u010dudovito, prakti\u010dno in naravno darilo za vase prilo\u017enosti. Set vsebuje milo v kosu (po va\u0161i \u017eelji) z vre\u010dko za piling, penjenje in hrambo mila iz naravnega sisala.<\/p><h6>Nasveti za uporabo in shranjevanje mila<\/h6><p>Da boste dobili najbolj\u0161e rezultate z uporabo mila, upo\u0161tevajte naslednje nasvete:<\/p><ol><li>Pred uporabo milo navla\u017eite z vodo, da ustvarite peno.<\/li><li>Ne\u017eno masirajte milo po vla\u017eni ko\u017ei, da ustvarite peno in ne\u017eno o\u010distite obraz in telo.<\/li><li>Izogibajte se stiku z o\u010dmi, saj lahko milo povzro\u010di dra\u017eenje.<\/li><li>Po uporabi milo temeljito sperite in pustite, da se posu\u0161i na zraku.<\/li><li>Za shranjevanje mila uporabite prilo\u017eeno vre\u010dko, da se izognete nabiranju vode in podalj\u0161ate \u017eivljenjsko dobo mila. Vre\u010dko lahko obesite in odve\u010dna voda bo odtekla in milo se bo posu\u0161ilo.<\/li><\/ol><p>Izberite na\u0161e ro\u010dno izdelano naravno milo z eteri\u010dnimi olji ter si privo\u0161\u010dite spro\u0161\u010dujo\u010do izku\u0161njo umivanja, ki bo izbolj\u0161ala va\u0161e razpolo\u017eenje in pustila va\u0161o ko\u017eo mehko, gladko in \u010dudovito odi\u0161avljeno. Milo vstavite v vre\u010dko in ne\u017eno masirajte telo. Vre\u010dka iz naravnega sisala je odli\u010dna za piling ko\u017ee in ustvari \u010dudovito peno. Odkrijte naravno lepoto z na\u0161im edinstvenim milnim setom \u0161e danes!<\/p>\t\t\t\t\t\t\t\t<\/div>\n\t\t\t\t<\/div>\n\t\t\t\t\t<\/div>\n\t\t\t\t<\/div>\n\t\t\t\t<\/div>\n\t\t","protected":false},"excerpt":{"rendered":"<p>V\u010dasih enostavno ne vemo kaj podariti svojcem, prijateljem ali poslovnim partnerjem. \u017delite nasvet? \u010cudovito, prakti\u010dno in naravno darilo za vase prilo\u017enosti. Ta enkraten paket je \u010dudovito, prakti\u010dno in naravno darilo za vase prilo\u017enosti. Set vsebuje milo v kosu (po va\u0161i \u017eelji) z vre\u010dko za piling, penjenje in hrambo mila iz naravnega sisala.<\/p>\n","protected":false},"featured_media":1321,"comment_status":"open","ping_status":"closed","template":"","meta":[],"product_brand":[],"product_cat":[80,24,15],"product_tag":[49,78,77,76],"class_list":{"0":"post-1332","1":"product","2":"type-product","3":"status-publish","4":"has-post-thumbnail","6":"product_cat-darilni-seti","7":"product_cat-darilni-seti-naravnih-mil","8":"product_cat-mila-naravno","9":"product_tag-darilni-set","10":"product_tag-leseni-podstavek","11":"product_tag-milo","12":"product_tag-naravno","14":"first","15":"instock","16":"shipping-taxable","17":"purchasable","18":"product-type-simple"},"yoast_head":"<!-- This site is optimized with the Yoast SEO plugin v27.3 - https:\/\/yoast.com\/product\/yoast-seo-wordpress\/ -->\n<title>Darilni set milo z vre\u010dko iz sisala - Lavendea<\/title>\n<meta name=\"description\" content=\"ro\u010dno izdelano naravno milo z eteri\u010dnim oljem hranljivo, vla\u017eilno, absorbira ne\u010disto\u010de, ekolo\u0161ko, veganski izdelek. vre\u010dka za piling in hrambo mila\" \/>\n<meta name=\"robots\" content=\"index, follow, max-snippet:-1, max-image-preview:large, max-video-preview:-1\" \/>\n<link rel=\"canonical\" href=\"https:\/\/lavendea.com\/si\/product\/darilni-set-naravno-milo-z-vrecko-za-milo\/\" \/>\n<meta property=\"og:locale\" content=\"sl_SI\" \/>\n<meta property=\"og:type\" content=\"article\" \/>\n<meta property=\"og:title\" content=\"Darilni set milo z vre\u010dko iz sisala - Lavendea\" \/>\n<meta property=\"og:description\" content=\"ro\u010dno izdelano naravno milo z eteri\u010dnim oljem hranljivo, vla\u017eilno, absorbira ne\u010disto\u010de, ekolo\u0161ko, veganski izdelek. vre\u010dka za piling in hrambo mila\" \/>\n<meta property=\"og:url\" content=\"https:\/\/lavendea.com\/si\/product\/darilni-set-naravno-milo-z-vrecko-za-milo\/\" \/>\n<meta property=\"og:site_name\" content=\"Lavendea\" \/>\n<meta property=\"article:modified_time\" content=\"2024-06-17T21:44:18+00:00\" \/>\n<meta property=\"og:image\" content=\"https:\/\/lavendea.com\/wp-content\/uploads\/2024\/02\/Firefly-Natural-soap-and-white-soap-foaming-net-mesh-saver-bag.-Rustic-vintage-image.-Lavender-lemo-2.jpg\" \/>\n\t<meta property=\"og:image:width\" content=\"2048\" \/>\n\t<meta property=\"og:image:height\" content=\"2048\" \/>\n\t<meta property=\"og:image:type\" content=\"image\/jpeg\" \/>\n<meta name=\"twitter:card\" content=\"summary_large_image\" \/>\n<meta name=\"twitter:label1\" content=\"Est. reading time\" \/>\n\t<meta name=\"twitter:data1\" content=\"2 minuti\" \/>\n<script type=\"application\/ld+json\" class=\"yoast-schema-graph\">{\"@context\":\"https:\\\/\\\/schema.org\",\"@graph\":[{\"@type\":\"WebPage\",\"@id\":\"https:\\\/\\\/lavendea.com\\\/product\\\/darilni-set-naravno-milo-z-vrecko-za-milo\\\/\",\"url\":\"https:\\\/\\\/lavendea.com\\\/product\\\/darilni-set-naravno-milo-z-vrecko-za-milo\\\/\",\"name\":\"Darilni set milo z vre\u010dko iz sisala - Lavendea\",\"isPartOf\":{\"@id\":\"https:\\\/\\\/lavendea.com\\\/#website\"},\"primaryImageOfPage\":{\"@id\":\"https:\\\/\\\/lavendea.com\\\/product\\\/darilni-set-naravno-milo-z-vrecko-za-milo\\\/#primaryimage\"},\"image\":{\"@id\":\"https:\\\/\\\/lavendea.com\\\/product\\\/darilni-set-naravno-milo-z-vrecko-za-milo\\\/#primaryimage\"},\"thumbnailUrl\":\"https:\\\/\\\/lavendea.com\\\/wp-content\\\/uploads\\\/2024\\\/02\\\/Firefly-Natural-soap-and-white-soap-foaming-net-mesh-saver-bag.-Rustic-vintage-image.-Lavender-lemo-2.jpg\",\"datePublished\":\"2024-03-28T22:38:30+00:00\",\"dateModified\":\"2024-06-17T21:44:18+00:00\",\"description\":\"ro\u010dno izdelano naravno milo z eteri\u010dnim oljem hranljivo, vla\u017eilno, absorbira ne\u010disto\u010de, ekolo\u0161ko, veganski izdelek. vre\u010dka za piling in hrambo mila\",\"breadcrumb\":{\"@id\":\"https:\\\/\\\/lavendea.com\\\/product\\\/darilni-set-naravno-milo-z-vrecko-za-milo\\\/#breadcrumb\"},\"inLanguage\":\"sl-SI\",\"potentialAction\":[{\"@type\":\"ReadAction\",\"target\":[\"https:\\\/\\\/lavendea.com\\\/product\\\/darilni-set-naravno-milo-z-vrecko-za-milo\\\/\"]}]},{\"@type\":\"ImageObject\",\"inLanguage\":\"sl-SI\",\"@id\":\"https:\\\/\\\/lavendea.com\\\/product\\\/darilni-set-naravno-milo-z-vrecko-za-milo\\\/#primaryimage\",\"url\":\"https:\\\/\\\/lavendea.com\\\/wp-content\\\/uploads\\\/2024\\\/02\\\/Firefly-Natural-soap-and-white-soap-foaming-net-mesh-saver-bag.-Rustic-vintage-image.-Lavender-lemo-2.jpg\",\"contentUrl\":\"https:\\\/\\\/lavendea.com\\\/wp-content\\\/uploads\\\/2024\\\/02\\\/Firefly-Natural-soap-and-white-soap-foaming-net-mesh-saver-bag.-Rustic-vintage-image.-Lavender-lemo-2.jpg\",\"width\":2048,\"height\":2048,\"caption\":\"Naravno Milo z vre\u010dko za piling in shranjevanje mila\"},{\"@type\":\"BreadcrumbList\",\"@id\":\"https:\\\/\\\/lavendea.com\\\/product\\\/darilni-set-naravno-milo-z-vrecko-za-milo\\\/#breadcrumb\",\"itemListElement\":[{\"@type\":\"ListItem\",\"position\":1,\"name\":\"Home\",\"item\":\"https:\\\/\\\/lavendea.com\\\/\"},{\"@type\":\"ListItem\",\"position\":2,\"name\":\"Trgovina\",\"item\":\"https:\\\/\\\/lavendea.com\\\/trgovina\\\/\"},{\"@type\":\"ListItem\",\"position\":3,\"name\":\"Darilni set milo z vre\u010dko iz sisala\"}]},{\"@type\":\"WebSite\",\"@id\":\"https:\\\/\\\/lavendea.com\\\/#website\",\"url\":\"https:\\\/\\\/lavendea.com\\\/\",\"name\":\"Lavendea\",\"description\":\"\",\"publisher\":{\"@id\":\"https:\\\/\\\/lavendea.com\\\/#organization\"},\"potentialAction\":[{\"@type\":\"SearchAction\",\"target\":{\"@type\":\"EntryPoint\",\"urlTemplate\":\"https:\\\/\\\/lavendea.com\\\/?s={search_term_string}\"},\"query-input\":{\"@type\":\"PropertyValueSpecification\",\"valueRequired\":true,\"valueName\":\"search_term_string\"}}],\"inLanguage\":\"sl-SI\"},{\"@type\":\"Organization\",\"@id\":\"https:\\\/\\\/lavendea.com\\\/#organization\",\"name\":\"Lavendea\",\"url\":\"https:\\\/\\\/lavendea.com\\\/\",\"logo\":{\"@type\":\"ImageObject\",\"inLanguage\":\"sl-SI\",\"@id\":\"https:\\\/\\\/lavendea.com\\\/#\\\/schema\\\/logo\\\/image\\\/\",\"url\":\"https:\\\/\\\/lavendea.com\\\/wp-content\\\/uploads\\\/2024\\\/02\\\/cropped-Izdelek-brez-naslova-1-2.png\",\"contentUrl\":\"https:\\\/\\\/lavendea.com\\\/wp-content\\\/uploads\\\/2024\\\/02\\\/cropped-Izdelek-brez-naslova-1-2.png\",\"width\":1747,\"height\":1101,\"caption\":\"Lavendea\"},\"image\":{\"@id\":\"https:\\\/\\\/lavendea.com\\\/#\\\/schema\\\/logo\\\/image\\\/\"}}]}<\/script>\n<!-- \/ Yoast SEO plugin. -->","yoast_head_json":{"title":"Darilni set milo z vre\u010dko iz sisala - Lavendea","description":"ro\u010dno izdelano naravno milo z eteri\u010dnim oljem hranljivo, vla\u017eilno, absorbira ne\u010disto\u010de, ekolo\u0161ko, veganski izdelek. vre\u010dka za piling in hrambo mila","robots":{"index":"index","follow":"follow","max-snippet":"max-snippet:-1","max-image-preview":"max-image-preview:large","max-video-preview":"max-video-preview:-1"},"canonical":"https:\/\/lavendea.com\/si\/product\/darilni-set-naravno-milo-z-vrecko-za-milo\/","og_locale":"sl_SI","og_type":"article","og_title":"Darilni set milo z vre\u010dko iz sisala - Lavendea","og_description":"ro\u010dno izdelano naravno milo z eteri\u010dnim oljem hranljivo, vla\u017eilno, absorbira ne\u010disto\u010de, ekolo\u0161ko, veganski izdelek. vre\u010dka za piling in hrambo mila","og_url":"https:\/\/lavendea.com\/si\/product\/darilni-set-naravno-milo-z-vrecko-za-milo\/","og_site_name":"Lavendea","article_modified_time":"2024-06-17T21:44:18+00:00","og_image":[{"width":2048,"height":2048,"url":"https:\/\/lavendea.com\/wp-content\/uploads\/2024\/02\/Firefly-Natural-soap-and-white-soap-foaming-net-mesh-saver-bag.-Rustic-vintage-image.-Lavender-lemo-2.jpg","type":"image\/jpeg"}],"twitter_card":"summary_large_image","twitter_misc":{"Est. reading time":"2 minuti"},"schema":{"@context":"https:\/\/schema.org","@graph":[{"@type":"WebPage","@id":"https:\/\/lavendea.com\/product\/darilni-set-naravno-milo-z-vrecko-za-milo\/","url":"https:\/\/lavendea.com\/product\/darilni-set-naravno-milo-z-vrecko-za-milo\/","name":"Darilni set milo z vre\u010dko iz sisala - Lavendea","isPartOf":{"@id":"https:\/\/lavendea.com\/#website"},"primaryImageOfPage":{"@id":"https:\/\/lavendea.com\/product\/darilni-set-naravno-milo-z-vrecko-za-milo\/#primaryimage"},"image":{"@id":"https:\/\/lavendea.com\/product\/darilni-set-naravno-milo-z-vrecko-za-milo\/#primaryimage"},"thumbnailUrl":"https:\/\/lavendea.com\/wp-content\/uploads\/2024\/02\/Firefly-Natural-soap-and-white-soap-foaming-net-mesh-saver-bag.-Rustic-vintage-image.-Lavender-lemo-2.jpg","datePublished":"2024-03-28T22:38:30+00:00","dateModified":"2024-06-17T21:44:18+00:00","description":"ro\u010dno izdelano naravno milo z eteri\u010dnim oljem hranljivo, vla\u017eilno, absorbira ne\u010disto\u010de, ekolo\u0161ko, veganski izdelek. vre\u010dka za piling in hrambo mila","breadcrumb":{"@id":"https:\/\/lavendea.com\/product\/darilni-set-naravno-milo-z-vrecko-za-milo\/#breadcrumb"},"inLanguage":"sl-SI","potentialAction":[{"@type":"ReadAction","target":["https:\/\/lavendea.com\/product\/darilni-set-naravno-milo-z-vrecko-za-milo\/"]}]},{"@type":"ImageObject","inLanguage":"sl-SI","@id":"https:\/\/lavendea.com\/product\/darilni-set-naravno-milo-z-vrecko-za-milo\/#primaryimage","url":"https:\/\/lavendea.com\/wp-content\/uploads\/2024\/02\/Firefly-Natural-soap-and-white-soap-foaming-net-mesh-saver-bag.-Rustic-vintage-image.-Lavender-lemo-2.jpg","contentUrl":"https:\/\/lavendea.com\/wp-content\/uploads\/2024\/02\/Firefly-Natural-soap-and-white-soap-foaming-net-mesh-saver-bag.-Rustic-vintage-image.-Lavender-lemo-2.jpg","width":2048,"height":2048,"caption":"Naravno Milo z vre\u010dko za piling in shranjevanje mila"},{"@type":"BreadcrumbList","@id":"https:\/\/lavendea.com\/product\/darilni-set-naravno-milo-z-vrecko-za-milo\/#breadcrumb","itemListElement":[{"@type":"ListItem","position":1,"name":"Home","item":"https:\/\/lavendea.com\/"},{"@type":"ListItem","position":2,"name":"Trgovina","item":"https:\/\/lavendea.com\/trgovina\/"},{"@type":"ListItem","position":3,"name":"Darilni set milo z vre\u010dko iz sisala"}]},{"@type":"WebSite","@id":"https:\/\/lavendea.com\/#website","url":"https:\/\/lavendea.com\/","name":"Lavendea","description":"","publisher":{"@id":"https:\/\/lavendea.com\/#organization"},"potentialAction":[{"@type":"SearchAction","target":{"@type":"EntryPoint","urlTemplate":"https:\/\/lavendea.com\/?s={search_term_string}"},"query-input":{"@type":"PropertyValueSpecification","valueRequired":true,"valueName":"search_term_string"}}],"inLanguage":"sl-SI"},{"@type":"Organization","@id":"https:\/\/lavendea.com\/#organization","name":"Lavendea","url":"https:\/\/lavendea.com\/","logo":{"@type":"ImageObject","inLanguage":"sl-SI","@id":"https:\/\/lavendea.com\/#\/schema\/logo\/image\/","url":"https:\/\/lavendea.com\/wp-content\/uploads\/2024\/02\/cropped-Izdelek-brez-naslova-1-2.png","contentUrl":"https:\/\/lavendea.com\/wp-content\/uploads\/2024\/02\/cropped-Izdelek-brez-naslova-1-2.png","width":1747,"height":1101,"caption":"Lavendea"},"image":{"@id":"https:\/\/lavendea.com\/#\/schema\/logo\/image\/"}}]}},"_links":{"self":[{"href":"https:\/\/lavendea.com\/si\/wp-json\/wp\/v2\/product\/1332","targetHints":{"allow":["GET"]}}],"collection":[{"href":"https:\/\/lavendea.com\/si\/wp-json\/wp\/v2\/product"}],"about":[{"href":"https:\/\/lavendea.com\/si\/wp-json\/wp\/v2\/types\/product"}],"replies":[{"embeddable":true,"href":"https:\/\/lavendea.com\/si\/wp-json\/wp\/v2\/comments?post=1332"}],"version-history":[{"count":12,"href":"https:\/\/lavendea.com\/si\/wp-json\/wp\/v2\/product\/1332\/revisions"}],"predecessor-version":[{"id":2479,"href":"https:\/\/lavendea.com\/si\/wp-json\/wp\/v2\/product\/1332\/revisions\/2479"}],"wp:featuredmedia":[{"embeddable":true,"href":"https:\/\/lavendea.com\/si\/wp-json\/wp\/v2\/media\/1321"}],"wp:attachment":[{"href":"https:\/\/lavendea.com\/si\/wp-json\/wp\/v2\/media?parent=1332"}],"wp:term":[{"taxonomy":"product_brand","embeddable":true,"href":"https:\/\/lavendea.com\/si\/wp-json\/wp\/v2\/product_brand?post=1332"},{"taxonomy":"product_cat","embeddable":true,"href":"https:\/\/lavendea.com\/si\/wp-json\/wp\/v2\/product_cat?post=1332"},{"taxonomy":"product_tag","embeddable":true,"href":"https:\/\/lavendea.com\/si\/wp-json\/wp\/v2\/product_tag?post=1332"}],"curies":[{"name":"wp","href":"https:\/\/api.w.org\/{rel}","templated":true}]}}