{"id":138,"date":"2024-02-13T23:37:37","date_gmt":"2024-02-13T23:37:37","guid":{"rendered":"https:\/\/lavendea.com\/?post_type=product&#038;p=138"},"modified":"2025-10-24T18:21:46","modified_gmt":"2025-10-24T16:21:46","slug":"darilni-set-3-naravnih-mil","status":"publish","type":"product","link":"https:\/\/lavendea.com\/si\/product\/darilni-set-3-naravnih-mil\/","title":{"rendered":"Darilni set 3 mil"},"content":{"rendered":"<p>Darilni paketi ro\u010dno izdelanih naravnih mil so odli\u010dna izbira za vse, ki \u017eelijo obdariti svoje najdra\u017eje s \u010dudovitim ro\u010dnim izdelkom, ki je hkrati zdrav za ko\u017eo in prijazen do okolja.<\/p>\n<p>Naravna mila, izdelana iz kakovostnih sestavin, so bogata s hranili, ki blagodejno vplivajo na ko\u017eo. Sestavine, kot so olivno olje, kokosovo olje, karitejevo maslo in eteri\u010dna olja, negujejo in vla\u017eijo ko\u017eo ter ji povrnejo mehkobo in sijaj. Z redno uporabo naravnih mil lahko izbolj\u0161amo stanje ko\u017ee, saj se izognemo \u0161kodljivim kemikalijam.<\/p>\n<p>Darilni paketi ro\u010dno izdelanih mil predstavljajo unikatno darilo, ki je izdelano z ljubeznijo in skrbjo za detajle. Vsak kos mila je ro\u010dno oblikovan in okra\u0161en, kar ga naredi edinstvenega in posebnega. Prejemnik bo zagotovo cenil trud in pozornost, ki sta bila vlo\u017eena v izdelavo tega \u010dudovitega darila.<\/p>\n<p>Set vsebuje tri razli\u010dna mila v kosu v li\u010dni darilni \u0161katli ali gajbici.<\/p>\n","protected":false},"excerpt":{"rendered":"<p data-pm-slice=\"1 1 []\">V dana\u0161njem hitrem tempu \u017eivljenja si vedno bolj \u017eelimo izvirnih in osebnih daril, ki odra\u017eajo na\u0161o skrb za dobrobit obdarjenca. Darilni paketi ro\u010dno izdelanih naravnih mil so odli\u010dna izbira za vse, ki \u017eelijo obdariti svoje najdra\u017eje s \u010dudovitim ro\u010dnim izdelkom, ki je hkrati zdrav za ko\u017eo in prijazen do okolja.<\/p>\n<p data-pm-slice=\"1 1 []\">\u010cudovito, prakti\u010dno in naravno darilo za vse prilo\u017enosti. Set vsebuje tri razli\u010dna mila v kosu v li\u010dni darilni \u0161katli ali gajbici.<\/p>\n","protected":false},"featured_media":12716,"comment_status":"open","ping_status":"closed","template":"","meta":[],"product_brand":[],"product_cat":[80,24,15],"product_tag":[],"class_list":{"0":"post-138","1":"product","2":"type-product","3":"status-publish","4":"has-post-thumbnail","6":"product_cat-darilni-seti","7":"product_cat-darilni-seti-naravnih-mil","8":"product_cat-mila-naravno","10":"first","11":"instock","12":"featured","13":"shipping-taxable","14":"purchasable","15":"product-type-variable"},"yoast_head":"<!-- This site is optimized with the Yoast SEO plugin v27.3 - https:\/\/yoast.com\/product\/yoast-seo-wordpress\/ -->\n<title>Darilni set 3 mil - Lavendea<\/title>\n<meta name=\"description\" content=\"ro\u010dno izdelano naravno milo z eteri\u010dnim oljem. hranljivo, vla\u017eilno, naravni oksidant, absorbira ne\u010disto\u010de, ekolo\u0161ko, veganski izdelek. darilni set\" \/>\n<meta name=\"robots\" content=\"index, follow, max-snippet:-1, max-image-preview:large, max-video-preview:-1\" \/>\n<link rel=\"canonical\" href=\"https:\/\/lavendea.com\/si\/product\/darilni-set-3-naravnih-mil\/\" \/>\n<meta property=\"og:locale\" content=\"sl_SI\" \/>\n<meta property=\"og:type\" content=\"article\" \/>\n<meta property=\"og:title\" content=\"Darilni set 3 mil - Lavendea\" \/>\n<meta property=\"og:description\" content=\"ro\u010dno izdelano naravno milo z eteri\u010dnim oljem. hranljivo, vla\u017eilno, naravni oksidant, absorbira ne\u010disto\u010de, ekolo\u0161ko, veganski izdelek. darilni set\" \/>\n<meta property=\"og:url\" content=\"https:\/\/lavendea.com\/si\/product\/darilni-set-3-naravnih-mil\/\" \/>\n<meta property=\"og:site_name\" content=\"Lavendea\" \/>\n<meta property=\"article:modified_time\" content=\"2025-10-24T16:21:46+00:00\" \/>\n<meta property=\"og:image\" content=\"https:\/\/lavendea.com\/wp-content\/uploads\/2024\/02\/1761321771352-scaled.jpg\" \/>\n\t<meta property=\"og:image:width\" content=\"2048\" \/>\n\t<meta property=\"og:image:height\" content=\"2048\" \/>\n\t<meta property=\"og:image:type\" content=\"image\/jpeg\" \/>\n<meta name=\"twitter:card\" content=\"summary_large_image\" \/>\n<meta name=\"twitter:label1\" content=\"Est. reading time\" \/>\n\t<meta name=\"twitter:data1\" content=\"1 minuta\" \/>\n<script type=\"application\/ld+json\" class=\"yoast-schema-graph\">{\"@context\":\"https:\\\/\\\/schema.org\",\"@graph\":[{\"@type\":\"WebPage\",\"@id\":\"https:\\\/\\\/lavendea.com\\\/product\\\/darilni-set-3-naravnih-mil\\\/\",\"url\":\"https:\\\/\\\/lavendea.com\\\/product\\\/darilni-set-3-naravnih-mil\\\/\",\"name\":\"Darilni set 3 mil - Lavendea\",\"isPartOf\":{\"@id\":\"https:\\\/\\\/lavendea.com\\\/#website\"},\"primaryImageOfPage\":{\"@id\":\"https:\\\/\\\/lavendea.com\\\/product\\\/darilni-set-3-naravnih-mil\\\/#primaryimage\"},\"image\":{\"@id\":\"https:\\\/\\\/lavendea.com\\\/product\\\/darilni-set-3-naravnih-mil\\\/#primaryimage\"},\"thumbnailUrl\":\"https:\\\/\\\/lavendea.com\\\/wp-content\\\/uploads\\\/2024\\\/02\\\/1761321771352-scaled.jpg\",\"datePublished\":\"2024-02-13T23:37:37+00:00\",\"dateModified\":\"2025-10-24T16:21:46+00:00\",\"description\":\"ro\u010dno izdelano naravno milo z eteri\u010dnim oljem. hranljivo, vla\u017eilno, naravni oksidant, absorbira ne\u010disto\u010de, ekolo\u0161ko, veganski izdelek. darilni set\",\"breadcrumb\":{\"@id\":\"https:\\\/\\\/lavendea.com\\\/product\\\/darilni-set-3-naravnih-mil\\\/#breadcrumb\"},\"inLanguage\":\"sl-SI\",\"potentialAction\":[{\"@type\":\"ReadAction\",\"target\":[\"https:\\\/\\\/lavendea.com\\\/product\\\/darilni-set-3-naravnih-mil\\\/\"]}]},{\"@type\":\"ImageObject\",\"inLanguage\":\"sl-SI\",\"@id\":\"https:\\\/\\\/lavendea.com\\\/product\\\/darilni-set-3-naravnih-mil\\\/#primaryimage\",\"url\":\"https:\\\/\\\/lavendea.com\\\/wp-content\\\/uploads\\\/2024\\\/02\\\/1761321771352-scaled.jpg\",\"contentUrl\":\"https:\\\/\\\/lavendea.com\\\/wp-content\\\/uploads\\\/2024\\\/02\\\/1761321771352-scaled.jpg\",\"width\":2048,\"height\":2048,\"caption\":\"Set treh ro\u010dno izdelanih naravnih mil\"},{\"@type\":\"BreadcrumbList\",\"@id\":\"https:\\\/\\\/lavendea.com\\\/product\\\/darilni-set-3-naravnih-mil\\\/#breadcrumb\",\"itemListElement\":[{\"@type\":\"ListItem\",\"position\":1,\"name\":\"Home\",\"item\":\"https:\\\/\\\/lavendea.com\\\/\"},{\"@type\":\"ListItem\",\"position\":2,\"name\":\"Trgovina\",\"item\":\"https:\\\/\\\/lavendea.com\\\/trgovina\\\/\"},{\"@type\":\"ListItem\",\"position\":3,\"name\":\"Darilni set 3 mil\"}]},{\"@type\":\"WebSite\",\"@id\":\"https:\\\/\\\/lavendea.com\\\/#website\",\"url\":\"https:\\\/\\\/lavendea.com\\\/\",\"name\":\"Lavendea\",\"description\":\"\",\"publisher\":{\"@id\":\"https:\\\/\\\/lavendea.com\\\/#organization\"},\"potentialAction\":[{\"@type\":\"SearchAction\",\"target\":{\"@type\":\"EntryPoint\",\"urlTemplate\":\"https:\\\/\\\/lavendea.com\\\/?s={search_term_string}\"},\"query-input\":{\"@type\":\"PropertyValueSpecification\",\"valueRequired\":true,\"valueName\":\"search_term_string\"}}],\"inLanguage\":\"sl-SI\"},{\"@type\":\"Organization\",\"@id\":\"https:\\\/\\\/lavendea.com\\\/#organization\",\"name\":\"Lavendea\",\"url\":\"https:\\\/\\\/lavendea.com\\\/\",\"logo\":{\"@type\":\"ImageObject\",\"inLanguage\":\"sl-SI\",\"@id\":\"https:\\\/\\\/lavendea.com\\\/#\\\/schema\\\/logo\\\/image\\\/\",\"url\":\"https:\\\/\\\/lavendea.com\\\/wp-content\\\/uploads\\\/2024\\\/02\\\/cropped-Izdelek-brez-naslova-1-2.png\",\"contentUrl\":\"https:\\\/\\\/lavendea.com\\\/wp-content\\\/uploads\\\/2024\\\/02\\\/cropped-Izdelek-brez-naslova-1-2.png\",\"width\":1747,\"height\":1101,\"caption\":\"Lavendea\"},\"image\":{\"@id\":\"https:\\\/\\\/lavendea.com\\\/#\\\/schema\\\/logo\\\/image\\\/\"}}]}<\/script>\n<!-- \/ Yoast SEO plugin. -->","yoast_head_json":{"title":"Darilni set 3 mil - Lavendea","description":"ro\u010dno izdelano naravno milo z eteri\u010dnim oljem. hranljivo, vla\u017eilno, naravni oksidant, absorbira ne\u010disto\u010de, ekolo\u0161ko, veganski izdelek. darilni set","robots":{"index":"index","follow":"follow","max-snippet":"max-snippet:-1","max-image-preview":"max-image-preview:large","max-video-preview":"max-video-preview:-1"},"canonical":"https:\/\/lavendea.com\/si\/product\/darilni-set-3-naravnih-mil\/","og_locale":"sl_SI","og_type":"article","og_title":"Darilni set 3 mil - Lavendea","og_description":"ro\u010dno izdelano naravno milo z eteri\u010dnim oljem. hranljivo, vla\u017eilno, naravni oksidant, absorbira ne\u010disto\u010de, ekolo\u0161ko, veganski izdelek. darilni set","og_url":"https:\/\/lavendea.com\/si\/product\/darilni-set-3-naravnih-mil\/","og_site_name":"Lavendea","article_modified_time":"2025-10-24T16:21:46+00:00","og_image":[{"width":2048,"height":2048,"url":"https:\/\/lavendea.com\/wp-content\/uploads\/2024\/02\/1761321771352-scaled.jpg","type":"image\/jpeg"}],"twitter_card":"summary_large_image","twitter_misc":{"Est. reading time":"1 minuta"},"schema":{"@context":"https:\/\/schema.org","@graph":[{"@type":"WebPage","@id":"https:\/\/lavendea.com\/product\/darilni-set-3-naravnih-mil\/","url":"https:\/\/lavendea.com\/product\/darilni-set-3-naravnih-mil\/","name":"Darilni set 3 mil - Lavendea","isPartOf":{"@id":"https:\/\/lavendea.com\/#website"},"primaryImageOfPage":{"@id":"https:\/\/lavendea.com\/product\/darilni-set-3-naravnih-mil\/#primaryimage"},"image":{"@id":"https:\/\/lavendea.com\/product\/darilni-set-3-naravnih-mil\/#primaryimage"},"thumbnailUrl":"https:\/\/lavendea.com\/wp-content\/uploads\/2024\/02\/1761321771352-scaled.jpg","datePublished":"2024-02-13T23:37:37+00:00","dateModified":"2025-10-24T16:21:46+00:00","description":"ro\u010dno izdelano naravno milo z eteri\u010dnim oljem. hranljivo, vla\u017eilno, naravni oksidant, absorbira ne\u010disto\u010de, ekolo\u0161ko, veganski izdelek. darilni set","breadcrumb":{"@id":"https:\/\/lavendea.com\/product\/darilni-set-3-naravnih-mil\/#breadcrumb"},"inLanguage":"sl-SI","potentialAction":[{"@type":"ReadAction","target":["https:\/\/lavendea.com\/product\/darilni-set-3-naravnih-mil\/"]}]},{"@type":"ImageObject","inLanguage":"sl-SI","@id":"https:\/\/lavendea.com\/product\/darilni-set-3-naravnih-mil\/#primaryimage","url":"https:\/\/lavendea.com\/wp-content\/uploads\/2024\/02\/1761321771352-scaled.jpg","contentUrl":"https:\/\/lavendea.com\/wp-content\/uploads\/2024\/02\/1761321771352-scaled.jpg","width":2048,"height":2048,"caption":"Set treh ro\u010dno izdelanih naravnih mil"},{"@type":"BreadcrumbList","@id":"https:\/\/lavendea.com\/product\/darilni-set-3-naravnih-mil\/#breadcrumb","itemListElement":[{"@type":"ListItem","position":1,"name":"Home","item":"https:\/\/lavendea.com\/"},{"@type":"ListItem","position":2,"name":"Trgovina","item":"https:\/\/lavendea.com\/trgovina\/"},{"@type":"ListItem","position":3,"name":"Darilni set 3 mil"}]},{"@type":"WebSite","@id":"https:\/\/lavendea.com\/#website","url":"https:\/\/lavendea.com\/","name":"Lavendea","description":"","publisher":{"@id":"https:\/\/lavendea.com\/#organization"},"potentialAction":[{"@type":"SearchAction","target":{"@type":"EntryPoint","urlTemplate":"https:\/\/lavendea.com\/?s={search_term_string}"},"query-input":{"@type":"PropertyValueSpecification","valueRequired":true,"valueName":"search_term_string"}}],"inLanguage":"sl-SI"},{"@type":"Organization","@id":"https:\/\/lavendea.com\/#organization","name":"Lavendea","url":"https:\/\/lavendea.com\/","logo":{"@type":"ImageObject","inLanguage":"sl-SI","@id":"https:\/\/lavendea.com\/#\/schema\/logo\/image\/","url":"https:\/\/lavendea.com\/wp-content\/uploads\/2024\/02\/cropped-Izdelek-brez-naslova-1-2.png","contentUrl":"https:\/\/lavendea.com\/wp-content\/uploads\/2024\/02\/cropped-Izdelek-brez-naslova-1-2.png","width":1747,"height":1101,"caption":"Lavendea"},"image":{"@id":"https:\/\/lavendea.com\/#\/schema\/logo\/image\/"}}]}},"_links":{"self":[{"href":"https:\/\/lavendea.com\/si\/wp-json\/wp\/v2\/product\/138","targetHints":{"allow":["GET"]}}],"collection":[{"href":"https:\/\/lavendea.com\/si\/wp-json\/wp\/v2\/product"}],"about":[{"href":"https:\/\/lavendea.com\/si\/wp-json\/wp\/v2\/types\/product"}],"replies":[{"embeddable":true,"href":"https:\/\/lavendea.com\/si\/wp-json\/wp\/v2\/comments?post=138"}],"version-history":[{"count":3,"href":"https:\/\/lavendea.com\/si\/wp-json\/wp\/v2\/product\/138\/revisions"}],"predecessor-version":[{"id":1477,"href":"https:\/\/lavendea.com\/si\/wp-json\/wp\/v2\/product\/138\/revisions\/1477"}],"wp:featuredmedia":[{"embeddable":true,"href":"https:\/\/lavendea.com\/si\/wp-json\/wp\/v2\/media\/12716"}],"wp:attachment":[{"href":"https:\/\/lavendea.com\/si\/wp-json\/wp\/v2\/media?parent=138"}],"wp:term":[{"taxonomy":"product_brand","embeddable":true,"href":"https:\/\/lavendea.com\/si\/wp-json\/wp\/v2\/product_brand?post=138"},{"taxonomy":"product_cat","embeddable":true,"href":"https:\/\/lavendea.com\/si\/wp-json\/wp\/v2\/product_cat?post=138"},{"taxonomy":"product_tag","embeddable":true,"href":"https:\/\/lavendea.com\/si\/wp-json\/wp\/v2\/product_tag?post=138"}],"curies":[{"name":"wp","href":"https:\/\/api.w.org\/{rel}","templated":true}]}}