{"id":420,"date":"2024-02-21T22:57:50","date_gmt":"2024-02-21T22:57:50","guid":{"rendered":"https:\/\/lavendea.com\/?post_type=product&#038;p=420"},"modified":"2025-10-31T17:33:58","modified_gmt":"2025-10-31T16:33:58","slug":"svece-izvirnih-oblik","status":"publish","type":"product","link":"https:\/\/lavendea.com\/si\/product\/svece-izvirnih-oblik\/","title":{"rendered":"Sve\u010de izvirnih oblik"},"content":{"rendered":"<p>Ena od glavnih privla\u010dnosti sve\u010d v obliki \u0161koljke, stor\u017ea, spirale, pletenke, sne\u017einke in krogle iz vrtnic je njihov edinstven dizajn. Oblikovane so tako, da posnemajo naravne elemente, kar jim daje unikaten videz in pridih elegance. Sve\u010de izvirnih oblik slu\u017eijo kot vir svetlobe in hkrati tudi kot dekorativni element, ki lahko popestri vsak prostor. Prav tako imajo te sve\u010de omamno di\u0161ijo in ustvarjajo spro\u0161\u010dujo\u010de okolje.<\/p>\n<p>Raznolikost barv, v katerih so sve\u010de na voljo, omogo\u010da prilagajanje njihovega videza razli\u010dnim okoljem in preferencam. Ne glede na to, ali i\u0161\u010dete ne\u017ene pastelne tone ali \u017eivahne barve, boste na\u0161li sve\u010de, ki se bodo popolnoma ujemale z va\u0161im okusom. To pa omogo\u010da tudi ustvarjanje harmoni\u010dne atmosfere v prostoru in dodaja estetsko vrednost.<\/p>\n<p>Kokosov vosek, iz katerega so izdelane te sve\u010de, je znan po svoji visoki kakovosti in trajnosti. Vosek kokosa zagotavlja \u010disto in dolgotrajno gorenje sve\u010de ter ne vsebuje \u0161kodljivih snovi, kar je \u0161e dodaten plus za tiste, ki prisegajo na naravne izdelke. Sojin vosek pa je prav tako priljubljena izbira zaradi svoje ekolo\u0161ke narave in sposobnosti oddajanja prijetnega vonja.<\/p>\n<p>Poleg tega so sve\u010de v obliki \u0161koljke, stor\u017ea in spirale odli\u010dna izbira kot darilo za ljubitelje sve\u010d ali kot okras za dom. Njihova visoka kakovost, edinstven dizajn in omamni vonj jih naredijo za darilo, ki bo zagotovo navdu\u0161ilo prejemnika. Prav tako pa lahko s svojim dekorativnim videzom polep\u0161ajo vsak prostor in mu dodajo pridih topline in harmonije.<\/p>\n","protected":false},"excerpt":{"rendered":"<p>Sve\u010de v obliki \u0161koljke, stor\u017ea in spirale so izvirnih oblik, ljubke in ustvarjene iz kakovostnih materialov. Izdelane iz kokosovega in sojinega voska, te sve\u010de ne le omogo\u010dajo prijetno osvetlitev prostora, temve\u010d tudi di\u0161e\u010do izku\u0161njo. Na voljo so v ve\u010d barvah in di\u0161avah, kar omogo\u010da prilagajanje njihovega videza razli\u010dnim okusom in stilom. Poleg tega so odli\u010dna izbira kot darilo ali kot okras za prostor, saj ustvarjajo omamno vzdu\u0161je.<\/p>\n","protected":false},"featured_media":12854,"comment_status":"closed","ping_status":"closed","template":"","meta":[],"product_brand":[],"product_cat":[16],"product_tag":[],"class_list":{"0":"post-420","1":"product","2":"type-product","3":"status-publish","4":"has-post-thumbnail","6":"product_cat-svece-in-diseci-voski","8":"first","9":"instock","10":"shipping-taxable","11":"purchasable","12":"product-type-variable"},"yoast_head":"<!-- This site is optimized with the Yoast SEO plugin v27.3 - https:\/\/yoast.com\/product\/yoast-seo-wordpress\/ -->\n<title>Sve\u010de izvirnih oblik - Lavendea<\/title>\n<meta name=\"description\" content=\"Ro\u010dno izdelane sve\u010de izvirnih oblik, iz sojinega in kokosovega voska, naravni materiali, manj\u0161a emisija \u0161kodljivih snovi, raznoliki in unikatni\" \/>\n<meta name=\"robots\" content=\"index, follow, max-snippet:-1, max-image-preview:large, max-video-preview:-1\" \/>\n<link rel=\"canonical\" href=\"https:\/\/lavendea.com\/si\/product\/svece-izvirnih-oblik\/\" \/>\n<meta property=\"og:locale\" content=\"sl_SI\" \/>\n<meta property=\"og:type\" content=\"article\" \/>\n<meta property=\"og:title\" content=\"Sve\u010de izvirnih oblik - Lavendea\" \/>\n<meta property=\"og:description\" content=\"Ro\u010dno izdelane sve\u010de izvirnih oblik, iz sojinega in kokosovega voska, naravni materiali, manj\u0161a emisija \u0161kodljivih snovi, raznoliki in unikatni\" \/>\n<meta property=\"og:url\" content=\"https:\/\/lavendea.com\/si\/product\/svece-izvirnih-oblik\/\" \/>\n<meta property=\"og:site_name\" content=\"Lavendea\" \/>\n<meta property=\"article:modified_time\" content=\"2025-10-31T16:33:58+00:00\" \/>\n<meta property=\"og:image\" content=\"https:\/\/lavendea.com\/wp-content\/uploads\/2024\/02\/1761513246690-scaled.jpg\" \/>\n\t<meta property=\"og:image:width\" content=\"2048\" \/>\n\t<meta property=\"og:image:height\" content=\"2048\" \/>\n\t<meta property=\"og:image:type\" content=\"image\/jpeg\" \/>\n<meta name=\"twitter:card\" content=\"summary_large_image\" \/>\n<meta name=\"twitter:label1\" content=\"Est. reading time\" \/>\n\t<meta name=\"twitter:data1\" content=\"2 minuti\" \/>\n<script type=\"application\/ld+json\" class=\"yoast-schema-graph\">{\"@context\":\"https:\\\/\\\/schema.org\",\"@graph\":[{\"@type\":\"WebPage\",\"@id\":\"https:\\\/\\\/lavendea.com\\\/product\\\/svece-izvirnih-oblik\\\/\",\"url\":\"https:\\\/\\\/lavendea.com\\\/product\\\/svece-izvirnih-oblik\\\/\",\"name\":\"Sve\u010de izvirnih oblik - Lavendea\",\"isPartOf\":{\"@id\":\"https:\\\/\\\/lavendea.com\\\/#website\"},\"primaryImageOfPage\":{\"@id\":\"https:\\\/\\\/lavendea.com\\\/product\\\/svece-izvirnih-oblik\\\/#primaryimage\"},\"image\":{\"@id\":\"https:\\\/\\\/lavendea.com\\\/product\\\/svece-izvirnih-oblik\\\/#primaryimage\"},\"thumbnailUrl\":\"https:\\\/\\\/lavendea.com\\\/wp-content\\\/uploads\\\/2024\\\/02\\\/1761513246690-scaled.jpg\",\"datePublished\":\"2024-02-21T22:57:50+00:00\",\"dateModified\":\"2025-10-31T16:33:58+00:00\",\"description\":\"Ro\u010dno izdelane sve\u010de izvirnih oblik, iz sojinega in kokosovega voska, naravni materiali, manj\u0161a emisija \u0161kodljivih snovi, raznoliki in unikatni\",\"breadcrumb\":{\"@id\":\"https:\\\/\\\/lavendea.com\\\/product\\\/svece-izvirnih-oblik\\\/#breadcrumb\"},\"inLanguage\":\"sl-SI\",\"potentialAction\":[{\"@type\":\"ReadAction\",\"target\":[\"https:\\\/\\\/lavendea.com\\\/product\\\/svece-izvirnih-oblik\\\/\"]}]},{\"@type\":\"ImageObject\",\"inLanguage\":\"sl-SI\",\"@id\":\"https:\\\/\\\/lavendea.com\\\/product\\\/svece-izvirnih-oblik\\\/#primaryimage\",\"url\":\"https:\\\/\\\/lavendea.com\\\/wp-content\\\/uploads\\\/2024\\\/02\\\/1761513246690-scaled.jpg\",\"contentUrl\":\"https:\\\/\\\/lavendea.com\\\/wp-content\\\/uploads\\\/2024\\\/02\\\/1761513246690-scaled.jpg\",\"width\":2048,\"height\":2048,\"caption\":\"Sve\u010de izvirnih oblik\"},{\"@type\":\"BreadcrumbList\",\"@id\":\"https:\\\/\\\/lavendea.com\\\/product\\\/svece-izvirnih-oblik\\\/#breadcrumb\",\"itemListElement\":[{\"@type\":\"ListItem\",\"position\":1,\"name\":\"Home\",\"item\":\"https:\\\/\\\/lavendea.com\\\/\"},{\"@type\":\"ListItem\",\"position\":2,\"name\":\"Trgovina\",\"item\":\"https:\\\/\\\/lavendea.com\\\/trgovina\\\/\"},{\"@type\":\"ListItem\",\"position\":3,\"name\":\"Sve\u010de izvirnih oblik\"}]},{\"@type\":\"WebSite\",\"@id\":\"https:\\\/\\\/lavendea.com\\\/#website\",\"url\":\"https:\\\/\\\/lavendea.com\\\/\",\"name\":\"Lavendea\",\"description\":\"\",\"publisher\":{\"@id\":\"https:\\\/\\\/lavendea.com\\\/#organization\"},\"potentialAction\":[{\"@type\":\"SearchAction\",\"target\":{\"@type\":\"EntryPoint\",\"urlTemplate\":\"https:\\\/\\\/lavendea.com\\\/?s={search_term_string}\"},\"query-input\":{\"@type\":\"PropertyValueSpecification\",\"valueRequired\":true,\"valueName\":\"search_term_string\"}}],\"inLanguage\":\"sl-SI\"},{\"@type\":\"Organization\",\"@id\":\"https:\\\/\\\/lavendea.com\\\/#organization\",\"name\":\"Lavendea\",\"url\":\"https:\\\/\\\/lavendea.com\\\/\",\"logo\":{\"@type\":\"ImageObject\",\"inLanguage\":\"sl-SI\",\"@id\":\"https:\\\/\\\/lavendea.com\\\/#\\\/schema\\\/logo\\\/image\\\/\",\"url\":\"https:\\\/\\\/lavendea.com\\\/wp-content\\\/uploads\\\/2024\\\/02\\\/cropped-Izdelek-brez-naslova-1-2.png\",\"contentUrl\":\"https:\\\/\\\/lavendea.com\\\/wp-content\\\/uploads\\\/2024\\\/02\\\/cropped-Izdelek-brez-naslova-1-2.png\",\"width\":1747,\"height\":1101,\"caption\":\"Lavendea\"},\"image\":{\"@id\":\"https:\\\/\\\/lavendea.com\\\/#\\\/schema\\\/logo\\\/image\\\/\"}}]}<\/script>\n<!-- \/ Yoast SEO plugin. -->","yoast_head_json":{"title":"Sve\u010de izvirnih oblik - Lavendea","description":"Ro\u010dno izdelane sve\u010de izvirnih oblik, iz sojinega in kokosovega voska, naravni materiali, manj\u0161a emisija \u0161kodljivih snovi, raznoliki in unikatni","robots":{"index":"index","follow":"follow","max-snippet":"max-snippet:-1","max-image-preview":"max-image-preview:large","max-video-preview":"max-video-preview:-1"},"canonical":"https:\/\/lavendea.com\/si\/product\/svece-izvirnih-oblik\/","og_locale":"sl_SI","og_type":"article","og_title":"Sve\u010de izvirnih oblik - Lavendea","og_description":"Ro\u010dno izdelane sve\u010de izvirnih oblik, iz sojinega in kokosovega voska, naravni materiali, manj\u0161a emisija \u0161kodljivih snovi, raznoliki in unikatni","og_url":"https:\/\/lavendea.com\/si\/product\/svece-izvirnih-oblik\/","og_site_name":"Lavendea","article_modified_time":"2025-10-31T16:33:58+00:00","og_image":[{"width":2048,"height":2048,"url":"https:\/\/lavendea.com\/wp-content\/uploads\/2024\/02\/1761513246690-scaled.jpg","type":"image\/jpeg"}],"twitter_card":"summary_large_image","twitter_misc":{"Est. reading time":"2 minuti"},"schema":{"@context":"https:\/\/schema.org","@graph":[{"@type":"WebPage","@id":"https:\/\/lavendea.com\/product\/svece-izvirnih-oblik\/","url":"https:\/\/lavendea.com\/product\/svece-izvirnih-oblik\/","name":"Sve\u010de izvirnih oblik - Lavendea","isPartOf":{"@id":"https:\/\/lavendea.com\/#website"},"primaryImageOfPage":{"@id":"https:\/\/lavendea.com\/product\/svece-izvirnih-oblik\/#primaryimage"},"image":{"@id":"https:\/\/lavendea.com\/product\/svece-izvirnih-oblik\/#primaryimage"},"thumbnailUrl":"https:\/\/lavendea.com\/wp-content\/uploads\/2024\/02\/1761513246690-scaled.jpg","datePublished":"2024-02-21T22:57:50+00:00","dateModified":"2025-10-31T16:33:58+00:00","description":"Ro\u010dno izdelane sve\u010de izvirnih oblik, iz sojinega in kokosovega voska, naravni materiali, manj\u0161a emisija \u0161kodljivih snovi, raznoliki in unikatni","breadcrumb":{"@id":"https:\/\/lavendea.com\/product\/svece-izvirnih-oblik\/#breadcrumb"},"inLanguage":"sl-SI","potentialAction":[{"@type":"ReadAction","target":["https:\/\/lavendea.com\/product\/svece-izvirnih-oblik\/"]}]},{"@type":"ImageObject","inLanguage":"sl-SI","@id":"https:\/\/lavendea.com\/product\/svece-izvirnih-oblik\/#primaryimage","url":"https:\/\/lavendea.com\/wp-content\/uploads\/2024\/02\/1761513246690-scaled.jpg","contentUrl":"https:\/\/lavendea.com\/wp-content\/uploads\/2024\/02\/1761513246690-scaled.jpg","width":2048,"height":2048,"caption":"Sve\u010de izvirnih oblik"},{"@type":"BreadcrumbList","@id":"https:\/\/lavendea.com\/product\/svece-izvirnih-oblik\/#breadcrumb","itemListElement":[{"@type":"ListItem","position":1,"name":"Home","item":"https:\/\/lavendea.com\/"},{"@type":"ListItem","position":2,"name":"Trgovina","item":"https:\/\/lavendea.com\/trgovina\/"},{"@type":"ListItem","position":3,"name":"Sve\u010de izvirnih oblik"}]},{"@type":"WebSite","@id":"https:\/\/lavendea.com\/#website","url":"https:\/\/lavendea.com\/","name":"Lavendea","description":"","publisher":{"@id":"https:\/\/lavendea.com\/#organization"},"potentialAction":[{"@type":"SearchAction","target":{"@type":"EntryPoint","urlTemplate":"https:\/\/lavendea.com\/?s={search_term_string}"},"query-input":{"@type":"PropertyValueSpecification","valueRequired":true,"valueName":"search_term_string"}}],"inLanguage":"sl-SI"},{"@type":"Organization","@id":"https:\/\/lavendea.com\/#organization","name":"Lavendea","url":"https:\/\/lavendea.com\/","logo":{"@type":"ImageObject","inLanguage":"sl-SI","@id":"https:\/\/lavendea.com\/#\/schema\/logo\/image\/","url":"https:\/\/lavendea.com\/wp-content\/uploads\/2024\/02\/cropped-Izdelek-brez-naslova-1-2.png","contentUrl":"https:\/\/lavendea.com\/wp-content\/uploads\/2024\/02\/cropped-Izdelek-brez-naslova-1-2.png","width":1747,"height":1101,"caption":"Lavendea"},"image":{"@id":"https:\/\/lavendea.com\/#\/schema\/logo\/image\/"}}]}},"_links":{"self":[{"href":"https:\/\/lavendea.com\/si\/wp-json\/wp\/v2\/product\/420","targetHints":{"allow":["GET"]}}],"collection":[{"href":"https:\/\/lavendea.com\/si\/wp-json\/wp\/v2\/product"}],"about":[{"href":"https:\/\/lavendea.com\/si\/wp-json\/wp\/v2\/types\/product"}],"replies":[{"embeddable":true,"href":"https:\/\/lavendea.com\/si\/wp-json\/wp\/v2\/comments?post=420"}],"version-history":[{"count":3,"href":"https:\/\/lavendea.com\/si\/wp-json\/wp\/v2\/product\/420\/revisions"}],"predecessor-version":[{"id":12862,"href":"https:\/\/lavendea.com\/si\/wp-json\/wp\/v2\/product\/420\/revisions\/12862"}],"wp:featuredmedia":[{"embeddable":true,"href":"https:\/\/lavendea.com\/si\/wp-json\/wp\/v2\/media\/12854"}],"wp:attachment":[{"href":"https:\/\/lavendea.com\/si\/wp-json\/wp\/v2\/media?parent=420"}],"wp:term":[{"taxonomy":"product_brand","embeddable":true,"href":"https:\/\/lavendea.com\/si\/wp-json\/wp\/v2\/product_brand?post=420"},{"taxonomy":"product_cat","embeddable":true,"href":"https:\/\/lavendea.com\/si\/wp-json\/wp\/v2\/product_cat?post=420"},{"taxonomy":"product_tag","embeddable":true,"href":"https:\/\/lavendea.com\/si\/wp-json\/wp\/v2\/product_tag?post=420"}],"curies":[{"name":"wp","href":"https:\/\/api.w.org\/{rel}","templated":true}]}}