{"id":52,"date":"2024-02-09T22:46:34","date_gmt":"2024-02-09T22:46:34","guid":{"rendered":"https:\/\/lavendea.com\/?post_type=product&#038;p=52"},"modified":"2024-06-18T00:02:10","modified_gmt":"2024-06-17T22:02:10","slug":"naravno-milo-sivka","status":"publish","type":"product","link":"https:\/\/lavendea.com\/si\/product\/naravno-milo-sivka\/","title":{"rendered":"Milo Sivka"},"content":{"rendered":"<p>To edinstveno milo je ustvarjeno z ljubeznijo do narave in skrbjo za va\u0161o ko\u017eo. Pomirjujo\u010di u\u010dinki eteri\u010dnega olja sivke ohranjajo va\u0161o ko\u017eo \u010disto in negovano. Obarvano z naravnimi glinami. Ro\u010dno skrbno izdelano milo zdru\u017euje negovalne lastnosti kokosovega in olj\u010dnega olja ter vla\u017eilne lastnosti ricinusovega in mandljevega olja. Karitejevo maslo doda kremast ob\u010dutek, globoko hidracijo in naredi va\u0161o ko\u017eo gladko in pro\u017eno.<\/p>\n<p>Sivka je ena najbolj priljubljenih sestavin v naravnem milu zaradi svojih \u0161tevilnih koristi za ko\u017eo. Prvi\u010d, sivka ima pomirjujo\u010d u\u010dinek na ko\u017eo in lahko pomaga pri laj\u0161anju stresa ter napetosti. Njen ne\u017een vonj ima tudi terapevtski u\u010dinek na razpolo\u017eenje. Poleg tega sivka v milu pomaga regenerirati ko\u017eo, ji daje sijaj in zmanj\u0161uje znake staranja. Ima tudi antisepti\u010dne lastnosti, ki pomagajo pri prepre\u010devanju oku\u017eb in zdravljenju aken ter drugih ko\u017enih te\u017eav.<\/p>\n<h2>Nasveti za uporabo in shranjevanje mila Sivka<\/h2>\n<p>Da boste dobili najbolj\u0161e rezultate z uporabo mila, upo\u0161tevajte naslednje nasvete:<\/p>\n<ol>\n<li>Pred uporabo milo navla\u017eite z vodo, da ustvarite peno.<\/li>\n<li>Ne\u017eno masirajte milo po vla\u017eni ko\u017ei, da ustvarite peno in ne\u017eno o\u010distite obraz in telo.<\/li>\n<li>Izogibajte se stiku z o\u010dmi, saj lahko milo povzro\u010di dra\u017eenje.<\/li>\n<li>Po uporabi milo temeljito sperite in pustite, da se posu\u0161i na zraku.<\/li>\n<li>Za shranjevanje mila uporabite milnico z odcedno luknjo, da se izognete nabiranju vode in podalj\u0161ate \u017eivljenjsko dobo mila.<\/li>\n<\/ol>\n<p>Na\u0161e ro\u010dno izdelano \u010drno milo Sivka je popolna izbira za nego ko\u017ee brez umetnih di\u0161av in barvil. U\u017eivajte v \u010disti, sijo\u010di in zdravi ko\u017ei s tem edinstvenim naravnim izdelkom.<\/p>\n","protected":false},"excerpt":{"rendered":"<p>Odi\u0161avljen s \u010distim eteri\u010dnim oljem sivke. Vsebuje kokosovo olje, mandljevo olje, ekstra devi\u0161ko olivno olje, karitejevo maslo, ricinusovo olje. Obarvan z naravnimi glinami. Popelje vas na potovanje skozi polja sivke.<\/p>\n<p>Prepustite se harmoni\u010dni me\u0161anici\u00a0 naravnih sestavin z naravnim milom sivke. Izvrstno milo je natan\u010dno izdelano, da nudi razko\u0161no izku\u0161njo kopanja, ki pomladi tako telo kot duha, zaradi \u010desar se po\u010dutite uravnote\u017eeno in osve\u017eeno.<\/p>\n<p>To ro\u010dno izdelano milo pooseblja prefinjenost in eleganco. Je dokaz mo\u010di narave in umetnosti ro\u010dno izdelane nege ko\u017ee.<\/p>\n","protected":false},"featured_media":209,"comment_status":"open","ping_status":"closed","template":"","meta":[],"product_brand":[],"product_cat":[15,20],"product_tag":[33,34,38,31],"class_list":{"0":"post-52","1":"product","2":"type-product","3":"status-publish","4":"has-post-thumbnail","6":"product_cat-mila-naravno","7":"product_cat-naravna-mila-v-kosu","8":"product_tag-karitejevo-maslo","9":"product_tag-mandljevo-olje","10":"product_tag-ricinusovo-olje","11":"product_tag-sivka","13":"first","14":"instock","15":"featured","16":"shipping-taxable","17":"purchasable","18":"product-type-simple"},"yoast_head":"<!-- This site is optimized with the Yoast SEO plugin v27.3 - https:\/\/yoast.com\/product\/yoast-seo-wordpress\/ -->\n<title>Milo Sivka - Lavendea<\/title>\n<meta name=\"description\" content=\"ro\u010dno izdelano naravno milo eteri\u010dnim oljem sivke. hranljivo, vla\u017eilno, naravni oksidant, absorbira ne\u010disto\u010de, ekolo\u0161ko, veganski izdelek\" \/>\n<meta name=\"robots\" content=\"index, follow, max-snippet:-1, max-image-preview:large, max-video-preview:-1\" \/>\n<link rel=\"canonical\" href=\"https:\/\/lavendea.com\/si\/product\/naravno-milo-sivka\/\" \/>\n<meta property=\"og:locale\" content=\"sl_SI\" \/>\n<meta property=\"og:type\" content=\"article\" \/>\n<meta property=\"og:title\" content=\"Milo Sivka - Lavendea\" \/>\n<meta property=\"og:description\" content=\"ro\u010dno izdelano naravno milo eteri\u010dnim oljem sivke. hranljivo, vla\u017eilno, naravni oksidant, absorbira ne\u010disto\u010de, ekolo\u0161ko, veganski izdelek\" \/>\n<meta property=\"og:url\" content=\"https:\/\/lavendea.com\/si\/product\/naravno-milo-sivka\/\" \/>\n<meta property=\"og:site_name\" content=\"Lavendea\" \/>\n<meta property=\"article:modified_time\" content=\"2024-06-17T22:02:10+00:00\" \/>\n<meta property=\"og:image\" content=\"https:\/\/lavendea.com\/wp-content\/uploads\/2024\/02\/openart-image_awoztcVE_1708110917399_raw.jpg\" \/>\n\t<meta property=\"og:image:width\" content=\"1024\" \/>\n\t<meta property=\"og:image:height\" content=\"1024\" \/>\n\t<meta property=\"og:image:type\" content=\"image\/jpeg\" \/>\n<meta name=\"twitter:card\" content=\"summary_large_image\" \/>\n<meta name=\"twitter:label1\" content=\"Est. reading time\" \/>\n\t<meta name=\"twitter:data1\" content=\"2 minuti\" \/>\n<script type=\"application\/ld+json\" class=\"yoast-schema-graph\">{\"@context\":\"https:\\\/\\\/schema.org\",\"@graph\":[{\"@type\":\"WebPage\",\"@id\":\"https:\\\/\\\/lavendea.com\\\/product\\\/naravno-milo-sivka\\\/\",\"url\":\"https:\\\/\\\/lavendea.com\\\/product\\\/naravno-milo-sivka\\\/\",\"name\":\"Milo Sivka - Lavendea\",\"isPartOf\":{\"@id\":\"https:\\\/\\\/lavendea.com\\\/#website\"},\"primaryImageOfPage\":{\"@id\":\"https:\\\/\\\/lavendea.com\\\/product\\\/naravno-milo-sivka\\\/#primaryimage\"},\"image\":{\"@id\":\"https:\\\/\\\/lavendea.com\\\/product\\\/naravno-milo-sivka\\\/#primaryimage\"},\"thumbnailUrl\":\"https:\\\/\\\/lavendea.com\\\/wp-content\\\/uploads\\\/2024\\\/02\\\/openart-image_awoztcVE_1708110917399_raw.jpg\",\"datePublished\":\"2024-02-09T22:46:34+00:00\",\"dateModified\":\"2024-06-17T22:02:10+00:00\",\"description\":\"ro\u010dno izdelano naravno milo eteri\u010dnim oljem sivke. hranljivo, vla\u017eilno, naravni oksidant, absorbira ne\u010disto\u010de, ekolo\u0161ko, veganski izdelek\",\"breadcrumb\":{\"@id\":\"https:\\\/\\\/lavendea.com\\\/product\\\/naravno-milo-sivka\\\/#breadcrumb\"},\"inLanguage\":\"sl-SI\",\"potentialAction\":[{\"@type\":\"ReadAction\",\"target\":[\"https:\\\/\\\/lavendea.com\\\/product\\\/naravno-milo-sivka\\\/\"]}]},{\"@type\":\"ImageObject\",\"inLanguage\":\"sl-SI\",\"@id\":\"https:\\\/\\\/lavendea.com\\\/product\\\/naravno-milo-sivka\\\/#primaryimage\",\"url\":\"https:\\\/\\\/lavendea.com\\\/wp-content\\\/uploads\\\/2024\\\/02\\\/openart-image_awoztcVE_1708110917399_raw.jpg\",\"contentUrl\":\"https:\\\/\\\/lavendea.com\\\/wp-content\\\/uploads\\\/2024\\\/02\\\/openart-image_awoztcVE_1708110917399_raw.jpg\",\"width\":1024,\"height\":1024,\"caption\":\"Ro\u010dno izdelana naravna mila na vrvi\"},{\"@type\":\"BreadcrumbList\",\"@id\":\"https:\\\/\\\/lavendea.com\\\/product\\\/naravno-milo-sivka\\\/#breadcrumb\",\"itemListElement\":[{\"@type\":\"ListItem\",\"position\":1,\"name\":\"Home\",\"item\":\"https:\\\/\\\/lavendea.com\\\/\"},{\"@type\":\"ListItem\",\"position\":2,\"name\":\"Trgovina\",\"item\":\"https:\\\/\\\/lavendea.com\\\/trgovina\\\/\"},{\"@type\":\"ListItem\",\"position\":3,\"name\":\"Milo Sivka\"}]},{\"@type\":\"WebSite\",\"@id\":\"https:\\\/\\\/lavendea.com\\\/#website\",\"url\":\"https:\\\/\\\/lavendea.com\\\/\",\"name\":\"Lavendea\",\"description\":\"\",\"publisher\":{\"@id\":\"https:\\\/\\\/lavendea.com\\\/#organization\"},\"potentialAction\":[{\"@type\":\"SearchAction\",\"target\":{\"@type\":\"EntryPoint\",\"urlTemplate\":\"https:\\\/\\\/lavendea.com\\\/?s={search_term_string}\"},\"query-input\":{\"@type\":\"PropertyValueSpecification\",\"valueRequired\":true,\"valueName\":\"search_term_string\"}}],\"inLanguage\":\"sl-SI\"},{\"@type\":\"Organization\",\"@id\":\"https:\\\/\\\/lavendea.com\\\/#organization\",\"name\":\"Lavendea\",\"url\":\"https:\\\/\\\/lavendea.com\\\/\",\"logo\":{\"@type\":\"ImageObject\",\"inLanguage\":\"sl-SI\",\"@id\":\"https:\\\/\\\/lavendea.com\\\/#\\\/schema\\\/logo\\\/image\\\/\",\"url\":\"https:\\\/\\\/lavendea.com\\\/wp-content\\\/uploads\\\/2024\\\/02\\\/cropped-Izdelek-brez-naslova-1-2.png\",\"contentUrl\":\"https:\\\/\\\/lavendea.com\\\/wp-content\\\/uploads\\\/2024\\\/02\\\/cropped-Izdelek-brez-naslova-1-2.png\",\"width\":1747,\"height\":1101,\"caption\":\"Lavendea\"},\"image\":{\"@id\":\"https:\\\/\\\/lavendea.com\\\/#\\\/schema\\\/logo\\\/image\\\/\"}}]}<\/script>\n<!-- \/ Yoast SEO plugin. -->","yoast_head_json":{"title":"Milo Sivka - Lavendea","description":"ro\u010dno izdelano naravno milo eteri\u010dnim oljem sivke. hranljivo, vla\u017eilno, naravni oksidant, absorbira ne\u010disto\u010de, ekolo\u0161ko, veganski izdelek","robots":{"index":"index","follow":"follow","max-snippet":"max-snippet:-1","max-image-preview":"max-image-preview:large","max-video-preview":"max-video-preview:-1"},"canonical":"https:\/\/lavendea.com\/si\/product\/naravno-milo-sivka\/","og_locale":"sl_SI","og_type":"article","og_title":"Milo Sivka - Lavendea","og_description":"ro\u010dno izdelano naravno milo eteri\u010dnim oljem sivke. hranljivo, vla\u017eilno, naravni oksidant, absorbira ne\u010disto\u010de, ekolo\u0161ko, veganski izdelek","og_url":"https:\/\/lavendea.com\/si\/product\/naravno-milo-sivka\/","og_site_name":"Lavendea","article_modified_time":"2024-06-17T22:02:10+00:00","og_image":[{"width":1024,"height":1024,"url":"https:\/\/lavendea.com\/wp-content\/uploads\/2024\/02\/openart-image_awoztcVE_1708110917399_raw.jpg","type":"image\/jpeg"}],"twitter_card":"summary_large_image","twitter_misc":{"Est. reading time":"2 minuti"},"schema":{"@context":"https:\/\/schema.org","@graph":[{"@type":"WebPage","@id":"https:\/\/lavendea.com\/product\/naravno-milo-sivka\/","url":"https:\/\/lavendea.com\/product\/naravno-milo-sivka\/","name":"Milo Sivka - Lavendea","isPartOf":{"@id":"https:\/\/lavendea.com\/#website"},"primaryImageOfPage":{"@id":"https:\/\/lavendea.com\/product\/naravno-milo-sivka\/#primaryimage"},"image":{"@id":"https:\/\/lavendea.com\/product\/naravno-milo-sivka\/#primaryimage"},"thumbnailUrl":"https:\/\/lavendea.com\/wp-content\/uploads\/2024\/02\/openart-image_awoztcVE_1708110917399_raw.jpg","datePublished":"2024-02-09T22:46:34+00:00","dateModified":"2024-06-17T22:02:10+00:00","description":"ro\u010dno izdelano naravno milo eteri\u010dnim oljem sivke. hranljivo, vla\u017eilno, naravni oksidant, absorbira ne\u010disto\u010de, ekolo\u0161ko, veganski izdelek","breadcrumb":{"@id":"https:\/\/lavendea.com\/product\/naravno-milo-sivka\/#breadcrumb"},"inLanguage":"sl-SI","potentialAction":[{"@type":"ReadAction","target":["https:\/\/lavendea.com\/product\/naravno-milo-sivka\/"]}]},{"@type":"ImageObject","inLanguage":"sl-SI","@id":"https:\/\/lavendea.com\/product\/naravno-milo-sivka\/#primaryimage","url":"https:\/\/lavendea.com\/wp-content\/uploads\/2024\/02\/openart-image_awoztcVE_1708110917399_raw.jpg","contentUrl":"https:\/\/lavendea.com\/wp-content\/uploads\/2024\/02\/openart-image_awoztcVE_1708110917399_raw.jpg","width":1024,"height":1024,"caption":"Ro\u010dno izdelana naravna mila na vrvi"},{"@type":"BreadcrumbList","@id":"https:\/\/lavendea.com\/product\/naravno-milo-sivka\/#breadcrumb","itemListElement":[{"@type":"ListItem","position":1,"name":"Home","item":"https:\/\/lavendea.com\/"},{"@type":"ListItem","position":2,"name":"Trgovina","item":"https:\/\/lavendea.com\/trgovina\/"},{"@type":"ListItem","position":3,"name":"Milo Sivka"}]},{"@type":"WebSite","@id":"https:\/\/lavendea.com\/#website","url":"https:\/\/lavendea.com\/","name":"Lavendea","description":"","publisher":{"@id":"https:\/\/lavendea.com\/#organization"},"potentialAction":[{"@type":"SearchAction","target":{"@type":"EntryPoint","urlTemplate":"https:\/\/lavendea.com\/?s={search_term_string}"},"query-input":{"@type":"PropertyValueSpecification","valueRequired":true,"valueName":"search_term_string"}}],"inLanguage":"sl-SI"},{"@type":"Organization","@id":"https:\/\/lavendea.com\/#organization","name":"Lavendea","url":"https:\/\/lavendea.com\/","logo":{"@type":"ImageObject","inLanguage":"sl-SI","@id":"https:\/\/lavendea.com\/#\/schema\/logo\/image\/","url":"https:\/\/lavendea.com\/wp-content\/uploads\/2024\/02\/cropped-Izdelek-brez-naslova-1-2.png","contentUrl":"https:\/\/lavendea.com\/wp-content\/uploads\/2024\/02\/cropped-Izdelek-brez-naslova-1-2.png","width":1747,"height":1101,"caption":"Lavendea"},"image":{"@id":"https:\/\/lavendea.com\/#\/schema\/logo\/image\/"}}]}},"_links":{"self":[{"href":"https:\/\/lavendea.com\/si\/wp-json\/wp\/v2\/product\/52","targetHints":{"allow":["GET"]}}],"collection":[{"href":"https:\/\/lavendea.com\/si\/wp-json\/wp\/v2\/product"}],"about":[{"href":"https:\/\/lavendea.com\/si\/wp-json\/wp\/v2\/types\/product"}],"replies":[{"embeddable":true,"href":"https:\/\/lavendea.com\/si\/wp-json\/wp\/v2\/comments?post=52"}],"version-history":[{"count":2,"href":"https:\/\/lavendea.com\/si\/wp-json\/wp\/v2\/product\/52\/revisions"}],"predecessor-version":[{"id":1464,"href":"https:\/\/lavendea.com\/si\/wp-json\/wp\/v2\/product\/52\/revisions\/1464"}],"wp:featuredmedia":[{"embeddable":true,"href":"https:\/\/lavendea.com\/si\/wp-json\/wp\/v2\/media\/209"}],"wp:attachment":[{"href":"https:\/\/lavendea.com\/si\/wp-json\/wp\/v2\/media?parent=52"}],"wp:term":[{"taxonomy":"product_brand","embeddable":true,"href":"https:\/\/lavendea.com\/si\/wp-json\/wp\/v2\/product_brand?post=52"},{"taxonomy":"product_cat","embeddable":true,"href":"https:\/\/lavendea.com\/si\/wp-json\/wp\/v2\/product_cat?post=52"},{"taxonomy":"product_tag","embeddable":true,"href":"https:\/\/lavendea.com\/si\/wp-json\/wp\/v2\/product_tag?post=52"}],"curies":[{"name":"wp","href":"https:\/\/api.w.org\/{rel}","templated":true}]}}