{"id":62,"date":"2024-02-10T20:02:49","date_gmt":"2024-02-10T20:02:49","guid":{"rendered":"https:\/\/lavendea.com\/?post_type=product&#038;p=62"},"modified":"2025-07-08T08:31:06","modified_gmt":"2025-07-08T06:31:06","slug":"naravno-milo-na-vrvi-sivka-limonska-trava","status":"publish","type":"product","link":"https:\/\/lavendea.com\/si\/product\/naravno-milo-na-vrvi-sivka-limonska-trava\/","title":{"rendered":"Milo na vrvi Sivka\/Limonska trava"},"content":{"rendered":"\t\t<div data-elementor-type=\"product-post\" data-elementor-id=\"62\" class=\"elementor elementor-62\" data-elementor-post-type=\"product\">\n\t\t\t\t<div class=\"elementor-element elementor-element-46896ef5 e-flex e-con-boxed e-con e-parent\" data-id=\"46896ef5\" data-element_type=\"container\" data-e-type=\"container\">\n\t\t\t\t\t<div class=\"e-con-inner\">\n\t\t\t\t<div class=\"elementor-element elementor-element-2f9f1e23 elementor-widget elementor-widget-text-editor\" data-id=\"2f9f1e23\" data-element_type=\"widget\" data-e-type=\"widget\" data-widget_type=\"text-editor.default\">\n\t\t\t\t<div class=\"elementor-widget-container\">\n\t\t\t\t\t\t\t\t\tU\u017eivate v spro\u0161\u010dujo\u010dih trenutkih obdanih s prijetno di\u0161e\u010dimi milnimi mehur\u010dki? Potem je ro\u010dno izdelano naravno milo z eteri\u010dnimi olji sivke in limonske trave idealna izbira za vas! To edinstveno milo zdru\u017euje lepoto narave in terapevtske lastnosti, ki jih sivka in limonska trava ponujata. Milo ne bo samo o\u010distilo in navla\u017eilo va\u0161o ko\u017eo, temve\u010d vas bo tudi popeljalo v pomirjujo\u010do oazo naravnega vonja.\r\n\r\nNa\u0161e ro\u010dno izdelano naravno milo z eteri\u010dnimi olji sivke in limonske trave je izdelano iz kakovostnih naravnih sestavin. Posebna me\u0161anica eteri\u010dnih olj bo nahranila va\u0161e telo in razvajala va\u0161e \u010dute. U\u017eivajte v trenutku razvajanja, ko se potopite v vonj sivke, ki bo pomiril tako va\u0161o ko\u017eo kot tudi va\u0161 um.\r\n\r\nEteri\u010dna olja sivke in limonske trave imajo \u0161tevilne koristne lastnosti za ko\u017eo in dobro po\u010dutje. Sivkino olje je znano po svojih pomirjevalnih in spro\u0161\u010dujo\u010dih lastnostih. Pomaga pri zmanj\u0161evanju stresa, tesnobe in nespe\u010dnosti. Poleg tega ima sivkino olje tudi antibakterijske lastnosti, ki pomagajo o\u010distiti in pomiriti ko\u017eo.\r\n\r\nLimonska trava je znana po svojih antibakterijskih lastnostih, ki pomagajo o\u010distiti ko\u017eo in odstraniti neprijetne vonjave in ne\u017eelene bakterije. Redna uporaba tega mila lahko pomaga pri prepre\u010devanju aken, mozoljev in drugih ko\u017enih te\u017eav.\r\n\r\nMilo obogati naravna vrv, kar vam omogo\u010da obesiti milo na zapestje med umivanjem ter na pipo ali ob prho po umivanju. Priro\u010dno, naravno in di\u0161e\u010de.\r\n<h4>Nasveti za uporabo in shranjevanje mila Sivka\/Limonska trava<\/h4>\r\nDa boste dobili najbolj\u0161e rezultate z uporabo mila, upo\u0161tevajte naslednje nasvete:\r\n<ol>\r\n \t<li>Pred uporabo milo navla\u017eite z vodo, da ustvarite peno.<\/li>\r\n \t<li>Ne\u017eno masirajte milo po vla\u017eni ko\u017ei, da ustvarite peno in ne\u017eno o\u010distite obraz in telo.<\/li>\r\n \t<li>Izogibajte se stiku z o\u010dmi, saj lahko milo povzro\u010di dra\u017eenje.<\/li>\r\n \t<li>Po uporabi milo temeljito sperite in pustite, da se posu\u0161i na zraku.<\/li>\r\n \t<li>Za shranjevanje mila uporabite milnico z odcedno luknjo, da se izognete nabiranju vode in podalj\u0161ate \u017eivljenjsko dobo mila.<\/li>\r\n<\/ol>\r\nZa doseganje najbolj\u0161ih rezultatov pri negi ko\u017ee priporo\u010damo redno uporabo ro\u010dno izdelanega naravnega mila z vonjem limonske trave. S svojimi naravnimi sestavinami bo va\u0161a ko\u017ea postala mehka, gladka in negovana.\r\n\r\nIzberite na\u0161e ro\u010dno izdelano naravno milo z eteri\u010dnimi olji sivke in limonske trave ter si privo\u0161\u010dite spro\u0161\u010dujo\u010do izku\u0161njo umivanja, ki bo izbolj\u0161ala va\u0161e razpolo\u017eenje in pustila va\u0161o ko\u017eo mehko, gladko in \u010dudovito odi\u0161avljeno. Odkrijte naravno lepoto z na\u0161im edinstvenim milom \u0161e danes!\t\t\t\t\t\t\t\t<\/div>\n\t\t\t\t<\/div>\n\t\t\t\t\t<\/div>\n\t\t\t\t<\/div>\n\t\t\t\t<\/div>\n\t\t","protected":false},"excerpt":{"rendered":"<p>Di\u0161ava mila na vrvi Sivka\/Limonska trava vas popelje v rajske, sanjske vasi in s soncem obsijana polja, polna sivke in citrusov.<\/p>\n<p>Odli\u010dno re\u0161itev za milo, ki ga lahko obesite pod prho ali na pipe. Intenzivna di\u0161ava in uravnote\u017eena formula izbranih olj in karitejevega masla bo izbolj\u0161ala va\u0161o kopalni\u0161ko izku\u0161njo in vas navdu\u0161ila.<\/p>\n","protected":false},"featured_media":241,"comment_status":"open","ping_status":"closed","template":"","meta":[],"product_brand":[],"product_cat":[15,21],"product_tag":[33,42,34,45,38,31],"class_list":{"0":"post-62","1":"product","2":"type-product","3":"status-publish","4":"has-post-thumbnail","6":"product_cat-mila-naravno","7":"product_cat-naravna-mila-na-vrvi","8":"product_tag-karitejevo-maslo","9":"product_tag-limonska-trava","10":"product_tag-mandljevo-olje","11":"product_tag-milo-na-vrvi","12":"product_tag-ricinusovo-olje","13":"product_tag-sivka","15":"first","16":"instock","17":"shipping-taxable","18":"purchasable","19":"product-type-simple"},"yoast_head":"<!-- This site is optimized with the Yoast SEO plugin v27.3 - https:\/\/yoast.com\/product\/yoast-seo-wordpress\/ -->\n<title>Milo na vrvi Sivka\/Limonska trava - Lavendea<\/title>\n<meta name=\"description\" content=\"ro\u010dno izdelano naravno milo z eteri\u010dnim oljem sivke in limonske trave. hranljivo, vla\u017eilno, naravni oksidant, absorbira ne\u010disto\u010de, ekolo\u0161ko, vegansko\" \/>\n<meta name=\"robots\" content=\"index, follow, max-snippet:-1, max-image-preview:large, max-video-preview:-1\" \/>\n<link rel=\"canonical\" href=\"https:\/\/lavendea.com\/si\/product\/naravno-milo-na-vrvi-sivka-limonska-trava\/\" \/>\n<meta property=\"og:locale\" content=\"sl_SI\" \/>\n<meta property=\"og:type\" content=\"article\" \/>\n<meta property=\"og:title\" content=\"Milo na vrvi Sivka\/Limonska trava - Lavendea\" \/>\n<meta property=\"og:description\" content=\"ro\u010dno izdelano naravno milo z eteri\u010dnim oljem sivke in limonske trave. hranljivo, vla\u017eilno, naravni oksidant, absorbira ne\u010disto\u010de, ekolo\u0161ko, vegansko\" \/>\n<meta property=\"og:url\" content=\"https:\/\/lavendea.com\/si\/product\/naravno-milo-na-vrvi-sivka-limonska-trava\/\" \/>\n<meta property=\"og:site_name\" content=\"Lavendea\" \/>\n<meta property=\"article:modified_time\" content=\"2025-07-08T06:31:06+00:00\" \/>\n<meta property=\"og:image\" content=\"https:\/\/lavendea.com\/wp-content\/uploads\/2024\/02\/20240217_000321.png\" \/>\n\t<meta property=\"og:image:width\" content=\"932\" \/>\n\t<meta property=\"og:image:height\" content=\"928\" \/>\n\t<meta property=\"og:image:type\" content=\"image\/png\" \/>\n<meta name=\"twitter:card\" content=\"summary_large_image\" \/>\n<meta name=\"twitter:label1\" content=\"Est. reading time\" \/>\n\t<meta name=\"twitter:data1\" content=\"3 minute\" \/>\n<script type=\"application\/ld+json\" class=\"yoast-schema-graph\">{\"@context\":\"https:\\\/\\\/schema.org\",\"@graph\":[{\"@type\":\"WebPage\",\"@id\":\"https:\\\/\\\/lavendea.com\\\/product\\\/naravno-milo-na-vrvi-sivka-limonska-trava\\\/\",\"url\":\"https:\\\/\\\/lavendea.com\\\/product\\\/naravno-milo-na-vrvi-sivka-limonska-trava\\\/\",\"name\":\"Milo na vrvi Sivka\\\/Limonska trava - Lavendea\",\"isPartOf\":{\"@id\":\"https:\\\/\\\/lavendea.com\\\/#website\"},\"primaryImageOfPage\":{\"@id\":\"https:\\\/\\\/lavendea.com\\\/product\\\/naravno-milo-na-vrvi-sivka-limonska-trava\\\/#primaryimage\"},\"image\":{\"@id\":\"https:\\\/\\\/lavendea.com\\\/product\\\/naravno-milo-na-vrvi-sivka-limonska-trava\\\/#primaryimage\"},\"thumbnailUrl\":\"https:\\\/\\\/lavendea.com\\\/wp-content\\\/uploads\\\/2024\\\/02\\\/20240217_000321.png\",\"datePublished\":\"2024-02-10T20:02:49+00:00\",\"dateModified\":\"2025-07-08T06:31:06+00:00\",\"description\":\"ro\u010dno izdelano naravno milo z eteri\u010dnim oljem sivke in limonske trave. hranljivo, vla\u017eilno, naravni oksidant, absorbira ne\u010disto\u010de, ekolo\u0161ko, vegansko\",\"breadcrumb\":{\"@id\":\"https:\\\/\\\/lavendea.com\\\/product\\\/naravno-milo-na-vrvi-sivka-limonska-trava\\\/#breadcrumb\"},\"inLanguage\":\"sl-SI\",\"potentialAction\":[{\"@type\":\"ReadAction\",\"target\":[\"https:\\\/\\\/lavendea.com\\\/product\\\/naravno-milo-na-vrvi-sivka-limonska-trava\\\/\"]}]},{\"@type\":\"ImageObject\",\"inLanguage\":\"sl-SI\",\"@id\":\"https:\\\/\\\/lavendea.com\\\/product\\\/naravno-milo-na-vrvi-sivka-limonska-trava\\\/#primaryimage\",\"url\":\"https:\\\/\\\/lavendea.com\\\/wp-content\\\/uploads\\\/2024\\\/02\\\/20240217_000321.png\",\"contentUrl\":\"https:\\\/\\\/lavendea.com\\\/wp-content\\\/uploads\\\/2024\\\/02\\\/20240217_000321.png\",\"width\":932,\"height\":928,\"caption\":\"Ro\u010dno izdelana naravna mila na vrvi\"},{\"@type\":\"BreadcrumbList\",\"@id\":\"https:\\\/\\\/lavendea.com\\\/product\\\/naravno-milo-na-vrvi-sivka-limonska-trava\\\/#breadcrumb\",\"itemListElement\":[{\"@type\":\"ListItem\",\"position\":1,\"name\":\"Home\",\"item\":\"https:\\\/\\\/lavendea.com\\\/\"},{\"@type\":\"ListItem\",\"position\":2,\"name\":\"Trgovina\",\"item\":\"https:\\\/\\\/lavendea.com\\\/trgovina\\\/\"},{\"@type\":\"ListItem\",\"position\":3,\"name\":\"Milo na vrvi Sivka\\\/Limonska trava\"}]},{\"@type\":\"WebSite\",\"@id\":\"https:\\\/\\\/lavendea.com\\\/#website\",\"url\":\"https:\\\/\\\/lavendea.com\\\/\",\"name\":\"Lavendea\",\"description\":\"\",\"publisher\":{\"@id\":\"https:\\\/\\\/lavendea.com\\\/#organization\"},\"potentialAction\":[{\"@type\":\"SearchAction\",\"target\":{\"@type\":\"EntryPoint\",\"urlTemplate\":\"https:\\\/\\\/lavendea.com\\\/?s={search_term_string}\"},\"query-input\":{\"@type\":\"PropertyValueSpecification\",\"valueRequired\":true,\"valueName\":\"search_term_string\"}}],\"inLanguage\":\"sl-SI\"},{\"@type\":\"Organization\",\"@id\":\"https:\\\/\\\/lavendea.com\\\/#organization\",\"name\":\"Lavendea\",\"url\":\"https:\\\/\\\/lavendea.com\\\/\",\"logo\":{\"@type\":\"ImageObject\",\"inLanguage\":\"sl-SI\",\"@id\":\"https:\\\/\\\/lavendea.com\\\/#\\\/schema\\\/logo\\\/image\\\/\",\"url\":\"https:\\\/\\\/lavendea.com\\\/wp-content\\\/uploads\\\/2024\\\/02\\\/cropped-Izdelek-brez-naslova-1-2.png\",\"contentUrl\":\"https:\\\/\\\/lavendea.com\\\/wp-content\\\/uploads\\\/2024\\\/02\\\/cropped-Izdelek-brez-naslova-1-2.png\",\"width\":1747,\"height\":1101,\"caption\":\"Lavendea\"},\"image\":{\"@id\":\"https:\\\/\\\/lavendea.com\\\/#\\\/schema\\\/logo\\\/image\\\/\"}}]}<\/script>\n<!-- \/ Yoast SEO plugin. -->","yoast_head_json":{"title":"Milo na vrvi Sivka\/Limonska trava - Lavendea","description":"ro\u010dno izdelano naravno milo z eteri\u010dnim oljem sivke in limonske trave. hranljivo, vla\u017eilno, naravni oksidant, absorbira ne\u010disto\u010de, ekolo\u0161ko, vegansko","robots":{"index":"index","follow":"follow","max-snippet":"max-snippet:-1","max-image-preview":"max-image-preview:large","max-video-preview":"max-video-preview:-1"},"canonical":"https:\/\/lavendea.com\/si\/product\/naravno-milo-na-vrvi-sivka-limonska-trava\/","og_locale":"sl_SI","og_type":"article","og_title":"Milo na vrvi Sivka\/Limonska trava - Lavendea","og_description":"ro\u010dno izdelano naravno milo z eteri\u010dnim oljem sivke in limonske trave. hranljivo, vla\u017eilno, naravni oksidant, absorbira ne\u010disto\u010de, ekolo\u0161ko, vegansko","og_url":"https:\/\/lavendea.com\/si\/product\/naravno-milo-na-vrvi-sivka-limonska-trava\/","og_site_name":"Lavendea","article_modified_time":"2025-07-08T06:31:06+00:00","og_image":[{"width":932,"height":928,"url":"https:\/\/lavendea.com\/wp-content\/uploads\/2024\/02\/20240217_000321.png","type":"image\/png"}],"twitter_card":"summary_large_image","twitter_misc":{"Est. reading time":"3 minute"},"schema":{"@context":"https:\/\/schema.org","@graph":[{"@type":"WebPage","@id":"https:\/\/lavendea.com\/product\/naravno-milo-na-vrvi-sivka-limonska-trava\/","url":"https:\/\/lavendea.com\/product\/naravno-milo-na-vrvi-sivka-limonska-trava\/","name":"Milo na vrvi Sivka\/Limonska trava - Lavendea","isPartOf":{"@id":"https:\/\/lavendea.com\/#website"},"primaryImageOfPage":{"@id":"https:\/\/lavendea.com\/product\/naravno-milo-na-vrvi-sivka-limonska-trava\/#primaryimage"},"image":{"@id":"https:\/\/lavendea.com\/product\/naravno-milo-na-vrvi-sivka-limonska-trava\/#primaryimage"},"thumbnailUrl":"https:\/\/lavendea.com\/wp-content\/uploads\/2024\/02\/20240217_000321.png","datePublished":"2024-02-10T20:02:49+00:00","dateModified":"2025-07-08T06:31:06+00:00","description":"ro\u010dno izdelano naravno milo z eteri\u010dnim oljem sivke in limonske trave. hranljivo, vla\u017eilno, naravni oksidant, absorbira ne\u010disto\u010de, ekolo\u0161ko, vegansko","breadcrumb":{"@id":"https:\/\/lavendea.com\/product\/naravno-milo-na-vrvi-sivka-limonska-trava\/#breadcrumb"},"inLanguage":"sl-SI","potentialAction":[{"@type":"ReadAction","target":["https:\/\/lavendea.com\/product\/naravno-milo-na-vrvi-sivka-limonska-trava\/"]}]},{"@type":"ImageObject","inLanguage":"sl-SI","@id":"https:\/\/lavendea.com\/product\/naravno-milo-na-vrvi-sivka-limonska-trava\/#primaryimage","url":"https:\/\/lavendea.com\/wp-content\/uploads\/2024\/02\/20240217_000321.png","contentUrl":"https:\/\/lavendea.com\/wp-content\/uploads\/2024\/02\/20240217_000321.png","width":932,"height":928,"caption":"Ro\u010dno izdelana naravna mila na vrvi"},{"@type":"BreadcrumbList","@id":"https:\/\/lavendea.com\/product\/naravno-milo-na-vrvi-sivka-limonska-trava\/#breadcrumb","itemListElement":[{"@type":"ListItem","position":1,"name":"Home","item":"https:\/\/lavendea.com\/"},{"@type":"ListItem","position":2,"name":"Trgovina","item":"https:\/\/lavendea.com\/trgovina\/"},{"@type":"ListItem","position":3,"name":"Milo na vrvi Sivka\/Limonska trava"}]},{"@type":"WebSite","@id":"https:\/\/lavendea.com\/#website","url":"https:\/\/lavendea.com\/","name":"Lavendea","description":"","publisher":{"@id":"https:\/\/lavendea.com\/#organization"},"potentialAction":[{"@type":"SearchAction","target":{"@type":"EntryPoint","urlTemplate":"https:\/\/lavendea.com\/?s={search_term_string}"},"query-input":{"@type":"PropertyValueSpecification","valueRequired":true,"valueName":"search_term_string"}}],"inLanguage":"sl-SI"},{"@type":"Organization","@id":"https:\/\/lavendea.com\/#organization","name":"Lavendea","url":"https:\/\/lavendea.com\/","logo":{"@type":"ImageObject","inLanguage":"sl-SI","@id":"https:\/\/lavendea.com\/#\/schema\/logo\/image\/","url":"https:\/\/lavendea.com\/wp-content\/uploads\/2024\/02\/cropped-Izdelek-brez-naslova-1-2.png","contentUrl":"https:\/\/lavendea.com\/wp-content\/uploads\/2024\/02\/cropped-Izdelek-brez-naslova-1-2.png","width":1747,"height":1101,"caption":"Lavendea"},"image":{"@id":"https:\/\/lavendea.com\/#\/schema\/logo\/image\/"}}]}},"_links":{"self":[{"href":"https:\/\/lavendea.com\/si\/wp-json\/wp\/v2\/product\/62","targetHints":{"allow":["GET"]}}],"collection":[{"href":"https:\/\/lavendea.com\/si\/wp-json\/wp\/v2\/product"}],"about":[{"href":"https:\/\/lavendea.com\/si\/wp-json\/wp\/v2\/types\/product"}],"replies":[{"embeddable":true,"href":"https:\/\/lavendea.com\/si\/wp-json\/wp\/v2\/comments?post=62"}],"version-history":[{"count":9,"href":"https:\/\/lavendea.com\/si\/wp-json\/wp\/v2\/product\/62\/revisions"}],"predecessor-version":[{"id":1469,"href":"https:\/\/lavendea.com\/si\/wp-json\/wp\/v2\/product\/62\/revisions\/1469"}],"wp:featuredmedia":[{"embeddable":true,"href":"https:\/\/lavendea.com\/si\/wp-json\/wp\/v2\/media\/241"}],"wp:attachment":[{"href":"https:\/\/lavendea.com\/si\/wp-json\/wp\/v2\/media?parent=62"}],"wp:term":[{"taxonomy":"product_brand","embeddable":true,"href":"https:\/\/lavendea.com\/si\/wp-json\/wp\/v2\/product_brand?post=62"},{"taxonomy":"product_cat","embeddable":true,"href":"https:\/\/lavendea.com\/si\/wp-json\/wp\/v2\/product_cat?post=62"},{"taxonomy":"product_tag","embeddable":true,"href":"https:\/\/lavendea.com\/si\/wp-json\/wp\/v2\/product_tag?post=62"}],"curies":[{"name":"wp","href":"https:\/\/api.w.org\/{rel}","templated":true}]}}