{"id":66,"date":"2024-02-10T21:07:42","date_gmt":"2024-02-10T21:07:42","guid":{"rendered":"https:\/\/lavendea.com\/?post_type=product&#038;p=66"},"modified":"2024-06-17T23:57:01","modified_gmt":"2024-06-17T21:57:01","slug":"naravno-milo-na-vrvi-rozmarin-brin","status":"publish","type":"product","link":"https:\/\/lavendea.com\/si\/product\/naravno-milo-na-vrvi-rozmarin-brin\/","title":{"rendered":"Milo na vrvi Ro\u017emarin\/brin"},"content":{"rendered":"<p>Vabimo vas, da se potopite v svet naravne kozmetike z na\u0161im ro\u010dno izdelanim milom Ro\u017emarin\/Brin. Vsak kos je umetni\u0161ko izdelan s preciznostjo in ljubeznijo do naravnih sestavin. Na\u0161e milo je ustvarjeno s skrbjo za va\u0161o ko\u017eo in okolje, brez \u0161kodljivih kemikalij in umetnih di\u0161av. Narejeno je iz me\u0161anice negovalnih sestavin, vklju\u010dno s kokosom in olj\u010dnim oljem, karitejevim maslom, ricinusovim in mandljevim oljem, je popolno za suho in ob\u010dutljivo ko\u017eo. Osve\u017eujo\u010d vonj brinovih jagod in ro\u017emarina bo prebudil va\u0161e \u010dute, ko\u017eo pa o\u010distil in po\u017eivil. Obarvan z naravno glino.<\/p>\n<p>Ro\u017emarin je znan po koristnih u\u010dinkih na ko\u017eo. Deluje protivnetno, pomirjujo\u010de in regenerativno, kar vam bo pomagalo do sijo\u010de in zdrave polti. Dodatek brina bo \u0161e dodatno izbolj\u0161al stanje va\u0161e ko\u017ee, saj brin pomaga pri \u010di\u0161\u010denju in toniranju ko\u017ee ter ji daje prijeten vonj.<\/p>\n<p>Uporabite ga med tu\u0161iranjem ali kopanjem in u\u017eivajte v vrhunskem luksuzu narave. Na\u0161e milo je le korak stran od va\u0161e popolne izku\u0161nje \u010distosti in sve\u017eine.<\/p>\n<p>Milo obogati naravna vrv, kar vam omogo\u010da obesiti milo na zapestje med umivanjem ter na pipo ali ob prho po umivanju. Priro\u010dno, naravno in di\u0161e\u010de.<\/p>\n","protected":false},"excerpt":{"rendered":"<p>Osve\u017eujo\u010d vonj brinovih jagod in ro\u017emarina bo prebudil va\u0161e \u010dute, ko\u017eo pa o\u010distil in po\u017eivil. To\u00a0ro\u010dno izdelano milo iz karitejevega masla ro\u017emarina in brina je odli\u010dna izbira za tiste, ki i\u0161\u010dejo naravno in obrtno izdelano milo. Primeren je za vse tipe ko\u017ee, tudi za tiste z ekcemi in drugimi ob\u010dutljivostmi ko\u017ee. To milo je narejeno s skrbnostjo in ljubeznijo in bo na va\u0161i ko\u017ei pustilo ob\u010dutek osve\u017eitve in pomlajenosti.<\/p>\n<p>Milo na vrvi je ro\u010dno izdelano in zdru\u017euje izbrane sestavine, ki zagotavljajo razko\u0161no izku\u0161njo kopanja. Izbrana me\u0161anica olj in karitejevega masla ustvarja hranljivo in vla\u017eilno podlago, ki globoko navla\u017ei va\u0161o ko\u017eo ter jo naredi mehko, voljno in pomlajeno.<\/p>\n<p>Odli\u010dna re\u0161itev za milo, ki ga lahko obesite pod prho ali na pipe.<\/p>\n","protected":false},"featured_media":238,"comment_status":"open","ping_status":"closed","template":"","meta":[],"product_brand":[],"product_cat":[15,21],"product_tag":[40,33,34,45,38,39],"class_list":{"0":"post-66","1":"product","2":"type-product","3":"status-publish","4":"has-post-thumbnail","6":"product_cat-mila-naravno","7":"product_cat-naravna-mila-na-vrvi","8":"product_tag-brin","9":"product_tag-karitejevo-maslo","10":"product_tag-mandljevo-olje","11":"product_tag-milo-na-vrvi","12":"product_tag-ricinusovo-olje","13":"product_tag-rozmarin","15":"first","16":"instock","17":"featured","18":"shipping-taxable","19":"purchasable","20":"product-type-simple"},"yoast_head":"<!-- This site is optimized with the Yoast SEO plugin v27.3 - https:\/\/yoast.com\/product\/yoast-seo-wordpress\/ -->\n<title>Milo na vrvi Ro\u017emarin\/brin - Lavendea<\/title>\n<meta name=\"description\" content=\"ro\u010dno izdelano naravno milo z eteri\u010dnim oljem ro\u017emarina in brina. hranljivo, vla\u017eilno, naravni oksidant, absorbira ne\u010disto\u010de, ekolo\u0161ko, veganski izdelek\" \/>\n<meta name=\"robots\" content=\"index, follow, max-snippet:-1, max-image-preview:large, max-video-preview:-1\" \/>\n<link rel=\"canonical\" href=\"https:\/\/lavendea.com\/si\/product\/naravno-milo-na-vrvi-rozmarin-brin\/\" \/>\n<meta property=\"og:locale\" content=\"sl_SI\" \/>\n<meta property=\"og:type\" content=\"article\" \/>\n<meta property=\"og:title\" content=\"Milo na vrvi Ro\u017emarin\/brin - Lavendea\" \/>\n<meta property=\"og:description\" content=\"ro\u010dno izdelano naravno milo z eteri\u010dnim oljem ro\u017emarina in brina. hranljivo, vla\u017eilno, naravni oksidant, absorbira ne\u010disto\u010de, ekolo\u0161ko, veganski izdelek\" \/>\n<meta property=\"og:url\" content=\"https:\/\/lavendea.com\/si\/product\/naravno-milo-na-vrvi-rozmarin-brin\/\" \/>\n<meta property=\"og:site_name\" content=\"Lavendea\" \/>\n<meta property=\"article:modified_time\" content=\"2024-06-17T21:57:01+00:00\" \/>\n<meta property=\"og:image\" content=\"https:\/\/lavendea.com\/wp-content\/uploads\/2024\/02\/20240216_233727_0000.png\" \/>\n\t<meta property=\"og:image:width\" content=\"915\" \/>\n\t<meta property=\"og:image:height\" content=\"895\" \/>\n\t<meta property=\"og:image:type\" content=\"image\/png\" \/>\n<meta name=\"twitter:card\" content=\"summary_large_image\" \/>\n<meta name=\"twitter:label1\" content=\"Est. reading time\" \/>\n\t<meta name=\"twitter:data1\" content=\"2 minuti\" \/>\n<script type=\"application\/ld+json\" class=\"yoast-schema-graph\">{\"@context\":\"https:\\\/\\\/schema.org\",\"@graph\":[{\"@type\":\"WebPage\",\"@id\":\"https:\\\/\\\/lavendea.com\\\/product\\\/naravno-milo-na-vrvi-rozmarin-brin\\\/\",\"url\":\"https:\\\/\\\/lavendea.com\\\/product\\\/naravno-milo-na-vrvi-rozmarin-brin\\\/\",\"name\":\"Milo na vrvi Ro\u017emarin\\\/brin - Lavendea\",\"isPartOf\":{\"@id\":\"https:\\\/\\\/lavendea.com\\\/#website\"},\"primaryImageOfPage\":{\"@id\":\"https:\\\/\\\/lavendea.com\\\/product\\\/naravno-milo-na-vrvi-rozmarin-brin\\\/#primaryimage\"},\"image\":{\"@id\":\"https:\\\/\\\/lavendea.com\\\/product\\\/naravno-milo-na-vrvi-rozmarin-brin\\\/#primaryimage\"},\"thumbnailUrl\":\"https:\\\/\\\/lavendea.com\\\/wp-content\\\/uploads\\\/2024\\\/02\\\/20240216_233727_0000.png\",\"datePublished\":\"2024-02-10T21:07:42+00:00\",\"dateModified\":\"2024-06-17T21:57:01+00:00\",\"description\":\"ro\u010dno izdelano naravno milo z eteri\u010dnim oljem ro\u017emarina in brina. hranljivo, vla\u017eilno, naravni oksidant, absorbira ne\u010disto\u010de, ekolo\u0161ko, veganski izdelek\",\"breadcrumb\":{\"@id\":\"https:\\\/\\\/lavendea.com\\\/product\\\/naravno-milo-na-vrvi-rozmarin-brin\\\/#breadcrumb\"},\"inLanguage\":\"sl-SI\",\"potentialAction\":[{\"@type\":\"ReadAction\",\"target\":[\"https:\\\/\\\/lavendea.com\\\/product\\\/naravno-milo-na-vrvi-rozmarin-brin\\\/\"]}]},{\"@type\":\"ImageObject\",\"inLanguage\":\"sl-SI\",\"@id\":\"https:\\\/\\\/lavendea.com\\\/product\\\/naravno-milo-na-vrvi-rozmarin-brin\\\/#primaryimage\",\"url\":\"https:\\\/\\\/lavendea.com\\\/wp-content\\\/uploads\\\/2024\\\/02\\\/20240216_233727_0000.png\",\"contentUrl\":\"https:\\\/\\\/lavendea.com\\\/wp-content\\\/uploads\\\/2024\\\/02\\\/20240216_233727_0000.png\",\"width\":915,\"height\":895,\"caption\":\"Ro\u010dno izdelana naravna mila na vrvi\"},{\"@type\":\"BreadcrumbList\",\"@id\":\"https:\\\/\\\/lavendea.com\\\/product\\\/naravno-milo-na-vrvi-rozmarin-brin\\\/#breadcrumb\",\"itemListElement\":[{\"@type\":\"ListItem\",\"position\":1,\"name\":\"Home\",\"item\":\"https:\\\/\\\/lavendea.com\\\/\"},{\"@type\":\"ListItem\",\"position\":2,\"name\":\"Trgovina\",\"item\":\"https:\\\/\\\/lavendea.com\\\/trgovina\\\/\"},{\"@type\":\"ListItem\",\"position\":3,\"name\":\"Milo na vrvi Ro\u017emarin\\\/brin\"}]},{\"@type\":\"WebSite\",\"@id\":\"https:\\\/\\\/lavendea.com\\\/#website\",\"url\":\"https:\\\/\\\/lavendea.com\\\/\",\"name\":\"Lavendea\",\"description\":\"\",\"publisher\":{\"@id\":\"https:\\\/\\\/lavendea.com\\\/#organization\"},\"potentialAction\":[{\"@type\":\"SearchAction\",\"target\":{\"@type\":\"EntryPoint\",\"urlTemplate\":\"https:\\\/\\\/lavendea.com\\\/?s={search_term_string}\"},\"query-input\":{\"@type\":\"PropertyValueSpecification\",\"valueRequired\":true,\"valueName\":\"search_term_string\"}}],\"inLanguage\":\"sl-SI\"},{\"@type\":\"Organization\",\"@id\":\"https:\\\/\\\/lavendea.com\\\/#organization\",\"name\":\"Lavendea\",\"url\":\"https:\\\/\\\/lavendea.com\\\/\",\"logo\":{\"@type\":\"ImageObject\",\"inLanguage\":\"sl-SI\",\"@id\":\"https:\\\/\\\/lavendea.com\\\/#\\\/schema\\\/logo\\\/image\\\/\",\"url\":\"https:\\\/\\\/lavendea.com\\\/wp-content\\\/uploads\\\/2024\\\/02\\\/cropped-Izdelek-brez-naslova-1-2.png\",\"contentUrl\":\"https:\\\/\\\/lavendea.com\\\/wp-content\\\/uploads\\\/2024\\\/02\\\/cropped-Izdelek-brez-naslova-1-2.png\",\"width\":1747,\"height\":1101,\"caption\":\"Lavendea\"},\"image\":{\"@id\":\"https:\\\/\\\/lavendea.com\\\/#\\\/schema\\\/logo\\\/image\\\/\"}}]}<\/script>\n<!-- \/ Yoast SEO plugin. -->","yoast_head_json":{"title":"Milo na vrvi Ro\u017emarin\/brin - Lavendea","description":"ro\u010dno izdelano naravno milo z eteri\u010dnim oljem ro\u017emarina in brina. hranljivo, vla\u017eilno, naravni oksidant, absorbira ne\u010disto\u010de, ekolo\u0161ko, veganski izdelek","robots":{"index":"index","follow":"follow","max-snippet":"max-snippet:-1","max-image-preview":"max-image-preview:large","max-video-preview":"max-video-preview:-1"},"canonical":"https:\/\/lavendea.com\/si\/product\/naravno-milo-na-vrvi-rozmarin-brin\/","og_locale":"sl_SI","og_type":"article","og_title":"Milo na vrvi Ro\u017emarin\/brin - Lavendea","og_description":"ro\u010dno izdelano naravno milo z eteri\u010dnim oljem ro\u017emarina in brina. hranljivo, vla\u017eilno, naravni oksidant, absorbira ne\u010disto\u010de, ekolo\u0161ko, veganski izdelek","og_url":"https:\/\/lavendea.com\/si\/product\/naravno-milo-na-vrvi-rozmarin-brin\/","og_site_name":"Lavendea","article_modified_time":"2024-06-17T21:57:01+00:00","og_image":[{"width":915,"height":895,"url":"https:\/\/lavendea.com\/wp-content\/uploads\/2024\/02\/20240216_233727_0000.png","type":"image\/png"}],"twitter_card":"summary_large_image","twitter_misc":{"Est. reading time":"2 minuti"},"schema":{"@context":"https:\/\/schema.org","@graph":[{"@type":"WebPage","@id":"https:\/\/lavendea.com\/product\/naravno-milo-na-vrvi-rozmarin-brin\/","url":"https:\/\/lavendea.com\/product\/naravno-milo-na-vrvi-rozmarin-brin\/","name":"Milo na vrvi Ro\u017emarin\/brin - Lavendea","isPartOf":{"@id":"https:\/\/lavendea.com\/#website"},"primaryImageOfPage":{"@id":"https:\/\/lavendea.com\/product\/naravno-milo-na-vrvi-rozmarin-brin\/#primaryimage"},"image":{"@id":"https:\/\/lavendea.com\/product\/naravno-milo-na-vrvi-rozmarin-brin\/#primaryimage"},"thumbnailUrl":"https:\/\/lavendea.com\/wp-content\/uploads\/2024\/02\/20240216_233727_0000.png","datePublished":"2024-02-10T21:07:42+00:00","dateModified":"2024-06-17T21:57:01+00:00","description":"ro\u010dno izdelano naravno milo z eteri\u010dnim oljem ro\u017emarina in brina. hranljivo, vla\u017eilno, naravni oksidant, absorbira ne\u010disto\u010de, ekolo\u0161ko, veganski izdelek","breadcrumb":{"@id":"https:\/\/lavendea.com\/product\/naravno-milo-na-vrvi-rozmarin-brin\/#breadcrumb"},"inLanguage":"sl-SI","potentialAction":[{"@type":"ReadAction","target":["https:\/\/lavendea.com\/product\/naravno-milo-na-vrvi-rozmarin-brin\/"]}]},{"@type":"ImageObject","inLanguage":"sl-SI","@id":"https:\/\/lavendea.com\/product\/naravno-milo-na-vrvi-rozmarin-brin\/#primaryimage","url":"https:\/\/lavendea.com\/wp-content\/uploads\/2024\/02\/20240216_233727_0000.png","contentUrl":"https:\/\/lavendea.com\/wp-content\/uploads\/2024\/02\/20240216_233727_0000.png","width":915,"height":895,"caption":"Ro\u010dno izdelana naravna mila na vrvi"},{"@type":"BreadcrumbList","@id":"https:\/\/lavendea.com\/product\/naravno-milo-na-vrvi-rozmarin-brin\/#breadcrumb","itemListElement":[{"@type":"ListItem","position":1,"name":"Home","item":"https:\/\/lavendea.com\/"},{"@type":"ListItem","position":2,"name":"Trgovina","item":"https:\/\/lavendea.com\/trgovina\/"},{"@type":"ListItem","position":3,"name":"Milo na vrvi Ro\u017emarin\/brin"}]},{"@type":"WebSite","@id":"https:\/\/lavendea.com\/#website","url":"https:\/\/lavendea.com\/","name":"Lavendea","description":"","publisher":{"@id":"https:\/\/lavendea.com\/#organization"},"potentialAction":[{"@type":"SearchAction","target":{"@type":"EntryPoint","urlTemplate":"https:\/\/lavendea.com\/?s={search_term_string}"},"query-input":{"@type":"PropertyValueSpecification","valueRequired":true,"valueName":"search_term_string"}}],"inLanguage":"sl-SI"},{"@type":"Organization","@id":"https:\/\/lavendea.com\/#organization","name":"Lavendea","url":"https:\/\/lavendea.com\/","logo":{"@type":"ImageObject","inLanguage":"sl-SI","@id":"https:\/\/lavendea.com\/#\/schema\/logo\/image\/","url":"https:\/\/lavendea.com\/wp-content\/uploads\/2024\/02\/cropped-Izdelek-brez-naslova-1-2.png","contentUrl":"https:\/\/lavendea.com\/wp-content\/uploads\/2024\/02\/cropped-Izdelek-brez-naslova-1-2.png","width":1747,"height":1101,"caption":"Lavendea"},"image":{"@id":"https:\/\/lavendea.com\/#\/schema\/logo\/image\/"}}]}},"_links":{"self":[{"href":"https:\/\/lavendea.com\/si\/wp-json\/wp\/v2\/product\/66","targetHints":{"allow":["GET"]}}],"collection":[{"href":"https:\/\/lavendea.com\/si\/wp-json\/wp\/v2\/product"}],"about":[{"href":"https:\/\/lavendea.com\/si\/wp-json\/wp\/v2\/types\/product"}],"replies":[{"embeddable":true,"href":"https:\/\/lavendea.com\/si\/wp-json\/wp\/v2\/comments?post=66"}],"version-history":[{"count":3,"href":"https:\/\/lavendea.com\/si\/wp-json\/wp\/v2\/product\/66\/revisions"}],"predecessor-version":[{"id":1466,"href":"https:\/\/lavendea.com\/si\/wp-json\/wp\/v2\/product\/66\/revisions\/1466"}],"wp:featuredmedia":[{"embeddable":true,"href":"https:\/\/lavendea.com\/si\/wp-json\/wp\/v2\/media\/238"}],"wp:attachment":[{"href":"https:\/\/lavendea.com\/si\/wp-json\/wp\/v2\/media?parent=66"}],"wp:term":[{"taxonomy":"product_brand","embeddable":true,"href":"https:\/\/lavendea.com\/si\/wp-json\/wp\/v2\/product_brand?post=66"},{"taxonomy":"product_cat","embeddable":true,"href":"https:\/\/lavendea.com\/si\/wp-json\/wp\/v2\/product_cat?post=66"},{"taxonomy":"product_tag","embeddable":true,"href":"https:\/\/lavendea.com\/si\/wp-json\/wp\/v2\/product_tag?post=66"}],"curies":[{"name":"wp","href":"https:\/\/api.w.org\/{rel}","templated":true}]}}