{"id":67,"date":"2024-02-10T21:18:41","date_gmt":"2024-02-10T21:18:41","guid":{"rendered":"https:\/\/lavendea.com\/?post_type=product&#038;p=67"},"modified":"2025-07-08T08:31:06","modified_gmt":"2025-07-08T06:31:06","slug":"naravno-milo-na-vrvi-vrtnica-pelargonija","status":"publish","type":"product","link":"https:\/\/lavendea.com\/si\/product\/naravno-milo-na-vrvi-vrtnica-pelargonija\/","title":{"rendered":"Milo na vrvi Vrtnica Pelargonija"},"content":{"rendered":"<p>Ste se kdaj spra\u0161evali, kako bi se po\u010dutili in izgledali, \u010de bi svojo ko\u017eo negovali na naraven na\u010din? Predstavljamo vam ro\u010dno izdelano naravno milo z vonjem vrtnice pelargonije. To milo ne samo o\u010disti va\u0161o ko\u017eo, ampak jo tudi vla\u017ei in obnavlja njeno naravno ravnovesje.<\/p>\n<p>Na\u0161a posebna me\u0161anica naravnih sestavin, kot so olj\u010dno, kokosovo, mandljevo in ricinusovo olje in karitejevo maslo, zagotavlja ne\u017eno nego in \u0161\u010diti va\u0161o ko\u017eo pred izsu\u0161itvijo ter izgubo vlage. Milo je primerno za vse tipe ko\u017ee, tudi za ob\u010dutljivo ko\u017eo. Eteri\u010dno olje Vrtnice Pelargonije je polno koristi za telo, ko\u017eo in duha.Kombinacija negovalnih olj in masla zagotavlja neverjetno vla\u017eenje, zato je odli\u010dno milo za ekceme in suho ko\u017eo. Vonj vrtnice pelargonije bo razvajal va\u0161e \u010dute in vam nudil trenutke sprostitve v va\u0161i vsakodnevni rutini.<\/p>\n<p>Na\u0161a ro\u010dno izdelana naravna mila so izdelana s strastjo in skrbjo ter vsebujejo le najbolj\u0161e naravne sestavine. Vsako milo je unikatno, ro\u010dno izdelano in okra\u0161eno, kar vam daje ob\u010dutek resni\u010dne posebnosti in razvajanja. Poskusite na\u0161e milo z vonjem vrtnice pelargonije ter pustite, da va\u0161a ko\u017ea naravno in sijo\u010de o\u017eivi. Razvajajte sebe ali ljubljeno osebo s tem \u010dudovitim ro\u010dno izdelanim milom.<\/p>\n<p>Milo obogati naravna vrv, kar vam omogo\u010da obesiti milo na zapestje med umivanjem ter na pipo ali ob prho po umivanju. Priro\u010dno, naravno in di\u0161e\u010de.<\/p>\n","protected":false},"excerpt":{"rendered":"<p>To ro\u010dno izdelano milo na vrvi je narejeno iz\u00a0 kokosovega, mandljevega, ricinusovega in olivnega olja ter karitejevega masla. Vsebuje eteri\u010dno olje vrtnice pelargonije, ki je \u010dudovita cvetli\u010dna di\u0161ava kot nala\u0161\u010d za tiste, ki obo\u017eujejo sladek vonj ro\u017e pri kopanju in prhanju.<\/p>\n<p>Milo je narejeno iz naravnih sestavin in je primerno za vse tipe ko\u017ee, tudi za ob\u010dutljivo ko\u017eo. Kombinacija negovalnih olj in masla zagotavlja odli\u010dno vla\u017eenje, zato je odli\u010dno milo za ekceme in suho ko\u017eo.<\/p>\n<p>Odli\u010dna re\u0161itev za milo, ki ga lahko obesite pod prho ali na pipe.<\/p>\n","protected":false},"featured_media":237,"comment_status":"open","ping_status":"closed","template":"","meta":[],"product_brand":[],"product_cat":[15,21],"product_tag":[33,34,45,38,35,46],"class_list":{"0":"post-67","1":"product","2":"type-product","3":"status-publish","4":"has-post-thumbnail","6":"product_cat-mila-naravno","7":"product_cat-naravna-mila-na-vrvi","8":"product_tag-karitejevo-maslo","9":"product_tag-mandljevo-olje","10":"product_tag-milo-na-vrvi","11":"product_tag-ricinusovo-olje","12":"product_tag-vrtnica","13":"product_tag-vrtnica-pelargonija","15":"first","16":"instock","17":"shipping-taxable","18":"purchasable","19":"product-type-simple"},"yoast_head":"<!-- This site is optimized with the Yoast SEO plugin v27.3 - https:\/\/yoast.com\/product\/yoast-seo-wordpress\/ -->\n<title>Milo na vrvi Vrtnica Pelargonija - Lavendea<\/title>\n<meta name=\"description\" content=\"ro\u010dno izdelano naravno milo z eteri\u010dnim oljem vrtnice pelargonije. hranljivo, vla\u017eilno, naravni oksidant, absorbira ne\u010disto\u010de, ekolo\u0161ko, veganski izdelek\" \/>\n<meta name=\"robots\" content=\"index, follow, max-snippet:-1, max-image-preview:large, max-video-preview:-1\" \/>\n<link rel=\"canonical\" href=\"https:\/\/lavendea.com\/si\/product\/naravno-milo-na-vrvi-vrtnica-pelargonija\/\" \/>\n<meta property=\"og:locale\" content=\"sl_SI\" \/>\n<meta property=\"og:type\" content=\"article\" \/>\n<meta property=\"og:title\" content=\"Milo na vrvi Vrtnica Pelargonija - Lavendea\" \/>\n<meta property=\"og:description\" content=\"ro\u010dno izdelano naravno milo z eteri\u010dnim oljem vrtnice pelargonije. hranljivo, vla\u017eilno, naravni oksidant, absorbira ne\u010disto\u010de, ekolo\u0161ko, veganski izdelek\" \/>\n<meta property=\"og:url\" content=\"https:\/\/lavendea.com\/si\/product\/naravno-milo-na-vrvi-vrtnica-pelargonija\/\" \/>\n<meta property=\"og:site_name\" content=\"Lavendea\" \/>\n<meta property=\"article:modified_time\" content=\"2025-07-08T06:31:06+00:00\" \/>\n<meta property=\"og:image\" content=\"https:\/\/lavendea.com\/wp-content\/uploads\/2024\/02\/20240216_233323.png\" \/>\n\t<meta property=\"og:image:width\" content=\"939\" \/>\n\t<meta property=\"og:image:height\" content=\"942\" \/>\n\t<meta property=\"og:image:type\" content=\"image\/png\" \/>\n<meta name=\"twitter:card\" content=\"summary_large_image\" \/>\n<meta name=\"twitter:label1\" content=\"Est. reading time\" \/>\n\t<meta name=\"twitter:data1\" content=\"2 minuti\" \/>\n<script type=\"application\/ld+json\" class=\"yoast-schema-graph\">{\"@context\":\"https:\\\/\\\/schema.org\",\"@graph\":[{\"@type\":\"WebPage\",\"@id\":\"https:\\\/\\\/lavendea.com\\\/product\\\/naravno-milo-na-vrvi-vrtnica-pelargonija\\\/\",\"url\":\"https:\\\/\\\/lavendea.com\\\/product\\\/naravno-milo-na-vrvi-vrtnica-pelargonija\\\/\",\"name\":\"Milo na vrvi Vrtnica Pelargonija - Lavendea\",\"isPartOf\":{\"@id\":\"https:\\\/\\\/lavendea.com\\\/#website\"},\"primaryImageOfPage\":{\"@id\":\"https:\\\/\\\/lavendea.com\\\/product\\\/naravno-milo-na-vrvi-vrtnica-pelargonija\\\/#primaryimage\"},\"image\":{\"@id\":\"https:\\\/\\\/lavendea.com\\\/product\\\/naravno-milo-na-vrvi-vrtnica-pelargonija\\\/#primaryimage\"},\"thumbnailUrl\":\"https:\\\/\\\/lavendea.com\\\/wp-content\\\/uploads\\\/2024\\\/02\\\/20240216_233323.png\",\"datePublished\":\"2024-02-10T21:18:41+00:00\",\"dateModified\":\"2025-07-08T06:31:06+00:00\",\"description\":\"ro\u010dno izdelano naravno milo z eteri\u010dnim oljem vrtnice pelargonije. hranljivo, vla\u017eilno, naravni oksidant, absorbira ne\u010disto\u010de, ekolo\u0161ko, veganski izdelek\",\"breadcrumb\":{\"@id\":\"https:\\\/\\\/lavendea.com\\\/product\\\/naravno-milo-na-vrvi-vrtnica-pelargonija\\\/#breadcrumb\"},\"inLanguage\":\"sl-SI\",\"potentialAction\":[{\"@type\":\"ReadAction\",\"target\":[\"https:\\\/\\\/lavendea.com\\\/product\\\/naravno-milo-na-vrvi-vrtnica-pelargonija\\\/\"]}]},{\"@type\":\"ImageObject\",\"inLanguage\":\"sl-SI\",\"@id\":\"https:\\\/\\\/lavendea.com\\\/product\\\/naravno-milo-na-vrvi-vrtnica-pelargonija\\\/#primaryimage\",\"url\":\"https:\\\/\\\/lavendea.com\\\/wp-content\\\/uploads\\\/2024\\\/02\\\/20240216_233323.png\",\"contentUrl\":\"https:\\\/\\\/lavendea.com\\\/wp-content\\\/uploads\\\/2024\\\/02\\\/20240216_233323.png\",\"width\":939,\"height\":942,\"caption\":\"Ro\u010dno izdelana naravna mila na vrvi\"},{\"@type\":\"BreadcrumbList\",\"@id\":\"https:\\\/\\\/lavendea.com\\\/product\\\/naravno-milo-na-vrvi-vrtnica-pelargonija\\\/#breadcrumb\",\"itemListElement\":[{\"@type\":\"ListItem\",\"position\":1,\"name\":\"Home\",\"item\":\"https:\\\/\\\/lavendea.com\\\/\"},{\"@type\":\"ListItem\",\"position\":2,\"name\":\"Trgovina\",\"item\":\"https:\\\/\\\/lavendea.com\\\/trgovina\\\/\"},{\"@type\":\"ListItem\",\"position\":3,\"name\":\"Milo na vrvi Vrtnica Pelargonija\"}]},{\"@type\":\"WebSite\",\"@id\":\"https:\\\/\\\/lavendea.com\\\/#website\",\"url\":\"https:\\\/\\\/lavendea.com\\\/\",\"name\":\"Lavendea\",\"description\":\"\",\"publisher\":{\"@id\":\"https:\\\/\\\/lavendea.com\\\/#organization\"},\"potentialAction\":[{\"@type\":\"SearchAction\",\"target\":{\"@type\":\"EntryPoint\",\"urlTemplate\":\"https:\\\/\\\/lavendea.com\\\/?s={search_term_string}\"},\"query-input\":{\"@type\":\"PropertyValueSpecification\",\"valueRequired\":true,\"valueName\":\"search_term_string\"}}],\"inLanguage\":\"sl-SI\"},{\"@type\":\"Organization\",\"@id\":\"https:\\\/\\\/lavendea.com\\\/#organization\",\"name\":\"Lavendea\",\"url\":\"https:\\\/\\\/lavendea.com\\\/\",\"logo\":{\"@type\":\"ImageObject\",\"inLanguage\":\"sl-SI\",\"@id\":\"https:\\\/\\\/lavendea.com\\\/#\\\/schema\\\/logo\\\/image\\\/\",\"url\":\"https:\\\/\\\/lavendea.com\\\/wp-content\\\/uploads\\\/2024\\\/02\\\/cropped-Izdelek-brez-naslova-1-2.png\",\"contentUrl\":\"https:\\\/\\\/lavendea.com\\\/wp-content\\\/uploads\\\/2024\\\/02\\\/cropped-Izdelek-brez-naslova-1-2.png\",\"width\":1747,\"height\":1101,\"caption\":\"Lavendea\"},\"image\":{\"@id\":\"https:\\\/\\\/lavendea.com\\\/#\\\/schema\\\/logo\\\/image\\\/\"}}]}<\/script>\n<!-- \/ Yoast SEO plugin. -->","yoast_head_json":{"title":"Milo na vrvi Vrtnica Pelargonija - Lavendea","description":"ro\u010dno izdelano naravno milo z eteri\u010dnim oljem vrtnice pelargonije. hranljivo, vla\u017eilno, naravni oksidant, absorbira ne\u010disto\u010de, ekolo\u0161ko, veganski izdelek","robots":{"index":"index","follow":"follow","max-snippet":"max-snippet:-1","max-image-preview":"max-image-preview:large","max-video-preview":"max-video-preview:-1"},"canonical":"https:\/\/lavendea.com\/si\/product\/naravno-milo-na-vrvi-vrtnica-pelargonija\/","og_locale":"sl_SI","og_type":"article","og_title":"Milo na vrvi Vrtnica Pelargonija - Lavendea","og_description":"ro\u010dno izdelano naravno milo z eteri\u010dnim oljem vrtnice pelargonije. hranljivo, vla\u017eilno, naravni oksidant, absorbira ne\u010disto\u010de, ekolo\u0161ko, veganski izdelek","og_url":"https:\/\/lavendea.com\/si\/product\/naravno-milo-na-vrvi-vrtnica-pelargonija\/","og_site_name":"Lavendea","article_modified_time":"2025-07-08T06:31:06+00:00","og_image":[{"width":939,"height":942,"url":"https:\/\/lavendea.com\/wp-content\/uploads\/2024\/02\/20240216_233323.png","type":"image\/png"}],"twitter_card":"summary_large_image","twitter_misc":{"Est. reading time":"2 minuti"},"schema":{"@context":"https:\/\/schema.org","@graph":[{"@type":"WebPage","@id":"https:\/\/lavendea.com\/product\/naravno-milo-na-vrvi-vrtnica-pelargonija\/","url":"https:\/\/lavendea.com\/product\/naravno-milo-na-vrvi-vrtnica-pelargonija\/","name":"Milo na vrvi Vrtnica Pelargonija - Lavendea","isPartOf":{"@id":"https:\/\/lavendea.com\/#website"},"primaryImageOfPage":{"@id":"https:\/\/lavendea.com\/product\/naravno-milo-na-vrvi-vrtnica-pelargonija\/#primaryimage"},"image":{"@id":"https:\/\/lavendea.com\/product\/naravno-milo-na-vrvi-vrtnica-pelargonija\/#primaryimage"},"thumbnailUrl":"https:\/\/lavendea.com\/wp-content\/uploads\/2024\/02\/20240216_233323.png","datePublished":"2024-02-10T21:18:41+00:00","dateModified":"2025-07-08T06:31:06+00:00","description":"ro\u010dno izdelano naravno milo z eteri\u010dnim oljem vrtnice pelargonije. hranljivo, vla\u017eilno, naravni oksidant, absorbira ne\u010disto\u010de, ekolo\u0161ko, veganski izdelek","breadcrumb":{"@id":"https:\/\/lavendea.com\/product\/naravno-milo-na-vrvi-vrtnica-pelargonija\/#breadcrumb"},"inLanguage":"sl-SI","potentialAction":[{"@type":"ReadAction","target":["https:\/\/lavendea.com\/product\/naravno-milo-na-vrvi-vrtnica-pelargonija\/"]}]},{"@type":"ImageObject","inLanguage":"sl-SI","@id":"https:\/\/lavendea.com\/product\/naravno-milo-na-vrvi-vrtnica-pelargonija\/#primaryimage","url":"https:\/\/lavendea.com\/wp-content\/uploads\/2024\/02\/20240216_233323.png","contentUrl":"https:\/\/lavendea.com\/wp-content\/uploads\/2024\/02\/20240216_233323.png","width":939,"height":942,"caption":"Ro\u010dno izdelana naravna mila na vrvi"},{"@type":"BreadcrumbList","@id":"https:\/\/lavendea.com\/product\/naravno-milo-na-vrvi-vrtnica-pelargonija\/#breadcrumb","itemListElement":[{"@type":"ListItem","position":1,"name":"Home","item":"https:\/\/lavendea.com\/"},{"@type":"ListItem","position":2,"name":"Trgovina","item":"https:\/\/lavendea.com\/trgovina\/"},{"@type":"ListItem","position":3,"name":"Milo na vrvi Vrtnica Pelargonija"}]},{"@type":"WebSite","@id":"https:\/\/lavendea.com\/#website","url":"https:\/\/lavendea.com\/","name":"Lavendea","description":"","publisher":{"@id":"https:\/\/lavendea.com\/#organization"},"potentialAction":[{"@type":"SearchAction","target":{"@type":"EntryPoint","urlTemplate":"https:\/\/lavendea.com\/?s={search_term_string}"},"query-input":{"@type":"PropertyValueSpecification","valueRequired":true,"valueName":"search_term_string"}}],"inLanguage":"sl-SI"},{"@type":"Organization","@id":"https:\/\/lavendea.com\/#organization","name":"Lavendea","url":"https:\/\/lavendea.com\/","logo":{"@type":"ImageObject","inLanguage":"sl-SI","@id":"https:\/\/lavendea.com\/#\/schema\/logo\/image\/","url":"https:\/\/lavendea.com\/wp-content\/uploads\/2024\/02\/cropped-Izdelek-brez-naslova-1-2.png","contentUrl":"https:\/\/lavendea.com\/wp-content\/uploads\/2024\/02\/cropped-Izdelek-brez-naslova-1-2.png","width":1747,"height":1101,"caption":"Lavendea"},"image":{"@id":"https:\/\/lavendea.com\/#\/schema\/logo\/image\/"}}]}},"_links":{"self":[{"href":"https:\/\/lavendea.com\/si\/wp-json\/wp\/v2\/product\/67","targetHints":{"allow":["GET"]}}],"collection":[{"href":"https:\/\/lavendea.com\/si\/wp-json\/wp\/v2\/product"}],"about":[{"href":"https:\/\/lavendea.com\/si\/wp-json\/wp\/v2\/types\/product"}],"replies":[{"embeddable":true,"href":"https:\/\/lavendea.com\/si\/wp-json\/wp\/v2\/comments?post=67"}],"version-history":[{"count":3,"href":"https:\/\/lavendea.com\/si\/wp-json\/wp\/v2\/product\/67\/revisions"}],"predecessor-version":[{"id":1465,"href":"https:\/\/lavendea.com\/si\/wp-json\/wp\/v2\/product\/67\/revisions\/1465"}],"wp:featuredmedia":[{"embeddable":true,"href":"https:\/\/lavendea.com\/si\/wp-json\/wp\/v2\/media\/237"}],"wp:attachment":[{"href":"https:\/\/lavendea.com\/si\/wp-json\/wp\/v2\/media?parent=67"}],"wp:term":[{"taxonomy":"product_brand","embeddable":true,"href":"https:\/\/lavendea.com\/si\/wp-json\/wp\/v2\/product_brand?post=67"},{"taxonomy":"product_cat","embeddable":true,"href":"https:\/\/lavendea.com\/si\/wp-json\/wp\/v2\/product_cat?post=67"},{"taxonomy":"product_tag","embeddable":true,"href":"https:\/\/lavendea.com\/si\/wp-json\/wp\/v2\/product_tag?post=67"}],"curies":[{"name":"wp","href":"https:\/\/api.w.org\/{rel}","templated":true}]}}